{"id":213045,"date":"2025-11-15T00:55:25","date_gmt":"2025-11-15T00:55:25","guid":{"rendered":"https:\/\/promis.ro\/product\/nautilus-thermal-jacket\/"},"modified":"2025-11-15T06:36:19","modified_gmt":"2025-11-15T06:36:19","slug":"nautilus-thermal-jacket","status":"publish","type":"product","link":"https:\/\/promis.ro\/ro\/produs\/nautilus-thermal-jacket\/","title":{"rendered":"Nautilus Thermal Jacket"},"content":{"rendered":"<p><strong>Greutate:<\/strong> 78 g\/m\u00b2<\/p>\n<p><strong>Material:<\/strong> 100% poliester (Pongee)<\/p>\n<p><strong>Caracteristici:<\/strong><\/p>\n<ul>\n<li>Carcas\u0103 matlasat\u0103 cu c\u0103ptu\u0219eal\u0103 ultra-moale<\/li>\n<li>Protec\u021bie la du\u0219 (600 mm) \u0219i respirabil\u0103 (1.000 g\/m\u00b2)<\/li>\n<li>Zip complet cu furtun\u0103 interioar\u0103 \u0219i bar\u0103 de protec\u021bie pentru b\u0103rba\u021bi<\/li>\n<li>Buzunare cu buzunare<\/li>\n<li>Mansete elasticiate<\/li>\n<li>Tunere reglabil\u0103<\/li>\n<\/ul>","protected":false},"excerpt":{"rendered":"<p>Greutate: 78 g\/m\u00b2 Material: 100% poliester (Pongee) Caracteristici: Carcas\u0103 matlasat\u0103 cu c\u0103ptu\u0219eal\u0103 ultra-moale Protec\u021bie la du\u0219 (600 mm) \u0219i respirabil\u0103<\/p>","protected":false},"featured_media":213040,"comment_status":"open","ping_status":"closed","template":"","meta":[],"product_brand":[],"product_cat":[193],"product_tag":[],"class_list":{"0":"post-213045","1":"product","2":"type-product","3":"status-publish","4":"has-post-thumbnail","6":"product_cat-ploaie-si-frig","8":"first","9":"instock","10":"shipping-taxable","11":"purchasable","12":"product-type-variable"},"_links":{"self":[{"href":"https:\/\/promis.ro\/ro\/wp-json\/wp\/v2\/product\/213045","targetHints":{"allow":["GET"]}}],"collection":[{"href":"https:\/\/promis.ro\/ro\/wp-json\/wp\/v2\/product"}],"about":[{"href":"https:\/\/promis.ro\/ro\/wp-json\/wp\/v2\/types\/product"}],"replies":[{"embeddable":true,"href":"https:\/\/promis.ro\/ro\/wp-json\/wp\/v2\/comments?post=213045"}],"version-history":[{"count":1,"href":"https:\/\/promis.ro\/ro\/wp-json\/wp\/v2\/product\/213045\/revisions"}],"predecessor-version":[{"id":263126,"href":"https:\/\/promis.ro\/ro\/wp-json\/wp\/v2\/product\/213045\/revisions\/263126"}],"wp:featuredmedia":[{"embeddable":true,"href":"https:\/\/promis.ro\/ro\/wp-json\/wp\/v2\/media\/213040"}],"wp:attachment":[{"href":"https:\/\/promis.ro\/ro\/wp-json\/wp\/v2\/media?parent=213045"}],"wp:term":[{"taxonomy":"product_brand","embeddable":true,"href":"https:\/\/promis.ro\/ro\/wp-json\/wp\/v2\/product_brand?post=213045"},{"taxonomy":"product_cat","embeddable":true,"href":"https:\/\/promis.ro\/ro\/wp-json\/wp\/v2\/product_cat?post=213045"},{"taxonomy":"product_tag","embeddable":true,"href":"https:\/\/promis.ro\/ro\/wp-json\/wp\/v2\/product_tag?post=213045"}],"curies":[{"name":"wp","href":"https:\/\/api.w.org\/{rel}","templated":true}]}}