{"id":213048,"date":"2025-11-15T00:55:31","date_gmt":"2025-11-15T00:55:31","guid":{"rendered":"https:\/\/promis.ro\/product\/gravity-thermal-bodywarmer\/"},"modified":"2025-11-15T06:36:23","modified_gmt":"2025-11-15T06:36:23","slug":"gravity-thermal-bodywarmer","status":"publish","type":"product","link":"https:\/\/promis.ro\/ro\/produs\/gravity-thermal-bodywarmer\/","title":{"rendered":"Gravity Thermal Bodywarmer"},"content":{"rendered":"<p><strong>Specifica\u021bii:<\/strong><\/p>\n<ul>\n<li>40 g\/m\u00b2<\/li>\n<li>Exterior: 100% Nylon (Rip Stop)<\/li>\n<li>Vat\u0103: 100% poliester (Polyfill)<\/li>\n<li>Carcas\u0103 matlasat\u0103 cu c\u0103ptu\u0219eal\u0103 ultra-moale<\/li>\n<li>Protec\u021bie la du\u0219 (600 mm) \u0219i respirabil\u0103 (1.000 g\/m\u00b2)<\/li>\n<li>Guler c\u0103ptu\u0219it<\/li>\n<li>Pungi de \u00eenc\u0103lzire pentru m\u00e2nerele periat<\/li>\n<li>Contrast fermoar plin cu furtun\u0103 interioar\u0103 \u0219i bar\u0103 de protec\u021bie<\/li>\n<li>Buzunare laterale cu buzunare<\/li>\n<li>\u00cen buzunar<\/li>\n<li>Tunere reglabil\u0103<\/li>\n<\/ul>","protected":false},"excerpt":{"rendered":"<p>Specifica\u021bii: 40 g\/m\u00b2 Exterior: 100% Nylon (Rip Stop) Vat\u0103: 100% poliester (Polyfill) Carcas\u0103 matlasat\u0103 cu c\u0103ptu\u0219eal\u0103 ultra-moale Protec\u021bie la du\u0219<\/p>","protected":false},"featured_media":213046,"comment_status":"open","ping_status":"closed","template":"","meta":[],"product_brand":[],"product_cat":[193],"product_tag":[],"class_list":{"0":"post-213048","1":"product","2":"type-product","3":"status-publish","4":"has-post-thumbnail","6":"product_cat-ploaie-si-frig","8":"first","9":"instock","10":"shipping-taxable","11":"purchasable","12":"product-type-variable"},"_links":{"self":[{"href":"https:\/\/promis.ro\/ro\/wp-json\/wp\/v2\/product\/213048","targetHints":{"allow":["GET"]}}],"collection":[{"href":"https:\/\/promis.ro\/ro\/wp-json\/wp\/v2\/product"}],"about":[{"href":"https:\/\/promis.ro\/ro\/wp-json\/wp\/v2\/types\/product"}],"replies":[{"embeddable":true,"href":"https:\/\/promis.ro\/ro\/wp-json\/wp\/v2\/comments?post=213048"}],"version-history":[{"count":1,"href":"https:\/\/promis.ro\/ro\/wp-json\/wp\/v2\/product\/213048\/revisions"}],"predecessor-version":[{"id":263132,"href":"https:\/\/promis.ro\/ro\/wp-json\/wp\/v2\/product\/213048\/revisions\/263132"}],"wp:featuredmedia":[{"embeddable":true,"href":"https:\/\/promis.ro\/ro\/wp-json\/wp\/v2\/media\/213046"}],"wp:attachment":[{"href":"https:\/\/promis.ro\/ro\/wp-json\/wp\/v2\/media?parent=213048"}],"wp:term":[{"taxonomy":"product_brand","embeddable":true,"href":"https:\/\/promis.ro\/ro\/wp-json\/wp\/v2\/product_brand?post=213048"},{"taxonomy":"product_cat","embeddable":true,"href":"https:\/\/promis.ro\/ro\/wp-json\/wp\/v2\/product_cat?post=213048"},{"taxonomy":"product_tag","embeddable":true,"href":"https:\/\/promis.ro\/ro\/wp-json\/wp\/v2\/product_tag?post=213048"}],"curies":[{"name":"wp","href":"https:\/\/api.w.org\/{rel}","templated":true}]}}