{"id":213054,"date":"2025-11-15T00:55:38","date_gmt":"2025-11-15T00:55:38","guid":{"rendered":"https:\/\/promis.ro\/product\/heavy-duty-combo-coat\/"},"modified":"2025-11-15T06:36:24","modified_gmt":"2025-11-15T06:36:24","slug":"heavy-duty-combo-coat","status":"publish","type":"product","link":"https:\/\/promis.ro\/ro\/produs\/heavy-duty-combo-coat\/","title":{"rendered":"Heavy Duty Combo Coat"},"content":{"rendered":"<p><strong>Material exterior:<\/strong> 600D Oxford Taslon acoperit cu un strat PU<\/p>\n<p><strong>C\u0103ptu\u015feala:<\/strong> partea de sus polar; partea de jos 190T nailon Taffeta\u00ae<\/p>\n<p><strong>Izolarea:<\/strong> 160 g\/m\u00b2<\/p>\n<p><strong>Compozi\u021bie:<\/strong> 100% poliester<\/p>\n<p><strong>Caracteristici:<\/strong><\/p>\n<ul>\n<li>cus\u0103turi \u00eent\u0103rite<\/li>\n<li>\u00eenchidere cu fermoar cu un pliu cu protec\u0163ie \u00eempotriva v\u00e2ntului \u015fi cu clapete<\/li>\n<li>m\u00e2necile elastice, cu o \u00eenchidere cu scai<\/li>\n<li>partea inferioar\u0103 este reglabil\u0103 cu ajutorul unui \u015fnur cu stopere<\/li>\n<li>benzi reflectorizante pe piept \u015fi pe m\u00e2neci<\/li>\n<li>accesul pentru decorare pe piept \u015fi pe spate<\/li>\n<\/ul>","protected":false},"excerpt":{"rendered":"<p>Material exterior: 600D Oxford Taslon acoperit cu un strat PU C\u0103ptu\u015feala: partea de sus polar; partea de jos 190T nailon<\/p>","protected":false},"featured_media":213049,"comment_status":"open","ping_status":"closed","template":"","meta":[],"product_brand":[],"product_cat":[193],"product_tag":[],"class_list":{"0":"post-213054","1":"product","2":"type-product","3":"status-publish","4":"has-post-thumbnail","6":"product_cat-ploaie-si-frig","8":"first","9":"instock","10":"shipping-taxable","11":"purchasable","12":"product-type-variable"},"_links":{"self":[{"href":"https:\/\/promis.ro\/ro\/wp-json\/wp\/v2\/product\/213054","targetHints":{"allow":["GET"]}}],"collection":[{"href":"https:\/\/promis.ro\/ro\/wp-json\/wp\/v2\/product"}],"about":[{"href":"https:\/\/promis.ro\/ro\/wp-json\/wp\/v2\/types\/product"}],"replies":[{"embeddable":true,"href":"https:\/\/promis.ro\/ro\/wp-json\/wp\/v2\/comments?post=213054"}],"version-history":[{"count":1,"href":"https:\/\/promis.ro\/ro\/wp-json\/wp\/v2\/product\/213054\/revisions"}],"predecessor-version":[{"id":263133,"href":"https:\/\/promis.ro\/ro\/wp-json\/wp\/v2\/product\/213054\/revisions\/263133"}],"wp:featuredmedia":[{"embeddable":true,"href":"https:\/\/promis.ro\/ro\/wp-json\/wp\/v2\/media\/213049"}],"wp:attachment":[{"href":"https:\/\/promis.ro\/ro\/wp-json\/wp\/v2\/media?parent=213054"}],"wp:term":[{"taxonomy":"product_brand","embeddable":true,"href":"https:\/\/promis.ro\/ro\/wp-json\/wp\/v2\/product_brand?post=213054"},{"taxonomy":"product_cat","embeddable":true,"href":"https:\/\/promis.ro\/ro\/wp-json\/wp\/v2\/product_cat?post=213054"},{"taxonomy":"product_tag","embeddable":true,"href":"https:\/\/promis.ro\/ro\/wp-json\/wp\/v2\/product_tag?post=213054"}],"curies":[{"name":"wp","href":"https:\/\/api.w.org\/{rel}","templated":true}]}}