{"id":217579,"date":"2025-11-15T01:23:34","date_gmt":"2025-11-15T01:23:34","guid":{"rendered":"https:\/\/promis.ro\/product\/mens-bionic-softshell-jacket\/"},"modified":"2025-11-15T06:38:18","modified_gmt":"2025-11-15T06:38:18","slug":"mens-bionic-softshell-jacket","status":"publish","type":"product","link":"https:\/\/promis.ro\/ro\/produs\/mens-bionic-softshell-jacket\/","title":{"rendered":"Men&#8217;s Bionic Softshell Jacket"},"content":{"rendered":"<p><strong>Specifica\u021bii:<\/strong><\/p>\n<ul>\n<li>320 g\/m\u00b2<\/li>\n<li>94% poliester, 6% elastan<\/li>\n<li>Bionic-Finish\u00ae Eco (softshell de 3 straturi cu membran\u0103 hidrofob\u0103)<\/li>\n<li>F\u0103r\u0103 fluor \u0219i PFC<\/li>\n<li>Rezistent la v\u00e2nt \u0219i ap\u0103 (5000 mm)<\/li>\n<li>Respirabil (5000 g\/m\u00b2 \u00een 24h)<\/li>\n<li>Guler \u00eenalt<\/li>\n<li>Panouri hydroshell la axile<\/li>\n<li>Buzunare laterale, pe piept \u0219i pe m\u00e2nec\u0103 cu fermoar<\/li>\n<li>Buzunar interior din plas\u0103<\/li>\n<li>Man\u0219oane reglabile<\/li>\n<li>Stil la mod\u0103<\/li>\n<li>Fermoar interior pentru acces decorare<\/li>\n<li>Potrivit pentru serigrafie, transfer \u0219i gravare<\/li>\n<\/ul>","protected":false},"excerpt":{"rendered":"<p>Specifica\u021bii: 320 g\/m\u00b2 94% poliester, 6% elastan Bionic-Finish\u00ae Eco (softshell de 3 straturi cu membran\u0103 hidrofob\u0103) F\u0103r\u0103 fluor \u0219i PFC<\/p>","protected":false},"featured_media":217574,"comment_status":"open","ping_status":"closed","template":"","meta":[],"product_brand":[],"product_cat":[193],"product_tag":[],"class_list":{"0":"post-217579","1":"product","2":"type-product","3":"status-publish","4":"has-post-thumbnail","6":"product_cat-ploaie-si-frig","8":"first","9":"instock","10":"shipping-taxable","11":"purchasable","12":"product-type-variable"},"_links":{"self":[{"href":"https:\/\/promis.ro\/ro\/wp-json\/wp\/v2\/product\/217579","targetHints":{"allow":["GET"]}}],"collection":[{"href":"https:\/\/promis.ro\/ro\/wp-json\/wp\/v2\/product"}],"about":[{"href":"https:\/\/promis.ro\/ro\/wp-json\/wp\/v2\/types\/product"}],"replies":[{"embeddable":true,"href":"https:\/\/promis.ro\/ro\/wp-json\/wp\/v2\/comments?post=217579"}],"version-history":[{"count":1,"href":"https:\/\/promis.ro\/ro\/wp-json\/wp\/v2\/product\/217579\/revisions"}],"predecessor-version":[{"id":263283,"href":"https:\/\/promis.ro\/ro\/wp-json\/wp\/v2\/product\/217579\/revisions\/263283"}],"wp:featuredmedia":[{"embeddable":true,"href":"https:\/\/promis.ro\/ro\/wp-json\/wp\/v2\/media\/217574"}],"wp:attachment":[{"href":"https:\/\/promis.ro\/ro\/wp-json\/wp\/v2\/media?parent=217579"}],"wp:term":[{"taxonomy":"product_brand","embeddable":true,"href":"https:\/\/promis.ro\/ro\/wp-json\/wp\/v2\/product_brand?post=217579"},{"taxonomy":"product_cat","embeddable":true,"href":"https:\/\/promis.ro\/ro\/wp-json\/wp\/v2\/product_cat?post=217579"},{"taxonomy":"product_tag","embeddable":true,"href":"https:\/\/promis.ro\/ro\/wp-json\/wp\/v2\/product_tag?post=217579"}],"curies":[{"name":"wp","href":"https:\/\/api.w.org\/{rel}","templated":true}]}}