{"id":217595,"date":"2025-11-15T01:23:53","date_gmt":"2025-11-15T01:23:53","guid":{"rendered":"https:\/\/promis.ro\/product\/ladies-bionic-softshell-jacket\/"},"modified":"2025-11-15T06:38:22","modified_gmt":"2025-11-15T06:38:22","slug":"ladies-bionic-softshell-jacket","status":"publish","type":"product","link":"https:\/\/promis.ro\/ro\/produs\/ladies-bionic-softshell-jacket\/","title":{"rendered":"Ladies&#8217; Bionic Softshell Jacket"},"content":{"rendered":"<p><strong>320 g\/m\u00b2<\/strong><\/p>\n<ul>\n<li>94% poliester, 6% elastan<\/li>\n<li>Bionic-Finish\u00ae Eco (softshell de 3 straturi cu membran\u0103 hidrofob\u0103)<\/li>\n<li>F\u0103r\u0103 fluor \u0219i PFC<\/li>\n<li>Rezistent la v\u00e2nt \u0219i ap\u0103 (5000 mm)<\/li>\n<li>Respirabil (5000 g\/m\u00b2 \u00een 24h)<\/li>\n<li>Guler \u00eenalt<\/li>\n<li>Panouri hydroshell la axile<\/li>\n<li>Buzunare laterale, pe piept \u0219i pe m\u00e2nec\u0103 cu fermoar<\/li>\n<li>Buzunar interior din plas\u0103<\/li>\n<li>Man\u0219oane reglabile<\/li>\n<li>Stil la mod\u0103<\/li>\n<li>Fermoar interior pentru acces decorare<\/li>\n<li>Potrivit pentru serigrafie, transfer \u0219i gravare<\/li>\n<\/ul>","protected":false},"excerpt":{"rendered":"<p>320 g\/m\u00b2 94% poliester, 6% elastan Bionic-Finish\u00ae Eco (softshell de 3 straturi cu membran\u0103 hidrofob\u0103) F\u0103r\u0103 fluor \u0219i PFC Rezistent<\/p>","protected":false},"featured_media":217590,"comment_status":"open","ping_status":"closed","template":"","meta":[],"product_brand":[],"product_cat":[193],"product_tag":[],"class_list":{"0":"post-217595","1":"product","2":"type-product","3":"status-publish","4":"has-post-thumbnail","6":"product_cat-ploaie-si-frig","8":"first","9":"instock","10":"shipping-taxable","11":"purchasable","12":"product-type-variable"},"_links":{"self":[{"href":"https:\/\/promis.ro\/ro\/wp-json\/wp\/v2\/product\/217595","targetHints":{"allow":["GET"]}}],"collection":[{"href":"https:\/\/promis.ro\/ro\/wp-json\/wp\/v2\/product"}],"about":[{"href":"https:\/\/promis.ro\/ro\/wp-json\/wp\/v2\/types\/product"}],"replies":[{"embeddable":true,"href":"https:\/\/promis.ro\/ro\/wp-json\/wp\/v2\/comments?post=217595"}],"version-history":[{"count":1,"href":"https:\/\/promis.ro\/ro\/wp-json\/wp\/v2\/product\/217595\/revisions"}],"predecessor-version":[{"id":263288,"href":"https:\/\/promis.ro\/ro\/wp-json\/wp\/v2\/product\/217595\/revisions\/263288"}],"wp:featuredmedia":[{"embeddable":true,"href":"https:\/\/promis.ro\/ro\/wp-json\/wp\/v2\/media\/217590"}],"wp:attachment":[{"href":"https:\/\/promis.ro\/ro\/wp-json\/wp\/v2\/media?parent=217595"}],"wp:term":[{"taxonomy":"product_brand","embeddable":true,"href":"https:\/\/promis.ro\/ro\/wp-json\/wp\/v2\/product_brand?post=217595"},{"taxonomy":"product_cat","embeddable":true,"href":"https:\/\/promis.ro\/ro\/wp-json\/wp\/v2\/product_cat?post=217595"},{"taxonomy":"product_tag","embeddable":true,"href":"https:\/\/promis.ro\/ro\/wp-json\/wp\/v2\/product_tag?post=217595"}],"curies":[{"name":"wp","href":"https:\/\/api.w.org\/{rel}","templated":true}]}}