{"id":217599,"date":"2025-11-15T01:23:57","date_gmt":"2025-11-15T01:23:57","guid":{"rendered":"https:\/\/promis.ro\/product\/childrens-core-winter-parka\/"},"modified":"2025-11-15T06:38:27","modified_gmt":"2025-11-15T06:38:27","slug":"childrens-core-winter-parka","status":"publish","type":"product","link":"https:\/\/promis.ro\/ro\/produs\/childrens-core-winter-parka\/","title":{"rendered":"Children&#8217;s Core Winter Parka"},"content":{"rendered":"<p><strong>La exterior:<\/strong> 100% poliester pongee cu strat StormDri PU<\/p>\n<p><strong>La interior:<\/strong> 140 g\/m\u00b2 poliester matlasat<\/p>\n<p><strong>C\u0103ptu\u0219eal\u0103:<\/strong> 160 g\/m\u00b2 poliester<\/p>\n<ul>\n<li><strong>Gluga<\/strong> se poate ascunde \u00een guler, gluga reglabil\u0103<\/li>\n<li><strong>\u00cenchidere<\/strong> cu fermoar 7mm pe toat\u0103 lungimea<\/li>\n<li><strong>2 buzunare frontale<\/strong>, ascunse cu clape de protec\u021bie \u00eempotriva furtunii cu o c\u0103ptu\u0219eal\u0103 din polar care asigur\u0103 c\u0103ldura<\/li>\n<li><strong>Eticheta pentru nume<\/strong> \u00een interiorul unui buzunar pe m\u00e2neca st\u00e2ng\u0103<\/li>\n<li><strong>C\u0103ptu\u0219eala din polar<\/strong> \u00een interiorul buzunarelor pentru a men\u021bine m\u00e2inile calde<\/li>\n<li><strong>Band\u0103 reflectorizant\u0103<\/strong> \u00een partea inferioar\u0103 a spatelui<\/li>\n<li><strong>M\u00e2neci reglabile<\/strong> cu scai<\/li>\n<li><strong>Benzi reflectorizante<\/strong> pe m\u00e2neci<\/li>\n<li><strong>Partea de jos a produsului<\/strong> este reglabil\u0103 cu ajutorul unui \u0219nur de str\u00e2ngere (\u00een conformitate cu EN14682)<\/li>\n<\/ul>","protected":false},"excerpt":{"rendered":"<p>La exterior: 100% poliester pongee cu strat StormDri PU La interior: 140 g\/m\u00b2 poliester matlasat C\u0103ptu\u0219eal\u0103: 160 g\/m\u00b2 poliester Gluga<\/p>","protected":false},"featured_media":217596,"comment_status":"open","ping_status":"closed","template":"","meta":[],"product_brand":[],"product_cat":[193],"product_tag":[],"class_list":{"0":"post-217599","1":"product","2":"type-product","3":"status-publish","4":"has-post-thumbnail","6":"product_cat-ploaie-si-frig","8":"first","9":"instock","10":"shipping-taxable","11":"purchasable","12":"product-type-variable"},"_links":{"self":[{"href":"https:\/\/promis.ro\/ro\/wp-json\/wp\/v2\/product\/217599","targetHints":{"allow":["GET"]}}],"collection":[{"href":"https:\/\/promis.ro\/ro\/wp-json\/wp\/v2\/product"}],"about":[{"href":"https:\/\/promis.ro\/ro\/wp-json\/wp\/v2\/types\/product"}],"replies":[{"embeddable":true,"href":"https:\/\/promis.ro\/ro\/wp-json\/wp\/v2\/comments?post=217599"}],"version-history":[{"count":1,"href":"https:\/\/promis.ro\/ro\/wp-json\/wp\/v2\/product\/217599\/revisions"}],"predecessor-version":[{"id":263295,"href":"https:\/\/promis.ro\/ro\/wp-json\/wp\/v2\/product\/217599\/revisions\/263295"}],"wp:featuredmedia":[{"embeddable":true,"href":"https:\/\/promis.ro\/ro\/wp-json\/wp\/v2\/media\/217596"}],"wp:attachment":[{"href":"https:\/\/promis.ro\/ro\/wp-json\/wp\/v2\/media?parent=217599"}],"wp:term":[{"taxonomy":"product_brand","embeddable":true,"href":"https:\/\/promis.ro\/ro\/wp-json\/wp\/v2\/product_brand?post=217599"},{"taxonomy":"product_cat","embeddable":true,"href":"https:\/\/promis.ro\/ro\/wp-json\/wp\/v2\/product_cat?post=217599"},{"taxonomy":"product_tag","embeddable":true,"href":"https:\/\/promis.ro\/ro\/wp-json\/wp\/v2\/product_tag?post=217599"}],"curies":[{"name":"wp","href":"https:\/\/api.w.org\/{rel}","templated":true}]}}