{"id":217605,"date":"2025-11-15T01:24:05","date_gmt":"2025-11-15T01:24:05","guid":{"rendered":"https:\/\/promis.ro\/product\/altoona-insulated-bodywarmer\/"},"modified":"2025-11-15T06:38:15","modified_gmt":"2025-11-15T06:38:15","slug":"altoona-insulated-bodywarmer","status":"publish","type":"product","link":"https:\/\/promis.ro\/ro\/produs\/altoona-insulated-bodywarmer\/","title":{"rendered":"Altoona Insulated Bodywarmer"},"content":{"rendered":"<p><strong>Specifica\u021bii:<\/strong><\/p>\n<ul>\n<li>85 g\/m\u00b2<\/li>\n<li>100% poliester (micro poplin)<\/li>\n<li>C\u0103ptu\u015feal\u0103 din Taffeta<\/li>\n<li>Izola\u0163ie Thermoguard<\/li>\n<li>Guler c\u0103ptu\u015fit cu polar gros<\/li>\n<li>\u00cent\u0103rit la umeri din material propriu pentru o stabilitate mai bun\u0103<\/li>\n<li>Dou\u0103 buzunare mai joase<\/li>\n<li>Fermoar ascuns \u00een c\u0103ptu\u015feal\u0103 pentru acces de broderie<\/li>\n<\/ul>","protected":false},"excerpt":{"rendered":"<p>Specifica\u021bii: 85 g\/m\u00b2 100% poliester (micro poplin) C\u0103ptu\u015feal\u0103 din Taffeta Izola\u0163ie Thermoguard Guler c\u0103ptu\u015fit cu polar gros \u00cent\u0103rit la umeri<\/p>","protected":false},"featured_media":217600,"comment_status":"open","ping_status":"closed","template":"","meta":[],"product_brand":[],"product_cat":[193],"product_tag":[],"class_list":{"0":"post-217605","1":"product","2":"type-product","3":"status-publish","4":"has-post-thumbnail","6":"product_cat-ploaie-si-frig","8":"first","9":"instock","10":"shipping-taxable","11":"purchasable","12":"product-type-variable"},"_links":{"self":[{"href":"https:\/\/promis.ro\/ro\/wp-json\/wp\/v2\/product\/217605","targetHints":{"allow":["GET"]}}],"collection":[{"href":"https:\/\/promis.ro\/ro\/wp-json\/wp\/v2\/product"}],"about":[{"href":"https:\/\/promis.ro\/ro\/wp-json\/wp\/v2\/types\/product"}],"replies":[{"embeddable":true,"href":"https:\/\/promis.ro\/ro\/wp-json\/wp\/v2\/comments?post=217605"}],"version-history":[{"count":1,"href":"https:\/\/promis.ro\/ro\/wp-json\/wp\/v2\/product\/217605\/revisions"}],"predecessor-version":[{"id":263278,"href":"https:\/\/promis.ro\/ro\/wp-json\/wp\/v2\/product\/217605\/revisions\/263278"}],"wp:featuredmedia":[{"embeddable":true,"href":"https:\/\/promis.ro\/ro\/wp-json\/wp\/v2\/media\/217600"}],"wp:attachment":[{"href":"https:\/\/promis.ro\/ro\/wp-json\/wp\/v2\/media?parent=217605"}],"wp:term":[{"taxonomy":"product_brand","embeddable":true,"href":"https:\/\/promis.ro\/ro\/wp-json\/wp\/v2\/product_brand?post=217605"},{"taxonomy":"product_cat","embeddable":true,"href":"https:\/\/promis.ro\/ro\/wp-json\/wp\/v2\/product_cat?post=217605"},{"taxonomy":"product_tag","embeddable":true,"href":"https:\/\/promis.ro\/ro\/wp-json\/wp\/v2\/product_tag?post=217605"}],"curies":[{"name":"wp","href":"https:\/\/api.w.org\/{rel}","templated":true}]}}