{"id":217610,"date":"2025-11-15T01:24:09","date_gmt":"2025-11-15T01:24:09","guid":{"rendered":"https:\/\/promis.ro\/product\/ladies-hydraplus-2000-jacket\/"},"modified":"2025-11-15T06:38:34","modified_gmt":"2025-11-15T06:38:34","slug":"ladies-hydraplus-2000-jacket","status":"publish","type":"product","link":"https:\/\/promis.ro\/ro\/produs\/ladies-hydraplus-2000-jacket\/","title":{"rendered":"Ladies&#8217; HydraPlus 2000 Jacket"},"content":{"rendered":"<p><strong>Greutate:<\/strong> 190 g\/m\u00b2<\/p>\n<ul>\n<li><strong>Material exterior:<\/strong> 100% Nylon Taslan acoperit cu un strat de PU<\/li>\n<li><strong>Material interior:<\/strong> c\u0103ptu\u015feal\u0103 din plas\u0103<\/li>\n<li><strong>Jachet\u0103:<\/strong> rezistent\u0103 la contactul cu apa<\/li>\n<li><strong>Material:<\/strong> respirabil<\/li>\n<li><strong>Glug\u0103:<\/strong> se ascunde \u00een guler<\/li>\n<li><strong>Fermoar:<\/strong> \u00een culoarea produsului cu protec\u0163ie pentru b\u0103rbie<\/li>\n<li><strong>Fermoar:<\/strong> acoperit adi\u0163ional cu un pliu \u00eenchis cu scai cu protec\u0163ie \u00eempotriva v\u00e2ntului<\/li>\n<li><strong>Buzunare:<\/strong> c\u00e2teva buzunare laterale \u00eenchise cu fermoar<\/li>\n<li><strong>Man\u015fete:<\/strong> reglabile cu scai<\/li>\n<li><strong>Partea din spate:<\/strong> este u\u015for prelungit\u0103<\/li>\n<li><strong>Partea inferioar\u0103:<\/strong> este reglabil\u0103 cu ajutorul unui \u015fnur elastic, cu stopere<\/li>\n<li><strong>Fermoar:<\/strong> \u00een partea inferioar\u0103 se g\u0103se\u015fte un fermoar care permite aplicarea unei decora\u0163ii<\/li>\n<\/ul>","protected":false},"excerpt":{"rendered":"<p>Greutate: 190 g\/m\u00b2 Material exterior: 100% Nylon Taslan acoperit cu un strat de PU Material interior: c\u0103ptu\u015feal\u0103 din plas\u0103 Jachet\u0103:<\/p>","protected":false},"featured_media":217608,"comment_status":"open","ping_status":"closed","template":"","meta":[],"product_brand":[],"product_cat":[193],"product_tag":[],"class_list":{"0":"post-217610","1":"product","2":"type-product","3":"status-publish","4":"has-post-thumbnail","6":"product_cat-ploaie-si-frig","8":"first","9":"instock","10":"shipping-taxable","11":"purchasable","12":"product-type-variable"},"_links":{"self":[{"href":"https:\/\/promis.ro\/ro\/wp-json\/wp\/v2\/product\/217610","targetHints":{"allow":["GET"]}}],"collection":[{"href":"https:\/\/promis.ro\/ro\/wp-json\/wp\/v2\/product"}],"about":[{"href":"https:\/\/promis.ro\/ro\/wp-json\/wp\/v2\/types\/product"}],"replies":[{"embeddable":true,"href":"https:\/\/promis.ro\/ro\/wp-json\/wp\/v2\/comments?post=217610"}],"version-history":[{"count":1,"href":"https:\/\/promis.ro\/ro\/wp-json\/wp\/v2\/product\/217610\/revisions"}],"predecessor-version":[{"id":263302,"href":"https:\/\/promis.ro\/ro\/wp-json\/wp\/v2\/product\/217610\/revisions\/263302"}],"wp:featuredmedia":[{"embeddable":true,"href":"https:\/\/promis.ro\/ro\/wp-json\/wp\/v2\/media\/217608"}],"wp:attachment":[{"href":"https:\/\/promis.ro\/ro\/wp-json\/wp\/v2\/media?parent=217610"}],"wp:term":[{"taxonomy":"product_brand","embeddable":true,"href":"https:\/\/promis.ro\/ro\/wp-json\/wp\/v2\/product_brand?post=217610"},{"taxonomy":"product_cat","embeddable":true,"href":"https:\/\/promis.ro\/ro\/wp-json\/wp\/v2\/product_cat?post=217610"},{"taxonomy":"product_tag","embeddable":true,"href":"https:\/\/promis.ro\/ro\/wp-json\/wp\/v2\/product_tag?post=217610"}],"curies":[{"name":"wp","href":"https:\/\/api.w.org\/{rel}","templated":true}]}}