{"id":217616,"date":"2025-11-15T01:24:16","date_gmt":"2025-11-15T01:24:16","guid":{"rendered":"https:\/\/promis.ro\/product\/zepelin-vest\/"},"modified":"2025-11-15T06:38:21","modified_gmt":"2025-11-15T06:38:21","slug":"zepelin-vest","status":"publish","type":"product","link":"https:\/\/promis.ro\/ro\/produs\/zepelin-vest\/","title":{"rendered":"Zepelin Vest"},"content":{"rendered":"<p><strong>Greutate:<\/strong> 65 g\/m\u00b2<\/p>\n<ul>\n<li><strong>Exterior:<\/strong> 100% poliester (300T)<\/li>\n<li><strong>Interior \u015fi c\u0103ptu\u015feal\u0103:<\/strong> 100% poliester<\/li>\n<li><strong>Rezistent la v\u00e2nt<\/strong><\/li>\n<li><strong>Hidrofug<\/strong><\/li>\n<li><strong>Fermoar pe toat\u0103 lungimea produsului<\/strong> cu clap\u0103 interioar\u0103 pentru protec\u0163ie \u00eempotriva v\u00e2ntului<\/li>\n<li><strong>Buzunar interior<\/strong><\/li>\n<li><strong>Buzunare frontale cu fermoar<\/strong><\/li>\n<li><strong>Acces \u00een interior cu fermoar pentru decora\u0163ii<\/strong><\/li>\n<li><strong>Design aderent corpului<\/strong><\/li>\n<\/ul>","protected":false},"excerpt":{"rendered":"<p>Greutate: 65 g\/m\u00b2 Exterior: 100% poliester (300T) Interior \u015fi c\u0103ptu\u015feal\u0103: 100% poliester Rezistent la v\u00e2nt Hidrofug Fermoar pe toat\u0103 lungimea<\/p>","protected":false},"featured_media":217611,"comment_status":"open","ping_status":"closed","template":"","meta":[],"product_brand":[],"product_cat":[195],"product_tag":[],"class_list":{"0":"post-217616","1":"product","2":"type-product","3":"status-publish","4":"has-post-thumbnail","6":"product_cat-editie-limitata","8":"first","9":"instock","10":"shipping-taxable","11":"purchasable","12":"product-type-variable"},"_links":{"self":[{"href":"https:\/\/promis.ro\/ro\/wp-json\/wp\/v2\/product\/217616","targetHints":{"allow":["GET"]}}],"collection":[{"href":"https:\/\/promis.ro\/ro\/wp-json\/wp\/v2\/product"}],"about":[{"href":"https:\/\/promis.ro\/ro\/wp-json\/wp\/v2\/types\/product"}],"replies":[{"embeddable":true,"href":"https:\/\/promis.ro\/ro\/wp-json\/wp\/v2\/comments?post=217616"}],"version-history":[{"count":1,"href":"https:\/\/promis.ro\/ro\/wp-json\/wp\/v2\/product\/217616\/revisions"}],"predecessor-version":[{"id":263287,"href":"https:\/\/promis.ro\/ro\/wp-json\/wp\/v2\/product\/217616\/revisions\/263287"}],"wp:featuredmedia":[{"embeddable":true,"href":"https:\/\/promis.ro\/ro\/wp-json\/wp\/v2\/media\/217611"}],"wp:attachment":[{"href":"https:\/\/promis.ro\/ro\/wp-json\/wp\/v2\/media?parent=217616"}],"wp:term":[{"taxonomy":"product_brand","embeddable":true,"href":"https:\/\/promis.ro\/ro\/wp-json\/wp\/v2\/product_brand?post=217616"},{"taxonomy":"product_cat","embeddable":true,"href":"https:\/\/promis.ro\/ro\/wp-json\/wp\/v2\/product_cat?post=217616"},{"taxonomy":"product_tag","embeddable":true,"href":"https:\/\/promis.ro\/ro\/wp-json\/wp\/v2\/product_tag?post=217616"}],"curies":[{"name":"wp","href":"https:\/\/api.w.org\/{rel}","templated":true}]}}