{"id":217619,"date":"2025-11-15T01:24:19","date_gmt":"2025-11-15T01:24:19","guid":{"rendered":"https:\/\/promis.ro\/product\/bodywarmer-men\/"},"modified":"2025-11-15T06:38:19","modified_gmt":"2025-11-15T06:38:19","slug":"bodywarmer-men","status":"publish","type":"product","link":"https:\/\/promis.ro\/ro\/produs\/bodywarmer-men\/","title":{"rendered":"Bodywarmer\/men"},"content":{"rendered":"<p><strong>Material exterior:<\/strong> 100% nylon Taffeta\u00ae impermeabil<\/p>\n<p><strong>C\u0103ptu\u015feal\u0103:<\/strong> 100% poliester<\/p>\n<ul>\n<li>cu guler<\/li>\n<li>fermoar \u00een culoarea produsului cu un tr\u0103g\u0103tor de fermoar \u00een culoarea contrastant\u0103<\/li>\n<li>buzunare laterale \u00eenchise cu fermoar<\/li>\n<li>buzunarul interior se g\u0103se\u015fte pe partea st\u00e2ng\u0103 \u015fi se \u00eenchide cu scai<\/li>\n<li>partea de spate este prelungit\u0103<\/li>\n<li>f\u0103r\u0103 cus\u0103turi \u00een partea mijlocie a spatelui, cu \u00eenchiderea fermoarului, care permite amplasarea decora\u0163iunilor<\/li>\n<\/ul>","protected":false},"excerpt":{"rendered":"<p>Material exterior: 100% nylon Taffeta\u00ae impermeabil C\u0103ptu\u015feal\u0103: 100% poliester cu guler fermoar \u00een culoarea produsului cu un tr\u0103g\u0103tor de fermoar<\/p>","protected":false},"featured_media":217617,"comment_status":"open","ping_status":"closed","template":"","meta":[],"product_brand":[],"product_cat":[193],"product_tag":[],"class_list":{"0":"post-217619","1":"product","2":"type-product","3":"status-publish","4":"has-post-thumbnail","6":"product_cat-ploaie-si-frig","8":"first","9":"instock","10":"shipping-taxable","11":"purchasable","12":"product-type-variable"},"_links":{"self":[{"href":"https:\/\/promis.ro\/ro\/wp-json\/wp\/v2\/product\/217619","targetHints":{"allow":["GET"]}}],"collection":[{"href":"https:\/\/promis.ro\/ro\/wp-json\/wp\/v2\/product"}],"about":[{"href":"https:\/\/promis.ro\/ro\/wp-json\/wp\/v2\/types\/product"}],"replies":[{"embeddable":true,"href":"https:\/\/promis.ro\/ro\/wp-json\/wp\/v2\/comments?post=217619"}],"version-history":[{"count":1,"href":"https:\/\/promis.ro\/ro\/wp-json\/wp\/v2\/product\/217619\/revisions"}],"predecessor-version":[{"id":263286,"href":"https:\/\/promis.ro\/ro\/wp-json\/wp\/v2\/product\/217619\/revisions\/263286"}],"wp:featuredmedia":[{"embeddable":true,"href":"https:\/\/promis.ro\/ro\/wp-json\/wp\/v2\/media\/217617"}],"wp:attachment":[{"href":"https:\/\/promis.ro\/ro\/wp-json\/wp\/v2\/media?parent=217619"}],"wp:term":[{"taxonomy":"product_brand","embeddable":true,"href":"https:\/\/promis.ro\/ro\/wp-json\/wp\/v2\/product_brand?post=217619"},{"taxonomy":"product_cat","embeddable":true,"href":"https:\/\/promis.ro\/ro\/wp-json\/wp\/v2\/product_cat?post=217619"},{"taxonomy":"product_tag","embeddable":true,"href":"https:\/\/promis.ro\/ro\/wp-json\/wp\/v2\/product_tag?post=217619"}],"curies":[{"name":"wp","href":"https:\/\/api.w.org\/{rel}","templated":true}]}}