{"id":217624,"date":"2025-11-15T01:24:25","date_gmt":"2025-11-15T01:24:25","guid":{"rendered":"https:\/\/promis.ro\/product\/fleece-lined-bodywarmer\/"},"modified":"2025-11-15T06:38:19","modified_gmt":"2025-11-15T06:38:19","slug":"fleece-lined-bodywarmer","status":"publish","type":"product","link":"https:\/\/promis.ro\/ro\/produs\/fleece-lined-bodywarmer\/","title":{"rendered":"Fleece Lined Bodywarmer"},"content":{"rendered":"<p><strong>Exterior:<\/strong> 100% poliester<\/p>\n<p><strong>Izolare:<\/strong> 135 g\/m\u00b2 100% poliester<\/p>\n<p><strong>Interior:<\/strong> 280 g\/m\u00b2 100% poliester polar gri<\/p>\n<ul>\n<li>Guler c\u0103ptu\u015fit<\/li>\n<li>Fermoar lung<\/li>\n<li>Cu bra\u0163e mai late pentru confort<\/li>\n<li>2 buzunare laterale, 2 buzunare \u00een interior<\/li>\n<li>Spatele mai lung<\/li>\n<li>Spatele jachetei este pu\u0163in mai lung<\/li>\n<\/ul>\n<p><strong>CULOARE \u00ceNCHIS\u0102:<\/strong> 1 culoare este retras\u0103 din colec\u021bia Falk&amp;Ross (\u00eenc\u0103 este listat\u0103 de brand).<\/p>","protected":false},"excerpt":{"rendered":"<p>Exterior: 100% poliester Izolare: 135 g\/m\u00b2 100% poliester Interior: 280 g\/m\u00b2 100% poliester polar gri Guler c\u0103ptu\u015fit Fermoar lung Cu<\/p>","protected":false},"featured_media":217620,"comment_status":"open","ping_status":"closed","template":"","meta":[],"product_brand":[],"product_cat":[193],"product_tag":[],"class_list":{"0":"post-217624","1":"product","2":"type-product","3":"status-publish","4":"has-post-thumbnail","6":"product_cat-ploaie-si-frig","8":"first","9":"instock","10":"shipping-taxable","11":"purchasable","12":"product-type-variable"},"_links":{"self":[{"href":"https:\/\/promis.ro\/ro\/wp-json\/wp\/v2\/product\/217624","targetHints":{"allow":["GET"]}}],"collection":[{"href":"https:\/\/promis.ro\/ro\/wp-json\/wp\/v2\/product"}],"about":[{"href":"https:\/\/promis.ro\/ro\/wp-json\/wp\/v2\/types\/product"}],"replies":[{"embeddable":true,"href":"https:\/\/promis.ro\/ro\/wp-json\/wp\/v2\/comments?post=217624"}],"version-history":[{"count":1,"href":"https:\/\/promis.ro\/ro\/wp-json\/wp\/v2\/product\/217624\/revisions"}],"predecessor-version":[{"id":263285,"href":"https:\/\/promis.ro\/ro\/wp-json\/wp\/v2\/product\/217624\/revisions\/263285"}],"wp:featuredmedia":[{"embeddable":true,"href":"https:\/\/promis.ro\/ro\/wp-json\/wp\/v2\/media\/217620"}],"wp:attachment":[{"href":"https:\/\/promis.ro\/ro\/wp-json\/wp\/v2\/media?parent=217624"}],"wp:term":[{"taxonomy":"product_brand","embeddable":true,"href":"https:\/\/promis.ro\/ro\/wp-json\/wp\/v2\/product_brand?post=217624"},{"taxonomy":"product_cat","embeddable":true,"href":"https:\/\/promis.ro\/ro\/wp-json\/wp\/v2\/product_cat?post=217624"},{"taxonomy":"product_tag","embeddable":true,"href":"https:\/\/promis.ro\/ro\/wp-json\/wp\/v2\/product_tag?post=217624"}],"curies":[{"name":"wp","href":"https:\/\/api.w.org\/{rel}","templated":true}]}}