{"id":217628,"date":"2025-11-15T01:24:30","date_gmt":"2025-11-15T01:24:30","guid":{"rendered":"https:\/\/promis.ro\/product\/safety-vest-for-kids-aarhus\/"},"modified":"2025-11-15T06:38:17","modified_gmt":"2025-11-15T06:38:17","slug":"safety-vest-for-kids-aarhus","status":"publish","type":"product","link":"https:\/\/promis.ro\/ro\/produs\/safety-vest-for-kids-aarhus\/","title":{"rendered":"Safety Vest for Kids &#8220;Aarhus&#8221;"},"content":{"rendered":"<p><strong>100% Poliester<\/strong><\/p>\n<ul>\n<li>\u00cenchidere cu c\u00e2rlig \u0219i bucl\u0103<\/li>\n<li>Dungi orizontale reflectorizante (5 cm l\u0103\u021bime) pe fa\u021b\u0103 \u0219i spate<\/li>\n<li>EN ISO 13688:2013+A1:2021 \/ EN 17353:2020, Tip AB3<\/li>\n<li>Ambalat individual \u00een pung\u0103 de polietilen\u0103.<\/li>\n<\/ul>","protected":false},"excerpt":{"rendered":"<p>100% Poliester \u00cenchidere cu c\u00e2rlig \u0219i bucl\u0103 Dungi orizontale reflectorizante (5 cm l\u0103\u021bime) pe fa\u021b\u0103 \u0219i spate EN ISO 13688:2013+A1:2021<\/p>","protected":false},"featured_media":217625,"comment_status":"open","ping_status":"closed","template":"","meta":[],"product_brand":[],"product_cat":[182],"product_tag":[],"class_list":{"0":"post-217628","1":"product","2":"type-product","3":"status-publish","4":"has-post-thumbnail","6":"product_cat-copii","8":"first","9":"instock","10":"shipping-taxable","11":"purchasable","12":"product-type-variable"},"_links":{"self":[{"href":"https:\/\/promis.ro\/ro\/wp-json\/wp\/v2\/product\/217628","targetHints":{"allow":["GET"]}}],"collection":[{"href":"https:\/\/promis.ro\/ro\/wp-json\/wp\/v2\/product"}],"about":[{"href":"https:\/\/promis.ro\/ro\/wp-json\/wp\/v2\/types\/product"}],"replies":[{"embeddable":true,"href":"https:\/\/promis.ro\/ro\/wp-json\/wp\/v2\/comments?post=217628"}],"version-history":[{"count":1,"href":"https:\/\/promis.ro\/ro\/wp-json\/wp\/v2\/product\/217628\/revisions"}],"predecessor-version":[{"id":263281,"href":"https:\/\/promis.ro\/ro\/wp-json\/wp\/v2\/product\/217628\/revisions\/263281"}],"wp:featuredmedia":[{"embeddable":true,"href":"https:\/\/promis.ro\/ro\/wp-json\/wp\/v2\/media\/217625"}],"wp:attachment":[{"href":"https:\/\/promis.ro\/ro\/wp-json\/wp\/v2\/media?parent=217628"}],"wp:term":[{"taxonomy":"product_brand","embeddable":true,"href":"https:\/\/promis.ro\/ro\/wp-json\/wp\/v2\/product_brand?post=217628"},{"taxonomy":"product_cat","embeddable":true,"href":"https:\/\/promis.ro\/ro\/wp-json\/wp\/v2\/product_cat?post=217628"},{"taxonomy":"product_tag","embeddable":true,"href":"https:\/\/promis.ro\/ro\/wp-json\/wp\/v2\/product_tag?post=217628"}],"curies":[{"name":"wp","href":"https:\/\/api.w.org\/{rel}","templated":true}]}}