{"id":217632,"date":"2025-11-15T01:24:36","date_gmt":"2025-11-15T01:24:36","guid":{"rendered":"https:\/\/promis.ro\/product\/lux-padded-vest-women\/"},"modified":"2025-11-15T06:38:24","modified_gmt":"2025-11-15T06:38:24","slug":"lux-padded-vest-women","status":"publish","type":"product","link":"https:\/\/promis.ro\/ro\/produs\/lux-padded-vest-women\/","title":{"rendered":"Lux Padded Vest Women"},"content":{"rendered":"<p><strong>100% nailon<\/strong><\/p>\n<p><strong>Captuseala:<\/strong> 100% poliester<\/p>\n<ul>\n<li><strong>Guler ridicat<\/strong><\/li>\n<li><strong>Semi-lun\u0103 \u00een centru spate pentru personalizare<\/strong><\/li>\n<li><strong>Fermoar complet de \u00eenalt\u0103 calitate<\/strong><\/li>\n<li><strong>Buzunar interior \u00een partea dreapt\u0103 fa\u021b\u0103<\/strong> (func\u021bie de depozitare, vesta se pliaz\u0103 \u00een propriul buzunar interior)<\/li>\n<li><strong>Buzunare laterale cu fermoar<\/strong><\/li>\n<li><strong>Tivul inferior reglabil<\/strong><\/li>\n<li><strong>Acces decor pe partea st\u00e2ng\u0103 fa\u021b\u0103<\/strong><\/li>\n<li><strong>Etichet\u0103 Tear Away pe cus\u0103tura lateral\u0103<\/strong><\/li>\n<li><strong>Potrivire obi\u0219nuit\u0103<\/strong><\/li>\n<\/ul>","protected":false},"excerpt":{"rendered":"<p>100% nailon Captuseala: 100% poliester Guler ridicat Semi-lun\u0103 \u00een centru spate pentru personalizare Fermoar complet de \u00eenalt\u0103 calitate Buzunar interior<\/p>","protected":false},"featured_media":217631,"comment_status":"open","ping_status":"closed","template":"","meta":[],"product_brand":[],"product_cat":[193],"product_tag":[],"class_list":{"0":"post-217632","1":"product","2":"type-product","3":"status-publish","4":"has-post-thumbnail","6":"product_cat-ploaie-si-frig","8":"first","9":"instock","10":"shipping-taxable","11":"purchasable","12":"product-type-variable"},"_links":{"self":[{"href":"https:\/\/promis.ro\/ro\/wp-json\/wp\/v2\/product\/217632","targetHints":{"allow":["GET"]}}],"collection":[{"href":"https:\/\/promis.ro\/ro\/wp-json\/wp\/v2\/product"}],"about":[{"href":"https:\/\/promis.ro\/ro\/wp-json\/wp\/v2\/types\/product"}],"replies":[{"embeddable":true,"href":"https:\/\/promis.ro\/ro\/wp-json\/wp\/v2\/comments?post=217632"}],"version-history":[{"count":1,"href":"https:\/\/promis.ro\/ro\/wp-json\/wp\/v2\/product\/217632\/revisions"}],"predecessor-version":[{"id":263291,"href":"https:\/\/promis.ro\/ro\/wp-json\/wp\/v2\/product\/217632\/revisions\/263291"}],"wp:featuredmedia":[{"embeddable":true,"href":"https:\/\/promis.ro\/ro\/wp-json\/wp\/v2\/media\/217631"}],"wp:attachment":[{"href":"https:\/\/promis.ro\/ro\/wp-json\/wp\/v2\/media?parent=217632"}],"wp:term":[{"taxonomy":"product_brand","embeddable":true,"href":"https:\/\/promis.ro\/ro\/wp-json\/wp\/v2\/product_brand?post=217632"},{"taxonomy":"product_cat","embeddable":true,"href":"https:\/\/promis.ro\/ro\/wp-json\/wp\/v2\/product_cat?post=217632"},{"taxonomy":"product_tag","embeddable":true,"href":"https:\/\/promis.ro\/ro\/wp-json\/wp\/v2\/product_tag?post=217632"}],"curies":[{"name":"wp","href":"https:\/\/api.w.org\/{rel}","templated":true}]}}