{"id":217643,"date":"2025-11-15T01:24:49","date_gmt":"2025-11-15T01:24:49","guid":{"rendered":"https:\/\/promis.ro\/product\/core-midweight-jacket\/"},"modified":"2025-11-15T06:38:31","modified_gmt":"2025-11-15T06:38:31","slug":"core-midweight-jacket","status":"publish","type":"product","link":"https:\/\/promis.ro\/ro\/produs\/core-midweight-jacket\/","title":{"rendered":"Core Midweight Jacket"},"content":{"rendered":"<p><strong>La exterior:<\/strong> 190T poliester Pongee cu strat StormDri 2000<\/p>\n<p><strong>C\u0103ptu\u0219eal\u0103:<\/strong> 130 g\/m\u00b2 poliester jerseu simplu<\/p>\n<p><strong>C\u0103ptu\u0219eal\u0103 pe m\u00e2neci:<\/strong> 100% poliester<\/p>\n<p><strong>Gluga:<\/strong> f\u0103cut\u0103 din 3 panouri, se poate ascunde \u00een guler \u0219i este deta\u0219abil\u0103<\/p>\n<p><strong>\u00cenchidere:<\/strong> cu fermoar pe toat\u0103 lungimea cu o clap\u0103 de protec\u021bie \u00eempotriva furtunii<\/p>\n<p><strong>C\u0103ptu\u0219eala:<\/strong> luxoas\u0103 din jerseu simplu pe corp, m\u00e2necile c\u0103ptu\u0219ite integral cu poliester<\/p>\n<p><strong>Cus\u0103turi:<\/strong> topite, impermeabile<\/p>\n<p><strong>Baza produsului:<\/strong> este reglabil\u0103 cu ajutorul unui \u0219nur<\/p>\n<p><strong>Croiala:<\/strong> lung\u0103 cu partea de spate de mod\u0103<\/p>\n<p><strong>Greutatea medie<\/strong><\/p>\n<p><strong>Aceast produs:<\/strong> con\u021bine peste 25% de materiale reciclate<\/p>","protected":false},"excerpt":{"rendered":"<p>La exterior: 190T poliester Pongee cu strat StormDri 2000 C\u0103ptu\u0219eal\u0103: 130 g\/m\u00b2 poliester jerseu simplu C\u0103ptu\u0219eal\u0103 pe m\u00e2neci: 100% poliester<\/p>","protected":false},"featured_media":217639,"comment_status":"open","ping_status":"closed","template":"","meta":[],"product_brand":[],"product_cat":[193],"product_tag":[],"class_list":{"0":"post-217643","1":"product","2":"type-product","3":"status-publish","4":"has-post-thumbnail","6":"product_cat-ploaie-si-frig","8":"first","9":"instock","10":"shipping-taxable","11":"purchasable","12":"product-type-variable"},"_links":{"self":[{"href":"https:\/\/promis.ro\/ro\/wp-json\/wp\/v2\/product\/217643","targetHints":{"allow":["GET"]}}],"collection":[{"href":"https:\/\/promis.ro\/ro\/wp-json\/wp\/v2\/product"}],"about":[{"href":"https:\/\/promis.ro\/ro\/wp-json\/wp\/v2\/types\/product"}],"replies":[{"embeddable":true,"href":"https:\/\/promis.ro\/ro\/wp-json\/wp\/v2\/comments?post=217643"}],"version-history":[{"count":1,"href":"https:\/\/promis.ro\/ro\/wp-json\/wp\/v2\/product\/217643\/revisions"}],"predecessor-version":[{"id":263299,"href":"https:\/\/promis.ro\/ro\/wp-json\/wp\/v2\/product\/217643\/revisions\/263299"}],"wp:featuredmedia":[{"embeddable":true,"href":"https:\/\/promis.ro\/ro\/wp-json\/wp\/v2\/media\/217639"}],"wp:attachment":[{"href":"https:\/\/promis.ro\/ro\/wp-json\/wp\/v2\/media?parent=217643"}],"wp:term":[{"taxonomy":"product_brand","embeddable":true,"href":"https:\/\/promis.ro\/ro\/wp-json\/wp\/v2\/product_brand?post=217643"},{"taxonomy":"product_cat","embeddable":true,"href":"https:\/\/promis.ro\/ro\/wp-json\/wp\/v2\/product_cat?post=217643"},{"taxonomy":"product_tag","embeddable":true,"href":"https:\/\/promis.ro\/ro\/wp-json\/wp\/v2\/product_tag?post=217643"}],"curies":[{"name":"wp","href":"https:\/\/api.w.org\/{rel}","templated":true}]}}