{"id":217648,"date":"2025-11-15T01:24:53","date_gmt":"2025-11-15T01:24:53","guid":{"rendered":"https:\/\/promis.ro\/product\/lux-padded-vest-men\/"},"modified":"2025-11-15T06:38:27","modified_gmt":"2025-11-15T06:38:27","slug":"lux-padded-vest-men","status":"publish","type":"product","link":"https:\/\/promis.ro\/ro\/produs\/lux-padded-vest-men\/","title":{"rendered":"Lux Padded Vest Men"},"content":{"rendered":"<p><strong>100% nailon<\/strong><\/p>\n<p><strong>Captuseala:<\/strong> 100% poliester<\/p>\n<ul>\n<li><strong>Guler ridicat<\/strong><\/li>\n<li>Semi-lun\u0103 \u00een centru din spate pentru personalizare<\/li>\n<li><strong>Fermoar complet de \u00eenalt\u0103 calitate<\/strong><\/li>\n<li>Buzunar interior din partea dreapt\u0103 fa\u021b\u0103 (func\u021bie de depozitare, ves se pliaz\u0103 \u00een propriul buzunar interior)<\/li>\n<li>Buzunare laterale cu fermoar<\/li>\n<li>Tivul inferior reglabil<\/li>\n<li>Acces decor pe partea st\u00e2ng\u0103 fa\u021b\u0103<\/li>\n<li>Etichet\u0103 Tear Away pe cus\u0103tura lateral\u0103<\/li>\n<li>Potrivire obi\u0219nuit\u0103<\/li>\n<\/ul>","protected":false},"excerpt":{"rendered":"<p>100% nailon Captuseala: 100% poliester Guler ridicat Semi-lun\u0103 \u00een centru din spate pentru personalizare Fermoar complet de \u00eenalt\u0103 calitate Buzunar<\/p>","protected":false},"featured_media":217647,"comment_status":"open","ping_status":"closed","template":"","meta":[],"product_brand":[],"product_cat":[193],"product_tag":[],"class_list":{"0":"post-217648","1":"product","2":"type-product","3":"status-publish","4":"has-post-thumbnail","6":"product_cat-ploaie-si-frig","8":"first","9":"instock","10":"shipping-taxable","11":"purchasable","12":"product-type-variable"},"_links":{"self":[{"href":"https:\/\/promis.ro\/ro\/wp-json\/wp\/v2\/product\/217648","targetHints":{"allow":["GET"]}}],"collection":[{"href":"https:\/\/promis.ro\/ro\/wp-json\/wp\/v2\/product"}],"about":[{"href":"https:\/\/promis.ro\/ro\/wp-json\/wp\/v2\/types\/product"}],"replies":[{"embeddable":true,"href":"https:\/\/promis.ro\/ro\/wp-json\/wp\/v2\/comments?post=217648"}],"version-history":[{"count":1,"href":"https:\/\/promis.ro\/ro\/wp-json\/wp\/v2\/product\/217648\/revisions"}],"predecessor-version":[{"id":263294,"href":"https:\/\/promis.ro\/ro\/wp-json\/wp\/v2\/product\/217648\/revisions\/263294"}],"wp:featuredmedia":[{"embeddable":true,"href":"https:\/\/promis.ro\/ro\/wp-json\/wp\/v2\/media\/217647"}],"wp:attachment":[{"href":"https:\/\/promis.ro\/ro\/wp-json\/wp\/v2\/media?parent=217648"}],"wp:term":[{"taxonomy":"product_brand","embeddable":true,"href":"https:\/\/promis.ro\/ro\/wp-json\/wp\/v2\/product_brand?post=217648"},{"taxonomy":"product_cat","embeddable":true,"href":"https:\/\/promis.ro\/ro\/wp-json\/wp\/v2\/product_cat?post=217648"},{"taxonomy":"product_tag","embeddable":true,"href":"https:\/\/promis.ro\/ro\/wp-json\/wp\/v2\/product_tag?post=217648"}],"curies":[{"name":"wp","href":"https:\/\/api.w.org\/{rel}","templated":true}]}}