{"id":217664,"date":"2025-11-15T01:25:12","date_gmt":"2025-11-15T01:25:12","guid":{"rendered":"https:\/\/promis.ro\/product\/lux-padded-jacket-women\/"},"modified":"2025-11-15T06:38:29","modified_gmt":"2025-11-15T06:38:29","slug":"lux-padded-jacket-women","status":"publish","type":"product","link":"https:\/\/promis.ro\/ro\/produs\/lux-padded-jacket-women\/","title":{"rendered":"Lux Padded Jacket Women"},"content":{"rendered":"<p><strong>100% nailon<\/strong><\/p>\n<p><strong>Captuseala:<\/strong> 100% poliester<\/p>\n<ul>\n<li>Glug\u0103 integrat\u0103 cu guler pentru c\u0103ldur\u0103 optim\u0103<\/li>\n<li>Semi-lun\u0103 \u00een centru spate pentru personalizare<\/li>\n<li>Fermoar complet de \u00eenalt\u0103 calitate<\/li>\n<li>Buzunar interior \u00een partea dreapt\u0103 fa\u021b\u0103 (func\u021bie de depozitare, jacheta se pliaz\u0103 \u00een propriul buzunar interior)<\/li>\n<li>Buzunare laterale cu fermoar<\/li>\n<li>Tivul inferior reglabil<\/li>\n<li>Acces decor pe partea st\u00e2ng\u0103 fa\u021b\u0103<\/li>\n<li>Etichet\u0103 Tear Away pe cus\u0103tura lateral\u0103<\/li>\n<li>Potrivire obi\u0219nuit\u0103<\/li>\n<\/ul>","protected":false},"excerpt":{"rendered":"<p>100% nailon Captuseala: 100% poliester Glug\u0103 integrat\u0103 cu guler pentru c\u0103ldur\u0103 optim\u0103 Semi-lun\u0103 \u00een centru spate pentru personalizare Fermoar complet<\/p>","protected":false},"featured_media":217663,"comment_status":"open","ping_status":"closed","template":"","meta":[],"product_brand":[],"product_cat":[193],"product_tag":[],"class_list":{"0":"post-217664","1":"product","2":"type-product","3":"status-publish","4":"has-post-thumbnail","6":"product_cat-ploaie-si-frig","8":"first","9":"instock","10":"shipping-taxable","11":"purchasable","12":"product-type-variable"},"_links":{"self":[{"href":"https:\/\/promis.ro\/ro\/wp-json\/wp\/v2\/product\/217664","targetHints":{"allow":["GET"]}}],"collection":[{"href":"https:\/\/promis.ro\/ro\/wp-json\/wp\/v2\/product"}],"about":[{"href":"https:\/\/promis.ro\/ro\/wp-json\/wp\/v2\/types\/product"}],"replies":[{"embeddable":true,"href":"https:\/\/promis.ro\/ro\/wp-json\/wp\/v2\/comments?post=217664"}],"version-history":[{"count":1,"href":"https:\/\/promis.ro\/ro\/wp-json\/wp\/v2\/product\/217664\/revisions"}],"predecessor-version":[{"id":263297,"href":"https:\/\/promis.ro\/ro\/wp-json\/wp\/v2\/product\/217664\/revisions\/263297"}],"wp:featuredmedia":[{"embeddable":true,"href":"https:\/\/promis.ro\/ro\/wp-json\/wp\/v2\/media\/217663"}],"wp:attachment":[{"href":"https:\/\/promis.ro\/ro\/wp-json\/wp\/v2\/media?parent=217664"}],"wp:term":[{"taxonomy":"product_brand","embeddable":true,"href":"https:\/\/promis.ro\/ro\/wp-json\/wp\/v2\/product_brand?post=217664"},{"taxonomy":"product_cat","embeddable":true,"href":"https:\/\/promis.ro\/ro\/wp-json\/wp\/v2\/product_cat?post=217664"},{"taxonomy":"product_tag","embeddable":true,"href":"https:\/\/promis.ro\/ro\/wp-json\/wp\/v2\/product_tag?post=217664"}],"curies":[{"name":"wp","href":"https:\/\/api.w.org\/{rel}","templated":true}]}}