{"id":227959,"date":"2025-11-15T02:42:57","date_gmt":"2025-11-15T02:42:57","guid":{"rendered":"https:\/\/promis.ro\/product\/classic-open-hem-jog-pants\/"},"modified":"2025-11-15T06:44:25","modified_gmt":"2025-11-15T06:44:25","slug":"classic-open-hem-jog-pants","status":"publish","type":"product","link":"https:\/\/promis.ro\/ro\/produs\/classic-open-hem-jog-pants\/","title":{"rendered":"Classic Open Hem Jog Pants"},"content":{"rendered":"<p><strong>Specifica\u021bii:<\/strong><\/p>\n<ul>\n<li>280 g\/m\u00b2<\/li>\n<li>80% bumbac, 20% poliester<\/li>\n<li>Dark Heather Grey: 60% bumbac, 40% poliester<\/li>\n<li>centur\u0103 elastic\u0103 cu \u015fnur reglabil \u00een culoarea produsului<\/li>\n<li>buzunare laterale<\/li>\n<li>partea de fa\u0163\u0103 \u015fi partea de spate t\u0103iate \u00een mod diferit pentru potrivire mai bun\u0103<\/li>\n<li>craci sunt f\u0103r\u0103 cus\u0103turi pentru a m\u0103ri suprafa\u0163a pentru imprimare<\/li>\n<\/ul>","protected":false},"excerpt":{"rendered":"<p>Specifica\u021bii: 280 g\/m\u00b2 80% bumbac, 20% poliester Dark Heather Grey: 60% bumbac, 40% poliester centur\u0103 elastic\u0103 cu \u015fnur reglabil \u00een<\/p>","protected":false},"featured_media":227954,"comment_status":"open","ping_status":"closed","template":"","meta":[],"product_brand":[],"product_cat":[191],"product_tag":[],"class_list":{"0":"post-227959","1":"product","2":"type-product","3":"status-publish","4":"has-post-thumbnail","6":"product_cat-textile","8":"first","9":"instock","10":"shipping-taxable","11":"purchasable","12":"product-type-variable"},"_links":{"self":[{"href":"https:\/\/promis.ro\/ro\/wp-json\/wp\/v2\/product\/227959","targetHints":{"allow":["GET"]}}],"collection":[{"href":"https:\/\/promis.ro\/ro\/wp-json\/wp\/v2\/product"}],"about":[{"href":"https:\/\/promis.ro\/ro\/wp-json\/wp\/v2\/types\/product"}],"replies":[{"embeddable":true,"href":"https:\/\/promis.ro\/ro\/wp-json\/wp\/v2\/comments?post=227959"}],"version-history":[{"count":1,"href":"https:\/\/promis.ro\/ro\/wp-json\/wp\/v2\/product\/227959\/revisions"}],"predecessor-version":[{"id":263651,"href":"https:\/\/promis.ro\/ro\/wp-json\/wp\/v2\/product\/227959\/revisions\/263651"}],"wp:featuredmedia":[{"embeddable":true,"href":"https:\/\/promis.ro\/ro\/wp-json\/wp\/v2\/media\/227954"}],"wp:attachment":[{"href":"https:\/\/promis.ro\/ro\/wp-json\/wp\/v2\/media?parent=227959"}],"wp:term":[{"taxonomy":"product_brand","embeddable":true,"href":"https:\/\/promis.ro\/ro\/wp-json\/wp\/v2\/product_brand?post=227959"},{"taxonomy":"product_cat","embeddable":true,"href":"https:\/\/promis.ro\/ro\/wp-json\/wp\/v2\/product_cat?post=227959"},{"taxonomy":"product_tag","embeddable":true,"href":"https:\/\/promis.ro\/ro\/wp-json\/wp\/v2\/product_tag?post=227959"}],"curies":[{"name":"wp","href":"https:\/\/api.w.org\/{rel}","templated":true}]}}