{"id":227964,"date":"2025-11-15T02:43:03","date_gmt":"2025-11-15T02:43:03","guid":{"rendered":"https:\/\/promis.ro\/product\/id-333-hoodie-kids\/"},"modified":"2025-11-15T06:44:27","modified_gmt":"2025-11-15T06:44:27","slug":"id-333-hoodie-kids","status":"publish","type":"product","link":"https:\/\/promis.ro\/ro\/produs\/id-333-hoodie-kids\/","title":{"rendered":"ID.333 Hoodie \/kids"},"content":{"rendered":"<p><strong>280 g\/m\u00b2<\/strong><\/p>\n<ul>\n<li><strong>80%<\/strong> bumbac, (investind \u00een Better Cotton), <strong>20%<\/strong> poliester (reciclat) &#8211; certificat RCS<\/li>\n<li>Proiectat pentru b\u0103ie\u021bi \u0219i fete (neutru-genderi), de la copil la adolescent<\/li>\n<li>Cus\u0103tur\u0103 lateral\u0103<\/li>\n<li>Potrivire clasic\u0103 modern\u0103 relaxat\u0103 pentru toate ocaziile<\/li>\n<li>Fa\u021b\u0103 din bumbac <strong>100%<\/strong> cu imprimabilitate excelent\u0103 \u0219i senza\u021bie moale la m\u00e2n\u0103<\/li>\n<li>Glug\u0103 c\u0103ptu\u0219it\u0103 cu un singur jerseu proiectat\u0103 de experien\u021b\u0103 pentru o potrivire perfect\u0103<\/li>\n<li>F\u0103r\u0103 \u0219nur pentru siguran\u021b\u0103<\/li>\n<\/ul>","protected":false},"excerpt":{"rendered":"<p>280 g\/m\u00b2 80% bumbac, (investind \u00een Better Cotton), 20% poliester (reciclat) &#8211; certificat RCS Proiectat pentru b\u0103ie\u021bi \u0219i fete (neutru-genderi),<\/p>","protected":false},"featured_media":227960,"comment_status":"open","ping_status":"closed","template":"","meta":[],"product_brand":[],"product_cat":[195],"product_tag":[],"class_list":{"0":"post-227964","1":"product","2":"type-product","3":"status-publish","4":"has-post-thumbnail","6":"product_cat-editie-limitata","8":"first","9":"instock","10":"shipping-taxable","11":"purchasable","12":"product-type-variable"},"_links":{"self":[{"href":"https:\/\/promis.ro\/ro\/wp-json\/wp\/v2\/product\/227964","targetHints":{"allow":["GET"]}}],"collection":[{"href":"https:\/\/promis.ro\/ro\/wp-json\/wp\/v2\/product"}],"about":[{"href":"https:\/\/promis.ro\/ro\/wp-json\/wp\/v2\/types\/product"}],"replies":[{"embeddable":true,"href":"https:\/\/promis.ro\/ro\/wp-json\/wp\/v2\/comments?post=227964"}],"version-history":[{"count":1,"href":"https:\/\/promis.ro\/ro\/wp-json\/wp\/v2\/product\/227964\/revisions"}],"predecessor-version":[{"id":263655,"href":"https:\/\/promis.ro\/ro\/wp-json\/wp\/v2\/product\/227964\/revisions\/263655"}],"wp:featuredmedia":[{"embeddable":true,"href":"https:\/\/promis.ro\/ro\/wp-json\/wp\/v2\/media\/227960"}],"wp:attachment":[{"href":"https:\/\/promis.ro\/ro\/wp-json\/wp\/v2\/media?parent=227964"}],"wp:term":[{"taxonomy":"product_brand","embeddable":true,"href":"https:\/\/promis.ro\/ro\/wp-json\/wp\/v2\/product_brand?post=227964"},{"taxonomy":"product_cat","embeddable":true,"href":"https:\/\/promis.ro\/ro\/wp-json\/wp\/v2\/product_cat?post=227964"},{"taxonomy":"product_tag","embeddable":true,"href":"https:\/\/promis.ro\/ro\/wp-json\/wp\/v2\/product_tag?post=227964"}],"curies":[{"name":"wp","href":"https:\/\/api.w.org\/{rel}","templated":true}]}}