{"id":228041,"date":"2025-11-15T02:44:43","date_gmt":"2025-11-15T02:44:43","guid":{"rendered":"https:\/\/promis.ro\/product\/king-zipped-hood\/"},"modified":"2025-11-15T06:44:42","modified_gmt":"2025-11-15T06:44:42","slug":"king-zipped-hood","status":"publish","type":"product","link":"https:\/\/promis.ro\/ro\/produs\/king-zipped-hood\/","title":{"rendered":"KING Zipped Hood"},"content":{"rendered":"<p>\u00b7280 g\/mp<\/p>\n<p>\u00b780% bumbac, prefabricat, inelat \u0219i piept\u0103nat, 20% poliester<\/p>\n<p>\u00b7Grey Heather: 75% bumbac, 21% poliester, 4% v\u00e2scoz\u0103<\/p>\n<p>\u00b7Greu mediu Heather: 60% bumbac, 40% poliester<\/p>\n<p>\u00b7\u021aes\u0103tur\u0103 din p\u00e2sl\u0103 cu piele Ultrasoft cu suprafa\u021b\u0103 de imprimare final\u0103<\/p>\n<p>\u00b7Periaj \u00een interior<\/p>\n<p>\u00b7Glug\u0103 c\u0103ptu\u0219it\u0103 cu un singur Jersey<\/p>\n<p>\u00b7Desene cu dantel\u0103 plat\u0103 cu v\u00e2rfuri de metal de lux<\/p>\n<p>\u00b7Necktape<\/p>\n<p>\u00b7\u00cen interiorul singur Jersey Halfmoon \u00een spate<\/p>\n<p>\u00b7Fermoar complet acoperit pentru decorarea corpului \u00eencruci\u0219at<\/p>\n<p>\u00b7Buzunare patch<\/p>\n<p>\u00b7Cus\u0103turi laterale<\/p>\n<p>\u00b7Unisex<\/p>\n<p>\u00b7Regular fit<\/p>","protected":false},"excerpt":{"rendered":"<p>\u00b7280 g\/mp \u00b780% bumbac, prefabricat, inelat \u0219i piept\u0103nat, 20% poliester \u00b7Grey Heather: 75% bumbac, 21% poliester, 4% v\u00e2scoz\u0103 \u00b7Greu mediu<\/p>","protected":false},"featured_media":228036,"comment_status":"open","ping_status":"closed","template":"","meta":[],"product_brand":[],"product_cat":[191],"product_tag":[],"class_list":{"0":"post-228041","1":"product","2":"type-product","3":"status-publish","4":"has-post-thumbnail","6":"product_cat-textile","8":"first","9":"instock","10":"shipping-taxable","11":"purchasable","12":"product-type-variable"},"yoast_head":"<!-- This site is optimized with the Yoast SEO plugin v27.4 - https:\/\/yoast.com\/product\/yoast-seo-wordpress\/ -->\n<title>KING Zipped Hood - Promis.ro<\/title>\n<meta name=\"description\" content=\"\u00b7280 g\/mp \u00b780% bumbac, prefabricat, inelat \u0219i piept\u0103nat, 20% poliester \u00b7Grey Heather: 75% bumbac, 21% poliester, 4% v\u00e2scoz\u0103 \u00b7Greu mediu Heather: 60%\" \/>\n<meta name=\"robots\" content=\"index, follow, max-snippet:-1, max-image-preview:large, max-video-preview:-1\" \/>\n<link rel=\"canonical\" href=\"https:\/\/promis.ro\/ro\/produs\/king-zipped-hood\/\" \/>\n<meta property=\"og:locale\" content=\"ro_RO\" \/>\n<meta property=\"og:type\" content=\"article\" \/>\n<meta property=\"og:title\" content=\"KING Zipped Hood - Promis.ro\" \/>\n<meta property=\"og:description\" content=\"\u00b7280 g\/mp \u00b780% bumbac, prefabricat, inelat \u0219i piept\u0103nat, 20% poliester \u00b7Grey Heather: 75% bumbac, 21% poliester, 4% v\u00e2scoz\u0103 \u00b7Greu mediu Heather: 60%\" \/>\n<meta property=\"og:url\" content=\"https:\/\/promis.ro\/ro\/produs\/king-zipped-hood\/\" \/>\n<meta property=\"og:site_name\" content=\"Promis.ro\" \/>\n<meta property=\"article:modified_time\" content=\"2025-11-15T06:44:42+00:00\" \/>\n<meta property=\"og:image\" content=\"https:\/\/promis.ro\/wp-content\/uploads\/2025\/11\/246_42_207_m-2025_01.jpg\" \/>\n\t<meta property=\"og:image:width\" content=\"1024\" \/>\n\t<meta property=\"og:image:height\" content=\"1304\" \/>\n\t<meta property=\"og:image:type\" content=\"image\/jpeg\" \/>\n<meta name=\"twitter:card\" content=\"summary_large_image\" \/>\n<script type=\"application\/ld+json\" class=\"yoast-schema-graph\">{\"@context\":\"https:\\\/\\\/schema.org\",\"@graph\":[{\"@type\":\"WebPage\",\"@id\":\"https:\\\/\\\/promis.ro\\\/product\\\/king-zipped-hood\\\/\",\"url\":\"https:\\\/\\\/promis.ro\\\/product\\\/king-zipped-hood\\\/\",\"name\":\"KING Zipped Hood - Promis.ro\",\"isPartOf\":{\"@id\":\"https:\\\/\\\/promis.ro\\\/#website\"},\"primaryImageOfPage\":{\"@id\":\"https:\\\/\\\/promis.ro\\\/product\\\/king-zipped-hood\\\/#primaryimage\"},\"image\":{\"@id\":\"https:\\\/\\\/promis.ro\\\/product\\\/king-zipped-hood\\\/#primaryimage\"},\"thumbnailUrl\":\"https:\\\/\\\/promis.ro\\\/wp-content\\\/uploads\\\/2025\\\/11\\\/246_42_207_m-2025_01.jpg\",\"datePublished\":\"2025-11-15T02:44:43+00:00\",\"dateModified\":\"2025-11-15T06:44:42+00:00\",\"description\":\"\u00b7280 g\\\/mp \u00b780% bumbac, prefabricat, inelat \u0219i piept\u0103nat, 20% poliester \u00b7Grey Heather: 75% bumbac, 21% poliester, 4% v\u00e2scoz\u0103 \u00b7Greu mediu Heather: 60%\",\"breadcrumb\":{\"@id\":\"https:\\\/\\\/promis.ro\\\/product\\\/king-zipped-hood\\\/#breadcrumb\"},\"inLanguage\":\"ro-RO\",\"potentialAction\":[{\"@type\":\"ReadAction\",\"target\":[\"https:\\\/\\\/promis.ro\\\/product\\\/king-zipped-hood\\\/\"]}]},{\"@type\":\"ImageObject\",\"inLanguage\":\"ro-RO\",\"@id\":\"https:\\\/\\\/promis.ro\\\/product\\\/king-zipped-hood\\\/#primaryimage\",\"url\":\"https:\\\/\\\/promis.ro\\\/wp-content\\\/uploads\\\/2025\\\/11\\\/246_42_207_m-2025_01.jpg\",\"contentUrl\":\"https:\\\/\\\/promis.ro\\\/wp-content\\\/uploads\\\/2025\\\/11\\\/246_42_207_m-2025_01.jpg\",\"width\":1024,\"height\":1304},{\"@type\":\"BreadcrumbList\",\"@id\":\"https:\\\/\\\/promis.ro\\\/product\\\/king-zipped-hood\\\/#breadcrumb\",\"itemListElement\":[{\"@type\":\"ListItem\",\"position\":1,\"name\":\"Home\",\"item\":\"https:\\\/\\\/promis.ro\\\/\"},{\"@type\":\"ListItem\",\"position\":2,\"name\":\"Magazin\",\"item\":\"https:\\\/\\\/promis.ro\\\/magazin\\\/\"},{\"@type\":\"ListItem\",\"position\":3,\"name\":\"KING Zipped Hood\"}]},{\"@type\":\"WebSite\",\"@id\":\"https:\\\/\\\/promis.ro\\\/#website\",\"url\":\"https:\\\/\\\/promis.ro\\\/\",\"name\":\"Promis.ro\",\"description\":\"\",\"potentialAction\":[{\"@type\":\"SearchAction\",\"target\":{\"@type\":\"EntryPoint\",\"urlTemplate\":\"https:\\\/\\\/promis.ro\\\/?s={search_term_string}\"},\"query-input\":{\"@type\":\"PropertyValueSpecification\",\"valueRequired\":true,\"valueName\":\"search_term_string\"}}],\"inLanguage\":\"ro-RO\"}]}<\/script>\n<!-- \/ Yoast SEO plugin. -->","yoast_head_json":{"title":"KING Zipped Hood - Promis.ro","description":"\u00b7280 g\/mp \u00b780% bumbac, prefabricat, inelat \u0219i piept\u0103nat, 20% poliester \u00b7Grey Heather: 75% bumbac, 21% poliester, 4% v\u00e2scoz\u0103 \u00b7Greu mediu Heather: 60%","robots":{"index":"index","follow":"follow","max-snippet":"max-snippet:-1","max-image-preview":"max-image-preview:large","max-video-preview":"max-video-preview:-1"},"canonical":"https:\/\/promis.ro\/ro\/produs\/king-zipped-hood\/","og_locale":"ro_RO","og_type":"article","og_title":"KING Zipped Hood - Promis.ro","og_description":"\u00b7280 g\/mp \u00b780% bumbac, prefabricat, inelat \u0219i piept\u0103nat, 20% poliester \u00b7Grey Heather: 75% bumbac, 21% poliester, 4% v\u00e2scoz\u0103 \u00b7Greu mediu Heather: 60%","og_url":"https:\/\/promis.ro\/ro\/produs\/king-zipped-hood\/","og_site_name":"Promis.ro","article_modified_time":"2025-11-15T06:44:42+00:00","og_image":[{"width":1024,"height":1304,"url":"https:\/\/promis.ro\/wp-content\/uploads\/2025\/11\/246_42_207_m-2025_01.jpg","type":"image\/jpeg"}],"twitter_card":"summary_large_image","schema":{"@context":"https:\/\/schema.org","@graph":[{"@type":"WebPage","@id":"https:\/\/promis.ro\/product\/king-zipped-hood\/","url":"https:\/\/promis.ro\/product\/king-zipped-hood\/","name":"KING Zipped Hood - Promis.ro","isPartOf":{"@id":"https:\/\/promis.ro\/#website"},"primaryImageOfPage":{"@id":"https:\/\/promis.ro\/product\/king-zipped-hood\/#primaryimage"},"image":{"@id":"https:\/\/promis.ro\/product\/king-zipped-hood\/#primaryimage"},"thumbnailUrl":"https:\/\/promis.ro\/wp-content\/uploads\/2025\/11\/246_42_207_m-2025_01.jpg","datePublished":"2025-11-15T02:44:43+00:00","dateModified":"2025-11-15T06:44:42+00:00","description":"\u00b7280 g\/mp \u00b780% bumbac, prefabricat, inelat \u0219i piept\u0103nat, 20% poliester \u00b7Grey Heather: 75% bumbac, 21% poliester, 4% v\u00e2scoz\u0103 \u00b7Greu mediu Heather: 60%","breadcrumb":{"@id":"https:\/\/promis.ro\/product\/king-zipped-hood\/#breadcrumb"},"inLanguage":"ro-RO","potentialAction":[{"@type":"ReadAction","target":["https:\/\/promis.ro\/product\/king-zipped-hood\/"]}]},{"@type":"ImageObject","inLanguage":"ro-RO","@id":"https:\/\/promis.ro\/product\/king-zipped-hood\/#primaryimage","url":"https:\/\/promis.ro\/wp-content\/uploads\/2025\/11\/246_42_207_m-2025_01.jpg","contentUrl":"https:\/\/promis.ro\/wp-content\/uploads\/2025\/11\/246_42_207_m-2025_01.jpg","width":1024,"height":1304},{"@type":"BreadcrumbList","@id":"https:\/\/promis.ro\/product\/king-zipped-hood\/#breadcrumb","itemListElement":[{"@type":"ListItem","position":1,"name":"Home","item":"https:\/\/promis.ro\/"},{"@type":"ListItem","position":2,"name":"Magazin","item":"https:\/\/promis.ro\/magazin\/"},{"@type":"ListItem","position":3,"name":"KING Zipped Hood"}]},{"@type":"WebSite","@id":"https:\/\/promis.ro\/#website","url":"https:\/\/promis.ro\/","name":"Promis.ro","description":"","potentialAction":[{"@type":"SearchAction","target":{"@type":"EntryPoint","urlTemplate":"https:\/\/promis.ro\/?s={search_term_string}"},"query-input":{"@type":"PropertyValueSpecification","valueRequired":true,"valueName":"search_term_string"}}],"inLanguage":"ro-RO"}]}},"_links":{"self":[{"href":"https:\/\/promis.ro\/ro\/wp-json\/wp\/v2\/product\/228041","targetHints":{"allow":["GET"]}}],"collection":[{"href":"https:\/\/promis.ro\/ro\/wp-json\/wp\/v2\/product"}],"about":[{"href":"https:\/\/promis.ro\/ro\/wp-json\/wp\/v2\/types\/product"}],"replies":[{"embeddable":true,"href":"https:\/\/promis.ro\/ro\/wp-json\/wp\/v2\/comments?post=228041"}],"version-history":[{"count":1,"href":"https:\/\/promis.ro\/ro\/wp-json\/wp\/v2\/product\/228041\/revisions"}],"predecessor-version":[{"id":263672,"href":"https:\/\/promis.ro\/ro\/wp-json\/wp\/v2\/product\/228041\/revisions\/263672"}],"wp:featuredmedia":[{"embeddable":true,"href":"https:\/\/promis.ro\/ro\/wp-json\/wp\/v2\/media\/228036"}],"wp:attachment":[{"href":"https:\/\/promis.ro\/ro\/wp-json\/wp\/v2\/media?parent=228041"}],"wp:term":[{"taxonomy":"product_brand","embeddable":true,"href":"https:\/\/promis.ro\/ro\/wp-json\/wp\/v2\/product_brand?post=228041"},{"taxonomy":"product_cat","embeddable":true,"href":"https:\/\/promis.ro\/ro\/wp-json\/wp\/v2\/product_cat?post=228041"},{"taxonomy":"product_tag","embeddable":true,"href":"https:\/\/promis.ro\/ro\/wp-json\/wp\/v2\/product_tag?post=228041"}],"curies":[{"name":"wp","href":"https:\/\/api.w.org\/{rel}","templated":true}]}}