{"id":228059,"date":"2025-11-15T02:45:06","date_gmt":"2025-11-15T02:45:06","guid":{"rendered":"https:\/\/promis.ro\/product\/king-hooded\/"},"modified":"2025-11-15T06:44:45","modified_gmt":"2025-11-15T06:44:45","slug":"king-hooded","status":"publish","type":"product","link":"https:\/\/promis.ro\/ro\/produs\/king-hooded\/","title":{"rendered":"KING Hooded"},"content":{"rendered":"<p><strong>Specifica\u021bii:<\/strong><\/p>\n<ul>\n<li>280 g\/m\u00b2<\/li>\n<li>80% bumbac, prefabricat, inelat \u0219i piept\u0103nat, 20% poliester<\/li>\n<li>Grey Heather: 75% bumbac, 21% poliester, 4% v\u00e2scoz\u0103<\/li>\n<li>Greu mediu Heather: 60% bumbac, 40% poliester<\/li>\n<li>Ultrasoft peached feeling<\/li>\n<li>Suprafa\u021b\u0103 de imprimare final\u0103<\/li>\n<li>Periaj \u00een interior<\/li>\n<li>Glug\u0103 c\u0103ptu\u0219it\u0103 cu un singur Jersey<\/li>\n<li>Desene cu dantel\u0103 plat\u0103 cu v\u00e2rfuri de metal de lux<\/li>\n<li>Necktape<\/li>\n<li>\u00cen interiorul singur Jersey Halfmoon \u00een spate<\/li>\n<li>Buzunar cangur<\/li>\n<li>Cus\u0103turi laterale<\/li>\n<li>Unisex<\/li>\n<li>Regular fit<\/li>\n<\/ul>","protected":false},"excerpt":{"rendered":"<p>Specifica\u021bii: 280 g\/m\u00b2 80% bumbac, prefabricat, inelat \u0219i piept\u0103nat, 20% poliester Grey Heather: 75% bumbac, 21% poliester, 4% v\u00e2scoz\u0103 Greu<\/p>","protected":false},"featured_media":228054,"comment_status":"open","ping_status":"closed","template":"","meta":[],"product_brand":[],"product_cat":[191],"product_tag":[],"class_list":{"0":"post-228059","1":"product","2":"type-product","3":"status-publish","4":"has-post-thumbnail","6":"product_cat-textile","8":"first","9":"instock","10":"shipping-taxable","11":"purchasable","12":"product-type-variable"},"yoast_head":"<!-- This site is optimized with the Yoast SEO plugin v27.4 - https:\/\/yoast.com\/product\/yoast-seo-wordpress\/ -->\n<title>KING Hooded - Promis.ro<\/title>\n<meta name=\"description\" content=\"Specifica\u021bii: 280 g\/m\u00b2 80% bumbac, prefabricat, inelat \u0219i piept\u0103nat, 20% poliester Grey Heather: 75% bumbac, 21% poliester, 4% v\u00e2scoz\u0103 Greu mediu Heather:\" \/>\n<meta name=\"robots\" content=\"index, follow, max-snippet:-1, max-image-preview:large, max-video-preview:-1\" \/>\n<link rel=\"canonical\" href=\"https:\/\/promis.ro\/ro\/produs\/king-hooded\/\" \/>\n<meta property=\"og:locale\" content=\"ro_RO\" \/>\n<meta property=\"og:type\" content=\"article\" \/>\n<meta property=\"og:title\" content=\"KING Hooded - Promis.ro\" \/>\n<meta property=\"og:description\" content=\"Specifica\u021bii: 280 g\/m\u00b2 80% bumbac, prefabricat, inelat \u0219i piept\u0103nat, 20% poliester Grey Heather: 75% bumbac, 21% poliester, 4% v\u00e2scoz\u0103 Greu mediu Heather:\" \/>\n<meta property=\"og:url\" content=\"https:\/\/promis.ro\/ro\/produs\/king-hooded\/\" \/>\n<meta property=\"og:site_name\" content=\"Promis.ro\" \/>\n<meta property=\"article:modified_time\" content=\"2025-11-15T06:44:45+00:00\" \/>\n<meta property=\"og:image\" content=\"https:\/\/promis.ro\/wp-content\/uploads\/2025\/11\/244_42_116_m-2025_01.jpg\" \/>\n\t<meta property=\"og:image:width\" content=\"1024\" \/>\n\t<meta property=\"og:image:height\" content=\"1304\" \/>\n\t<meta property=\"og:image:type\" content=\"image\/jpeg\" \/>\n<meta name=\"twitter:card\" content=\"summary_large_image\" \/>\n<script type=\"application\/ld+json\" class=\"yoast-schema-graph\">{\"@context\":\"https:\\\/\\\/schema.org\",\"@graph\":[{\"@type\":\"WebPage\",\"@id\":\"https:\\\/\\\/promis.ro\\\/product\\\/king-hooded\\\/\",\"url\":\"https:\\\/\\\/promis.ro\\\/product\\\/king-hooded\\\/\",\"name\":\"KING Hooded - Promis.ro\",\"isPartOf\":{\"@id\":\"https:\\\/\\\/promis.ro\\\/#website\"},\"primaryImageOfPage\":{\"@id\":\"https:\\\/\\\/promis.ro\\\/product\\\/king-hooded\\\/#primaryimage\"},\"image\":{\"@id\":\"https:\\\/\\\/promis.ro\\\/product\\\/king-hooded\\\/#primaryimage\"},\"thumbnailUrl\":\"https:\\\/\\\/promis.ro\\\/wp-content\\\/uploads\\\/2025\\\/11\\\/244_42_116_m-2025_01.jpg\",\"datePublished\":\"2025-11-15T02:45:06+00:00\",\"dateModified\":\"2025-11-15T06:44:45+00:00\",\"description\":\"Specifica\u021bii: 280 g\\\/m\u00b2 80% bumbac, prefabricat, inelat \u0219i piept\u0103nat, 20% poliester Grey Heather: 75% bumbac, 21% poliester, 4% v\u00e2scoz\u0103 Greu mediu Heather:\",\"breadcrumb\":{\"@id\":\"https:\\\/\\\/promis.ro\\\/product\\\/king-hooded\\\/#breadcrumb\"},\"inLanguage\":\"ro-RO\",\"potentialAction\":[{\"@type\":\"ReadAction\",\"target\":[\"https:\\\/\\\/promis.ro\\\/product\\\/king-hooded\\\/\"]}]},{\"@type\":\"ImageObject\",\"inLanguage\":\"ro-RO\",\"@id\":\"https:\\\/\\\/promis.ro\\\/product\\\/king-hooded\\\/#primaryimage\",\"url\":\"https:\\\/\\\/promis.ro\\\/wp-content\\\/uploads\\\/2025\\\/11\\\/244_42_116_m-2025_01.jpg\",\"contentUrl\":\"https:\\\/\\\/promis.ro\\\/wp-content\\\/uploads\\\/2025\\\/11\\\/244_42_116_m-2025_01.jpg\",\"width\":1024,\"height\":1304},{\"@type\":\"BreadcrumbList\",\"@id\":\"https:\\\/\\\/promis.ro\\\/product\\\/king-hooded\\\/#breadcrumb\",\"itemListElement\":[{\"@type\":\"ListItem\",\"position\":1,\"name\":\"Home\",\"item\":\"https:\\\/\\\/promis.ro\\\/\"},{\"@type\":\"ListItem\",\"position\":2,\"name\":\"Magazin\",\"item\":\"https:\\\/\\\/promis.ro\\\/magazin\\\/\"},{\"@type\":\"ListItem\",\"position\":3,\"name\":\"KING Hooded\"}]},{\"@type\":\"WebSite\",\"@id\":\"https:\\\/\\\/promis.ro\\\/#website\",\"url\":\"https:\\\/\\\/promis.ro\\\/\",\"name\":\"Promis.ro\",\"description\":\"\",\"potentialAction\":[{\"@type\":\"SearchAction\",\"target\":{\"@type\":\"EntryPoint\",\"urlTemplate\":\"https:\\\/\\\/promis.ro\\\/?s={search_term_string}\"},\"query-input\":{\"@type\":\"PropertyValueSpecification\",\"valueRequired\":true,\"valueName\":\"search_term_string\"}}],\"inLanguage\":\"ro-RO\"}]}<\/script>\n<!-- \/ Yoast SEO plugin. -->","yoast_head_json":{"title":"KING Hooded - Promis.ro","description":"Specifica\u021bii: 280 g\/m\u00b2 80% bumbac, prefabricat, inelat \u0219i piept\u0103nat, 20% poliester Grey Heather: 75% bumbac, 21% poliester, 4% v\u00e2scoz\u0103 Greu mediu Heather:","robots":{"index":"index","follow":"follow","max-snippet":"max-snippet:-1","max-image-preview":"max-image-preview:large","max-video-preview":"max-video-preview:-1"},"canonical":"https:\/\/promis.ro\/ro\/produs\/king-hooded\/","og_locale":"ro_RO","og_type":"article","og_title":"KING Hooded - Promis.ro","og_description":"Specifica\u021bii: 280 g\/m\u00b2 80% bumbac, prefabricat, inelat \u0219i piept\u0103nat, 20% poliester Grey Heather: 75% bumbac, 21% poliester, 4% v\u00e2scoz\u0103 Greu mediu Heather:","og_url":"https:\/\/promis.ro\/ro\/produs\/king-hooded\/","og_site_name":"Promis.ro","article_modified_time":"2025-11-15T06:44:45+00:00","og_image":[{"width":1024,"height":1304,"url":"https:\/\/promis.ro\/wp-content\/uploads\/2025\/11\/244_42_116_m-2025_01.jpg","type":"image\/jpeg"}],"twitter_card":"summary_large_image","schema":{"@context":"https:\/\/schema.org","@graph":[{"@type":"WebPage","@id":"https:\/\/promis.ro\/product\/king-hooded\/","url":"https:\/\/promis.ro\/product\/king-hooded\/","name":"KING Hooded - Promis.ro","isPartOf":{"@id":"https:\/\/promis.ro\/#website"},"primaryImageOfPage":{"@id":"https:\/\/promis.ro\/product\/king-hooded\/#primaryimage"},"image":{"@id":"https:\/\/promis.ro\/product\/king-hooded\/#primaryimage"},"thumbnailUrl":"https:\/\/promis.ro\/wp-content\/uploads\/2025\/11\/244_42_116_m-2025_01.jpg","datePublished":"2025-11-15T02:45:06+00:00","dateModified":"2025-11-15T06:44:45+00:00","description":"Specifica\u021bii: 280 g\/m\u00b2 80% bumbac, prefabricat, inelat \u0219i piept\u0103nat, 20% poliester Grey Heather: 75% bumbac, 21% poliester, 4% v\u00e2scoz\u0103 Greu mediu Heather:","breadcrumb":{"@id":"https:\/\/promis.ro\/product\/king-hooded\/#breadcrumb"},"inLanguage":"ro-RO","potentialAction":[{"@type":"ReadAction","target":["https:\/\/promis.ro\/product\/king-hooded\/"]}]},{"@type":"ImageObject","inLanguage":"ro-RO","@id":"https:\/\/promis.ro\/product\/king-hooded\/#primaryimage","url":"https:\/\/promis.ro\/wp-content\/uploads\/2025\/11\/244_42_116_m-2025_01.jpg","contentUrl":"https:\/\/promis.ro\/wp-content\/uploads\/2025\/11\/244_42_116_m-2025_01.jpg","width":1024,"height":1304},{"@type":"BreadcrumbList","@id":"https:\/\/promis.ro\/product\/king-hooded\/#breadcrumb","itemListElement":[{"@type":"ListItem","position":1,"name":"Home","item":"https:\/\/promis.ro\/"},{"@type":"ListItem","position":2,"name":"Magazin","item":"https:\/\/promis.ro\/magazin\/"},{"@type":"ListItem","position":3,"name":"KING Hooded"}]},{"@type":"WebSite","@id":"https:\/\/promis.ro\/#website","url":"https:\/\/promis.ro\/","name":"Promis.ro","description":"","potentialAction":[{"@type":"SearchAction","target":{"@type":"EntryPoint","urlTemplate":"https:\/\/promis.ro\/?s={search_term_string}"},"query-input":{"@type":"PropertyValueSpecification","valueRequired":true,"valueName":"search_term_string"}}],"inLanguage":"ro-RO"}]}},"_links":{"self":[{"href":"https:\/\/promis.ro\/ro\/wp-json\/wp\/v2\/product\/228059","targetHints":{"allow":["GET"]}}],"collection":[{"href":"https:\/\/promis.ro\/ro\/wp-json\/wp\/v2\/product"}],"about":[{"href":"https:\/\/promis.ro\/ro\/wp-json\/wp\/v2\/types\/product"}],"replies":[{"embeddable":true,"href":"https:\/\/promis.ro\/ro\/wp-json\/wp\/v2\/comments?post=228059"}],"version-history":[{"count":1,"href":"https:\/\/promis.ro\/ro\/wp-json\/wp\/v2\/product\/228059\/revisions"}],"predecessor-version":[{"id":263677,"href":"https:\/\/promis.ro\/ro\/wp-json\/wp\/v2\/product\/228059\/revisions\/263677"}],"wp:featuredmedia":[{"embeddable":true,"href":"https:\/\/promis.ro\/ro\/wp-json\/wp\/v2\/media\/228054"}],"wp:attachment":[{"href":"https:\/\/promis.ro\/ro\/wp-json\/wp\/v2\/media?parent=228059"}],"wp:term":[{"taxonomy":"product_brand","embeddable":true,"href":"https:\/\/promis.ro\/ro\/wp-json\/wp\/v2\/product_brand?post=228059"},{"taxonomy":"product_cat","embeddable":true,"href":"https:\/\/promis.ro\/ro\/wp-json\/wp\/v2\/product_cat?post=228059"},{"taxonomy":"product_tag","embeddable":true,"href":"https:\/\/promis.ro\/ro\/wp-json\/wp\/v2\/product_tag?post=228059"}],"curies":[{"name":"wp","href":"https:\/\/api.w.org\/{rel}","templated":true}]}}