{"id":228162,"date":"2025-11-15T02:47:20","date_gmt":"2025-11-15T02:47:20","guid":{"rendered":"https:\/\/promis.ro\/product\/id-224-zip-hood\/"},"modified":"2025-11-15T06:44:53","modified_gmt":"2025-11-15T06:44:53","slug":"id-224-zip-hood","status":"publish","type":"product","link":"https:\/\/promis.ro\/ro\/produs\/id-224-zip-hood\/","title":{"rendered":"ID.224 Zip Hood"},"content":{"rendered":"<p><strong>280 g\/m\u00b2<\/strong><\/p>\n<ul>\n<li><strong>50%<\/strong> bumbac (investind \u00een Better Cotton), <strong>50%<\/strong> poliester (reciclat) &#8211; certificat RCS<\/li>\n<li>Adev\u0103rat stil neutru din punct de vedere al genului, cu cus\u0103turi laterale<\/li>\n<li>Potrivire clasic\u0103 modern\u0103 relaxat\u0103 pentru toate ocaziile<\/li>\n<li>Printabilitate excelent\u0103 \u0219i sim\u021bire manual\u0103<\/li>\n<li>Glug\u0103 c\u0103ptu\u0219it\u0103 cu un singur jerseu proiectat\u0103 de expert pentru o potrivire perfect\u0103<\/li>\n<li>Fermoar complet acoperit ton pe ton de lung\u0103 durat\u0103<\/li>\n<\/ul>","protected":false},"excerpt":{"rendered":"<p>280 g\/m\u00b2 50% bumbac (investind \u00een Better Cotton), 50% poliester (reciclat) &#8211; certificat RCS Adev\u0103rat stil neutru din punct de<\/p>","protected":false},"featured_media":228157,"comment_status":"open","ping_status":"closed","template":"","meta":[],"product_brand":[],"product_cat":[195],"product_tag":[],"class_list":{"0":"post-228162","1":"product","2":"type-product","3":"status-publish","4":"has-post-thumbnail","6":"product_cat-editie-limitata","8":"first","9":"instock","10":"shipping-taxable","11":"purchasable","12":"product-type-variable"},"yoast_head":"<!-- This site is optimized with the Yoast SEO plugin v27.4 - https:\/\/yoast.com\/product\/yoast-seo-wordpress\/ -->\n<title>ID.224 Zip Hood - Promis.ro<\/title>\n<meta name=\"description\" content=\"280 g\/m\u00b2 50% bumbac (investind \u00een Better Cotton), 50% poliester (reciclat) - certificat RCS Adev\u0103rat stil neutru din punct de vedere al genului, cu\" \/>\n<meta name=\"robots\" content=\"index, follow, max-snippet:-1, max-image-preview:large, max-video-preview:-1\" \/>\n<link rel=\"canonical\" href=\"https:\/\/promis.ro\/ro\/produs\/id-224-zip-hood\/\" \/>\n<meta property=\"og:locale\" content=\"ro_RO\" \/>\n<meta property=\"og:type\" content=\"article\" \/>\n<meta property=\"og:title\" content=\"ID.224 Zip Hood - Promis.ro\" \/>\n<meta property=\"og:description\" content=\"280 g\/m\u00b2 50% bumbac (investind \u00een Better Cotton), 50% poliester (reciclat) - certificat RCS Adev\u0103rat stil neutru din punct de vedere al genului, cu\" \/>\n<meta property=\"og:url\" content=\"https:\/\/promis.ro\/ro\/produs\/id-224-zip-hood\/\" \/>\n<meta property=\"og:site_name\" content=\"Promis.ro\" \/>\n<meta property=\"article:modified_time\" content=\"2025-11-15T06:44:53+00:00\" \/>\n<meta property=\"og:image\" content=\"https:\/\/promis.ro\/wp-content\/uploads\/2025\/11\/234_42_101_m-2024_01.jpg\" \/>\n\t<meta property=\"og:image:width\" content=\"1024\" \/>\n\t<meta property=\"og:image:height\" content=\"1304\" \/>\n\t<meta property=\"og:image:type\" content=\"image\/jpeg\" \/>\n<meta name=\"twitter:card\" content=\"summary_large_image\" \/>\n<script type=\"application\/ld+json\" class=\"yoast-schema-graph\">{\"@context\":\"https:\\\/\\\/schema.org\",\"@graph\":[{\"@type\":\"WebPage\",\"@id\":\"https:\\\/\\\/promis.ro\\\/product\\\/id-224-zip-hood\\\/\",\"url\":\"https:\\\/\\\/promis.ro\\\/product\\\/id-224-zip-hood\\\/\",\"name\":\"ID.224 Zip Hood - Promis.ro\",\"isPartOf\":{\"@id\":\"https:\\\/\\\/promis.ro\\\/#website\"},\"primaryImageOfPage\":{\"@id\":\"https:\\\/\\\/promis.ro\\\/product\\\/id-224-zip-hood\\\/#primaryimage\"},\"image\":{\"@id\":\"https:\\\/\\\/promis.ro\\\/product\\\/id-224-zip-hood\\\/#primaryimage\"},\"thumbnailUrl\":\"https:\\\/\\\/promis.ro\\\/wp-content\\\/uploads\\\/2025\\\/11\\\/234_42_101_m-2024_01.jpg\",\"datePublished\":\"2025-11-15T02:47:20+00:00\",\"dateModified\":\"2025-11-15T06:44:53+00:00\",\"description\":\"280 g\\\/m\u00b2 50% bumbac (investind \u00een Better Cotton), 50% poliester (reciclat) - certificat RCS Adev\u0103rat stil neutru din punct de vedere al genului, cu\",\"breadcrumb\":{\"@id\":\"https:\\\/\\\/promis.ro\\\/product\\\/id-224-zip-hood\\\/#breadcrumb\"},\"inLanguage\":\"ro-RO\",\"potentialAction\":[{\"@type\":\"ReadAction\",\"target\":[\"https:\\\/\\\/promis.ro\\\/product\\\/id-224-zip-hood\\\/\"]}]},{\"@type\":\"ImageObject\",\"inLanguage\":\"ro-RO\",\"@id\":\"https:\\\/\\\/promis.ro\\\/product\\\/id-224-zip-hood\\\/#primaryimage\",\"url\":\"https:\\\/\\\/promis.ro\\\/wp-content\\\/uploads\\\/2025\\\/11\\\/234_42_101_m-2024_01.jpg\",\"contentUrl\":\"https:\\\/\\\/promis.ro\\\/wp-content\\\/uploads\\\/2025\\\/11\\\/234_42_101_m-2024_01.jpg\",\"width\":1024,\"height\":1304},{\"@type\":\"BreadcrumbList\",\"@id\":\"https:\\\/\\\/promis.ro\\\/product\\\/id-224-zip-hood\\\/#breadcrumb\",\"itemListElement\":[{\"@type\":\"ListItem\",\"position\":1,\"name\":\"Home\",\"item\":\"https:\\\/\\\/promis.ro\\\/\"},{\"@type\":\"ListItem\",\"position\":2,\"name\":\"Magazin\",\"item\":\"https:\\\/\\\/promis.ro\\\/magazin\\\/\"},{\"@type\":\"ListItem\",\"position\":3,\"name\":\"ID.224 Zip Hood\"}]},{\"@type\":\"WebSite\",\"@id\":\"https:\\\/\\\/promis.ro\\\/#website\",\"url\":\"https:\\\/\\\/promis.ro\\\/\",\"name\":\"Promis.ro\",\"description\":\"\",\"potentialAction\":[{\"@type\":\"SearchAction\",\"target\":{\"@type\":\"EntryPoint\",\"urlTemplate\":\"https:\\\/\\\/promis.ro\\\/?s={search_term_string}\"},\"query-input\":{\"@type\":\"PropertyValueSpecification\",\"valueRequired\":true,\"valueName\":\"search_term_string\"}}],\"inLanguage\":\"ro-RO\"}]}<\/script>\n<!-- \/ Yoast SEO plugin. -->","yoast_head_json":{"title":"ID.224 Zip Hood - Promis.ro","description":"280 g\/m\u00b2 50% bumbac (investind \u00een Better Cotton), 50% poliester (reciclat) - certificat RCS Adev\u0103rat stil neutru din punct de vedere al genului, cu","robots":{"index":"index","follow":"follow","max-snippet":"max-snippet:-1","max-image-preview":"max-image-preview:large","max-video-preview":"max-video-preview:-1"},"canonical":"https:\/\/promis.ro\/ro\/produs\/id-224-zip-hood\/","og_locale":"ro_RO","og_type":"article","og_title":"ID.224 Zip Hood - Promis.ro","og_description":"280 g\/m\u00b2 50% bumbac (investind \u00een Better Cotton), 50% poliester (reciclat) - certificat RCS Adev\u0103rat stil neutru din punct de vedere al genului, cu","og_url":"https:\/\/promis.ro\/ro\/produs\/id-224-zip-hood\/","og_site_name":"Promis.ro","article_modified_time":"2025-11-15T06:44:53+00:00","og_image":[{"width":1024,"height":1304,"url":"https:\/\/promis.ro\/wp-content\/uploads\/2025\/11\/234_42_101_m-2024_01.jpg","type":"image\/jpeg"}],"twitter_card":"summary_large_image","schema":{"@context":"https:\/\/schema.org","@graph":[{"@type":"WebPage","@id":"https:\/\/promis.ro\/product\/id-224-zip-hood\/","url":"https:\/\/promis.ro\/product\/id-224-zip-hood\/","name":"ID.224 Zip Hood - Promis.ro","isPartOf":{"@id":"https:\/\/promis.ro\/#website"},"primaryImageOfPage":{"@id":"https:\/\/promis.ro\/product\/id-224-zip-hood\/#primaryimage"},"image":{"@id":"https:\/\/promis.ro\/product\/id-224-zip-hood\/#primaryimage"},"thumbnailUrl":"https:\/\/promis.ro\/wp-content\/uploads\/2025\/11\/234_42_101_m-2024_01.jpg","datePublished":"2025-11-15T02:47:20+00:00","dateModified":"2025-11-15T06:44:53+00:00","description":"280 g\/m\u00b2 50% bumbac (investind \u00een Better Cotton), 50% poliester (reciclat) - certificat RCS Adev\u0103rat stil neutru din punct de vedere al genului, cu","breadcrumb":{"@id":"https:\/\/promis.ro\/product\/id-224-zip-hood\/#breadcrumb"},"inLanguage":"ro-RO","potentialAction":[{"@type":"ReadAction","target":["https:\/\/promis.ro\/product\/id-224-zip-hood\/"]}]},{"@type":"ImageObject","inLanguage":"ro-RO","@id":"https:\/\/promis.ro\/product\/id-224-zip-hood\/#primaryimage","url":"https:\/\/promis.ro\/wp-content\/uploads\/2025\/11\/234_42_101_m-2024_01.jpg","contentUrl":"https:\/\/promis.ro\/wp-content\/uploads\/2025\/11\/234_42_101_m-2024_01.jpg","width":1024,"height":1304},{"@type":"BreadcrumbList","@id":"https:\/\/promis.ro\/product\/id-224-zip-hood\/#breadcrumb","itemListElement":[{"@type":"ListItem","position":1,"name":"Home","item":"https:\/\/promis.ro\/"},{"@type":"ListItem","position":2,"name":"Magazin","item":"https:\/\/promis.ro\/magazin\/"},{"@type":"ListItem","position":3,"name":"ID.224 Zip Hood"}]},{"@type":"WebSite","@id":"https:\/\/promis.ro\/#website","url":"https:\/\/promis.ro\/","name":"Promis.ro","description":"","potentialAction":[{"@type":"SearchAction","target":{"@type":"EntryPoint","urlTemplate":"https:\/\/promis.ro\/?s={search_term_string}"},"query-input":{"@type":"PropertyValueSpecification","valueRequired":true,"valueName":"search_term_string"}}],"inLanguage":"ro-RO"}]}},"_links":{"self":[{"href":"https:\/\/promis.ro\/ro\/wp-json\/wp\/v2\/product\/228162","targetHints":{"allow":["GET"]}}],"collection":[{"href":"https:\/\/promis.ro\/ro\/wp-json\/wp\/v2\/product"}],"about":[{"href":"https:\/\/promis.ro\/ro\/wp-json\/wp\/v2\/types\/product"}],"replies":[{"embeddable":true,"href":"https:\/\/promis.ro\/ro\/wp-json\/wp\/v2\/comments?post=228162"}],"version-history":[{"count":1,"href":"https:\/\/promis.ro\/ro\/wp-json\/wp\/v2\/product\/228162\/revisions"}],"predecessor-version":[{"id":263688,"href":"https:\/\/promis.ro\/ro\/wp-json\/wp\/v2\/product\/228162\/revisions\/263688"}],"wp:featuredmedia":[{"embeddable":true,"href":"https:\/\/promis.ro\/ro\/wp-json\/wp\/v2\/media\/228157"}],"wp:attachment":[{"href":"https:\/\/promis.ro\/ro\/wp-json\/wp\/v2\/media?parent=228162"}],"wp:term":[{"taxonomy":"product_brand","embeddable":true,"href":"https:\/\/promis.ro\/ro\/wp-json\/wp\/v2\/product_brand?post=228162"},{"taxonomy":"product_cat","embeddable":true,"href":"https:\/\/promis.ro\/ro\/wp-json\/wp\/v2\/product_cat?post=228162"},{"taxonomy":"product_tag","embeddable":true,"href":"https:\/\/promis.ro\/ro\/wp-json\/wp\/v2\/product_tag?post=228162"}],"curies":[{"name":"wp","href":"https:\/\/api.w.org\/{rel}","templated":true}]}}