{"id":228168,"date":"2025-11-15T02:47:31","date_gmt":"2025-11-15T02:47:31","guid":{"rendered":"https:\/\/promis.ro\/product\/ladies-authentic-sweat-jacket\/"},"modified":"2025-11-15T06:44:56","modified_gmt":"2025-11-15T06:44:56","slug":"ladies-authentic-sweat-jacket","status":"publish","type":"product","link":"https:\/\/promis.ro\/ro\/produs\/ladies-authentic-sweat-jacket\/","title":{"rendered":"Ladies&#8217; Authentic Sweat Jacket"},"content":{"rendered":"<p><strong>Specifica\u021bii:<\/strong><\/p>\n<ul>\n<li>280 g\/mp<\/li>\n<li>80% bumbac, filetat \u0219i \u00een pieptene, 20% poliester (\u021bes\u0103tur\u0103 cu 3 straturi)<\/li>\n<li>Suprafa\u021ba plat\u0103 100% bumbac<\/li>\n<li>Banda de g\u00e2t cu herringbone<\/li>\n<li>Guler cadet auto-\u021besut<\/li>\n<li>Fermoar metalic YKK (argint antic) pentru decorarea corpului \u00eencruci\u0219at<\/li>\n<li>Buzunare de sudur\u0103 auto-\u021besute<\/li>\n<li>Arm\u0103turi pentru cus\u0103tur\u0103, man\u0219ete \u0219i la baz\u0103<\/li>\n<li>Tiv larg \u0219i man\u0219et\u0103<\/li>\n<li>Se potrivesc \u00een stil feminin modern.<\/li>\n<\/ul>","protected":false},"excerpt":{"rendered":"<p>Specifica\u021bii: 280 g\/mp 80% bumbac, filetat \u0219i \u00een pieptene, 20% poliester (\u021bes\u0103tur\u0103 cu 3 straturi) Suprafa\u021ba plat\u0103 100% bumbac Banda<\/p>","protected":false},"featured_media":228163,"comment_status":"open","ping_status":"closed","template":"","meta":[],"product_brand":[],"product_cat":[191],"product_tag":[],"class_list":{"0":"post-228168","1":"product","2":"type-product","3":"status-publish","4":"has-post-thumbnail","6":"product_cat-textile","8":"first","9":"instock","10":"shipping-taxable","11":"purchasable","12":"product-type-variable"},"yoast_head":"<!-- This site is optimized with the Yoast SEO plugin v27.4 - https:\/\/yoast.com\/product\/yoast-seo-wordpress\/ -->\n<title>Ladies&#039; Authentic Sweat Jacket - Promis.ro<\/title>\n<meta name=\"description\" content=\"Specifica\u021bii: 280 g\/mp 80% bumbac, filetat \u0219i \u00een pieptene, 20% poliester (\u021bes\u0103tur\u0103 cu 3 straturi) Suprafa\u021ba plat\u0103 100% bumbac Banda de g\u00e2t cu herringbone\" \/>\n<meta name=\"robots\" content=\"index, follow, max-snippet:-1, max-image-preview:large, max-video-preview:-1\" \/>\n<link rel=\"canonical\" href=\"https:\/\/promis.ro\/ro\/produs\/ladies-authentic-sweat-jacket\/\" \/>\n<meta property=\"og:locale\" content=\"ro_RO\" \/>\n<meta property=\"og:type\" content=\"article\" \/>\n<meta property=\"og:title\" content=\"Ladies&#039; Authentic Sweat Jacket - Promis.ro\" \/>\n<meta property=\"og:description\" content=\"Specifica\u021bii: 280 g\/mp 80% bumbac, filetat \u0219i \u00een pieptene, 20% poliester (\u021bes\u0103tur\u0103 cu 3 straturi) Suprafa\u021ba plat\u0103 100% bumbac Banda de g\u00e2t cu herringbone\" \/>\n<meta property=\"og:url\" content=\"https:\/\/promis.ro\/ro\/produs\/ladies-authentic-sweat-jacket\/\" \/>\n<meta property=\"og:site_name\" content=\"Promis.ro\" \/>\n<meta property=\"article:modified_time\" content=\"2025-11-15T06:44:56+00:00\" \/>\n<meta property=\"og:image\" content=\"https:\/\/promis.ro\/wp-content\/uploads\/2025\/11\/234_00_127_m-2023_01.jpg\" \/>\n\t<meta property=\"og:image:width\" content=\"1024\" \/>\n\t<meta property=\"og:image:height\" content=\"1304\" \/>\n\t<meta property=\"og:image:type\" content=\"image\/jpeg\" \/>\n<meta name=\"twitter:card\" content=\"summary_large_image\" \/>\n<script type=\"application\/ld+json\" class=\"yoast-schema-graph\">{\"@context\":\"https:\\\/\\\/schema.org\",\"@graph\":[{\"@type\":\"WebPage\",\"@id\":\"https:\\\/\\\/promis.ro\\\/product\\\/ladies-authentic-sweat-jacket\\\/\",\"url\":\"https:\\\/\\\/promis.ro\\\/product\\\/ladies-authentic-sweat-jacket\\\/\",\"name\":\"Ladies' Authentic Sweat Jacket - Promis.ro\",\"isPartOf\":{\"@id\":\"https:\\\/\\\/promis.ro\\\/#website\"},\"primaryImageOfPage\":{\"@id\":\"https:\\\/\\\/promis.ro\\\/product\\\/ladies-authentic-sweat-jacket\\\/#primaryimage\"},\"image\":{\"@id\":\"https:\\\/\\\/promis.ro\\\/product\\\/ladies-authentic-sweat-jacket\\\/#primaryimage\"},\"thumbnailUrl\":\"https:\\\/\\\/promis.ro\\\/wp-content\\\/uploads\\\/2025\\\/11\\\/234_00_127_m-2023_01.jpg\",\"datePublished\":\"2025-11-15T02:47:31+00:00\",\"dateModified\":\"2025-11-15T06:44:56+00:00\",\"description\":\"Specifica\u021bii: 280 g\\\/mp 80% bumbac, filetat \u0219i \u00een pieptene, 20% poliester (\u021bes\u0103tur\u0103 cu 3 straturi) Suprafa\u021ba plat\u0103 100% bumbac Banda de g\u00e2t cu herringbone\",\"breadcrumb\":{\"@id\":\"https:\\\/\\\/promis.ro\\\/product\\\/ladies-authentic-sweat-jacket\\\/#breadcrumb\"},\"inLanguage\":\"ro-RO\",\"potentialAction\":[{\"@type\":\"ReadAction\",\"target\":[\"https:\\\/\\\/promis.ro\\\/product\\\/ladies-authentic-sweat-jacket\\\/\"]}]},{\"@type\":\"ImageObject\",\"inLanguage\":\"ro-RO\",\"@id\":\"https:\\\/\\\/promis.ro\\\/product\\\/ladies-authentic-sweat-jacket\\\/#primaryimage\",\"url\":\"https:\\\/\\\/promis.ro\\\/wp-content\\\/uploads\\\/2025\\\/11\\\/234_00_127_m-2023_01.jpg\",\"contentUrl\":\"https:\\\/\\\/promis.ro\\\/wp-content\\\/uploads\\\/2025\\\/11\\\/234_00_127_m-2023_01.jpg\",\"width\":1024,\"height\":1304},{\"@type\":\"BreadcrumbList\",\"@id\":\"https:\\\/\\\/promis.ro\\\/product\\\/ladies-authentic-sweat-jacket\\\/#breadcrumb\",\"itemListElement\":[{\"@type\":\"ListItem\",\"position\":1,\"name\":\"Home\",\"item\":\"https:\\\/\\\/promis.ro\\\/\"},{\"@type\":\"ListItem\",\"position\":2,\"name\":\"Magazin\",\"item\":\"https:\\\/\\\/promis.ro\\\/magazin\\\/\"},{\"@type\":\"ListItem\",\"position\":3,\"name\":\"Ladies&#8217; Authentic Sweat Jacket\"}]},{\"@type\":\"WebSite\",\"@id\":\"https:\\\/\\\/promis.ro\\\/#website\",\"url\":\"https:\\\/\\\/promis.ro\\\/\",\"name\":\"Promis.ro\",\"description\":\"\",\"potentialAction\":[{\"@type\":\"SearchAction\",\"target\":{\"@type\":\"EntryPoint\",\"urlTemplate\":\"https:\\\/\\\/promis.ro\\\/?s={search_term_string}\"},\"query-input\":{\"@type\":\"PropertyValueSpecification\",\"valueRequired\":true,\"valueName\":\"search_term_string\"}}],\"inLanguage\":\"ro-RO\"}]}<\/script>\n<!-- \/ Yoast SEO plugin. -->","yoast_head_json":{"title":"Ladies' Authentic Sweat Jacket - Promis.ro","description":"Specifica\u021bii: 280 g\/mp 80% bumbac, filetat \u0219i \u00een pieptene, 20% poliester (\u021bes\u0103tur\u0103 cu 3 straturi) Suprafa\u021ba plat\u0103 100% bumbac Banda de g\u00e2t cu herringbone","robots":{"index":"index","follow":"follow","max-snippet":"max-snippet:-1","max-image-preview":"max-image-preview:large","max-video-preview":"max-video-preview:-1"},"canonical":"https:\/\/promis.ro\/ro\/produs\/ladies-authentic-sweat-jacket\/","og_locale":"ro_RO","og_type":"article","og_title":"Ladies' Authentic Sweat Jacket - Promis.ro","og_description":"Specifica\u021bii: 280 g\/mp 80% bumbac, filetat \u0219i \u00een pieptene, 20% poliester (\u021bes\u0103tur\u0103 cu 3 straturi) Suprafa\u021ba plat\u0103 100% bumbac Banda de g\u00e2t cu herringbone","og_url":"https:\/\/promis.ro\/ro\/produs\/ladies-authentic-sweat-jacket\/","og_site_name":"Promis.ro","article_modified_time":"2025-11-15T06:44:56+00:00","og_image":[{"width":1024,"height":1304,"url":"https:\/\/promis.ro\/wp-content\/uploads\/2025\/11\/234_00_127_m-2023_01.jpg","type":"image\/jpeg"}],"twitter_card":"summary_large_image","schema":{"@context":"https:\/\/schema.org","@graph":[{"@type":"WebPage","@id":"https:\/\/promis.ro\/product\/ladies-authentic-sweat-jacket\/","url":"https:\/\/promis.ro\/product\/ladies-authentic-sweat-jacket\/","name":"Ladies' Authentic Sweat Jacket - Promis.ro","isPartOf":{"@id":"https:\/\/promis.ro\/#website"},"primaryImageOfPage":{"@id":"https:\/\/promis.ro\/product\/ladies-authentic-sweat-jacket\/#primaryimage"},"image":{"@id":"https:\/\/promis.ro\/product\/ladies-authentic-sweat-jacket\/#primaryimage"},"thumbnailUrl":"https:\/\/promis.ro\/wp-content\/uploads\/2025\/11\/234_00_127_m-2023_01.jpg","datePublished":"2025-11-15T02:47:31+00:00","dateModified":"2025-11-15T06:44:56+00:00","description":"Specifica\u021bii: 280 g\/mp 80% bumbac, filetat \u0219i \u00een pieptene, 20% poliester (\u021bes\u0103tur\u0103 cu 3 straturi) Suprafa\u021ba plat\u0103 100% bumbac Banda de g\u00e2t cu herringbone","breadcrumb":{"@id":"https:\/\/promis.ro\/product\/ladies-authentic-sweat-jacket\/#breadcrumb"},"inLanguage":"ro-RO","potentialAction":[{"@type":"ReadAction","target":["https:\/\/promis.ro\/product\/ladies-authentic-sweat-jacket\/"]}]},{"@type":"ImageObject","inLanguage":"ro-RO","@id":"https:\/\/promis.ro\/product\/ladies-authentic-sweat-jacket\/#primaryimage","url":"https:\/\/promis.ro\/wp-content\/uploads\/2025\/11\/234_00_127_m-2023_01.jpg","contentUrl":"https:\/\/promis.ro\/wp-content\/uploads\/2025\/11\/234_00_127_m-2023_01.jpg","width":1024,"height":1304},{"@type":"BreadcrumbList","@id":"https:\/\/promis.ro\/product\/ladies-authentic-sweat-jacket\/#breadcrumb","itemListElement":[{"@type":"ListItem","position":1,"name":"Home","item":"https:\/\/promis.ro\/"},{"@type":"ListItem","position":2,"name":"Magazin","item":"https:\/\/promis.ro\/magazin\/"},{"@type":"ListItem","position":3,"name":"Ladies&#8217; Authentic Sweat Jacket"}]},{"@type":"WebSite","@id":"https:\/\/promis.ro\/#website","url":"https:\/\/promis.ro\/","name":"Promis.ro","description":"","potentialAction":[{"@type":"SearchAction","target":{"@type":"EntryPoint","urlTemplate":"https:\/\/promis.ro\/?s={search_term_string}"},"query-input":{"@type":"PropertyValueSpecification","valueRequired":true,"valueName":"search_term_string"}}],"inLanguage":"ro-RO"}]}},"_links":{"self":[{"href":"https:\/\/promis.ro\/ro\/wp-json\/wp\/v2\/product\/228168","targetHints":{"allow":["GET"]}}],"collection":[{"href":"https:\/\/promis.ro\/ro\/wp-json\/wp\/v2\/product"}],"about":[{"href":"https:\/\/promis.ro\/ro\/wp-json\/wp\/v2\/types\/product"}],"replies":[{"embeddable":true,"href":"https:\/\/promis.ro\/ro\/wp-json\/wp\/v2\/comments?post=228168"}],"version-history":[{"count":1,"href":"https:\/\/promis.ro\/ro\/wp-json\/wp\/v2\/product\/228168\/revisions"}],"predecessor-version":[{"id":263691,"href":"https:\/\/promis.ro\/ro\/wp-json\/wp\/v2\/product\/228168\/revisions\/263691"}],"wp:featuredmedia":[{"embeddable":true,"href":"https:\/\/promis.ro\/ro\/wp-json\/wp\/v2\/media\/228163"}],"wp:attachment":[{"href":"https:\/\/promis.ro\/ro\/wp-json\/wp\/v2\/media?parent=228168"}],"wp:term":[{"taxonomy":"product_brand","embeddable":true,"href":"https:\/\/promis.ro\/ro\/wp-json\/wp\/v2\/product_brand?post=228168"},{"taxonomy":"product_cat","embeddable":true,"href":"https:\/\/promis.ro\/ro\/wp-json\/wp\/v2\/product_cat?post=228168"},{"taxonomy":"product_tag","embeddable":true,"href":"https:\/\/promis.ro\/ro\/wp-json\/wp\/v2\/product_tag?post=228168"}],"curies":[{"name":"wp","href":"https:\/\/api.w.org\/{rel}","templated":true}]}}