{"id":228287,"date":"2025-11-15T02:50:05","date_gmt":"2025-11-15T02:50:05","guid":{"rendered":"https:\/\/promis.ro\/product\/urban-hooded-full-zip-sweatshirt\/"},"modified":"2025-11-15T06:45:06","modified_gmt":"2025-11-15T06:45:06","slug":"urban-hooded-full-zip-sweatshirt","status":"publish","type":"product","link":"https:\/\/promis.ro\/ro\/produs\/urban-hooded-full-zip-sweatshirt\/","title":{"rendered":"Urban Hooded Full Zip Sweatshirt"},"content":{"rendered":"<p><strong>300 g\/m\u00b2<\/strong><\/p>\n<ul>\n<li>70% bumbac, filat \u00een inel (organic), 30% poliester (reciclat)<\/li>\n<li>Potrivire relaxat\u0103<\/li>\n<li>Periat \u00een interior<\/li>\n<li>Half Moon pentru branding personalizat<\/li>\n<li>Etichet\u0103 deta\u0219abil\u0103<\/li>\n<\/ul>","protected":false},"excerpt":{"rendered":"<p>300 g\/m\u00b2 70% bumbac, filat \u00een inel (organic), 30% poliester (reciclat) Potrivire relaxat\u0103 Periat \u00een interior Half Moon pentru branding<\/p>","protected":false},"featured_media":228282,"comment_status":"open","ping_status":"closed","template":"","meta":[],"product_brand":[],"product_cat":[195],"product_tag":[],"class_list":{"0":"post-228287","1":"product","2":"type-product","3":"status-publish","4":"has-post-thumbnail","6":"product_cat-editie-limitata","8":"first","9":"instock","10":"shipping-taxable","11":"purchasable","12":"product-type-variable"},"yoast_head":"<!-- This site is optimized with the Yoast SEO plugin v27.4 - https:\/\/yoast.com\/product\/yoast-seo-wordpress\/ -->\n<title>Urban Hooded Full Zip Sweatshirt - Promis.ro<\/title>\n<meta name=\"description\" content=\"300 g\/m\u00b2 70% bumbac, filat \u00een inel (organic), 30% poliester (reciclat) Potrivire relaxat\u0103 Periat \u00een interior Half Moon pentru branding personalizat\" \/>\n<meta name=\"robots\" content=\"index, follow, max-snippet:-1, max-image-preview:large, max-video-preview:-1\" \/>\n<link rel=\"canonical\" href=\"https:\/\/promis.ro\/ro\/produs\/urban-hooded-full-zip-sweatshirt\/\" \/>\n<meta property=\"og:locale\" content=\"ro_RO\" \/>\n<meta property=\"og:type\" content=\"article\" \/>\n<meta property=\"og:title\" content=\"Urban Hooded Full Zip Sweatshirt - Promis.ro\" \/>\n<meta property=\"og:description\" content=\"300 g\/m\u00b2 70% bumbac, filat \u00een inel (organic), 30% poliester (reciclat) Potrivire relaxat\u0103 Periat \u00een interior Half Moon pentru branding personalizat\" \/>\n<meta property=\"og:url\" content=\"https:\/\/promis.ro\/ro\/produs\/urban-hooded-full-zip-sweatshirt\/\" \/>\n<meta property=\"og:site_name\" content=\"Promis.ro\" \/>\n<meta property=\"article:modified_time\" content=\"2025-11-15T06:45:06+00:00\" \/>\n<meta property=\"og:image\" content=\"https:\/\/promis.ro\/wp-content\/uploads\/2025\/11\/226_54_311_m-2024_01.jpg\" \/>\n\t<meta property=\"og:image:width\" content=\"1024\" \/>\n\t<meta property=\"og:image:height\" content=\"1304\" \/>\n\t<meta property=\"og:image:type\" content=\"image\/jpeg\" \/>\n<meta name=\"twitter:card\" content=\"summary_large_image\" \/>\n<script type=\"application\/ld+json\" class=\"yoast-schema-graph\">{\"@context\":\"https:\\\/\\\/schema.org\",\"@graph\":[{\"@type\":\"WebPage\",\"@id\":\"https:\\\/\\\/promis.ro\\\/product\\\/urban-hooded-full-zip-sweatshirt\\\/\",\"url\":\"https:\\\/\\\/promis.ro\\\/product\\\/urban-hooded-full-zip-sweatshirt\\\/\",\"name\":\"Urban Hooded Full Zip Sweatshirt - Promis.ro\",\"isPartOf\":{\"@id\":\"https:\\\/\\\/promis.ro\\\/#website\"},\"primaryImageOfPage\":{\"@id\":\"https:\\\/\\\/promis.ro\\\/product\\\/urban-hooded-full-zip-sweatshirt\\\/#primaryimage\"},\"image\":{\"@id\":\"https:\\\/\\\/promis.ro\\\/product\\\/urban-hooded-full-zip-sweatshirt\\\/#primaryimage\"},\"thumbnailUrl\":\"https:\\\/\\\/promis.ro\\\/wp-content\\\/uploads\\\/2025\\\/11\\\/226_54_311_m-2024_01.jpg\",\"datePublished\":\"2025-11-15T02:50:05+00:00\",\"dateModified\":\"2025-11-15T06:45:06+00:00\",\"description\":\"300 g\\\/m\u00b2 70% bumbac, filat \u00een inel (organic), 30% poliester (reciclat) Potrivire relaxat\u0103 Periat \u00een interior Half Moon pentru branding personalizat\",\"breadcrumb\":{\"@id\":\"https:\\\/\\\/promis.ro\\\/product\\\/urban-hooded-full-zip-sweatshirt\\\/#breadcrumb\"},\"inLanguage\":\"ro-RO\",\"potentialAction\":[{\"@type\":\"ReadAction\",\"target\":[\"https:\\\/\\\/promis.ro\\\/product\\\/urban-hooded-full-zip-sweatshirt\\\/\"]}]},{\"@type\":\"ImageObject\",\"inLanguage\":\"ro-RO\",\"@id\":\"https:\\\/\\\/promis.ro\\\/product\\\/urban-hooded-full-zip-sweatshirt\\\/#primaryimage\",\"url\":\"https:\\\/\\\/promis.ro\\\/wp-content\\\/uploads\\\/2025\\\/11\\\/226_54_311_m-2024_01.jpg\",\"contentUrl\":\"https:\\\/\\\/promis.ro\\\/wp-content\\\/uploads\\\/2025\\\/11\\\/226_54_311_m-2024_01.jpg\",\"width\":1024,\"height\":1304},{\"@type\":\"BreadcrumbList\",\"@id\":\"https:\\\/\\\/promis.ro\\\/product\\\/urban-hooded-full-zip-sweatshirt\\\/#breadcrumb\",\"itemListElement\":[{\"@type\":\"ListItem\",\"position\":1,\"name\":\"Home\",\"item\":\"https:\\\/\\\/promis.ro\\\/\"},{\"@type\":\"ListItem\",\"position\":2,\"name\":\"Magazin\",\"item\":\"https:\\\/\\\/promis.ro\\\/magazin\\\/\"},{\"@type\":\"ListItem\",\"position\":3,\"name\":\"Urban Hooded Full Zip Sweatshirt\"}]},{\"@type\":\"WebSite\",\"@id\":\"https:\\\/\\\/promis.ro\\\/#website\",\"url\":\"https:\\\/\\\/promis.ro\\\/\",\"name\":\"Promis.ro\",\"description\":\"\",\"potentialAction\":[{\"@type\":\"SearchAction\",\"target\":{\"@type\":\"EntryPoint\",\"urlTemplate\":\"https:\\\/\\\/promis.ro\\\/?s={search_term_string}\"},\"query-input\":{\"@type\":\"PropertyValueSpecification\",\"valueRequired\":true,\"valueName\":\"search_term_string\"}}],\"inLanguage\":\"ro-RO\"}]}<\/script>\n<!-- \/ Yoast SEO plugin. -->","yoast_head_json":{"title":"Urban Hooded Full Zip Sweatshirt - Promis.ro","description":"300 g\/m\u00b2 70% bumbac, filat \u00een inel (organic), 30% poliester (reciclat) Potrivire relaxat\u0103 Periat \u00een interior Half Moon pentru branding personalizat","robots":{"index":"index","follow":"follow","max-snippet":"max-snippet:-1","max-image-preview":"max-image-preview:large","max-video-preview":"max-video-preview:-1"},"canonical":"https:\/\/promis.ro\/ro\/produs\/urban-hooded-full-zip-sweatshirt\/","og_locale":"ro_RO","og_type":"article","og_title":"Urban Hooded Full Zip Sweatshirt - Promis.ro","og_description":"300 g\/m\u00b2 70% bumbac, filat \u00een inel (organic), 30% poliester (reciclat) Potrivire relaxat\u0103 Periat \u00een interior Half Moon pentru branding personalizat","og_url":"https:\/\/promis.ro\/ro\/produs\/urban-hooded-full-zip-sweatshirt\/","og_site_name":"Promis.ro","article_modified_time":"2025-11-15T06:45:06+00:00","og_image":[{"width":1024,"height":1304,"url":"https:\/\/promis.ro\/wp-content\/uploads\/2025\/11\/226_54_311_m-2024_01.jpg","type":"image\/jpeg"}],"twitter_card":"summary_large_image","schema":{"@context":"https:\/\/schema.org","@graph":[{"@type":"WebPage","@id":"https:\/\/promis.ro\/product\/urban-hooded-full-zip-sweatshirt\/","url":"https:\/\/promis.ro\/product\/urban-hooded-full-zip-sweatshirt\/","name":"Urban Hooded Full Zip Sweatshirt - Promis.ro","isPartOf":{"@id":"https:\/\/promis.ro\/#website"},"primaryImageOfPage":{"@id":"https:\/\/promis.ro\/product\/urban-hooded-full-zip-sweatshirt\/#primaryimage"},"image":{"@id":"https:\/\/promis.ro\/product\/urban-hooded-full-zip-sweatshirt\/#primaryimage"},"thumbnailUrl":"https:\/\/promis.ro\/wp-content\/uploads\/2025\/11\/226_54_311_m-2024_01.jpg","datePublished":"2025-11-15T02:50:05+00:00","dateModified":"2025-11-15T06:45:06+00:00","description":"300 g\/m\u00b2 70% bumbac, filat \u00een inel (organic), 30% poliester (reciclat) Potrivire relaxat\u0103 Periat \u00een interior Half Moon pentru branding personalizat","breadcrumb":{"@id":"https:\/\/promis.ro\/product\/urban-hooded-full-zip-sweatshirt\/#breadcrumb"},"inLanguage":"ro-RO","potentialAction":[{"@type":"ReadAction","target":["https:\/\/promis.ro\/product\/urban-hooded-full-zip-sweatshirt\/"]}]},{"@type":"ImageObject","inLanguage":"ro-RO","@id":"https:\/\/promis.ro\/product\/urban-hooded-full-zip-sweatshirt\/#primaryimage","url":"https:\/\/promis.ro\/wp-content\/uploads\/2025\/11\/226_54_311_m-2024_01.jpg","contentUrl":"https:\/\/promis.ro\/wp-content\/uploads\/2025\/11\/226_54_311_m-2024_01.jpg","width":1024,"height":1304},{"@type":"BreadcrumbList","@id":"https:\/\/promis.ro\/product\/urban-hooded-full-zip-sweatshirt\/#breadcrumb","itemListElement":[{"@type":"ListItem","position":1,"name":"Home","item":"https:\/\/promis.ro\/"},{"@type":"ListItem","position":2,"name":"Magazin","item":"https:\/\/promis.ro\/magazin\/"},{"@type":"ListItem","position":3,"name":"Urban Hooded Full Zip Sweatshirt"}]},{"@type":"WebSite","@id":"https:\/\/promis.ro\/#website","url":"https:\/\/promis.ro\/","name":"Promis.ro","description":"","potentialAction":[{"@type":"SearchAction","target":{"@type":"EntryPoint","urlTemplate":"https:\/\/promis.ro\/?s={search_term_string}"},"query-input":{"@type":"PropertyValueSpecification","valueRequired":true,"valueName":"search_term_string"}}],"inLanguage":"ro-RO"}]}},"_links":{"self":[{"href":"https:\/\/promis.ro\/ro\/wp-json\/wp\/v2\/product\/228287","targetHints":{"allow":["GET"]}}],"collection":[{"href":"https:\/\/promis.ro\/ro\/wp-json\/wp\/v2\/product"}],"about":[{"href":"https:\/\/promis.ro\/ro\/wp-json\/wp\/v2\/types\/product"}],"replies":[{"embeddable":true,"href":"https:\/\/promis.ro\/ro\/wp-json\/wp\/v2\/comments?post=228287"}],"version-history":[{"count":1,"href":"https:\/\/promis.ro\/ro\/wp-json\/wp\/v2\/product\/228287\/revisions"}],"predecessor-version":[{"id":263702,"href":"https:\/\/promis.ro\/ro\/wp-json\/wp\/v2\/product\/228287\/revisions\/263702"}],"wp:featuredmedia":[{"embeddable":true,"href":"https:\/\/promis.ro\/ro\/wp-json\/wp\/v2\/media\/228282"}],"wp:attachment":[{"href":"https:\/\/promis.ro\/ro\/wp-json\/wp\/v2\/media?parent=228287"}],"wp:term":[{"taxonomy":"product_brand","embeddable":true,"href":"https:\/\/promis.ro\/ro\/wp-json\/wp\/v2\/product_brand?post=228287"},{"taxonomy":"product_cat","embeddable":true,"href":"https:\/\/promis.ro\/ro\/wp-json\/wp\/v2\/product_cat?post=228287"},{"taxonomy":"product_tag","embeddable":true,"href":"https:\/\/promis.ro\/ro\/wp-json\/wp\/v2\/product_tag?post=228287"}],"curies":[{"name":"wp","href":"https:\/\/api.w.org\/{rel}","templated":true}]}}