{"id":233518,"date":"2025-11-15T03:10:52","date_gmt":"2025-11-15T03:10:52","guid":{"rendered":"https:\/\/promis.ro\/product\/ladies-hd-hooded-sweat\/"},"modified":"2025-11-15T06:45:26","modified_gmt":"2025-11-15T06:45:26","slug":"ladies-hd-hooded-sweat","status":"publish","type":"product","link":"https:\/\/promis.ro\/ro\/produs\/ladies-hd-hooded-sweat\/","title":{"rendered":"Ladies HD Hooded Sweat"},"content":{"rendered":"<p><strong>Greutate:<\/strong> 255 g\/m\u00b2 (Alb: 250 g\/m\u00b2)<\/p>\n<ul>\n<li>65% poliester, 35% bumbac ring spun periat<\/li>\n<li>Material French Terry<\/li>\n<li>Glug\u0103 c\u0103ptu\u015fit\u0103 cu jerseu \u015fi are \u015fnur<\/li>\n<li>\u015enur \u00een culoarea produsului cu finisaj din metal<\/li>\n<li>Band\u0103 de g\u00e2t \u00een culoare contrastant\u0103<\/li>\n<li>Etichet\u0103 deta\u0219abil\u0103, etichet\u0103 adeziv\u0103<\/li>\n<li>Cus\u0103tur\u0103 \u00eent\u0103ritoar\u0103 la man\u015fete \u015fi tiv<\/li>\n<li>Slim fit<\/li>\n<li>Potrivit pentru sublimare, imprimare prin transfer de c\u0103ldur\u0103 \u0219i broderie.<\/li>\n<\/ul>","protected":false},"excerpt":{"rendered":"<p>Greutate: 255 g\/m\u00b2 (Alb: 250 g\/m\u00b2) 65% poliester, 35% bumbac ring spun periat Material French Terry Glug\u0103 c\u0103ptu\u015fit\u0103 cu jerseu<\/p>","protected":false},"featured_media":233513,"comment_status":"open","ping_status":"closed","template":"","meta":[],"product_brand":[],"product_cat":[191],"product_tag":[],"class_list":{"0":"post-233518","1":"product","2":"type-product","3":"status-publish","4":"has-post-thumbnail","6":"product_cat-textile","8":"first","9":"instock","10":"shipping-taxable","11":"purchasable","12":"product-type-variable"},"yoast_head":"<!-- This site is optimized with the Yoast SEO plugin v27.4 - https:\/\/yoast.com\/product\/yoast-seo-wordpress\/ -->\n<title>Ladies HD Hooded Sweat - Promis.ro<\/title>\n<meta name=\"description\" content=\"Greutate: 255 g\/m\u00b2 (Alb: 250 g\/m\u00b2) 65% poliester, 35% bumbac ring spun periat Material French Terry Glug\u0103 c\u0103ptu\u015fit\u0103 cu jerseu \u015fi are \u015fnur \u015enur \u00een culoarea\" \/>\n<meta name=\"robots\" content=\"index, follow, max-snippet:-1, max-image-preview:large, max-video-preview:-1\" \/>\n<link rel=\"canonical\" href=\"https:\/\/promis.ro\/ro\/produs\/ladies-hd-hooded-sweat\/\" \/>\n<meta property=\"og:locale\" content=\"ro_RO\" \/>\n<meta property=\"og:type\" content=\"article\" \/>\n<meta property=\"og:title\" content=\"Ladies HD Hooded Sweat - Promis.ro\" \/>\n<meta property=\"og:description\" content=\"Greutate: 255 g\/m\u00b2 (Alb: 250 g\/m\u00b2) 65% poliester, 35% bumbac ring spun periat Material French Terry Glug\u0103 c\u0103ptu\u015fit\u0103 cu jerseu \u015fi are \u015fnur \u015enur \u00een culoarea\" \/>\n<meta property=\"og:url\" content=\"https:\/\/promis.ro\/ro\/produs\/ladies-hd-hooded-sweat\/\" \/>\n<meta property=\"og:site_name\" content=\"Promis.ro\" \/>\n<meta property=\"article:modified_time\" content=\"2025-11-15T06:45:26+00:00\" \/>\n<meta property=\"og:image\" content=\"https:\/\/promis.ro\/wp-content\/uploads\/2025\/11\/224_00_418_f-2018_01.jpg\" \/>\n\t<meta property=\"og:image:width\" content=\"1024\" \/>\n\t<meta property=\"og:image:height\" content=\"1394\" \/>\n\t<meta property=\"og:image:type\" content=\"image\/jpeg\" \/>\n<meta name=\"twitter:card\" content=\"summary_large_image\" \/>\n<script type=\"application\/ld+json\" class=\"yoast-schema-graph\">{\"@context\":\"https:\\\/\\\/schema.org\",\"@graph\":[{\"@type\":\"WebPage\",\"@id\":\"https:\\\/\\\/promis.ro\\\/product\\\/ladies-hd-hooded-sweat\\\/\",\"url\":\"https:\\\/\\\/promis.ro\\\/product\\\/ladies-hd-hooded-sweat\\\/\",\"name\":\"Ladies HD Hooded Sweat - Promis.ro\",\"isPartOf\":{\"@id\":\"https:\\\/\\\/promis.ro\\\/#website\"},\"primaryImageOfPage\":{\"@id\":\"https:\\\/\\\/promis.ro\\\/product\\\/ladies-hd-hooded-sweat\\\/#primaryimage\"},\"image\":{\"@id\":\"https:\\\/\\\/promis.ro\\\/product\\\/ladies-hd-hooded-sweat\\\/#primaryimage\"},\"thumbnailUrl\":\"https:\\\/\\\/promis.ro\\\/wp-content\\\/uploads\\\/2025\\\/11\\\/224_00_418_f-2018_01.jpg\",\"datePublished\":\"2025-11-15T03:10:52+00:00\",\"dateModified\":\"2025-11-15T06:45:26+00:00\",\"description\":\"Greutate: 255 g\\\/m\u00b2 (Alb: 250 g\\\/m\u00b2) 65% poliester, 35% bumbac ring spun periat Material French Terry Glug\u0103 c\u0103ptu\u015fit\u0103 cu jerseu \u015fi are \u015fnur \u015enur \u00een culoarea\",\"breadcrumb\":{\"@id\":\"https:\\\/\\\/promis.ro\\\/product\\\/ladies-hd-hooded-sweat\\\/#breadcrumb\"},\"inLanguage\":\"ro-RO\",\"potentialAction\":[{\"@type\":\"ReadAction\",\"target\":[\"https:\\\/\\\/promis.ro\\\/product\\\/ladies-hd-hooded-sweat\\\/\"]}]},{\"@type\":\"ImageObject\",\"inLanguage\":\"ro-RO\",\"@id\":\"https:\\\/\\\/promis.ro\\\/product\\\/ladies-hd-hooded-sweat\\\/#primaryimage\",\"url\":\"https:\\\/\\\/promis.ro\\\/wp-content\\\/uploads\\\/2025\\\/11\\\/224_00_418_f-2018_01.jpg\",\"contentUrl\":\"https:\\\/\\\/promis.ro\\\/wp-content\\\/uploads\\\/2025\\\/11\\\/224_00_418_f-2018_01.jpg\",\"width\":1024,\"height\":1394},{\"@type\":\"BreadcrumbList\",\"@id\":\"https:\\\/\\\/promis.ro\\\/product\\\/ladies-hd-hooded-sweat\\\/#breadcrumb\",\"itemListElement\":[{\"@type\":\"ListItem\",\"position\":1,\"name\":\"Home\",\"item\":\"https:\\\/\\\/promis.ro\\\/\"},{\"@type\":\"ListItem\",\"position\":2,\"name\":\"Magazin\",\"item\":\"https:\\\/\\\/promis.ro\\\/magazin\\\/\"},{\"@type\":\"ListItem\",\"position\":3,\"name\":\"Ladies HD Hooded Sweat\"}]},{\"@type\":\"WebSite\",\"@id\":\"https:\\\/\\\/promis.ro\\\/#website\",\"url\":\"https:\\\/\\\/promis.ro\\\/\",\"name\":\"Promis.ro\",\"description\":\"\",\"potentialAction\":[{\"@type\":\"SearchAction\",\"target\":{\"@type\":\"EntryPoint\",\"urlTemplate\":\"https:\\\/\\\/promis.ro\\\/?s={search_term_string}\"},\"query-input\":{\"@type\":\"PropertyValueSpecification\",\"valueRequired\":true,\"valueName\":\"search_term_string\"}}],\"inLanguage\":\"ro-RO\"}]}<\/script>\n<!-- \/ Yoast SEO plugin. -->","yoast_head_json":{"title":"Ladies HD Hooded Sweat - Promis.ro","description":"Greutate: 255 g\/m\u00b2 (Alb: 250 g\/m\u00b2) 65% poliester, 35% bumbac ring spun periat Material French Terry Glug\u0103 c\u0103ptu\u015fit\u0103 cu jerseu \u015fi are \u015fnur \u015enur \u00een culoarea","robots":{"index":"index","follow":"follow","max-snippet":"max-snippet:-1","max-image-preview":"max-image-preview:large","max-video-preview":"max-video-preview:-1"},"canonical":"https:\/\/promis.ro\/ro\/produs\/ladies-hd-hooded-sweat\/","og_locale":"ro_RO","og_type":"article","og_title":"Ladies HD Hooded Sweat - Promis.ro","og_description":"Greutate: 255 g\/m\u00b2 (Alb: 250 g\/m\u00b2) 65% poliester, 35% bumbac ring spun periat Material French Terry Glug\u0103 c\u0103ptu\u015fit\u0103 cu jerseu \u015fi are \u015fnur \u015enur \u00een culoarea","og_url":"https:\/\/promis.ro\/ro\/produs\/ladies-hd-hooded-sweat\/","og_site_name":"Promis.ro","article_modified_time":"2025-11-15T06:45:26+00:00","og_image":[{"width":1024,"height":1394,"url":"https:\/\/promis.ro\/wp-content\/uploads\/2025\/11\/224_00_418_f-2018_01.jpg","type":"image\/jpeg"}],"twitter_card":"summary_large_image","schema":{"@context":"https:\/\/schema.org","@graph":[{"@type":"WebPage","@id":"https:\/\/promis.ro\/product\/ladies-hd-hooded-sweat\/","url":"https:\/\/promis.ro\/product\/ladies-hd-hooded-sweat\/","name":"Ladies HD Hooded Sweat - Promis.ro","isPartOf":{"@id":"https:\/\/promis.ro\/#website"},"primaryImageOfPage":{"@id":"https:\/\/promis.ro\/product\/ladies-hd-hooded-sweat\/#primaryimage"},"image":{"@id":"https:\/\/promis.ro\/product\/ladies-hd-hooded-sweat\/#primaryimage"},"thumbnailUrl":"https:\/\/promis.ro\/wp-content\/uploads\/2025\/11\/224_00_418_f-2018_01.jpg","datePublished":"2025-11-15T03:10:52+00:00","dateModified":"2025-11-15T06:45:26+00:00","description":"Greutate: 255 g\/m\u00b2 (Alb: 250 g\/m\u00b2) 65% poliester, 35% bumbac ring spun periat Material French Terry Glug\u0103 c\u0103ptu\u015fit\u0103 cu jerseu \u015fi are \u015fnur \u015enur \u00een culoarea","breadcrumb":{"@id":"https:\/\/promis.ro\/product\/ladies-hd-hooded-sweat\/#breadcrumb"},"inLanguage":"ro-RO","potentialAction":[{"@type":"ReadAction","target":["https:\/\/promis.ro\/product\/ladies-hd-hooded-sweat\/"]}]},{"@type":"ImageObject","inLanguage":"ro-RO","@id":"https:\/\/promis.ro\/product\/ladies-hd-hooded-sweat\/#primaryimage","url":"https:\/\/promis.ro\/wp-content\/uploads\/2025\/11\/224_00_418_f-2018_01.jpg","contentUrl":"https:\/\/promis.ro\/wp-content\/uploads\/2025\/11\/224_00_418_f-2018_01.jpg","width":1024,"height":1394},{"@type":"BreadcrumbList","@id":"https:\/\/promis.ro\/product\/ladies-hd-hooded-sweat\/#breadcrumb","itemListElement":[{"@type":"ListItem","position":1,"name":"Home","item":"https:\/\/promis.ro\/"},{"@type":"ListItem","position":2,"name":"Magazin","item":"https:\/\/promis.ro\/magazin\/"},{"@type":"ListItem","position":3,"name":"Ladies HD Hooded Sweat"}]},{"@type":"WebSite","@id":"https:\/\/promis.ro\/#website","url":"https:\/\/promis.ro\/","name":"Promis.ro","description":"","potentialAction":[{"@type":"SearchAction","target":{"@type":"EntryPoint","urlTemplate":"https:\/\/promis.ro\/?s={search_term_string}"},"query-input":{"@type":"PropertyValueSpecification","valueRequired":true,"valueName":"search_term_string"}}],"inLanguage":"ro-RO"}]}},"_links":{"self":[{"href":"https:\/\/promis.ro\/ro\/wp-json\/wp\/v2\/product\/233518","targetHints":{"allow":["GET"]}}],"collection":[{"href":"https:\/\/promis.ro\/ro\/wp-json\/wp\/v2\/product"}],"about":[{"href":"https:\/\/promis.ro\/ro\/wp-json\/wp\/v2\/types\/product"}],"replies":[{"embeddable":true,"href":"https:\/\/promis.ro\/ro\/wp-json\/wp\/v2\/comments?post=233518"}],"version-history":[{"count":1,"href":"https:\/\/promis.ro\/ro\/wp-json\/wp\/v2\/product\/233518\/revisions"}],"predecessor-version":[{"id":263725,"href":"https:\/\/promis.ro\/ro\/wp-json\/wp\/v2\/product\/233518\/revisions\/263725"}],"wp:featuredmedia":[{"embeddable":true,"href":"https:\/\/promis.ro\/ro\/wp-json\/wp\/v2\/media\/233513"}],"wp:attachment":[{"href":"https:\/\/promis.ro\/ro\/wp-json\/wp\/v2\/media?parent=233518"}],"wp:term":[{"taxonomy":"product_brand","embeddable":true,"href":"https:\/\/promis.ro\/ro\/wp-json\/wp\/v2\/product_brand?post=233518"},{"taxonomy":"product_cat","embeddable":true,"href":"https:\/\/promis.ro\/ro\/wp-json\/wp\/v2\/product_cat?post=233518"},{"taxonomy":"product_tag","embeddable":true,"href":"https:\/\/promis.ro\/ro\/wp-json\/wp\/v2\/product_tag?post=233518"}],"curies":[{"name":"wp","href":"https:\/\/api.w.org\/{rel}","templated":true}]}}