{"id":233550,"date":"2025-11-15T03:11:33","date_gmt":"2025-11-15T03:11:33","guid":{"rendered":"https:\/\/promis.ro\/product\/id-205-50-50-hooded-full-zip-sweat-unisex\/"},"modified":"2025-11-15T06:45:33","modified_gmt":"2025-11-15T06:45:33","slug":"id-205-50-50-hooded-full-zip-sweat-unisex","status":"publish","type":"product","link":"https:\/\/promis.ro\/ro\/produs\/id-205-50-50-hooded-full-zip-sweat-unisex\/","title":{"rendered":"ID.205 50\/50 Hooded Full Zip Sweat Unisex"},"content":{"rendered":"<p><strong>Greutate:<\/strong> 270 g\/m\u00b2<\/p>\n<p><strong>Compozi\u021bie:<\/strong> 50% bumbac, 50% poliester<\/p>\n<p><strong>Interior:<\/strong> din polar periat<\/p>\n<ul>\n<li><strong>Glug\u0103:<\/strong> din 2 panouri cu \u015fnur tonal<\/li>\n<li><strong>Fermoar:<\/strong> lung tonal<\/li>\n<li><strong>Band\u0103:<\/strong> tip 1&#215;1 din elastan pe man\u0219ete \u0219i tiv<\/li>\n<li><strong>Cus\u0103tur\u0103:<\/strong> \u00eempletit\u0103 \u00een jurul bra\u0163elor<\/li>\n<li><strong>M\u00e2neci:<\/strong> aplicate<\/li>\n<li><strong>Buzunar:<\/strong> cangur<\/li>\n<li><strong>Cus\u0103turi:<\/strong> laterale<\/li>\n<li><strong>Fit:<\/strong> regular<\/li>\n<li><strong>Etichet\u0103:<\/strong> &#8220;B&amp;C NoLabel&#8221; f\u0103r\u0103 etichet\u0103<\/li>\n<li><strong>Utilizare:<\/strong> potrivit pentru serigrafie, imprimare prin transfer \u0219i broderie<\/li>\n<\/ul>","protected":false},"excerpt":{"rendered":"<p>Greutate: 270 g\/m\u00b2 Compozi\u021bie: 50% bumbac, 50% poliester Interior: din polar periat Glug\u0103: din 2 panouri cu \u015fnur tonal Fermoar:<\/p>","protected":false},"featured_media":233548,"comment_status":"open","ping_status":"closed","template":"","meta":[],"product_brand":[],"product_cat":[191],"product_tag":[],"class_list":{"0":"post-233550","1":"product","2":"type-product","3":"status-publish","4":"has-post-thumbnail","6":"product_cat-textile","8":"first","9":"instock","10":"shipping-taxable","11":"purchasable","12":"product-type-variable"},"yoast_head":"<!-- This site is optimized with the Yoast SEO plugin v27.4 - https:\/\/yoast.com\/product\/yoast-seo-wordpress\/ -->\n<title>ID.205 50\/50 Hooded Full Zip Sweat Unisex - Promis.ro<\/title>\n<meta name=\"description\" content=\"Greutate: 270 g\/m\u00b2 Compozi\u021bie: 50% bumbac, 50% poliester Interior: din polar periat Glug\u0103: din 2 panouri cu \u015fnur tonal Fermoar: lung tonal Band\u0103: tip 1x1\" \/>\n<meta name=\"robots\" content=\"index, follow, max-snippet:-1, max-image-preview:large, max-video-preview:-1\" \/>\n<link rel=\"canonical\" href=\"https:\/\/promis.ro\/ro\/produs\/id-205-50-50-hooded-full-zip-sweat-unisex\/\" \/>\n<meta property=\"og:locale\" content=\"ro_RO\" \/>\n<meta property=\"og:type\" content=\"article\" \/>\n<meta property=\"og:title\" content=\"ID.205 50\/50 Hooded Full Zip Sweat Unisex - Promis.ro\" \/>\n<meta property=\"og:description\" content=\"Greutate: 270 g\/m\u00b2 Compozi\u021bie: 50% bumbac, 50% poliester Interior: din polar periat Glug\u0103: din 2 panouri cu \u015fnur tonal Fermoar: lung tonal Band\u0103: tip 1x1\" \/>\n<meta property=\"og:url\" content=\"https:\/\/promis.ro\/ro\/produs\/id-205-50-50-hooded-full-zip-sweat-unisex\/\" \/>\n<meta property=\"og:site_name\" content=\"Promis.ro\" \/>\n<meta property=\"article:modified_time\" content=\"2025-11-15T06:45:33+00:00\" \/>\n<meta property=\"og:image\" content=\"https:\/\/promis.ro\/wp-content\/uploads\/2025\/11\/222_42_101_m-2025_01.jpg\" \/>\n\t<meta property=\"og:image:width\" content=\"1024\" \/>\n\t<meta property=\"og:image:height\" content=\"1304\" \/>\n\t<meta property=\"og:image:type\" content=\"image\/jpeg\" \/>\n<meta name=\"twitter:card\" content=\"summary_large_image\" \/>\n<script type=\"application\/ld+json\" class=\"yoast-schema-graph\">{\"@context\":\"https:\\\/\\\/schema.org\",\"@graph\":[{\"@type\":\"WebPage\",\"@id\":\"https:\\\/\\\/promis.ro\\\/product\\\/id-205-50-50-hooded-full-zip-sweat-unisex\\\/\",\"url\":\"https:\\\/\\\/promis.ro\\\/product\\\/id-205-50-50-hooded-full-zip-sweat-unisex\\\/\",\"name\":\"ID.205 50\\\/50 Hooded Full Zip Sweat Unisex - Promis.ro\",\"isPartOf\":{\"@id\":\"https:\\\/\\\/promis.ro\\\/#website\"},\"primaryImageOfPage\":{\"@id\":\"https:\\\/\\\/promis.ro\\\/product\\\/id-205-50-50-hooded-full-zip-sweat-unisex\\\/#primaryimage\"},\"image\":{\"@id\":\"https:\\\/\\\/promis.ro\\\/product\\\/id-205-50-50-hooded-full-zip-sweat-unisex\\\/#primaryimage\"},\"thumbnailUrl\":\"https:\\\/\\\/promis.ro\\\/wp-content\\\/uploads\\\/2025\\\/11\\\/222_42_101_m-2025_01.jpg\",\"datePublished\":\"2025-11-15T03:11:33+00:00\",\"dateModified\":\"2025-11-15T06:45:33+00:00\",\"description\":\"Greutate: 270 g\\\/m\u00b2 Compozi\u021bie: 50% bumbac, 50% poliester Interior: din polar periat Glug\u0103: din 2 panouri cu \u015fnur tonal Fermoar: lung tonal Band\u0103: tip 1x1\",\"breadcrumb\":{\"@id\":\"https:\\\/\\\/promis.ro\\\/product\\\/id-205-50-50-hooded-full-zip-sweat-unisex\\\/#breadcrumb\"},\"inLanguage\":\"ro-RO\",\"potentialAction\":[{\"@type\":\"ReadAction\",\"target\":[\"https:\\\/\\\/promis.ro\\\/product\\\/id-205-50-50-hooded-full-zip-sweat-unisex\\\/\"]}]},{\"@type\":\"ImageObject\",\"inLanguage\":\"ro-RO\",\"@id\":\"https:\\\/\\\/promis.ro\\\/product\\\/id-205-50-50-hooded-full-zip-sweat-unisex\\\/#primaryimage\",\"url\":\"https:\\\/\\\/promis.ro\\\/wp-content\\\/uploads\\\/2025\\\/11\\\/222_42_101_m-2025_01.jpg\",\"contentUrl\":\"https:\\\/\\\/promis.ro\\\/wp-content\\\/uploads\\\/2025\\\/11\\\/222_42_101_m-2025_01.jpg\",\"width\":1024,\"height\":1304},{\"@type\":\"BreadcrumbList\",\"@id\":\"https:\\\/\\\/promis.ro\\\/product\\\/id-205-50-50-hooded-full-zip-sweat-unisex\\\/#breadcrumb\",\"itemListElement\":[{\"@type\":\"ListItem\",\"position\":1,\"name\":\"Home\",\"item\":\"https:\\\/\\\/promis.ro\\\/\"},{\"@type\":\"ListItem\",\"position\":2,\"name\":\"Magazin\",\"item\":\"https:\\\/\\\/promis.ro\\\/magazin\\\/\"},{\"@type\":\"ListItem\",\"position\":3,\"name\":\"ID.205 50\\\/50 Hooded Full Zip Sweat Unisex\"}]},{\"@type\":\"WebSite\",\"@id\":\"https:\\\/\\\/promis.ro\\\/#website\",\"url\":\"https:\\\/\\\/promis.ro\\\/\",\"name\":\"Promis.ro\",\"description\":\"\",\"potentialAction\":[{\"@type\":\"SearchAction\",\"target\":{\"@type\":\"EntryPoint\",\"urlTemplate\":\"https:\\\/\\\/promis.ro\\\/?s={search_term_string}\"},\"query-input\":{\"@type\":\"PropertyValueSpecification\",\"valueRequired\":true,\"valueName\":\"search_term_string\"}}],\"inLanguage\":\"ro-RO\"}]}<\/script>\n<!-- \/ Yoast SEO plugin. -->","yoast_head_json":{"title":"ID.205 50\/50 Hooded Full Zip Sweat Unisex - Promis.ro","description":"Greutate: 270 g\/m\u00b2 Compozi\u021bie: 50% bumbac, 50% poliester Interior: din polar periat Glug\u0103: din 2 panouri cu \u015fnur tonal Fermoar: lung tonal Band\u0103: tip 1x1","robots":{"index":"index","follow":"follow","max-snippet":"max-snippet:-1","max-image-preview":"max-image-preview:large","max-video-preview":"max-video-preview:-1"},"canonical":"https:\/\/promis.ro\/ro\/produs\/id-205-50-50-hooded-full-zip-sweat-unisex\/","og_locale":"ro_RO","og_type":"article","og_title":"ID.205 50\/50 Hooded Full Zip Sweat Unisex - Promis.ro","og_description":"Greutate: 270 g\/m\u00b2 Compozi\u021bie: 50% bumbac, 50% poliester Interior: din polar periat Glug\u0103: din 2 panouri cu \u015fnur tonal Fermoar: lung tonal Band\u0103: tip 1x1","og_url":"https:\/\/promis.ro\/ro\/produs\/id-205-50-50-hooded-full-zip-sweat-unisex\/","og_site_name":"Promis.ro","article_modified_time":"2025-11-15T06:45:33+00:00","og_image":[{"width":1024,"height":1304,"url":"https:\/\/promis.ro\/wp-content\/uploads\/2025\/11\/222_42_101_m-2025_01.jpg","type":"image\/jpeg"}],"twitter_card":"summary_large_image","schema":{"@context":"https:\/\/schema.org","@graph":[{"@type":"WebPage","@id":"https:\/\/promis.ro\/product\/id-205-50-50-hooded-full-zip-sweat-unisex\/","url":"https:\/\/promis.ro\/product\/id-205-50-50-hooded-full-zip-sweat-unisex\/","name":"ID.205 50\/50 Hooded Full Zip Sweat Unisex - Promis.ro","isPartOf":{"@id":"https:\/\/promis.ro\/#website"},"primaryImageOfPage":{"@id":"https:\/\/promis.ro\/product\/id-205-50-50-hooded-full-zip-sweat-unisex\/#primaryimage"},"image":{"@id":"https:\/\/promis.ro\/product\/id-205-50-50-hooded-full-zip-sweat-unisex\/#primaryimage"},"thumbnailUrl":"https:\/\/promis.ro\/wp-content\/uploads\/2025\/11\/222_42_101_m-2025_01.jpg","datePublished":"2025-11-15T03:11:33+00:00","dateModified":"2025-11-15T06:45:33+00:00","description":"Greutate: 270 g\/m\u00b2 Compozi\u021bie: 50% bumbac, 50% poliester Interior: din polar periat Glug\u0103: din 2 panouri cu \u015fnur tonal Fermoar: lung tonal Band\u0103: tip 1x1","breadcrumb":{"@id":"https:\/\/promis.ro\/product\/id-205-50-50-hooded-full-zip-sweat-unisex\/#breadcrumb"},"inLanguage":"ro-RO","potentialAction":[{"@type":"ReadAction","target":["https:\/\/promis.ro\/product\/id-205-50-50-hooded-full-zip-sweat-unisex\/"]}]},{"@type":"ImageObject","inLanguage":"ro-RO","@id":"https:\/\/promis.ro\/product\/id-205-50-50-hooded-full-zip-sweat-unisex\/#primaryimage","url":"https:\/\/promis.ro\/wp-content\/uploads\/2025\/11\/222_42_101_m-2025_01.jpg","contentUrl":"https:\/\/promis.ro\/wp-content\/uploads\/2025\/11\/222_42_101_m-2025_01.jpg","width":1024,"height":1304},{"@type":"BreadcrumbList","@id":"https:\/\/promis.ro\/product\/id-205-50-50-hooded-full-zip-sweat-unisex\/#breadcrumb","itemListElement":[{"@type":"ListItem","position":1,"name":"Home","item":"https:\/\/promis.ro\/"},{"@type":"ListItem","position":2,"name":"Magazin","item":"https:\/\/promis.ro\/magazin\/"},{"@type":"ListItem","position":3,"name":"ID.205 50\/50 Hooded Full Zip Sweat Unisex"}]},{"@type":"WebSite","@id":"https:\/\/promis.ro\/#website","url":"https:\/\/promis.ro\/","name":"Promis.ro","description":"","potentialAction":[{"@type":"SearchAction","target":{"@type":"EntryPoint","urlTemplate":"https:\/\/promis.ro\/?s={search_term_string}"},"query-input":{"@type":"PropertyValueSpecification","valueRequired":true,"valueName":"search_term_string"}}],"inLanguage":"ro-RO"}]}},"_links":{"self":[{"href":"https:\/\/promis.ro\/ro\/wp-json\/wp\/v2\/product\/233550","targetHints":{"allow":["GET"]}}],"collection":[{"href":"https:\/\/promis.ro\/ro\/wp-json\/wp\/v2\/product"}],"about":[{"href":"https:\/\/promis.ro\/ro\/wp-json\/wp\/v2\/types\/product"}],"replies":[{"embeddable":true,"href":"https:\/\/promis.ro\/ro\/wp-json\/wp\/v2\/comments?post=233550"}],"version-history":[{"count":1,"href":"https:\/\/promis.ro\/ro\/wp-json\/wp\/v2\/product\/233550\/revisions"}],"predecessor-version":[{"id":263733,"href":"https:\/\/promis.ro\/ro\/wp-json\/wp\/v2\/product\/233550\/revisions\/263733"}],"wp:featuredmedia":[{"embeddable":true,"href":"https:\/\/promis.ro\/ro\/wp-json\/wp\/v2\/media\/233548"}],"wp:attachment":[{"href":"https:\/\/promis.ro\/ro\/wp-json\/wp\/v2\/media?parent=233550"}],"wp:term":[{"taxonomy":"product_brand","embeddable":true,"href":"https:\/\/promis.ro\/ro\/wp-json\/wp\/v2\/product_brand?post=233550"},{"taxonomy":"product_cat","embeddable":true,"href":"https:\/\/promis.ro\/ro\/wp-json\/wp\/v2\/product_cat?post=233550"},{"taxonomy":"product_tag","embeddable":true,"href":"https:\/\/promis.ro\/ro\/wp-json\/wp\/v2\/product_tag?post=233550"}],"curies":[{"name":"wp","href":"https:\/\/api.w.org\/{rel}","templated":true}]}}