{"id":233578,"date":"2025-11-15T03:12:12","date_gmt":"2025-11-15T03:12:12","guid":{"rendered":"https:\/\/promis.ro\/product\/softstyle-midweight-fleece-adult-hoodie\/"},"modified":"2025-11-15T06:45:30","modified_gmt":"2025-11-15T06:45:30","slug":"softstyle-midweight-fleece-adult-hoodie","status":"publish","type":"product","link":"https:\/\/promis.ro\/ro\/produs\/softstyle-midweight-fleece-adult-hoodie\/","title":{"rendered":"Softstyle Midweight Fleece Adult Hoodie"},"content":{"rendered":"<p>\u00b7285 g\/m\u00b2 (Alb: 275 g\/m\u00b2)<\/p>\n<p>\u00b780% bumbac, filat \u00een inel, 20% poliester (Dark Heather: 50% bumbac, filat \u00een inel, 50% poliester \/ Sport Grey: 75% bumbac, filat \u00een inel, 25% poliester)<\/p>\n<p>\u00b7Interior confortabil, periat, cu o fa\u021b\u0103 din bumbac 100%.<\/p>\n<p>\u00b7Glug\u0103 c\u0103ptu\u0219it\u0103 din \u021bes\u0103tur\u0103 din jerseu din 2 piese<\/p>\n<p>\u00b7Umeri c\u0103zu\u021bi<\/p>\n<p>\u00b7Buzunar<\/p>\n<p>\u00b7Coast\u0103 1&#215;1 cu man\u0219ete din elastan \u0219i band\u0103 inferioar\u0103 pentru \u00eentindere \u0219i recuperare \u00eembun\u0103t\u0103\u021bite<\/p>\n<p>\u00b7Corp tubular<\/p>\n<p>\u00b7Etichet\u0103 neagr\u0103 de \u00eenalt\u0103 performan\u021b\u0103 deta\u0219abil\u0103<\/p>\n<p>\u00b7Ideal pentru imprimarea DTG<\/p>\n<p>\u00b7Potrivire clasic\u0103.<\/p>","protected":false},"excerpt":{"rendered":"<p>\u00b7285 g\/m\u00b2 (Alb: 275 g\/m\u00b2) \u00b780% bumbac, filat \u00een inel, 20% poliester (Dark Heather: 50% bumbac, filat \u00een inel, 50%<\/p>","protected":false},"featured_media":233575,"comment_status":"open","ping_status":"closed","template":"","meta":[],"product_brand":[],"product_cat":[195],"product_tag":[],"class_list":{"0":"post-233578","1":"product","2":"type-product","3":"status-publish","4":"has-post-thumbnail","6":"product_cat-editie-limitata","8":"first","9":"instock","10":"shipping-taxable","11":"purchasable","12":"product-type-variable"},"yoast_head":"<!-- This site is optimized with the Yoast SEO plugin v27.4 - https:\/\/yoast.com\/product\/yoast-seo-wordpress\/ -->\n<title>Softstyle Midweight Fleece Adult Hoodie - Promis.ro<\/title>\n<meta name=\"description\" content=\"\u00b7285 g\/m\u00b2 (Alb: 275 g\/m\u00b2) \u00b780% bumbac, filat \u00een inel, 20% poliester (Dark Heather: 50% bumbac, filat \u00een inel, 50% poliester \/ Sport Grey: 75% bumbac,\" \/>\n<meta name=\"robots\" content=\"index, follow, max-snippet:-1, max-image-preview:large, max-video-preview:-1\" \/>\n<link rel=\"canonical\" href=\"https:\/\/promis.ro\/ro\/produs\/softstyle-midweight-fleece-adult-hoodie\/\" \/>\n<meta property=\"og:locale\" content=\"ro_RO\" \/>\n<meta property=\"og:type\" content=\"article\" \/>\n<meta property=\"og:title\" content=\"Softstyle Midweight Fleece Adult Hoodie - Promis.ro\" \/>\n<meta property=\"og:description\" content=\"\u00b7285 g\/m\u00b2 (Alb: 275 g\/m\u00b2) \u00b780% bumbac, filat \u00een inel, 20% poliester (Dark Heather: 50% bumbac, filat \u00een inel, 50% poliester \/ Sport Grey: 75% bumbac,\" \/>\n<meta property=\"og:url\" content=\"https:\/\/promis.ro\/ro\/produs\/softstyle-midweight-fleece-adult-hoodie\/\" \/>\n<meta property=\"og:site_name\" content=\"Promis.ro\" \/>\n<meta property=\"article:modified_time\" content=\"2025-11-15T06:45:30+00:00\" \/>\n<meta property=\"og:image\" content=\"https:\/\/promis.ro\/wp-content\/uploads\/2025\/11\/221_09_125_m-2023_03.jpg\" \/>\n\t<meta property=\"og:image:width\" content=\"1024\" \/>\n\t<meta property=\"og:image:height\" content=\"1304\" \/>\n\t<meta property=\"og:image:type\" content=\"image\/jpeg\" \/>\n<meta name=\"twitter:card\" content=\"summary_large_image\" \/>\n<script type=\"application\/ld+json\" class=\"yoast-schema-graph\">{\"@context\":\"https:\\\/\\\/schema.org\",\"@graph\":[{\"@type\":\"WebPage\",\"@id\":\"https:\\\/\\\/promis.ro\\\/product\\\/softstyle-midweight-fleece-adult-hoodie\\\/\",\"url\":\"https:\\\/\\\/promis.ro\\\/product\\\/softstyle-midweight-fleece-adult-hoodie\\\/\",\"name\":\"Softstyle Midweight Fleece Adult Hoodie - Promis.ro\",\"isPartOf\":{\"@id\":\"https:\\\/\\\/promis.ro\\\/#website\"},\"primaryImageOfPage\":{\"@id\":\"https:\\\/\\\/promis.ro\\\/product\\\/softstyle-midweight-fleece-adult-hoodie\\\/#primaryimage\"},\"image\":{\"@id\":\"https:\\\/\\\/promis.ro\\\/product\\\/softstyle-midweight-fleece-adult-hoodie\\\/#primaryimage\"},\"thumbnailUrl\":\"https:\\\/\\\/promis.ro\\\/wp-content\\\/uploads\\\/2025\\\/11\\\/221_09_125_m-2023_03.jpg\",\"datePublished\":\"2025-11-15T03:12:12+00:00\",\"dateModified\":\"2025-11-15T06:45:30+00:00\",\"description\":\"\u00b7285 g\\\/m\u00b2 (Alb: 275 g\\\/m\u00b2) \u00b780% bumbac, filat \u00een inel, 20% poliester (Dark Heather: 50% bumbac, filat \u00een inel, 50% poliester \\\/ Sport Grey: 75% bumbac,\",\"breadcrumb\":{\"@id\":\"https:\\\/\\\/promis.ro\\\/product\\\/softstyle-midweight-fleece-adult-hoodie\\\/#breadcrumb\"},\"inLanguage\":\"ro-RO\",\"potentialAction\":[{\"@type\":\"ReadAction\",\"target\":[\"https:\\\/\\\/promis.ro\\\/product\\\/softstyle-midweight-fleece-adult-hoodie\\\/\"]}]},{\"@type\":\"ImageObject\",\"inLanguage\":\"ro-RO\",\"@id\":\"https:\\\/\\\/promis.ro\\\/product\\\/softstyle-midweight-fleece-adult-hoodie\\\/#primaryimage\",\"url\":\"https:\\\/\\\/promis.ro\\\/wp-content\\\/uploads\\\/2025\\\/11\\\/221_09_125_m-2023_03.jpg\",\"contentUrl\":\"https:\\\/\\\/promis.ro\\\/wp-content\\\/uploads\\\/2025\\\/11\\\/221_09_125_m-2023_03.jpg\",\"width\":1024,\"height\":1304},{\"@type\":\"BreadcrumbList\",\"@id\":\"https:\\\/\\\/promis.ro\\\/product\\\/softstyle-midweight-fleece-adult-hoodie\\\/#breadcrumb\",\"itemListElement\":[{\"@type\":\"ListItem\",\"position\":1,\"name\":\"Home\",\"item\":\"https:\\\/\\\/promis.ro\\\/\"},{\"@type\":\"ListItem\",\"position\":2,\"name\":\"Magazin\",\"item\":\"https:\\\/\\\/promis.ro\\\/magazin\\\/\"},{\"@type\":\"ListItem\",\"position\":3,\"name\":\"Softstyle Midweight Fleece Adult Hoodie\"}]},{\"@type\":\"WebSite\",\"@id\":\"https:\\\/\\\/promis.ro\\\/#website\",\"url\":\"https:\\\/\\\/promis.ro\\\/\",\"name\":\"Promis.ro\",\"description\":\"\",\"potentialAction\":[{\"@type\":\"SearchAction\",\"target\":{\"@type\":\"EntryPoint\",\"urlTemplate\":\"https:\\\/\\\/promis.ro\\\/?s={search_term_string}\"},\"query-input\":{\"@type\":\"PropertyValueSpecification\",\"valueRequired\":true,\"valueName\":\"search_term_string\"}}],\"inLanguage\":\"ro-RO\"}]}<\/script>\n<!-- \/ Yoast SEO plugin. -->","yoast_head_json":{"title":"Softstyle Midweight Fleece Adult Hoodie - Promis.ro","description":"\u00b7285 g\/m\u00b2 (Alb: 275 g\/m\u00b2) \u00b780% bumbac, filat \u00een inel, 20% poliester (Dark Heather: 50% bumbac, filat \u00een inel, 50% poliester \/ Sport Grey: 75% bumbac,","robots":{"index":"index","follow":"follow","max-snippet":"max-snippet:-1","max-image-preview":"max-image-preview:large","max-video-preview":"max-video-preview:-1"},"canonical":"https:\/\/promis.ro\/ro\/produs\/softstyle-midweight-fleece-adult-hoodie\/","og_locale":"ro_RO","og_type":"article","og_title":"Softstyle Midweight Fleece Adult Hoodie - Promis.ro","og_description":"\u00b7285 g\/m\u00b2 (Alb: 275 g\/m\u00b2) \u00b780% bumbac, filat \u00een inel, 20% poliester (Dark Heather: 50% bumbac, filat \u00een inel, 50% poliester \/ Sport Grey: 75% bumbac,","og_url":"https:\/\/promis.ro\/ro\/produs\/softstyle-midweight-fleece-adult-hoodie\/","og_site_name":"Promis.ro","article_modified_time":"2025-11-15T06:45:30+00:00","og_image":[{"width":1024,"height":1304,"url":"https:\/\/promis.ro\/wp-content\/uploads\/2025\/11\/221_09_125_m-2023_03.jpg","type":"image\/jpeg"}],"twitter_card":"summary_large_image","schema":{"@context":"https:\/\/schema.org","@graph":[{"@type":"WebPage","@id":"https:\/\/promis.ro\/product\/softstyle-midweight-fleece-adult-hoodie\/","url":"https:\/\/promis.ro\/product\/softstyle-midweight-fleece-adult-hoodie\/","name":"Softstyle Midweight Fleece Adult Hoodie - Promis.ro","isPartOf":{"@id":"https:\/\/promis.ro\/#website"},"primaryImageOfPage":{"@id":"https:\/\/promis.ro\/product\/softstyle-midweight-fleece-adult-hoodie\/#primaryimage"},"image":{"@id":"https:\/\/promis.ro\/product\/softstyle-midweight-fleece-adult-hoodie\/#primaryimage"},"thumbnailUrl":"https:\/\/promis.ro\/wp-content\/uploads\/2025\/11\/221_09_125_m-2023_03.jpg","datePublished":"2025-11-15T03:12:12+00:00","dateModified":"2025-11-15T06:45:30+00:00","description":"\u00b7285 g\/m\u00b2 (Alb: 275 g\/m\u00b2) \u00b780% bumbac, filat \u00een inel, 20% poliester (Dark Heather: 50% bumbac, filat \u00een inel, 50% poliester \/ Sport Grey: 75% bumbac,","breadcrumb":{"@id":"https:\/\/promis.ro\/product\/softstyle-midweight-fleece-adult-hoodie\/#breadcrumb"},"inLanguage":"ro-RO","potentialAction":[{"@type":"ReadAction","target":["https:\/\/promis.ro\/product\/softstyle-midweight-fleece-adult-hoodie\/"]}]},{"@type":"ImageObject","inLanguage":"ro-RO","@id":"https:\/\/promis.ro\/product\/softstyle-midweight-fleece-adult-hoodie\/#primaryimage","url":"https:\/\/promis.ro\/wp-content\/uploads\/2025\/11\/221_09_125_m-2023_03.jpg","contentUrl":"https:\/\/promis.ro\/wp-content\/uploads\/2025\/11\/221_09_125_m-2023_03.jpg","width":1024,"height":1304},{"@type":"BreadcrumbList","@id":"https:\/\/promis.ro\/product\/softstyle-midweight-fleece-adult-hoodie\/#breadcrumb","itemListElement":[{"@type":"ListItem","position":1,"name":"Home","item":"https:\/\/promis.ro\/"},{"@type":"ListItem","position":2,"name":"Magazin","item":"https:\/\/promis.ro\/magazin\/"},{"@type":"ListItem","position":3,"name":"Softstyle Midweight Fleece Adult Hoodie"}]},{"@type":"WebSite","@id":"https:\/\/promis.ro\/#website","url":"https:\/\/promis.ro\/","name":"Promis.ro","description":"","potentialAction":[{"@type":"SearchAction","target":{"@type":"EntryPoint","urlTemplate":"https:\/\/promis.ro\/?s={search_term_string}"},"query-input":{"@type":"PropertyValueSpecification","valueRequired":true,"valueName":"search_term_string"}}],"inLanguage":"ro-RO"}]}},"_links":{"self":[{"href":"https:\/\/promis.ro\/ro\/wp-json\/wp\/v2\/product\/233578","targetHints":{"allow":["GET"]}}],"collection":[{"href":"https:\/\/promis.ro\/ro\/wp-json\/wp\/v2\/product"}],"about":[{"href":"https:\/\/promis.ro\/ro\/wp-json\/wp\/v2\/types\/product"}],"replies":[{"embeddable":true,"href":"https:\/\/promis.ro\/ro\/wp-json\/wp\/v2\/comments?post=233578"}],"version-history":[{"count":1,"href":"https:\/\/promis.ro\/ro\/wp-json\/wp\/v2\/product\/233578\/revisions"}],"predecessor-version":[{"id":263730,"href":"https:\/\/promis.ro\/ro\/wp-json\/wp\/v2\/product\/233578\/revisions\/263730"}],"wp:featuredmedia":[{"embeddable":true,"href":"https:\/\/promis.ro\/ro\/wp-json\/wp\/v2\/media\/233575"}],"wp:attachment":[{"href":"https:\/\/promis.ro\/ro\/wp-json\/wp\/v2\/media?parent=233578"}],"wp:term":[{"taxonomy":"product_brand","embeddable":true,"href":"https:\/\/promis.ro\/ro\/wp-json\/wp\/v2\/product_brand?post=233578"},{"taxonomy":"product_cat","embeddable":true,"href":"https:\/\/promis.ro\/ro\/wp-json\/wp\/v2\/product_cat?post=233578"},{"taxonomy":"product_tag","embeddable":true,"href":"https:\/\/promis.ro\/ro\/wp-json\/wp\/v2\/product_tag?post=233578"}],"curies":[{"name":"wp","href":"https:\/\/api.w.org\/{rel}","templated":true}]}}