{"id":233729,"date":"2025-11-15T03:15:30","date_gmt":"2025-11-15T03:15:30","guid":{"rendered":"https:\/\/promis.ro\/product\/recycled-padded-jacket\/"},"modified":"2025-11-15T06:46:02","modified_gmt":"2025-11-15T06:46:02","slug":"recycled-padded-jacket","status":"publish","type":"product","link":"https:\/\/promis.ro\/ro\/produs\/recycled-padded-jacket\/","title":{"rendered":"Recycled Padded Jacket"},"content":{"rendered":"<p><strong>Exterior:<\/strong> 100% nailon, reciclat<\/p>\n<p><strong>Vat\u0103:<\/strong> 260 g\/m\u00b2, 100% poliester, reciclat\u0103<\/p>\n<p><strong>C\u0103ptu\u0219eal\u0103:<\/strong> 100% nailon, reciclat<\/p>\n<p><strong>Rezistent la ap\u0103, respirabil \u0219i rezistent la v\u00e2nt<\/strong><\/p>\n<p><strong>Design matlasat la mod\u0103<\/strong><\/p>\n<p><strong>Fermoar rezistent cu barbie \u0219i clap\u0103 de furtun\u0103 interioar\u0103<\/strong><\/p>\n<p><strong>Bucla suspendat\u0103<\/strong><\/p>\n<p><strong>Buzunare interioare<\/strong><\/p>\n<p><strong>Buzunare laterale cu fermoar<\/strong><\/p>\n<p><strong>Man\u0219et\u0103 \u0219i tiv cu elastic negru<\/strong><\/p>\n<p><strong>\u021aes\u0103tur\u0103 reciclat\u0103<\/strong> folosind materiale ecologice, fabricate din 18 sticle de plastic reciclate \u0219i de\u0219euri post-industriale, oferind un echivalent durabil cu firele conven\u021bionale.<\/p>","protected":false},"excerpt":{"rendered":"<p>Exterior: 100% nailon, reciclat Vat\u0103: 260 g\/m\u00b2, 100% poliester, reciclat\u0103 C\u0103ptu\u0219eal\u0103: 100% nailon, reciclat Rezistent la ap\u0103, respirabil \u0219i rezistent<\/p>","protected":false},"featured_media":233725,"comment_status":"open","ping_status":"closed","template":"","meta":[],"product_brand":[],"product_cat":[193],"product_tag":[],"class_list":{"0":"post-233729","1":"product","2":"type-product","3":"status-publish","4":"has-post-thumbnail","6":"product_cat-ploaie-si-frig","8":"first","9":"instock","10":"shipping-taxable","11":"purchasable","12":"product-type-variable"},"yoast_head":"<!-- This site is optimized with the Yoast SEO plugin v27.4 - https:\/\/yoast.com\/product\/yoast-seo-wordpress\/ -->\n<title>Recycled Padded Jacket - Promis.ro<\/title>\n<meta name=\"description\" content=\"Exterior: 100% nailon, reciclat Vat\u0103: 260 g\/m\u00b2, 100% poliester, reciclat\u0103 C\u0103ptu\u0219eal\u0103: 100% nailon, reciclat Rezistent la ap\u0103, respirabil \u0219i rezistent la\" \/>\n<meta name=\"robots\" content=\"index, follow, max-snippet:-1, max-image-preview:large, max-video-preview:-1\" \/>\n<link rel=\"canonical\" href=\"https:\/\/promis.ro\/ro\/produs\/recycled-padded-jacket\/\" \/>\n<meta property=\"og:locale\" content=\"ro_RO\" \/>\n<meta property=\"og:type\" content=\"article\" \/>\n<meta property=\"og:title\" content=\"Recycled Padded Jacket - Promis.ro\" \/>\n<meta property=\"og:description\" content=\"Exterior: 100% nailon, reciclat Vat\u0103: 260 g\/m\u00b2, 100% poliester, reciclat\u0103 C\u0103ptu\u0219eal\u0103: 100% nailon, reciclat Rezistent la ap\u0103, respirabil \u0219i rezistent la\" \/>\n<meta property=\"og:url\" content=\"https:\/\/promis.ro\/ro\/produs\/recycled-padded-jacket\/\" \/>\n<meta property=\"og:site_name\" content=\"Promis.ro\" \/>\n<meta property=\"article:modified_time\" content=\"2025-11-15T06:46:02+00:00\" \/>\n<meta property=\"og:image\" content=\"https:\/\/promis.ro\/wp-content\/uploads\/2025\/11\/215_33_200_m-2025_01.jpg\" \/>\n\t<meta property=\"og:image:width\" content=\"1024\" \/>\n\t<meta property=\"og:image:height\" content=\"1304\" \/>\n\t<meta property=\"og:image:type\" content=\"image\/jpeg\" \/>\n<meta name=\"twitter:card\" content=\"summary_large_image\" \/>\n<script type=\"application\/ld+json\" class=\"yoast-schema-graph\">{\"@context\":\"https:\\\/\\\/schema.org\",\"@graph\":[{\"@type\":\"WebPage\",\"@id\":\"https:\\\/\\\/promis.ro\\\/product\\\/recycled-padded-jacket\\\/\",\"url\":\"https:\\\/\\\/promis.ro\\\/product\\\/recycled-padded-jacket\\\/\",\"name\":\"Recycled Padded Jacket - Promis.ro\",\"isPartOf\":{\"@id\":\"https:\\\/\\\/promis.ro\\\/#website\"},\"primaryImageOfPage\":{\"@id\":\"https:\\\/\\\/promis.ro\\\/product\\\/recycled-padded-jacket\\\/#primaryimage\"},\"image\":{\"@id\":\"https:\\\/\\\/promis.ro\\\/product\\\/recycled-padded-jacket\\\/#primaryimage\"},\"thumbnailUrl\":\"https:\\\/\\\/promis.ro\\\/wp-content\\\/uploads\\\/2025\\\/11\\\/215_33_200_m-2025_01.jpg\",\"datePublished\":\"2025-11-15T03:15:30+00:00\",\"dateModified\":\"2025-11-15T06:46:02+00:00\",\"description\":\"Exterior: 100% nailon, reciclat Vat\u0103: 260 g\\\/m\u00b2, 100% poliester, reciclat\u0103 C\u0103ptu\u0219eal\u0103: 100% nailon, reciclat Rezistent la ap\u0103, respirabil \u0219i rezistent la\",\"breadcrumb\":{\"@id\":\"https:\\\/\\\/promis.ro\\\/product\\\/recycled-padded-jacket\\\/#breadcrumb\"},\"inLanguage\":\"ro-RO\",\"potentialAction\":[{\"@type\":\"ReadAction\",\"target\":[\"https:\\\/\\\/promis.ro\\\/product\\\/recycled-padded-jacket\\\/\"]}]},{\"@type\":\"ImageObject\",\"inLanguage\":\"ro-RO\",\"@id\":\"https:\\\/\\\/promis.ro\\\/product\\\/recycled-padded-jacket\\\/#primaryimage\",\"url\":\"https:\\\/\\\/promis.ro\\\/wp-content\\\/uploads\\\/2025\\\/11\\\/215_33_200_m-2025_01.jpg\",\"contentUrl\":\"https:\\\/\\\/promis.ro\\\/wp-content\\\/uploads\\\/2025\\\/11\\\/215_33_200_m-2025_01.jpg\",\"width\":1024,\"height\":1304},{\"@type\":\"BreadcrumbList\",\"@id\":\"https:\\\/\\\/promis.ro\\\/product\\\/recycled-padded-jacket\\\/#breadcrumb\",\"itemListElement\":[{\"@type\":\"ListItem\",\"position\":1,\"name\":\"Home\",\"item\":\"https:\\\/\\\/promis.ro\\\/\"},{\"@type\":\"ListItem\",\"position\":2,\"name\":\"Magazin\",\"item\":\"https:\\\/\\\/promis.ro\\\/magazin\\\/\"},{\"@type\":\"ListItem\",\"position\":3,\"name\":\"Recycled Padded Jacket\"}]},{\"@type\":\"WebSite\",\"@id\":\"https:\\\/\\\/promis.ro\\\/#website\",\"url\":\"https:\\\/\\\/promis.ro\\\/\",\"name\":\"Promis.ro\",\"description\":\"\",\"potentialAction\":[{\"@type\":\"SearchAction\",\"target\":{\"@type\":\"EntryPoint\",\"urlTemplate\":\"https:\\\/\\\/promis.ro\\\/?s={search_term_string}\"},\"query-input\":{\"@type\":\"PropertyValueSpecification\",\"valueRequired\":true,\"valueName\":\"search_term_string\"}}],\"inLanguage\":\"ro-RO\"}]}<\/script>\n<!-- \/ Yoast SEO plugin. -->","yoast_head_json":{"title":"Recycled Padded Jacket - Promis.ro","description":"Exterior: 100% nailon, reciclat Vat\u0103: 260 g\/m\u00b2, 100% poliester, reciclat\u0103 C\u0103ptu\u0219eal\u0103: 100% nailon, reciclat Rezistent la ap\u0103, respirabil \u0219i rezistent la","robots":{"index":"index","follow":"follow","max-snippet":"max-snippet:-1","max-image-preview":"max-image-preview:large","max-video-preview":"max-video-preview:-1"},"canonical":"https:\/\/promis.ro\/ro\/produs\/recycled-padded-jacket\/","og_locale":"ro_RO","og_type":"article","og_title":"Recycled Padded Jacket - Promis.ro","og_description":"Exterior: 100% nailon, reciclat Vat\u0103: 260 g\/m\u00b2, 100% poliester, reciclat\u0103 C\u0103ptu\u0219eal\u0103: 100% nailon, reciclat Rezistent la ap\u0103, respirabil \u0219i rezistent la","og_url":"https:\/\/promis.ro\/ro\/produs\/recycled-padded-jacket\/","og_site_name":"Promis.ro","article_modified_time":"2025-11-15T06:46:02+00:00","og_image":[{"width":1024,"height":1304,"url":"https:\/\/promis.ro\/wp-content\/uploads\/2025\/11\/215_33_200_m-2025_01.jpg","type":"image\/jpeg"}],"twitter_card":"summary_large_image","schema":{"@context":"https:\/\/schema.org","@graph":[{"@type":"WebPage","@id":"https:\/\/promis.ro\/product\/recycled-padded-jacket\/","url":"https:\/\/promis.ro\/product\/recycled-padded-jacket\/","name":"Recycled Padded Jacket - Promis.ro","isPartOf":{"@id":"https:\/\/promis.ro\/#website"},"primaryImageOfPage":{"@id":"https:\/\/promis.ro\/product\/recycled-padded-jacket\/#primaryimage"},"image":{"@id":"https:\/\/promis.ro\/product\/recycled-padded-jacket\/#primaryimage"},"thumbnailUrl":"https:\/\/promis.ro\/wp-content\/uploads\/2025\/11\/215_33_200_m-2025_01.jpg","datePublished":"2025-11-15T03:15:30+00:00","dateModified":"2025-11-15T06:46:02+00:00","description":"Exterior: 100% nailon, reciclat Vat\u0103: 260 g\/m\u00b2, 100% poliester, reciclat\u0103 C\u0103ptu\u0219eal\u0103: 100% nailon, reciclat Rezistent la ap\u0103, respirabil \u0219i rezistent la","breadcrumb":{"@id":"https:\/\/promis.ro\/product\/recycled-padded-jacket\/#breadcrumb"},"inLanguage":"ro-RO","potentialAction":[{"@type":"ReadAction","target":["https:\/\/promis.ro\/product\/recycled-padded-jacket\/"]}]},{"@type":"ImageObject","inLanguage":"ro-RO","@id":"https:\/\/promis.ro\/product\/recycled-padded-jacket\/#primaryimage","url":"https:\/\/promis.ro\/wp-content\/uploads\/2025\/11\/215_33_200_m-2025_01.jpg","contentUrl":"https:\/\/promis.ro\/wp-content\/uploads\/2025\/11\/215_33_200_m-2025_01.jpg","width":1024,"height":1304},{"@type":"BreadcrumbList","@id":"https:\/\/promis.ro\/product\/recycled-padded-jacket\/#breadcrumb","itemListElement":[{"@type":"ListItem","position":1,"name":"Home","item":"https:\/\/promis.ro\/"},{"@type":"ListItem","position":2,"name":"Magazin","item":"https:\/\/promis.ro\/magazin\/"},{"@type":"ListItem","position":3,"name":"Recycled Padded Jacket"}]},{"@type":"WebSite","@id":"https:\/\/promis.ro\/#website","url":"https:\/\/promis.ro\/","name":"Promis.ro","description":"","potentialAction":[{"@type":"SearchAction","target":{"@type":"EntryPoint","urlTemplate":"https:\/\/promis.ro\/?s={search_term_string}"},"query-input":{"@type":"PropertyValueSpecification","valueRequired":true,"valueName":"search_term_string"}}],"inLanguage":"ro-RO"}]}},"_links":{"self":[{"href":"https:\/\/promis.ro\/ro\/wp-json\/wp\/v2\/product\/233729","targetHints":{"allow":["GET"]}}],"collection":[{"href":"https:\/\/promis.ro\/ro\/wp-json\/wp\/v2\/product"}],"about":[{"href":"https:\/\/promis.ro\/ro\/wp-json\/wp\/v2\/types\/product"}],"replies":[{"embeddable":true,"href":"https:\/\/promis.ro\/ro\/wp-json\/wp\/v2\/comments?post=233729"}],"version-history":[{"count":1,"href":"https:\/\/promis.ro\/ro\/wp-json\/wp\/v2\/product\/233729\/revisions"}],"predecessor-version":[{"id":263768,"href":"https:\/\/promis.ro\/ro\/wp-json\/wp\/v2\/product\/233729\/revisions\/263768"}],"wp:featuredmedia":[{"embeddable":true,"href":"https:\/\/promis.ro\/ro\/wp-json\/wp\/v2\/media\/233725"}],"wp:attachment":[{"href":"https:\/\/promis.ro\/ro\/wp-json\/wp\/v2\/media?parent=233729"}],"wp:term":[{"taxonomy":"product_brand","embeddable":true,"href":"https:\/\/promis.ro\/ro\/wp-json\/wp\/v2\/product_brand?post=233729"},{"taxonomy":"product_cat","embeddable":true,"href":"https:\/\/promis.ro\/ro\/wp-json\/wp\/v2\/product_cat?post=233729"},{"taxonomy":"product_tag","embeddable":true,"href":"https:\/\/promis.ro\/ro\/wp-json\/wp\/v2\/product_tag?post=233729"}],"curies":[{"name":"wp","href":"https:\/\/api.w.org\/{rel}","templated":true}]}}