{"id":233797,"date":"2025-11-15T03:17:02","date_gmt":"2025-11-15T03:17:02","guid":{"rendered":"https:\/\/promis.ro\/product\/workwear-set-in-sweatshirt\/"},"modified":"2025-11-15T06:46:03","modified_gmt":"2025-11-15T06:46:03","slug":"workwear-set-in-sweatshirt","status":"publish","type":"product","link":"https:\/\/promis.ro\/ro\/produs\/workwear-set-in-sweatshirt\/","title":{"rendered":"Workwear Set-In Sweatshirt"},"content":{"rendered":"<ul>\n<li>300 g\/m\u00b2<\/li>\n<li>80% bumbac ringspun, 20% poliester<\/li>\n<li>suprafa\u0163\u0103 rezistent\u0103 la murd\u0103rire SpotShield\u2122<\/li>\n<li>platca de pe spate \u00eent\u0103rit\u0103<\/li>\n<li>strat dublu de material pe umeri pentru durabilitatea mai lung\u0103<\/li>\n<li>buzunar pentru pix sau stilou pe m\u00e2nec\u0103<\/li>\n<li>str\u00e2ngerile la m\u00e2neci cu adaos de elastan<\/li>\n<li>posibilitatea de sp\u0103lare \u00een ma\u015fina de sp\u0103lat automat\u0103 la temperatura de maxim 60\u00b0C<\/li>\n<li>Se poate sp\u0103la \u00een ma\u015fina de sp\u0103lat p\u00e2n\u0103 la 60\u00b0C.<\/li>\n<\/ul>","protected":false},"excerpt":{"rendered":"<p>300 g\/m\u00b2 80% bumbac ringspun, 20% poliester suprafa\u0163\u0103 rezistent\u0103 la murd\u0103rire SpotShield\u2122 platca de pe spate \u00eent\u0103rit\u0103 strat dublu de<\/p>","protected":false},"featured_media":233792,"comment_status":"open","ping_status":"closed","template":"","meta":[],"product_brand":[],"product_cat":[193],"product_tag":[],"class_list":{"0":"post-233797","1":"product","2":"type-product","3":"status-publish","4":"has-post-thumbnail","6":"product_cat-ploaie-si-frig","8":"first","9":"instock","10":"shipping-taxable","11":"purchasable","12":"product-type-variable"},"yoast_head":"<!-- This site is optimized with the Yoast SEO plugin v27.4 - https:\/\/yoast.com\/product\/yoast-seo-wordpress\/ -->\n<title>Workwear Set-In Sweatshirt - Promis.ro<\/title>\n<meta name=\"description\" content=\"300 g\/m\u00b2 80% bumbac ringspun, 20% poliester suprafa\u0163\u0103 rezistent\u0103 la murd\u0103rire SpotShield\u2122 platca de pe spate \u00eent\u0103rit\u0103 strat dublu de material pe umeri\" \/>\n<meta name=\"robots\" content=\"index, follow, max-snippet:-1, max-image-preview:large, max-video-preview:-1\" \/>\n<link rel=\"canonical\" href=\"https:\/\/promis.ro\/ro\/produs\/workwear-set-in-sweatshirt\/\" \/>\n<meta property=\"og:locale\" content=\"ro_RO\" \/>\n<meta property=\"og:type\" content=\"article\" \/>\n<meta property=\"og:title\" content=\"Workwear Set-In Sweatshirt - Promis.ro\" \/>\n<meta property=\"og:description\" content=\"300 g\/m\u00b2 80% bumbac ringspun, 20% poliester suprafa\u0163\u0103 rezistent\u0103 la murd\u0103rire SpotShield\u2122 platca de pe spate \u00eent\u0103rit\u0103 strat dublu de material pe umeri\" \/>\n<meta property=\"og:url\" content=\"https:\/\/promis.ro\/ro\/produs\/workwear-set-in-sweatshirt\/\" \/>\n<meta property=\"og:site_name\" content=\"Promis.ro\" \/>\n<meta property=\"article:modified_time\" content=\"2025-11-15T06:46:03+00:00\" \/>\n<meta property=\"og:image\" content=\"https:\/\/promis.ro\/wp-content\/uploads\/2025\/11\/213_00_410_m-2023_01.jpg\" \/>\n\t<meta property=\"og:image:width\" content=\"1024\" \/>\n\t<meta property=\"og:image:height\" content=\"1304\" \/>\n\t<meta property=\"og:image:type\" content=\"image\/jpeg\" \/>\n<meta name=\"twitter:card\" content=\"summary_large_image\" \/>\n<script type=\"application\/ld+json\" class=\"yoast-schema-graph\">{\"@context\":\"https:\\\/\\\/schema.org\",\"@graph\":[{\"@type\":\"WebPage\",\"@id\":\"https:\\\/\\\/promis.ro\\\/product\\\/workwear-set-in-sweatshirt\\\/\",\"url\":\"https:\\\/\\\/promis.ro\\\/product\\\/workwear-set-in-sweatshirt\\\/\",\"name\":\"Workwear Set-In Sweatshirt - Promis.ro\",\"isPartOf\":{\"@id\":\"https:\\\/\\\/promis.ro\\\/#website\"},\"primaryImageOfPage\":{\"@id\":\"https:\\\/\\\/promis.ro\\\/product\\\/workwear-set-in-sweatshirt\\\/#primaryimage\"},\"image\":{\"@id\":\"https:\\\/\\\/promis.ro\\\/product\\\/workwear-set-in-sweatshirt\\\/#primaryimage\"},\"thumbnailUrl\":\"https:\\\/\\\/promis.ro\\\/wp-content\\\/uploads\\\/2025\\\/11\\\/213_00_410_m-2023_01.jpg\",\"datePublished\":\"2025-11-15T03:17:02+00:00\",\"dateModified\":\"2025-11-15T06:46:03+00:00\",\"description\":\"300 g\\\/m\u00b2 80% bumbac ringspun, 20% poliester suprafa\u0163\u0103 rezistent\u0103 la murd\u0103rire SpotShield\u2122 platca de pe spate \u00eent\u0103rit\u0103 strat dublu de material pe umeri\",\"breadcrumb\":{\"@id\":\"https:\\\/\\\/promis.ro\\\/product\\\/workwear-set-in-sweatshirt\\\/#breadcrumb\"},\"inLanguage\":\"ro-RO\",\"potentialAction\":[{\"@type\":\"ReadAction\",\"target\":[\"https:\\\/\\\/promis.ro\\\/product\\\/workwear-set-in-sweatshirt\\\/\"]}]},{\"@type\":\"ImageObject\",\"inLanguage\":\"ro-RO\",\"@id\":\"https:\\\/\\\/promis.ro\\\/product\\\/workwear-set-in-sweatshirt\\\/#primaryimage\",\"url\":\"https:\\\/\\\/promis.ro\\\/wp-content\\\/uploads\\\/2025\\\/11\\\/213_00_410_m-2023_01.jpg\",\"contentUrl\":\"https:\\\/\\\/promis.ro\\\/wp-content\\\/uploads\\\/2025\\\/11\\\/213_00_410_m-2023_01.jpg\",\"width\":1024,\"height\":1304},{\"@type\":\"BreadcrumbList\",\"@id\":\"https:\\\/\\\/promis.ro\\\/product\\\/workwear-set-in-sweatshirt\\\/#breadcrumb\",\"itemListElement\":[{\"@type\":\"ListItem\",\"position\":1,\"name\":\"Home\",\"item\":\"https:\\\/\\\/promis.ro\\\/\"},{\"@type\":\"ListItem\",\"position\":2,\"name\":\"Magazin\",\"item\":\"https:\\\/\\\/promis.ro\\\/magazin\\\/\"},{\"@type\":\"ListItem\",\"position\":3,\"name\":\"Workwear Set-In Sweatshirt\"}]},{\"@type\":\"WebSite\",\"@id\":\"https:\\\/\\\/promis.ro\\\/#website\",\"url\":\"https:\\\/\\\/promis.ro\\\/\",\"name\":\"Promis.ro\",\"description\":\"\",\"potentialAction\":[{\"@type\":\"SearchAction\",\"target\":{\"@type\":\"EntryPoint\",\"urlTemplate\":\"https:\\\/\\\/promis.ro\\\/?s={search_term_string}\"},\"query-input\":{\"@type\":\"PropertyValueSpecification\",\"valueRequired\":true,\"valueName\":\"search_term_string\"}}],\"inLanguage\":\"ro-RO\"}]}<\/script>\n<!-- \/ Yoast SEO plugin. -->","yoast_head_json":{"title":"Workwear Set-In Sweatshirt - Promis.ro","description":"300 g\/m\u00b2 80% bumbac ringspun, 20% poliester suprafa\u0163\u0103 rezistent\u0103 la murd\u0103rire SpotShield\u2122 platca de pe spate \u00eent\u0103rit\u0103 strat dublu de material pe umeri","robots":{"index":"index","follow":"follow","max-snippet":"max-snippet:-1","max-image-preview":"max-image-preview:large","max-video-preview":"max-video-preview:-1"},"canonical":"https:\/\/promis.ro\/ro\/produs\/workwear-set-in-sweatshirt\/","og_locale":"ro_RO","og_type":"article","og_title":"Workwear Set-In Sweatshirt - Promis.ro","og_description":"300 g\/m\u00b2 80% bumbac ringspun, 20% poliester suprafa\u0163\u0103 rezistent\u0103 la murd\u0103rire SpotShield\u2122 platca de pe spate \u00eent\u0103rit\u0103 strat dublu de material pe umeri","og_url":"https:\/\/promis.ro\/ro\/produs\/workwear-set-in-sweatshirt\/","og_site_name":"Promis.ro","article_modified_time":"2025-11-15T06:46:03+00:00","og_image":[{"width":1024,"height":1304,"url":"https:\/\/promis.ro\/wp-content\/uploads\/2025\/11\/213_00_410_m-2023_01.jpg","type":"image\/jpeg"}],"twitter_card":"summary_large_image","schema":{"@context":"https:\/\/schema.org","@graph":[{"@type":"WebPage","@id":"https:\/\/promis.ro\/product\/workwear-set-in-sweatshirt\/","url":"https:\/\/promis.ro\/product\/workwear-set-in-sweatshirt\/","name":"Workwear Set-In Sweatshirt - Promis.ro","isPartOf":{"@id":"https:\/\/promis.ro\/#website"},"primaryImageOfPage":{"@id":"https:\/\/promis.ro\/product\/workwear-set-in-sweatshirt\/#primaryimage"},"image":{"@id":"https:\/\/promis.ro\/product\/workwear-set-in-sweatshirt\/#primaryimage"},"thumbnailUrl":"https:\/\/promis.ro\/wp-content\/uploads\/2025\/11\/213_00_410_m-2023_01.jpg","datePublished":"2025-11-15T03:17:02+00:00","dateModified":"2025-11-15T06:46:03+00:00","description":"300 g\/m\u00b2 80% bumbac ringspun, 20% poliester suprafa\u0163\u0103 rezistent\u0103 la murd\u0103rire SpotShield\u2122 platca de pe spate \u00eent\u0103rit\u0103 strat dublu de material pe umeri","breadcrumb":{"@id":"https:\/\/promis.ro\/product\/workwear-set-in-sweatshirt\/#breadcrumb"},"inLanguage":"ro-RO","potentialAction":[{"@type":"ReadAction","target":["https:\/\/promis.ro\/product\/workwear-set-in-sweatshirt\/"]}]},{"@type":"ImageObject","inLanguage":"ro-RO","@id":"https:\/\/promis.ro\/product\/workwear-set-in-sweatshirt\/#primaryimage","url":"https:\/\/promis.ro\/wp-content\/uploads\/2025\/11\/213_00_410_m-2023_01.jpg","contentUrl":"https:\/\/promis.ro\/wp-content\/uploads\/2025\/11\/213_00_410_m-2023_01.jpg","width":1024,"height":1304},{"@type":"BreadcrumbList","@id":"https:\/\/promis.ro\/product\/workwear-set-in-sweatshirt\/#breadcrumb","itemListElement":[{"@type":"ListItem","position":1,"name":"Home","item":"https:\/\/promis.ro\/"},{"@type":"ListItem","position":2,"name":"Magazin","item":"https:\/\/promis.ro\/magazin\/"},{"@type":"ListItem","position":3,"name":"Workwear Set-In Sweatshirt"}]},{"@type":"WebSite","@id":"https:\/\/promis.ro\/#website","url":"https:\/\/promis.ro\/","name":"Promis.ro","description":"","potentialAction":[{"@type":"SearchAction","target":{"@type":"EntryPoint","urlTemplate":"https:\/\/promis.ro\/?s={search_term_string}"},"query-input":{"@type":"PropertyValueSpecification","valueRequired":true,"valueName":"search_term_string"}}],"inLanguage":"ro-RO"}]}},"_links":{"self":[{"href":"https:\/\/promis.ro\/ro\/wp-json\/wp\/v2\/product\/233797","targetHints":{"allow":["GET"]}}],"collection":[{"href":"https:\/\/promis.ro\/ro\/wp-json\/wp\/v2\/product"}],"about":[{"href":"https:\/\/promis.ro\/ro\/wp-json\/wp\/v2\/types\/product"}],"replies":[{"embeddable":true,"href":"https:\/\/promis.ro\/ro\/wp-json\/wp\/v2\/comments?post=233797"}],"version-history":[{"count":1,"href":"https:\/\/promis.ro\/ro\/wp-json\/wp\/v2\/product\/233797\/revisions"}],"predecessor-version":[{"id":263771,"href":"https:\/\/promis.ro\/ro\/wp-json\/wp\/v2\/product\/233797\/revisions\/263771"}],"wp:featuredmedia":[{"embeddable":true,"href":"https:\/\/promis.ro\/ro\/wp-json\/wp\/v2\/media\/233792"}],"wp:attachment":[{"href":"https:\/\/promis.ro\/ro\/wp-json\/wp\/v2\/media?parent=233797"}],"wp:term":[{"taxonomy":"product_brand","embeddable":true,"href":"https:\/\/promis.ro\/ro\/wp-json\/wp\/v2\/product_brand?post=233797"},{"taxonomy":"product_cat","embeddable":true,"href":"https:\/\/promis.ro\/ro\/wp-json\/wp\/v2\/product_cat?post=233797"},{"taxonomy":"product_tag","embeddable":true,"href":"https:\/\/promis.ro\/ro\/wp-json\/wp\/v2\/product_tag?post=233797"}],"curies":[{"name":"wp","href":"https:\/\/api.w.org\/{rel}","templated":true}]}}