{"id":233821,"date":"2025-11-15T03:17:33","date_gmt":"2025-11-15T03:17:33","guid":{"rendered":"https:\/\/promis.ro\/product\/unisex-sponge-fleece-pullover-dtm-hoodie\/"},"modified":"2025-11-15T06:46:06","modified_gmt":"2025-11-15T06:46:06","slug":"unisex-sponge-fleece-pullover-dtm-hoodie","status":"publish","type":"product","link":"https:\/\/promis.ro\/ro\/produs\/unisex-sponge-fleece-pullover-dtm-hoodie\/","title":{"rendered":"Unisex Sponge Fleece Pullover DTM Hoodie"},"content":{"rendered":"<p><strong>Specifica\u021bii:<\/strong><\/p>\n<ul>\n<li>227 g\/m\u00b2<\/li>\n<li>52% bumbac, piept\u0103nat \u0219i filat \u00een inel, 48% poliester<\/li>\n<li>Heather atletic: 90% bumbac, 10% poliester<\/li>\n<li>Pre-str\u00e2ns<\/li>\n<li>Vopsit gros pentru a se potrivi cu snururile de tragere<\/li>\n<li>Man\u0219ete \u0219i talie cu coaste<\/li>\n<li>Buzunare cangur<\/li>\n<li>Cus\u0103tur\u0103 lateral\u0103<\/li>\n<li>Etichet\u0103 deta\u0219abil\u0103<\/li>\n<li>Retail fit<\/li>\n<li>Marime unisex<\/li>\n<\/ul>","protected":false},"excerpt":{"rendered":"<p>Specifica\u021bii: 227 g\/m\u00b2 52% bumbac, piept\u0103nat \u0219i filat \u00een inel, 48% poliester Heather atletic: 90% bumbac, 10% poliester Pre-str\u00e2ns Vopsit<\/p>","protected":false},"featured_media":233816,"comment_status":"open","ping_status":"closed","template":"","meta":[],"product_brand":[],"product_cat":[191],"product_tag":[],"class_list":{"0":"post-233821","1":"product","2":"type-product","3":"status-publish","4":"has-post-thumbnail","6":"product_cat-textile","8":"first","9":"instock","10":"shipping-taxable","11":"purchasable","12":"product-type-variable"},"yoast_head":"<!-- This site is optimized with the Yoast SEO plugin v27.4 - https:\/\/yoast.com\/product\/yoast-seo-wordpress\/ -->\n<title>Unisex Sponge Fleece Pullover DTM Hoodie - Promis.ro<\/title>\n<meta name=\"description\" content=\"Specifica\u021bii: 227 g\/m\u00b2 52% bumbac, piept\u0103nat \u0219i filat \u00een inel, 48% poliester Heather atletic: 90% bumbac, 10% poliester Pre-str\u00e2ns Vopsit gros pentru a se\" \/>\n<meta name=\"robots\" content=\"index, follow, max-snippet:-1, max-image-preview:large, max-video-preview:-1\" \/>\n<link rel=\"canonical\" href=\"https:\/\/promis.ro\/ro\/produs\/unisex-sponge-fleece-pullover-dtm-hoodie\/\" \/>\n<meta property=\"og:locale\" content=\"ro_RO\" \/>\n<meta property=\"og:type\" content=\"article\" \/>\n<meta property=\"og:title\" content=\"Unisex Sponge Fleece Pullover DTM Hoodie - Promis.ro\" \/>\n<meta property=\"og:description\" content=\"Specifica\u021bii: 227 g\/m\u00b2 52% bumbac, piept\u0103nat \u0219i filat \u00een inel, 48% poliester Heather atletic: 90% bumbac, 10% poliester Pre-str\u00e2ns Vopsit gros pentru a se\" \/>\n<meta property=\"og:url\" content=\"https:\/\/promis.ro\/ro\/produs\/unisex-sponge-fleece-pullover-dtm-hoodie\/\" \/>\n<meta property=\"og:site_name\" content=\"Promis.ro\" \/>\n<meta property=\"article:modified_time\" content=\"2025-11-15T06:46:06+00:00\" \/>\n<meta property=\"og:image\" content=\"https:\/\/promis.ro\/wp-content\/uploads\/2025\/11\/212_06_343_m-2025_01.jpg\" \/>\n\t<meta property=\"og:image:width\" content=\"1024\" \/>\n\t<meta property=\"og:image:height\" content=\"1304\" \/>\n\t<meta property=\"og:image:type\" content=\"image\/jpeg\" \/>\n<meta name=\"twitter:card\" content=\"summary_large_image\" \/>\n<script type=\"application\/ld+json\" class=\"yoast-schema-graph\">{\"@context\":\"https:\\\/\\\/schema.org\",\"@graph\":[{\"@type\":\"WebPage\",\"@id\":\"https:\\\/\\\/promis.ro\\\/product\\\/unisex-sponge-fleece-pullover-dtm-hoodie\\\/\",\"url\":\"https:\\\/\\\/promis.ro\\\/product\\\/unisex-sponge-fleece-pullover-dtm-hoodie\\\/\",\"name\":\"Unisex Sponge Fleece Pullover DTM Hoodie - Promis.ro\",\"isPartOf\":{\"@id\":\"https:\\\/\\\/promis.ro\\\/#website\"},\"primaryImageOfPage\":{\"@id\":\"https:\\\/\\\/promis.ro\\\/product\\\/unisex-sponge-fleece-pullover-dtm-hoodie\\\/#primaryimage\"},\"image\":{\"@id\":\"https:\\\/\\\/promis.ro\\\/product\\\/unisex-sponge-fleece-pullover-dtm-hoodie\\\/#primaryimage\"},\"thumbnailUrl\":\"https:\\\/\\\/promis.ro\\\/wp-content\\\/uploads\\\/2025\\\/11\\\/212_06_343_m-2025_01.jpg\",\"datePublished\":\"2025-11-15T03:17:33+00:00\",\"dateModified\":\"2025-11-15T06:46:06+00:00\",\"description\":\"Specifica\u021bii: 227 g\\\/m\u00b2 52% bumbac, piept\u0103nat \u0219i filat \u00een inel, 48% poliester Heather atletic: 90% bumbac, 10% poliester Pre-str\u00e2ns Vopsit gros pentru a se\",\"breadcrumb\":{\"@id\":\"https:\\\/\\\/promis.ro\\\/product\\\/unisex-sponge-fleece-pullover-dtm-hoodie\\\/#breadcrumb\"},\"inLanguage\":\"ro-RO\",\"potentialAction\":[{\"@type\":\"ReadAction\",\"target\":[\"https:\\\/\\\/promis.ro\\\/product\\\/unisex-sponge-fleece-pullover-dtm-hoodie\\\/\"]}]},{\"@type\":\"ImageObject\",\"inLanguage\":\"ro-RO\",\"@id\":\"https:\\\/\\\/promis.ro\\\/product\\\/unisex-sponge-fleece-pullover-dtm-hoodie\\\/#primaryimage\",\"url\":\"https:\\\/\\\/promis.ro\\\/wp-content\\\/uploads\\\/2025\\\/11\\\/212_06_343_m-2025_01.jpg\",\"contentUrl\":\"https:\\\/\\\/promis.ro\\\/wp-content\\\/uploads\\\/2025\\\/11\\\/212_06_343_m-2025_01.jpg\",\"width\":1024,\"height\":1304},{\"@type\":\"BreadcrumbList\",\"@id\":\"https:\\\/\\\/promis.ro\\\/product\\\/unisex-sponge-fleece-pullover-dtm-hoodie\\\/#breadcrumb\",\"itemListElement\":[{\"@type\":\"ListItem\",\"position\":1,\"name\":\"Home\",\"item\":\"https:\\\/\\\/promis.ro\\\/\"},{\"@type\":\"ListItem\",\"position\":2,\"name\":\"Magazin\",\"item\":\"https:\\\/\\\/promis.ro\\\/magazin\\\/\"},{\"@type\":\"ListItem\",\"position\":3,\"name\":\"Unisex Sponge Fleece Pullover DTM Hoodie\"}]},{\"@type\":\"WebSite\",\"@id\":\"https:\\\/\\\/promis.ro\\\/#website\",\"url\":\"https:\\\/\\\/promis.ro\\\/\",\"name\":\"Promis.ro\",\"description\":\"\",\"potentialAction\":[{\"@type\":\"SearchAction\",\"target\":{\"@type\":\"EntryPoint\",\"urlTemplate\":\"https:\\\/\\\/promis.ro\\\/?s={search_term_string}\"},\"query-input\":{\"@type\":\"PropertyValueSpecification\",\"valueRequired\":true,\"valueName\":\"search_term_string\"}}],\"inLanguage\":\"ro-RO\"}]}<\/script>\n<!-- \/ Yoast SEO plugin. -->","yoast_head_json":{"title":"Unisex Sponge Fleece Pullover DTM Hoodie - Promis.ro","description":"Specifica\u021bii: 227 g\/m\u00b2 52% bumbac, piept\u0103nat \u0219i filat \u00een inel, 48% poliester Heather atletic: 90% bumbac, 10% poliester Pre-str\u00e2ns Vopsit gros pentru a se","robots":{"index":"index","follow":"follow","max-snippet":"max-snippet:-1","max-image-preview":"max-image-preview:large","max-video-preview":"max-video-preview:-1"},"canonical":"https:\/\/promis.ro\/ro\/produs\/unisex-sponge-fleece-pullover-dtm-hoodie\/","og_locale":"ro_RO","og_type":"article","og_title":"Unisex Sponge Fleece Pullover DTM Hoodie - Promis.ro","og_description":"Specifica\u021bii: 227 g\/m\u00b2 52% bumbac, piept\u0103nat \u0219i filat \u00een inel, 48% poliester Heather atletic: 90% bumbac, 10% poliester Pre-str\u00e2ns Vopsit gros pentru a se","og_url":"https:\/\/promis.ro\/ro\/produs\/unisex-sponge-fleece-pullover-dtm-hoodie\/","og_site_name":"Promis.ro","article_modified_time":"2025-11-15T06:46:06+00:00","og_image":[{"width":1024,"height":1304,"url":"https:\/\/promis.ro\/wp-content\/uploads\/2025\/11\/212_06_343_m-2025_01.jpg","type":"image\/jpeg"}],"twitter_card":"summary_large_image","schema":{"@context":"https:\/\/schema.org","@graph":[{"@type":"WebPage","@id":"https:\/\/promis.ro\/product\/unisex-sponge-fleece-pullover-dtm-hoodie\/","url":"https:\/\/promis.ro\/product\/unisex-sponge-fleece-pullover-dtm-hoodie\/","name":"Unisex Sponge Fleece Pullover DTM Hoodie - Promis.ro","isPartOf":{"@id":"https:\/\/promis.ro\/#website"},"primaryImageOfPage":{"@id":"https:\/\/promis.ro\/product\/unisex-sponge-fleece-pullover-dtm-hoodie\/#primaryimage"},"image":{"@id":"https:\/\/promis.ro\/product\/unisex-sponge-fleece-pullover-dtm-hoodie\/#primaryimage"},"thumbnailUrl":"https:\/\/promis.ro\/wp-content\/uploads\/2025\/11\/212_06_343_m-2025_01.jpg","datePublished":"2025-11-15T03:17:33+00:00","dateModified":"2025-11-15T06:46:06+00:00","description":"Specifica\u021bii: 227 g\/m\u00b2 52% bumbac, piept\u0103nat \u0219i filat \u00een inel, 48% poliester Heather atletic: 90% bumbac, 10% poliester Pre-str\u00e2ns Vopsit gros pentru a se","breadcrumb":{"@id":"https:\/\/promis.ro\/product\/unisex-sponge-fleece-pullover-dtm-hoodie\/#breadcrumb"},"inLanguage":"ro-RO","potentialAction":[{"@type":"ReadAction","target":["https:\/\/promis.ro\/product\/unisex-sponge-fleece-pullover-dtm-hoodie\/"]}]},{"@type":"ImageObject","inLanguage":"ro-RO","@id":"https:\/\/promis.ro\/product\/unisex-sponge-fleece-pullover-dtm-hoodie\/#primaryimage","url":"https:\/\/promis.ro\/wp-content\/uploads\/2025\/11\/212_06_343_m-2025_01.jpg","contentUrl":"https:\/\/promis.ro\/wp-content\/uploads\/2025\/11\/212_06_343_m-2025_01.jpg","width":1024,"height":1304},{"@type":"BreadcrumbList","@id":"https:\/\/promis.ro\/product\/unisex-sponge-fleece-pullover-dtm-hoodie\/#breadcrumb","itemListElement":[{"@type":"ListItem","position":1,"name":"Home","item":"https:\/\/promis.ro\/"},{"@type":"ListItem","position":2,"name":"Magazin","item":"https:\/\/promis.ro\/magazin\/"},{"@type":"ListItem","position":3,"name":"Unisex Sponge Fleece Pullover DTM Hoodie"}]},{"@type":"WebSite","@id":"https:\/\/promis.ro\/#website","url":"https:\/\/promis.ro\/","name":"Promis.ro","description":"","potentialAction":[{"@type":"SearchAction","target":{"@type":"EntryPoint","urlTemplate":"https:\/\/promis.ro\/?s={search_term_string}"},"query-input":{"@type":"PropertyValueSpecification","valueRequired":true,"valueName":"search_term_string"}}],"inLanguage":"ro-RO"}]}},"_links":{"self":[{"href":"https:\/\/promis.ro\/ro\/wp-json\/wp\/v2\/product\/233821","targetHints":{"allow":["GET"]}}],"collection":[{"href":"https:\/\/promis.ro\/ro\/wp-json\/wp\/v2\/product"}],"about":[{"href":"https:\/\/promis.ro\/ro\/wp-json\/wp\/v2\/types\/product"}],"replies":[{"embeddable":true,"href":"https:\/\/promis.ro\/ro\/wp-json\/wp\/v2\/comments?post=233821"}],"version-history":[{"count":1,"href":"https:\/\/promis.ro\/ro\/wp-json\/wp\/v2\/product\/233821\/revisions"}],"predecessor-version":[{"id":263774,"href":"https:\/\/promis.ro\/ro\/wp-json\/wp\/v2\/product\/233821\/revisions\/263774"}],"wp:featuredmedia":[{"embeddable":true,"href":"https:\/\/promis.ro\/ro\/wp-json\/wp\/v2\/media\/233816"}],"wp:attachment":[{"href":"https:\/\/promis.ro\/ro\/wp-json\/wp\/v2\/media?parent=233821"}],"wp:term":[{"taxonomy":"product_brand","embeddable":true,"href":"https:\/\/promis.ro\/ro\/wp-json\/wp\/v2\/product_brand?post=233821"},{"taxonomy":"product_cat","embeddable":true,"href":"https:\/\/promis.ro\/ro\/wp-json\/wp\/v2\/product_cat?post=233821"},{"taxonomy":"product_tag","embeddable":true,"href":"https:\/\/promis.ro\/ro\/wp-json\/wp\/v2\/product_tag?post=233821"}],"curies":[{"name":"wp","href":"https:\/\/api.w.org\/{rel}","templated":true}]}}