{"id":233911,"date":"2025-11-15T03:19:34","date_gmt":"2025-11-15T03:19:34","guid":{"rendered":"https:\/\/promis.ro\/product\/recycled-printable-safety-softshell\/"},"modified":"2025-11-15T06:46:42","modified_gmt":"2025-11-15T06:46:42","slug":"recycled-printable-safety-softshell","status":"publish","type":"product","link":"https:\/\/promis.ro\/ro\/produs\/recycled-printable-safety-softshell\/","title":{"rendered":"Recycled Printable Safety Softshell"},"content":{"rendered":"<p><strong>Specifica\u021bii:<\/strong><\/p>\n<ul>\n<li>280 g\/m\u00b2<\/li>\n<li>Exterior: 100% poliester, reciclat<\/li>\n<li>C\u0103ptu\u0219eal\u0103: 100% poliester (microfleece)<\/li>\n<li>Rezistent la ap\u0103, respirabil \u0219i rezistent la v\u00e2nt<\/li>\n<li>F\u0103r\u0103 elastan, fire ondulate elastice, u\u0219or de imprimat<\/li>\n<li>Fermoar complet cu barbie<\/li>\n<li>Bucla suspendat\u0103<\/li>\n<li>Cus\u0103turi decorative superioare<\/li>\n<li>Buzunare laterale cu fermoar<\/li>\n<li>Man\u0219et\u0103 neagr\u0103 legat\u0103 cu elastic<\/li>\n<li>50 mm cusute pe benzi de siguran\u021b\u0103 reflectorizante<\/li>\n<li>EN ISO 20471: 2013+A1:2016 Clasa 2<\/li>\n<li>RIS-3279-TOM Problema 2: Clasa 2 (portocaliu)<\/li>\n<li>\u021aes\u0103tur\u0103 reciclat\u0103 folosind materiale ecologice, fabricate din sticle de plastic reciclate \u0219i de\u0219euri post-industriale, oferind un echivalent durabil cu firele conven\u021bionale.<\/li>\n<\/ul>","protected":false},"excerpt":{"rendered":"<p>Specifica\u021bii: 280 g\/m\u00b2 Exterior: 100% poliester, reciclat C\u0103ptu\u0219eal\u0103: 100% poliester (microfleece) Rezistent la ap\u0103, respirabil \u0219i rezistent la v\u00e2nt F\u0103r\u0103<\/p>","protected":false},"featured_media":233907,"comment_status":"open","ping_status":"closed","template":"","meta":[],"product_brand":[],"product_cat":[193],"product_tag":[],"class_list":{"0":"post-233911","1":"product","2":"type-product","3":"status-publish","4":"has-post-thumbnail","6":"product_cat-ploaie-si-frig","8":"first","9":"instock","10":"shipping-taxable","11":"purchasable","12":"product-type-variable"},"yoast_head":"<!-- This site is optimized with the Yoast SEO plugin v27.4 - https:\/\/yoast.com\/product\/yoast-seo-wordpress\/ -->\n<title>Recycled Printable Safety Softshell - Promis.ro<\/title>\n<meta name=\"description\" content=\"Specifica\u021bii: 280 g\/m\u00b2 Exterior: 100% poliester, reciclat C\u0103ptu\u0219eal\u0103: 100% poliester (microfleece) Rezistent la ap\u0103, respirabil \u0219i rezistent la v\u00e2nt F\u0103r\u0103\" \/>\n<meta name=\"robots\" content=\"index, follow, max-snippet:-1, max-image-preview:large, max-video-preview:-1\" \/>\n<link rel=\"canonical\" href=\"https:\/\/promis.ro\/ro\/produs\/recycled-printable-safety-softshell\/\" \/>\n<meta property=\"og:locale\" content=\"ro_RO\" \/>\n<meta property=\"og:type\" content=\"article\" \/>\n<meta property=\"og:title\" content=\"Recycled Printable Safety Softshell - Promis.ro\" \/>\n<meta property=\"og:description\" content=\"Specifica\u021bii: 280 g\/m\u00b2 Exterior: 100% poliester, reciclat C\u0103ptu\u0219eal\u0103: 100% poliester (microfleece) Rezistent la ap\u0103, respirabil \u0219i rezistent la v\u00e2nt F\u0103r\u0103\" \/>\n<meta property=\"og:url\" content=\"https:\/\/promis.ro\/ro\/produs\/recycled-printable-safety-softshell\/\" \/>\n<meta property=\"og:site_name\" content=\"Promis.ro\" \/>\n<meta property=\"article:modified_time\" content=\"2025-11-15T06:46:42+00:00\" \/>\n<meta property=\"og:image\" content=\"https:\/\/promis.ro\/wp-content\/uploads\/2025\/11\/209_33_405_m-2025_03.jpg\" \/>\n\t<meta property=\"og:image:width\" content=\"1024\" \/>\n\t<meta property=\"og:image:height\" content=\"1304\" \/>\n\t<meta property=\"og:image:type\" content=\"image\/jpeg\" \/>\n<meta name=\"twitter:card\" content=\"summary_large_image\" \/>\n<script type=\"application\/ld+json\" class=\"yoast-schema-graph\">{\"@context\":\"https:\\\/\\\/schema.org\",\"@graph\":[{\"@type\":\"WebPage\",\"@id\":\"https:\\\/\\\/promis.ro\\\/product\\\/recycled-printable-safety-softshell\\\/\",\"url\":\"https:\\\/\\\/promis.ro\\\/product\\\/recycled-printable-safety-softshell\\\/\",\"name\":\"Recycled Printable Safety Softshell - Promis.ro\",\"isPartOf\":{\"@id\":\"https:\\\/\\\/promis.ro\\\/#website\"},\"primaryImageOfPage\":{\"@id\":\"https:\\\/\\\/promis.ro\\\/product\\\/recycled-printable-safety-softshell\\\/#primaryimage\"},\"image\":{\"@id\":\"https:\\\/\\\/promis.ro\\\/product\\\/recycled-printable-safety-softshell\\\/#primaryimage\"},\"thumbnailUrl\":\"https:\\\/\\\/promis.ro\\\/wp-content\\\/uploads\\\/2025\\\/11\\\/209_33_405_m-2025_03.jpg\",\"datePublished\":\"2025-11-15T03:19:34+00:00\",\"dateModified\":\"2025-11-15T06:46:42+00:00\",\"description\":\"Specifica\u021bii: 280 g\\\/m\u00b2 Exterior: 100% poliester, reciclat C\u0103ptu\u0219eal\u0103: 100% poliester (microfleece) Rezistent la ap\u0103, respirabil \u0219i rezistent la v\u00e2nt F\u0103r\u0103\",\"breadcrumb\":{\"@id\":\"https:\\\/\\\/promis.ro\\\/product\\\/recycled-printable-safety-softshell\\\/#breadcrumb\"},\"inLanguage\":\"ro-RO\",\"potentialAction\":[{\"@type\":\"ReadAction\",\"target\":[\"https:\\\/\\\/promis.ro\\\/product\\\/recycled-printable-safety-softshell\\\/\"]}]},{\"@type\":\"ImageObject\",\"inLanguage\":\"ro-RO\",\"@id\":\"https:\\\/\\\/promis.ro\\\/product\\\/recycled-printable-safety-softshell\\\/#primaryimage\",\"url\":\"https:\\\/\\\/promis.ro\\\/wp-content\\\/uploads\\\/2025\\\/11\\\/209_33_405_m-2025_03.jpg\",\"contentUrl\":\"https:\\\/\\\/promis.ro\\\/wp-content\\\/uploads\\\/2025\\\/11\\\/209_33_405_m-2025_03.jpg\",\"width\":1024,\"height\":1304},{\"@type\":\"BreadcrumbList\",\"@id\":\"https:\\\/\\\/promis.ro\\\/product\\\/recycled-printable-safety-softshell\\\/#breadcrumb\",\"itemListElement\":[{\"@type\":\"ListItem\",\"position\":1,\"name\":\"Home\",\"item\":\"https:\\\/\\\/promis.ro\\\/\"},{\"@type\":\"ListItem\",\"position\":2,\"name\":\"Magazin\",\"item\":\"https:\\\/\\\/promis.ro\\\/magazin\\\/\"},{\"@type\":\"ListItem\",\"position\":3,\"name\":\"Recycled Printable Safety Softshell\"}]},{\"@type\":\"WebSite\",\"@id\":\"https:\\\/\\\/promis.ro\\\/#website\",\"url\":\"https:\\\/\\\/promis.ro\\\/\",\"name\":\"Promis.ro\",\"description\":\"\",\"potentialAction\":[{\"@type\":\"SearchAction\",\"target\":{\"@type\":\"EntryPoint\",\"urlTemplate\":\"https:\\\/\\\/promis.ro\\\/?s={search_term_string}\"},\"query-input\":{\"@type\":\"PropertyValueSpecification\",\"valueRequired\":true,\"valueName\":\"search_term_string\"}}],\"inLanguage\":\"ro-RO\"}]}<\/script>\n<!-- \/ Yoast SEO plugin. -->","yoast_head_json":{"title":"Recycled Printable Safety Softshell - Promis.ro","description":"Specifica\u021bii: 280 g\/m\u00b2 Exterior: 100% poliester, reciclat C\u0103ptu\u0219eal\u0103: 100% poliester (microfleece) Rezistent la ap\u0103, respirabil \u0219i rezistent la v\u00e2nt F\u0103r\u0103","robots":{"index":"index","follow":"follow","max-snippet":"max-snippet:-1","max-image-preview":"max-image-preview:large","max-video-preview":"max-video-preview:-1"},"canonical":"https:\/\/promis.ro\/ro\/produs\/recycled-printable-safety-softshell\/","og_locale":"ro_RO","og_type":"article","og_title":"Recycled Printable Safety Softshell - Promis.ro","og_description":"Specifica\u021bii: 280 g\/m\u00b2 Exterior: 100% poliester, reciclat C\u0103ptu\u0219eal\u0103: 100% poliester (microfleece) Rezistent la ap\u0103, respirabil \u0219i rezistent la v\u00e2nt F\u0103r\u0103","og_url":"https:\/\/promis.ro\/ro\/produs\/recycled-printable-safety-softshell\/","og_site_name":"Promis.ro","article_modified_time":"2025-11-15T06:46:42+00:00","og_image":[{"width":1024,"height":1304,"url":"https:\/\/promis.ro\/wp-content\/uploads\/2025\/11\/209_33_405_m-2025_03.jpg","type":"image\/jpeg"}],"twitter_card":"summary_large_image","schema":{"@context":"https:\/\/schema.org","@graph":[{"@type":"WebPage","@id":"https:\/\/promis.ro\/product\/recycled-printable-safety-softshell\/","url":"https:\/\/promis.ro\/product\/recycled-printable-safety-softshell\/","name":"Recycled Printable Safety Softshell - Promis.ro","isPartOf":{"@id":"https:\/\/promis.ro\/#website"},"primaryImageOfPage":{"@id":"https:\/\/promis.ro\/product\/recycled-printable-safety-softshell\/#primaryimage"},"image":{"@id":"https:\/\/promis.ro\/product\/recycled-printable-safety-softshell\/#primaryimage"},"thumbnailUrl":"https:\/\/promis.ro\/wp-content\/uploads\/2025\/11\/209_33_405_m-2025_03.jpg","datePublished":"2025-11-15T03:19:34+00:00","dateModified":"2025-11-15T06:46:42+00:00","description":"Specifica\u021bii: 280 g\/m\u00b2 Exterior: 100% poliester, reciclat C\u0103ptu\u0219eal\u0103: 100% poliester (microfleece) Rezistent la ap\u0103, respirabil \u0219i rezistent la v\u00e2nt F\u0103r\u0103","breadcrumb":{"@id":"https:\/\/promis.ro\/product\/recycled-printable-safety-softshell\/#breadcrumb"},"inLanguage":"ro-RO","potentialAction":[{"@type":"ReadAction","target":["https:\/\/promis.ro\/product\/recycled-printable-safety-softshell\/"]}]},{"@type":"ImageObject","inLanguage":"ro-RO","@id":"https:\/\/promis.ro\/product\/recycled-printable-safety-softshell\/#primaryimage","url":"https:\/\/promis.ro\/wp-content\/uploads\/2025\/11\/209_33_405_m-2025_03.jpg","contentUrl":"https:\/\/promis.ro\/wp-content\/uploads\/2025\/11\/209_33_405_m-2025_03.jpg","width":1024,"height":1304},{"@type":"BreadcrumbList","@id":"https:\/\/promis.ro\/product\/recycled-printable-safety-softshell\/#breadcrumb","itemListElement":[{"@type":"ListItem","position":1,"name":"Home","item":"https:\/\/promis.ro\/"},{"@type":"ListItem","position":2,"name":"Magazin","item":"https:\/\/promis.ro\/magazin\/"},{"@type":"ListItem","position":3,"name":"Recycled Printable Safety Softshell"}]},{"@type":"WebSite","@id":"https:\/\/promis.ro\/#website","url":"https:\/\/promis.ro\/","name":"Promis.ro","description":"","potentialAction":[{"@type":"SearchAction","target":{"@type":"EntryPoint","urlTemplate":"https:\/\/promis.ro\/?s={search_term_string}"},"query-input":{"@type":"PropertyValueSpecification","valueRequired":true,"valueName":"search_term_string"}}],"inLanguage":"ro-RO"}]}},"_links":{"self":[{"href":"https:\/\/promis.ro\/ro\/wp-json\/wp\/v2\/product\/233911","targetHints":{"allow":["GET"]}}],"collection":[{"href":"https:\/\/promis.ro\/ro\/wp-json\/wp\/v2\/product"}],"about":[{"href":"https:\/\/promis.ro\/ro\/wp-json\/wp\/v2\/types\/product"}],"replies":[{"embeddable":true,"href":"https:\/\/promis.ro\/ro\/wp-json\/wp\/v2\/comments?post=233911"}],"version-history":[{"count":1,"href":"https:\/\/promis.ro\/ro\/wp-json\/wp\/v2\/product\/233911\/revisions"}],"predecessor-version":[{"id":263814,"href":"https:\/\/promis.ro\/ro\/wp-json\/wp\/v2\/product\/233911\/revisions\/263814"}],"wp:featuredmedia":[{"embeddable":true,"href":"https:\/\/promis.ro\/ro\/wp-json\/wp\/v2\/media\/233907"}],"wp:attachment":[{"href":"https:\/\/promis.ro\/ro\/wp-json\/wp\/v2\/media?parent=233911"}],"wp:term":[{"taxonomy":"product_brand","embeddable":true,"href":"https:\/\/promis.ro\/ro\/wp-json\/wp\/v2\/product_brand?post=233911"},{"taxonomy":"product_cat","embeddable":true,"href":"https:\/\/promis.ro\/ro\/wp-json\/wp\/v2\/product_cat?post=233911"},{"taxonomy":"product_tag","embeddable":true,"href":"https:\/\/promis.ro\/ro\/wp-json\/wp\/v2\/product_tag?post=233911"}],"curies":[{"name":"wp","href":"https:\/\/api.w.org\/{rel}","templated":true}]}}