{"id":233916,"date":"2025-11-15T03:19:40","date_gmt":"2025-11-15T03:19:40","guid":{"rendered":"https:\/\/promis.ro\/product\/regular-fit-zipped-sweatshirt\/"},"modified":"2025-11-15T06:46:22","modified_gmt":"2025-11-15T06:46:22","slug":"regular-fit-zipped-sweatshirt","status":"publish","type":"product","link":"https:\/\/promis.ro\/ro\/produs\/regular-fit-zipped-sweatshirt\/","title":{"rendered":"Regular Fit Zipped Sweatshirt"},"content":{"rendered":"<p>\u00b7280 g\/m\u00b2<br \/>\u00b780% bumbac, 20% poliester<br \/>\u00b7Guler cadet dublu stratificat<br \/>\u00b7Band\u0103 autocolat\u0103 la g\u00e2t \u0219i umeri<br \/>\u00b7Umerii \u0219i armuri duble cusute<br \/>\u00b7Fermoar \u0219i trac\u021biune din metal complet<br \/>\u00b7Buzunare laterale sudate cu cus\u0103turi duble<br \/>\u00b7Auto-tesatura plin ac coaste dublu stratificat man\u0219et\u0103 \u0219i cu refile\u021bi<br \/>\u00b7Etichet\u0103 deta\u0219abil\u0103<\/p>","protected":false},"excerpt":{"rendered":"<p>\u00b7280 g\/m\u00b2\u00b780% bumbac, 20% poliester\u00b7Guler cadet dublu stratificat\u00b7Band\u0103 autocolat\u0103 la g\u00e2t \u0219i umeri\u00b7Umerii \u0219i armuri duble cusute\u00b7Fermoar \u0219i trac\u021biune din<\/p>","protected":false},"featured_media":233912,"comment_status":"open","ping_status":"closed","template":"","meta":[],"product_brand":[],"product_cat":[191],"product_tag":[],"class_list":{"0":"post-233916","1":"product","2":"type-product","3":"status-publish","4":"has-post-thumbnail","6":"product_cat-textile","8":"first","9":"instock","10":"shipping-taxable","11":"purchasable","12":"product-type-variable"},"yoast_head":"<!-- This site is optimized with the Yoast SEO plugin v27.4 - https:\/\/yoast.com\/product\/yoast-seo-wordpress\/ -->\n<title>Regular Fit Zipped Sweatshirt - Promis.ro<\/title>\n<meta name=\"description\" content=\"\u00b7280 g\/m\u00b2\u00b780% bumbac, 20% poliester\u00b7Guler cadet dublu stratificat\u00b7Band\u0103 autocolat\u0103 la g\u00e2t \u0219i umeri\u00b7Umerii \u0219i armuri duble cusute\u00b7Fermoar \u0219i trac\u021biune din\" \/>\n<meta name=\"robots\" content=\"index, follow, max-snippet:-1, max-image-preview:large, max-video-preview:-1\" \/>\n<link rel=\"canonical\" href=\"https:\/\/promis.ro\/ro\/produs\/regular-fit-zipped-sweatshirt\/\" \/>\n<meta property=\"og:locale\" content=\"ro_RO\" \/>\n<meta property=\"og:type\" content=\"article\" \/>\n<meta property=\"og:title\" content=\"Regular Fit Zipped Sweatshirt - Promis.ro\" \/>\n<meta property=\"og:description\" content=\"\u00b7280 g\/m\u00b2\u00b780% bumbac, 20% poliester\u00b7Guler cadet dublu stratificat\u00b7Band\u0103 autocolat\u0103 la g\u00e2t \u0219i umeri\u00b7Umerii \u0219i armuri duble cusute\u00b7Fermoar \u0219i trac\u021biune din\" \/>\n<meta property=\"og:url\" content=\"https:\/\/promis.ro\/ro\/produs\/regular-fit-zipped-sweatshirt\/\" \/>\n<meta property=\"og:site_name\" content=\"Promis.ro\" \/>\n<meta property=\"article:modified_time\" content=\"2025-11-15T06:46:22+00:00\" \/>\n<meta property=\"og:image\" content=\"https:\/\/promis.ro\/wp-content\/uploads\/2025\/11\/209_11_117_m-2024_01.jpg\" \/>\n\t<meta property=\"og:image:width\" content=\"1024\" \/>\n\t<meta property=\"og:image:height\" content=\"1304\" \/>\n\t<meta property=\"og:image:type\" content=\"image\/jpeg\" \/>\n<meta name=\"twitter:card\" content=\"summary_large_image\" \/>\n<script type=\"application\/ld+json\" class=\"yoast-schema-graph\">{\"@context\":\"https:\\\/\\\/schema.org\",\"@graph\":[{\"@type\":\"WebPage\",\"@id\":\"https:\\\/\\\/promis.ro\\\/product\\\/regular-fit-zipped-sweatshirt\\\/\",\"url\":\"https:\\\/\\\/promis.ro\\\/product\\\/regular-fit-zipped-sweatshirt\\\/\",\"name\":\"Regular Fit Zipped Sweatshirt - Promis.ro\",\"isPartOf\":{\"@id\":\"https:\\\/\\\/promis.ro\\\/#website\"},\"primaryImageOfPage\":{\"@id\":\"https:\\\/\\\/promis.ro\\\/product\\\/regular-fit-zipped-sweatshirt\\\/#primaryimage\"},\"image\":{\"@id\":\"https:\\\/\\\/promis.ro\\\/product\\\/regular-fit-zipped-sweatshirt\\\/#primaryimage\"},\"thumbnailUrl\":\"https:\\\/\\\/promis.ro\\\/wp-content\\\/uploads\\\/2025\\\/11\\\/209_11_117_m-2024_01.jpg\",\"datePublished\":\"2025-11-15T03:19:40+00:00\",\"dateModified\":\"2025-11-15T06:46:22+00:00\",\"description\":\"\u00b7280 g\\\/m\u00b2\u00b780% bumbac, 20% poliester\u00b7Guler cadet dublu stratificat\u00b7Band\u0103 autocolat\u0103 la g\u00e2t \u0219i umeri\u00b7Umerii \u0219i armuri duble cusute\u00b7Fermoar \u0219i trac\u021biune din\",\"breadcrumb\":{\"@id\":\"https:\\\/\\\/promis.ro\\\/product\\\/regular-fit-zipped-sweatshirt\\\/#breadcrumb\"},\"inLanguage\":\"ro-RO\",\"potentialAction\":[{\"@type\":\"ReadAction\",\"target\":[\"https:\\\/\\\/promis.ro\\\/product\\\/regular-fit-zipped-sweatshirt\\\/\"]}]},{\"@type\":\"ImageObject\",\"inLanguage\":\"ro-RO\",\"@id\":\"https:\\\/\\\/promis.ro\\\/product\\\/regular-fit-zipped-sweatshirt\\\/#primaryimage\",\"url\":\"https:\\\/\\\/promis.ro\\\/wp-content\\\/uploads\\\/2025\\\/11\\\/209_11_117_m-2024_01.jpg\",\"contentUrl\":\"https:\\\/\\\/promis.ro\\\/wp-content\\\/uploads\\\/2025\\\/11\\\/209_11_117_m-2024_01.jpg\",\"width\":1024,\"height\":1304},{\"@type\":\"BreadcrumbList\",\"@id\":\"https:\\\/\\\/promis.ro\\\/product\\\/regular-fit-zipped-sweatshirt\\\/#breadcrumb\",\"itemListElement\":[{\"@type\":\"ListItem\",\"position\":1,\"name\":\"Home\",\"item\":\"https:\\\/\\\/promis.ro\\\/\"},{\"@type\":\"ListItem\",\"position\":2,\"name\":\"Magazin\",\"item\":\"https:\\\/\\\/promis.ro\\\/magazin\\\/\"},{\"@type\":\"ListItem\",\"position\":3,\"name\":\"Regular Fit Zipped Sweatshirt\"}]},{\"@type\":\"WebSite\",\"@id\":\"https:\\\/\\\/promis.ro\\\/#website\",\"url\":\"https:\\\/\\\/promis.ro\\\/\",\"name\":\"Promis.ro\",\"description\":\"\",\"potentialAction\":[{\"@type\":\"SearchAction\",\"target\":{\"@type\":\"EntryPoint\",\"urlTemplate\":\"https:\\\/\\\/promis.ro\\\/?s={search_term_string}\"},\"query-input\":{\"@type\":\"PropertyValueSpecification\",\"valueRequired\":true,\"valueName\":\"search_term_string\"}}],\"inLanguage\":\"ro-RO\"}]}<\/script>\n<!-- \/ Yoast SEO plugin. -->","yoast_head_json":{"title":"Regular Fit Zipped Sweatshirt - Promis.ro","description":"\u00b7280 g\/m\u00b2\u00b780% bumbac, 20% poliester\u00b7Guler cadet dublu stratificat\u00b7Band\u0103 autocolat\u0103 la g\u00e2t \u0219i umeri\u00b7Umerii \u0219i armuri duble cusute\u00b7Fermoar \u0219i trac\u021biune din","robots":{"index":"index","follow":"follow","max-snippet":"max-snippet:-1","max-image-preview":"max-image-preview:large","max-video-preview":"max-video-preview:-1"},"canonical":"https:\/\/promis.ro\/ro\/produs\/regular-fit-zipped-sweatshirt\/","og_locale":"ro_RO","og_type":"article","og_title":"Regular Fit Zipped Sweatshirt - Promis.ro","og_description":"\u00b7280 g\/m\u00b2\u00b780% bumbac, 20% poliester\u00b7Guler cadet dublu stratificat\u00b7Band\u0103 autocolat\u0103 la g\u00e2t \u0219i umeri\u00b7Umerii \u0219i armuri duble cusute\u00b7Fermoar \u0219i trac\u021biune din","og_url":"https:\/\/promis.ro\/ro\/produs\/regular-fit-zipped-sweatshirt\/","og_site_name":"Promis.ro","article_modified_time":"2025-11-15T06:46:22+00:00","og_image":[{"width":1024,"height":1304,"url":"https:\/\/promis.ro\/wp-content\/uploads\/2025\/11\/209_11_117_m-2024_01.jpg","type":"image\/jpeg"}],"twitter_card":"summary_large_image","schema":{"@context":"https:\/\/schema.org","@graph":[{"@type":"WebPage","@id":"https:\/\/promis.ro\/product\/regular-fit-zipped-sweatshirt\/","url":"https:\/\/promis.ro\/product\/regular-fit-zipped-sweatshirt\/","name":"Regular Fit Zipped Sweatshirt - Promis.ro","isPartOf":{"@id":"https:\/\/promis.ro\/#website"},"primaryImageOfPage":{"@id":"https:\/\/promis.ro\/product\/regular-fit-zipped-sweatshirt\/#primaryimage"},"image":{"@id":"https:\/\/promis.ro\/product\/regular-fit-zipped-sweatshirt\/#primaryimage"},"thumbnailUrl":"https:\/\/promis.ro\/wp-content\/uploads\/2025\/11\/209_11_117_m-2024_01.jpg","datePublished":"2025-11-15T03:19:40+00:00","dateModified":"2025-11-15T06:46:22+00:00","description":"\u00b7280 g\/m\u00b2\u00b780% bumbac, 20% poliester\u00b7Guler cadet dublu stratificat\u00b7Band\u0103 autocolat\u0103 la g\u00e2t \u0219i umeri\u00b7Umerii \u0219i armuri duble cusute\u00b7Fermoar \u0219i trac\u021biune din","breadcrumb":{"@id":"https:\/\/promis.ro\/product\/regular-fit-zipped-sweatshirt\/#breadcrumb"},"inLanguage":"ro-RO","potentialAction":[{"@type":"ReadAction","target":["https:\/\/promis.ro\/product\/regular-fit-zipped-sweatshirt\/"]}]},{"@type":"ImageObject","inLanguage":"ro-RO","@id":"https:\/\/promis.ro\/product\/regular-fit-zipped-sweatshirt\/#primaryimage","url":"https:\/\/promis.ro\/wp-content\/uploads\/2025\/11\/209_11_117_m-2024_01.jpg","contentUrl":"https:\/\/promis.ro\/wp-content\/uploads\/2025\/11\/209_11_117_m-2024_01.jpg","width":1024,"height":1304},{"@type":"BreadcrumbList","@id":"https:\/\/promis.ro\/product\/regular-fit-zipped-sweatshirt\/#breadcrumb","itemListElement":[{"@type":"ListItem","position":1,"name":"Home","item":"https:\/\/promis.ro\/"},{"@type":"ListItem","position":2,"name":"Magazin","item":"https:\/\/promis.ro\/magazin\/"},{"@type":"ListItem","position":3,"name":"Regular Fit Zipped Sweatshirt"}]},{"@type":"WebSite","@id":"https:\/\/promis.ro\/#website","url":"https:\/\/promis.ro\/","name":"Promis.ro","description":"","potentialAction":[{"@type":"SearchAction","target":{"@type":"EntryPoint","urlTemplate":"https:\/\/promis.ro\/?s={search_term_string}"},"query-input":{"@type":"PropertyValueSpecification","valueRequired":true,"valueName":"search_term_string"}}],"inLanguage":"ro-RO"}]}},"_links":{"self":[{"href":"https:\/\/promis.ro\/ro\/wp-json\/wp\/v2\/product\/233916","targetHints":{"allow":["GET"]}}],"collection":[{"href":"https:\/\/promis.ro\/ro\/wp-json\/wp\/v2\/product"}],"about":[{"href":"https:\/\/promis.ro\/ro\/wp-json\/wp\/v2\/types\/product"}],"replies":[{"embeddable":true,"href":"https:\/\/promis.ro\/ro\/wp-json\/wp\/v2\/comments?post=233916"}],"version-history":[{"count":1,"href":"https:\/\/promis.ro\/ro\/wp-json\/wp\/v2\/product\/233916\/revisions"}],"predecessor-version":[{"id":263792,"href":"https:\/\/promis.ro\/ro\/wp-json\/wp\/v2\/product\/233916\/revisions\/263792"}],"wp:featuredmedia":[{"embeddable":true,"href":"https:\/\/promis.ro\/ro\/wp-json\/wp\/v2\/media\/233912"}],"wp:attachment":[{"href":"https:\/\/promis.ro\/ro\/wp-json\/wp\/v2\/media?parent=233916"}],"wp:term":[{"taxonomy":"product_brand","embeddable":true,"href":"https:\/\/promis.ro\/ro\/wp-json\/wp\/v2\/product_brand?post=233916"},{"taxonomy":"product_cat","embeddable":true,"href":"https:\/\/promis.ro\/ro\/wp-json\/wp\/v2\/product_cat?post=233916"},{"taxonomy":"product_tag","embeddable":true,"href":"https:\/\/promis.ro\/ro\/wp-json\/wp\/v2\/product_tag?post=233916"}],"curies":[{"name":"wp","href":"https:\/\/api.w.org\/{rel}","templated":true}]}}