{"id":238575,"date":"2025-11-15T03:39:30","date_gmt":"2025-11-15T03:39:30","guid":{"rendered":"https:\/\/promis.ro\/product\/black-compass-padded-winter-jacket\/"},"modified":"2025-11-15T06:46:53","modified_gmt":"2025-11-15T06:46:53","slug":"black-compass-padded-winter-jacket","status":"publish","type":"product","link":"https:\/\/promis.ro\/ro\/produs\/black-compass-padded-winter-jacket\/","title":{"rendered":"Black Compass Padded Winter Jacket"},"content":{"rendered":"<p><strong>Exterior:<\/strong> 100% poliester, reciclat (TOPGREEN\u00ae)<\/p>\n<p><strong>Umplutur\u0103:<\/strong> 160 g\/m\u00b2, 100% poliester (reciclat, REPREVE\u00ae)<\/p>\n<p><strong>C\u0103ptu\u0219eal\u0103 corp \u0219i glug\u0103:<\/strong> 200 g\/m\u00b2, 100% poliester, l\u00e2n\u0103 reciclat\u0103 (TOPGREEN\u00ae)<\/p>\n<p><strong>C\u0103ptu\u0219eal\u0103 m\u00e2neci:<\/strong> 100% poliester (reciclat, JIAREN)<\/p>\n<p><strong>Cu \u00eentindere mecanic\u0103 \u0219i membran\u0103 TPU<\/strong> (nereciclat\u0103).<\/p>\n<p><strong>Fermoar frontal YKK<\/strong> cu clap\u0103 interioar\u0103 \u0219i protec\u021bie pentru b\u0103rbie<\/p>\n<p><strong>Fermoare buzunare de culoare contrastant\u0103<\/strong><\/p>\n<p><strong>Buzunar interior<\/strong><\/p>\n<p><strong>Bucla suspendat\u0103<\/strong><\/p>\n<p><strong>Man\u0219et\u0103 moale legat\u0103<\/strong><\/p>","protected":false},"excerpt":{"rendered":"<p>Exterior: 100% poliester, reciclat (TOPGREEN\u00ae) Umplutur\u0103: 160 g\/m\u00b2, 100% poliester (reciclat, REPREVE\u00ae) C\u0103ptu\u0219eal\u0103 corp \u0219i glug\u0103: 200 g\/m\u00b2, 100% poliester,<\/p>","protected":false},"featured_media":238570,"comment_status":"open","ping_status":"closed","template":"","meta":[],"product_brand":[],"product_cat":[193],"product_tag":[],"class_list":{"0":"post-238575","1":"product","2":"type-product","3":"status-publish","4":"has-post-thumbnail","6":"product_cat-ploaie-si-frig","8":"first","9":"instock","10":"shipping-taxable","11":"purchasable","12":"product-type-variable"},"yoast_head":"<!-- This site is optimized with the Yoast SEO plugin v27.4 - https:\/\/yoast.com\/product\/yoast-seo-wordpress\/ -->\n<title>Black Compass Padded Winter Jacket - Promis.ro<\/title>\n<meta name=\"description\" content=\"Exterior: 100% poliester, reciclat (TOPGREEN\u00ae) Umplutur\u0103: 160 g\/m\u00b2, 100% poliester (reciclat, REPREVE\u00ae) C\u0103ptu\u0219eal\u0103 corp \u0219i glug\u0103: 200 g\/m\u00b2, 100%\" \/>\n<meta name=\"robots\" content=\"index, follow, max-snippet:-1, max-image-preview:large, max-video-preview:-1\" \/>\n<link rel=\"canonical\" href=\"https:\/\/promis.ro\/ro\/produs\/black-compass-padded-winter-jacket\/\" \/>\n<meta property=\"og:locale\" content=\"ro_RO\" \/>\n<meta property=\"og:type\" content=\"article\" \/>\n<meta property=\"og:title\" content=\"Black Compass Padded Winter Jacket - Promis.ro\" \/>\n<meta property=\"og:description\" content=\"Exterior: 100% poliester, reciclat (TOPGREEN\u00ae) Umplutur\u0103: 160 g\/m\u00b2, 100% poliester (reciclat, REPREVE\u00ae) C\u0103ptu\u0219eal\u0103 corp \u0219i glug\u0103: 200 g\/m\u00b2, 100%\" \/>\n<meta property=\"og:url\" content=\"https:\/\/promis.ro\/ro\/produs\/black-compass-padded-winter-jacket\/\" \/>\n<meta property=\"og:site_name\" content=\"Promis.ro\" \/>\n<meta property=\"article:modified_time\" content=\"2025-11-15T06:46:53+00:00\" \/>\n<meta property=\"og:image\" content=\"https:\/\/promis.ro\/wp-content\/uploads\/2025\/11\/206_33_194_m-2025_01.jpg\" \/>\n\t<meta property=\"og:image:width\" content=\"1024\" \/>\n\t<meta property=\"og:image:height\" content=\"1304\" \/>\n\t<meta property=\"og:image:type\" content=\"image\/jpeg\" \/>\n<meta name=\"twitter:card\" content=\"summary_large_image\" \/>\n<script type=\"application\/ld+json\" class=\"yoast-schema-graph\">{\"@context\":\"https:\\\/\\\/schema.org\",\"@graph\":[{\"@type\":\"WebPage\",\"@id\":\"https:\\\/\\\/promis.ro\\\/product\\\/black-compass-padded-winter-jacket\\\/\",\"url\":\"https:\\\/\\\/promis.ro\\\/product\\\/black-compass-padded-winter-jacket\\\/\",\"name\":\"Black Compass Padded Winter Jacket - Promis.ro\",\"isPartOf\":{\"@id\":\"https:\\\/\\\/promis.ro\\\/#website\"},\"primaryImageOfPage\":{\"@id\":\"https:\\\/\\\/promis.ro\\\/product\\\/black-compass-padded-winter-jacket\\\/#primaryimage\"},\"image\":{\"@id\":\"https:\\\/\\\/promis.ro\\\/product\\\/black-compass-padded-winter-jacket\\\/#primaryimage\"},\"thumbnailUrl\":\"https:\\\/\\\/promis.ro\\\/wp-content\\\/uploads\\\/2025\\\/11\\\/206_33_194_m-2025_01.jpg\",\"datePublished\":\"2025-11-15T03:39:30+00:00\",\"dateModified\":\"2025-11-15T06:46:53+00:00\",\"description\":\"Exterior: 100% poliester, reciclat (TOPGREEN\u00ae) Umplutur\u0103: 160 g\\\/m\u00b2, 100% poliester (reciclat, REPREVE\u00ae) C\u0103ptu\u0219eal\u0103 corp \u0219i glug\u0103: 200 g\\\/m\u00b2, 100%\",\"breadcrumb\":{\"@id\":\"https:\\\/\\\/promis.ro\\\/product\\\/black-compass-padded-winter-jacket\\\/#breadcrumb\"},\"inLanguage\":\"ro-RO\",\"potentialAction\":[{\"@type\":\"ReadAction\",\"target\":[\"https:\\\/\\\/promis.ro\\\/product\\\/black-compass-padded-winter-jacket\\\/\"]}]},{\"@type\":\"ImageObject\",\"inLanguage\":\"ro-RO\",\"@id\":\"https:\\\/\\\/promis.ro\\\/product\\\/black-compass-padded-winter-jacket\\\/#primaryimage\",\"url\":\"https:\\\/\\\/promis.ro\\\/wp-content\\\/uploads\\\/2025\\\/11\\\/206_33_194_m-2025_01.jpg\",\"contentUrl\":\"https:\\\/\\\/promis.ro\\\/wp-content\\\/uploads\\\/2025\\\/11\\\/206_33_194_m-2025_01.jpg\",\"width\":1024,\"height\":1304},{\"@type\":\"BreadcrumbList\",\"@id\":\"https:\\\/\\\/promis.ro\\\/product\\\/black-compass-padded-winter-jacket\\\/#breadcrumb\",\"itemListElement\":[{\"@type\":\"ListItem\",\"position\":1,\"name\":\"Home\",\"item\":\"https:\\\/\\\/promis.ro\\\/\"},{\"@type\":\"ListItem\",\"position\":2,\"name\":\"Magazin\",\"item\":\"https:\\\/\\\/promis.ro\\\/magazin\\\/\"},{\"@type\":\"ListItem\",\"position\":3,\"name\":\"Black Compass Padded Winter Jacket\"}]},{\"@type\":\"WebSite\",\"@id\":\"https:\\\/\\\/promis.ro\\\/#website\",\"url\":\"https:\\\/\\\/promis.ro\\\/\",\"name\":\"Promis.ro\",\"description\":\"\",\"potentialAction\":[{\"@type\":\"SearchAction\",\"target\":{\"@type\":\"EntryPoint\",\"urlTemplate\":\"https:\\\/\\\/promis.ro\\\/?s={search_term_string}\"},\"query-input\":{\"@type\":\"PropertyValueSpecification\",\"valueRequired\":true,\"valueName\":\"search_term_string\"}}],\"inLanguage\":\"ro-RO\"}]}<\/script>\n<!-- \/ Yoast SEO plugin. -->","yoast_head_json":{"title":"Black Compass Padded Winter Jacket - Promis.ro","description":"Exterior: 100% poliester, reciclat (TOPGREEN\u00ae) Umplutur\u0103: 160 g\/m\u00b2, 100% poliester (reciclat, REPREVE\u00ae) C\u0103ptu\u0219eal\u0103 corp \u0219i glug\u0103: 200 g\/m\u00b2, 100%","robots":{"index":"index","follow":"follow","max-snippet":"max-snippet:-1","max-image-preview":"max-image-preview:large","max-video-preview":"max-video-preview:-1"},"canonical":"https:\/\/promis.ro\/ro\/produs\/black-compass-padded-winter-jacket\/","og_locale":"ro_RO","og_type":"article","og_title":"Black Compass Padded Winter Jacket - Promis.ro","og_description":"Exterior: 100% poliester, reciclat (TOPGREEN\u00ae) Umplutur\u0103: 160 g\/m\u00b2, 100% poliester (reciclat, REPREVE\u00ae) C\u0103ptu\u0219eal\u0103 corp \u0219i glug\u0103: 200 g\/m\u00b2, 100%","og_url":"https:\/\/promis.ro\/ro\/produs\/black-compass-padded-winter-jacket\/","og_site_name":"Promis.ro","article_modified_time":"2025-11-15T06:46:53+00:00","og_image":[{"width":1024,"height":1304,"url":"https:\/\/promis.ro\/wp-content\/uploads\/2025\/11\/206_33_194_m-2025_01.jpg","type":"image\/jpeg"}],"twitter_card":"summary_large_image","schema":{"@context":"https:\/\/schema.org","@graph":[{"@type":"WebPage","@id":"https:\/\/promis.ro\/product\/black-compass-padded-winter-jacket\/","url":"https:\/\/promis.ro\/product\/black-compass-padded-winter-jacket\/","name":"Black Compass Padded Winter Jacket - Promis.ro","isPartOf":{"@id":"https:\/\/promis.ro\/#website"},"primaryImageOfPage":{"@id":"https:\/\/promis.ro\/product\/black-compass-padded-winter-jacket\/#primaryimage"},"image":{"@id":"https:\/\/promis.ro\/product\/black-compass-padded-winter-jacket\/#primaryimage"},"thumbnailUrl":"https:\/\/promis.ro\/wp-content\/uploads\/2025\/11\/206_33_194_m-2025_01.jpg","datePublished":"2025-11-15T03:39:30+00:00","dateModified":"2025-11-15T06:46:53+00:00","description":"Exterior: 100% poliester, reciclat (TOPGREEN\u00ae) Umplutur\u0103: 160 g\/m\u00b2, 100% poliester (reciclat, REPREVE\u00ae) C\u0103ptu\u0219eal\u0103 corp \u0219i glug\u0103: 200 g\/m\u00b2, 100%","breadcrumb":{"@id":"https:\/\/promis.ro\/product\/black-compass-padded-winter-jacket\/#breadcrumb"},"inLanguage":"ro-RO","potentialAction":[{"@type":"ReadAction","target":["https:\/\/promis.ro\/product\/black-compass-padded-winter-jacket\/"]}]},{"@type":"ImageObject","inLanguage":"ro-RO","@id":"https:\/\/promis.ro\/product\/black-compass-padded-winter-jacket\/#primaryimage","url":"https:\/\/promis.ro\/wp-content\/uploads\/2025\/11\/206_33_194_m-2025_01.jpg","contentUrl":"https:\/\/promis.ro\/wp-content\/uploads\/2025\/11\/206_33_194_m-2025_01.jpg","width":1024,"height":1304},{"@type":"BreadcrumbList","@id":"https:\/\/promis.ro\/product\/black-compass-padded-winter-jacket\/#breadcrumb","itemListElement":[{"@type":"ListItem","position":1,"name":"Home","item":"https:\/\/promis.ro\/"},{"@type":"ListItem","position":2,"name":"Magazin","item":"https:\/\/promis.ro\/magazin\/"},{"@type":"ListItem","position":3,"name":"Black Compass Padded Winter Jacket"}]},{"@type":"WebSite","@id":"https:\/\/promis.ro\/#website","url":"https:\/\/promis.ro\/","name":"Promis.ro","description":"","potentialAction":[{"@type":"SearchAction","target":{"@type":"EntryPoint","urlTemplate":"https:\/\/promis.ro\/?s={search_term_string}"},"query-input":{"@type":"PropertyValueSpecification","valueRequired":true,"valueName":"search_term_string"}}],"inLanguage":"ro-RO"}]}},"_links":{"self":[{"href":"https:\/\/promis.ro\/ro\/wp-json\/wp\/v2\/product\/238575","targetHints":{"allow":["GET"]}}],"collection":[{"href":"https:\/\/promis.ro\/ro\/wp-json\/wp\/v2\/product"}],"about":[{"href":"https:\/\/promis.ro\/ro\/wp-json\/wp\/v2\/types\/product"}],"replies":[{"embeddable":true,"href":"https:\/\/promis.ro\/ro\/wp-json\/wp\/v2\/comments?post=238575"}],"version-history":[{"count":1,"href":"https:\/\/promis.ro\/ro\/wp-json\/wp\/v2\/product\/238575\/revisions"}],"predecessor-version":[{"id":263831,"href":"https:\/\/promis.ro\/ro\/wp-json\/wp\/v2\/product\/238575\/revisions\/263831"}],"wp:featuredmedia":[{"embeddable":true,"href":"https:\/\/promis.ro\/ro\/wp-json\/wp\/v2\/media\/238570"}],"wp:attachment":[{"href":"https:\/\/promis.ro\/ro\/wp-json\/wp\/v2\/media?parent=238575"}],"wp:term":[{"taxonomy":"product_brand","embeddable":true,"href":"https:\/\/promis.ro\/ro\/wp-json\/wp\/v2\/product_brand?post=238575"},{"taxonomy":"product_cat","embeddable":true,"href":"https:\/\/promis.ro\/ro\/wp-json\/wp\/v2\/product_cat?post=238575"},{"taxonomy":"product_tag","embeddable":true,"href":"https:\/\/promis.ro\/ro\/wp-json\/wp\/v2\/product_tag?post=238575"}],"curies":[{"name":"wp","href":"https:\/\/api.w.org\/{rel}","templated":true}]}}