{"id":238644,"date":"2025-11-15T03:40:56","date_gmt":"2025-11-15T03:40:56","guid":{"rendered":"https:\/\/promis.ro\/product\/womens-oversized-sweatshirt\/"},"modified":"2025-11-15T06:47:04","modified_gmt":"2025-11-15T06:47:04","slug":"womens-oversized-sweatshirt","status":"publish","type":"product","link":"https:\/\/promis.ro\/ro\/produs\/womens-oversized-sweatshirt\/","title":{"rendered":"Womens Oversized Sweatshirt"},"content":{"rendered":"<p><strong>Greutate:<\/strong> 370 g\/m\u00b2<\/p>\n<p><strong>Compozi\u021bie:<\/strong> 87% bumbac organic, 13% poliester reciclat<\/p>\n<p><strong>Stil:<\/strong> H&amp;M Group<\/p>\n<ul>\n<li>Cus\u0103tur\u0103 cu un singur ac la coasta m\u00e2necii \u0219i la coasta tivului inferioar\u0103<\/li>\n<li>Cus\u0103tur\u0103 c\u0103lare la armuri \u0219i g\u00e2t<\/li>\n<li>Cus\u0103tur\u0103 plat\u0103 la cus\u0103tura lateral\u0103<\/li>\n<li>Cus\u0103tur\u0103 de um\u0103r dobor\u00e2t\u0103<\/li>\n<li>Cus\u0103tura um\u0103rului deplasat\u0103 \u00eenainte<\/li>\n<li>Band\u0103 \u00een interiorul g\u00e2tului<\/li>\n<li>Coast\u0103 1X1<\/li>\n<li>Plasture pe spate \u00een jum\u0103tate de lun\u0103<\/li>\n<li>Sensarea m\u00e2inii: Grea<\/li>\n<\/ul>","protected":false},"excerpt":{"rendered":"<p>Greutate: 370 g\/m\u00b2 Compozi\u021bie: 87% bumbac organic, 13% poliester reciclat Stil: H&amp;M Group Cus\u0103tur\u0103 cu un singur ac la coasta<\/p>","protected":false},"featured_media":238639,"comment_status":"open","ping_status":"closed","template":"","meta":[],"product_brand":[],"product_cat":[195],"product_tag":[],"class_list":{"0":"post-238644","1":"product","2":"type-product","3":"status-publish","4":"has-post-thumbnail","6":"product_cat-editie-limitata","8":"first","9":"instock","10":"shipping-taxable","11":"purchasable","12":"product-type-variable"},"yoast_head":"<!-- This site is optimized with the Yoast SEO plugin v27.4 - https:\/\/yoast.com\/product\/yoast-seo-wordpress\/ -->\n<title>Womens Oversized Sweatshirt - Promis.ro<\/title>\n<meta name=\"description\" content=\"Greutate: 370 g\/m\u00b2 Compozi\u021bie: 87% bumbac organic, 13% poliester reciclat Stil: H&amp;M Group Cus\u0103tur\u0103 cu un singur ac la coasta m\u00e2necii \u0219i la coasta\" \/>\n<meta name=\"robots\" content=\"index, follow, max-snippet:-1, max-image-preview:large, max-video-preview:-1\" \/>\n<link rel=\"canonical\" href=\"https:\/\/promis.ro\/ro\/produs\/womens-oversized-sweatshirt\/\" \/>\n<meta property=\"og:locale\" content=\"ro_RO\" \/>\n<meta property=\"og:type\" content=\"article\" \/>\n<meta property=\"og:title\" content=\"Womens Oversized Sweatshirt - Promis.ro\" \/>\n<meta property=\"og:description\" content=\"Greutate: 370 g\/m\u00b2 Compozi\u021bie: 87% bumbac organic, 13% poliester reciclat Stil: H&amp;M Group Cus\u0103tur\u0103 cu un singur ac la coasta m\u00e2necii \u0219i la coasta\" \/>\n<meta property=\"og:url\" content=\"https:\/\/promis.ro\/ro\/produs\/womens-oversized-sweatshirt\/\" \/>\n<meta property=\"og:site_name\" content=\"Promis.ro\" \/>\n<meta property=\"article:modified_time\" content=\"2025-11-15T06:47:04+00:00\" \/>\n<meta property=\"og:image\" content=\"https:\/\/promis.ro\/wp-content\/uploads\/2025\/11\/202_41_113_m-2024_01.jpg\" \/>\n\t<meta property=\"og:image:width\" content=\"1024\" \/>\n\t<meta property=\"og:image:height\" content=\"1304\" \/>\n\t<meta property=\"og:image:type\" content=\"image\/jpeg\" \/>\n<meta name=\"twitter:card\" content=\"summary_large_image\" \/>\n<script type=\"application\/ld+json\" class=\"yoast-schema-graph\">{\"@context\":\"https:\\\/\\\/schema.org\",\"@graph\":[{\"@type\":\"WebPage\",\"@id\":\"https:\\\/\\\/promis.ro\\\/product\\\/womens-oversized-sweatshirt\\\/\",\"url\":\"https:\\\/\\\/promis.ro\\\/product\\\/womens-oversized-sweatshirt\\\/\",\"name\":\"Womens Oversized Sweatshirt - Promis.ro\",\"isPartOf\":{\"@id\":\"https:\\\/\\\/promis.ro\\\/#website\"},\"primaryImageOfPage\":{\"@id\":\"https:\\\/\\\/promis.ro\\\/product\\\/womens-oversized-sweatshirt\\\/#primaryimage\"},\"image\":{\"@id\":\"https:\\\/\\\/promis.ro\\\/product\\\/womens-oversized-sweatshirt\\\/#primaryimage\"},\"thumbnailUrl\":\"https:\\\/\\\/promis.ro\\\/wp-content\\\/uploads\\\/2025\\\/11\\\/202_41_113_m-2024_01.jpg\",\"datePublished\":\"2025-11-15T03:40:56+00:00\",\"dateModified\":\"2025-11-15T06:47:04+00:00\",\"description\":\"Greutate: 370 g\\\/m\u00b2 Compozi\u021bie: 87% bumbac organic, 13% poliester reciclat Stil: H&amp;M Group Cus\u0103tur\u0103 cu un singur ac la coasta m\u00e2necii \u0219i la coasta\",\"breadcrumb\":{\"@id\":\"https:\\\/\\\/promis.ro\\\/product\\\/womens-oversized-sweatshirt\\\/#breadcrumb\"},\"inLanguage\":\"ro-RO\",\"potentialAction\":[{\"@type\":\"ReadAction\",\"target\":[\"https:\\\/\\\/promis.ro\\\/product\\\/womens-oversized-sweatshirt\\\/\"]}]},{\"@type\":\"ImageObject\",\"inLanguage\":\"ro-RO\",\"@id\":\"https:\\\/\\\/promis.ro\\\/product\\\/womens-oversized-sweatshirt\\\/#primaryimage\",\"url\":\"https:\\\/\\\/promis.ro\\\/wp-content\\\/uploads\\\/2025\\\/11\\\/202_41_113_m-2024_01.jpg\",\"contentUrl\":\"https:\\\/\\\/promis.ro\\\/wp-content\\\/uploads\\\/2025\\\/11\\\/202_41_113_m-2024_01.jpg\",\"width\":1024,\"height\":1304},{\"@type\":\"BreadcrumbList\",\"@id\":\"https:\\\/\\\/promis.ro\\\/product\\\/womens-oversized-sweatshirt\\\/#breadcrumb\",\"itemListElement\":[{\"@type\":\"ListItem\",\"position\":1,\"name\":\"Home\",\"item\":\"https:\\\/\\\/promis.ro\\\/\"},{\"@type\":\"ListItem\",\"position\":2,\"name\":\"Magazin\",\"item\":\"https:\\\/\\\/promis.ro\\\/magazin\\\/\"},{\"@type\":\"ListItem\",\"position\":3,\"name\":\"Womens Oversized Sweatshirt\"}]},{\"@type\":\"WebSite\",\"@id\":\"https:\\\/\\\/promis.ro\\\/#website\",\"url\":\"https:\\\/\\\/promis.ro\\\/\",\"name\":\"Promis.ro\",\"description\":\"\",\"potentialAction\":[{\"@type\":\"SearchAction\",\"target\":{\"@type\":\"EntryPoint\",\"urlTemplate\":\"https:\\\/\\\/promis.ro\\\/?s={search_term_string}\"},\"query-input\":{\"@type\":\"PropertyValueSpecification\",\"valueRequired\":true,\"valueName\":\"search_term_string\"}}],\"inLanguage\":\"ro-RO\"}]}<\/script>\n<!-- \/ Yoast SEO plugin. -->","yoast_head_json":{"title":"Womens Oversized Sweatshirt - Promis.ro","description":"Greutate: 370 g\/m\u00b2 Compozi\u021bie: 87% bumbac organic, 13% poliester reciclat Stil: H&amp;M Group Cus\u0103tur\u0103 cu un singur ac la coasta m\u00e2necii \u0219i la coasta","robots":{"index":"index","follow":"follow","max-snippet":"max-snippet:-1","max-image-preview":"max-image-preview:large","max-video-preview":"max-video-preview:-1"},"canonical":"https:\/\/promis.ro\/ro\/produs\/womens-oversized-sweatshirt\/","og_locale":"ro_RO","og_type":"article","og_title":"Womens Oversized Sweatshirt - Promis.ro","og_description":"Greutate: 370 g\/m\u00b2 Compozi\u021bie: 87% bumbac organic, 13% poliester reciclat Stil: H&amp;M Group Cus\u0103tur\u0103 cu un singur ac la coasta m\u00e2necii \u0219i la coasta","og_url":"https:\/\/promis.ro\/ro\/produs\/womens-oversized-sweatshirt\/","og_site_name":"Promis.ro","article_modified_time":"2025-11-15T06:47:04+00:00","og_image":[{"width":1024,"height":1304,"url":"https:\/\/promis.ro\/wp-content\/uploads\/2025\/11\/202_41_113_m-2024_01.jpg","type":"image\/jpeg"}],"twitter_card":"summary_large_image","schema":{"@context":"https:\/\/schema.org","@graph":[{"@type":"WebPage","@id":"https:\/\/promis.ro\/product\/womens-oversized-sweatshirt\/","url":"https:\/\/promis.ro\/product\/womens-oversized-sweatshirt\/","name":"Womens Oversized Sweatshirt - Promis.ro","isPartOf":{"@id":"https:\/\/promis.ro\/#website"},"primaryImageOfPage":{"@id":"https:\/\/promis.ro\/product\/womens-oversized-sweatshirt\/#primaryimage"},"image":{"@id":"https:\/\/promis.ro\/product\/womens-oversized-sweatshirt\/#primaryimage"},"thumbnailUrl":"https:\/\/promis.ro\/wp-content\/uploads\/2025\/11\/202_41_113_m-2024_01.jpg","datePublished":"2025-11-15T03:40:56+00:00","dateModified":"2025-11-15T06:47:04+00:00","description":"Greutate: 370 g\/m\u00b2 Compozi\u021bie: 87% bumbac organic, 13% poliester reciclat Stil: H&amp;M Group Cus\u0103tur\u0103 cu un singur ac la coasta m\u00e2necii \u0219i la coasta","breadcrumb":{"@id":"https:\/\/promis.ro\/product\/womens-oversized-sweatshirt\/#breadcrumb"},"inLanguage":"ro-RO","potentialAction":[{"@type":"ReadAction","target":["https:\/\/promis.ro\/product\/womens-oversized-sweatshirt\/"]}]},{"@type":"ImageObject","inLanguage":"ro-RO","@id":"https:\/\/promis.ro\/product\/womens-oversized-sweatshirt\/#primaryimage","url":"https:\/\/promis.ro\/wp-content\/uploads\/2025\/11\/202_41_113_m-2024_01.jpg","contentUrl":"https:\/\/promis.ro\/wp-content\/uploads\/2025\/11\/202_41_113_m-2024_01.jpg","width":1024,"height":1304},{"@type":"BreadcrumbList","@id":"https:\/\/promis.ro\/product\/womens-oversized-sweatshirt\/#breadcrumb","itemListElement":[{"@type":"ListItem","position":1,"name":"Home","item":"https:\/\/promis.ro\/"},{"@type":"ListItem","position":2,"name":"Magazin","item":"https:\/\/promis.ro\/magazin\/"},{"@type":"ListItem","position":3,"name":"Womens Oversized Sweatshirt"}]},{"@type":"WebSite","@id":"https:\/\/promis.ro\/#website","url":"https:\/\/promis.ro\/","name":"Promis.ro","description":"","potentialAction":[{"@type":"SearchAction","target":{"@type":"EntryPoint","urlTemplate":"https:\/\/promis.ro\/?s={search_term_string}"},"query-input":{"@type":"PropertyValueSpecification","valueRequired":true,"valueName":"search_term_string"}}],"inLanguage":"ro-RO"}]}},"_links":{"self":[{"href":"https:\/\/promis.ro\/ro\/wp-json\/wp\/v2\/product\/238644","targetHints":{"allow":["GET"]}}],"collection":[{"href":"https:\/\/promis.ro\/ro\/wp-json\/wp\/v2\/product"}],"about":[{"href":"https:\/\/promis.ro\/ro\/wp-json\/wp\/v2\/types\/product"}],"replies":[{"embeddable":true,"href":"https:\/\/promis.ro\/ro\/wp-json\/wp\/v2\/comments?post=238644"}],"version-history":[{"count":1,"href":"https:\/\/promis.ro\/ro\/wp-json\/wp\/v2\/product\/238644\/revisions"}],"predecessor-version":[{"id":263846,"href":"https:\/\/promis.ro\/ro\/wp-json\/wp\/v2\/product\/238644\/revisions\/263846"}],"wp:featuredmedia":[{"embeddable":true,"href":"https:\/\/promis.ro\/ro\/wp-json\/wp\/v2\/media\/238639"}],"wp:attachment":[{"href":"https:\/\/promis.ro\/ro\/wp-json\/wp\/v2\/media?parent=238644"}],"wp:term":[{"taxonomy":"product_brand","embeddable":true,"href":"https:\/\/promis.ro\/ro\/wp-json\/wp\/v2\/product_brand?post=238644"},{"taxonomy":"product_cat","embeddable":true,"href":"https:\/\/promis.ro\/ro\/wp-json\/wp\/v2\/product_cat?post=238644"},{"taxonomy":"product_tag","embeddable":true,"href":"https:\/\/promis.ro\/ro\/wp-json\/wp\/v2\/product_tag?post=238644"}],"curies":[{"name":"wp","href":"https:\/\/api.w.org\/{rel}","templated":true}]}}