{"id":238695,"date":"2025-11-15T03:41:59","date_gmt":"2025-11-15T03:41:59","guid":{"rendered":"https:\/\/promis.ro\/product\/tagless-media-hoodie\/"},"modified":"2025-11-15T06:47:09","modified_gmt":"2025-11-15T06:47:09","slug":"tagless-media-hoodie","status":"publish","type":"product","link":"https:\/\/promis.ro\/ro\/produs\/tagless-media-hoodie\/","title":{"rendered":"Tagless Media Hoodie"},"content":{"rendered":"<p><strong>Greutate:<\/strong> 300 g\/m\u00b2<\/p>\n<p><strong>Compozi\u021bie:<\/strong> 60% bumbac, 40% poliester<\/p>\n<p><strong>Tip:<\/strong> Unisex<\/p>\n<p><strong>Vopsire:<\/strong> reactiv<\/p>\n<p><strong>Interior:<\/strong> piept\u0103nat<\/p>\n<p><strong>Glug\u0103:<\/strong> cu c\u0103ptu\u0219eal\u0103<\/p>\n<p><strong>Acces:<\/strong> de mp3<\/p>\n<p><strong>M\u00e2neci:<\/strong> raglan<\/p>\n<p><strong>Buzunare:<\/strong> laterale ascunse (u\u0219or de personalizat \u00een fa\u021b\u0103)<\/p>\n<p><strong>Man\u0219ete \u0219i tiv:<\/strong> cu rib<\/p>\n<p><strong>Cus\u0103turi:<\/strong> duble<\/p>","protected":false},"excerpt":{"rendered":"<p>Greutate: 300 g\/m\u00b2 Compozi\u021bie: 60% bumbac, 40% poliester Tip: Unisex Vopsire: reactiv Interior: piept\u0103nat Glug\u0103: cu c\u0103ptu\u0219eal\u0103 Acces: de mp3<\/p>","protected":false},"featured_media":238694,"comment_status":"open","ping_status":"closed","template":"","meta":[],"product_brand":[],"product_cat":[191],"product_tag":[],"class_list":{"0":"post-238695","1":"product","2":"type-product","3":"status-publish","4":"has-post-thumbnail","6":"product_cat-textile","8":"first","9":"instock","10":"shipping-taxable","11":"purchasable","12":"product-type-variable"},"yoast_head":"<!-- This site is optimized with the Yoast SEO plugin v27.4 - https:\/\/yoast.com\/product\/yoast-seo-wordpress\/ -->\n<title>Tagless Media Hoodie - Promis.ro<\/title>\n<meta name=\"description\" content=\"Greutate: 300 g\/m\u00b2 Compozi\u021bie: 60% bumbac, 40% poliester Tip: Unisex Vopsire: reactiv Interior: piept\u0103nat Glug\u0103: cu c\u0103ptu\u0219eal\u0103 Acces: de mp3 M\u00e2neci:\" \/>\n<meta name=\"robots\" content=\"index, follow, max-snippet:-1, max-image-preview:large, max-video-preview:-1\" \/>\n<link rel=\"canonical\" href=\"https:\/\/promis.ro\/ro\/produs\/tagless-media-hoodie\/\" \/>\n<meta property=\"og:locale\" content=\"ro_RO\" \/>\n<meta property=\"og:type\" content=\"article\" \/>\n<meta property=\"og:title\" content=\"Tagless Media Hoodie - Promis.ro\" \/>\n<meta property=\"og:description\" content=\"Greutate: 300 g\/m\u00b2 Compozi\u021bie: 60% bumbac, 40% poliester Tip: Unisex Vopsire: reactiv Interior: piept\u0103nat Glug\u0103: cu c\u0103ptu\u0219eal\u0103 Acces: de mp3 M\u00e2neci:\" \/>\n<meta property=\"og:url\" content=\"https:\/\/promis.ro\/ro\/produs\/tagless-media-hoodie\/\" \/>\n<meta property=\"og:site_name\" content=\"Promis.ro\" \/>\n<meta property=\"article:modified_time\" content=\"2025-11-15T06:47:09+00:00\" \/>\n<meta property=\"og:image\" content=\"https:\/\/promis.ro\/wp-content\/uploads\/2025\/11\/200_55_113_f-2018_01.jpg\" \/>\n\t<meta property=\"og:image:width\" content=\"995\" \/>\n\t<meta property=\"og:image:height\" content=\"1500\" \/>\n\t<meta property=\"og:image:type\" content=\"image\/jpeg\" \/>\n<meta name=\"twitter:card\" content=\"summary_large_image\" \/>\n<script type=\"application\/ld+json\" class=\"yoast-schema-graph\">{\"@context\":\"https:\\\/\\\/schema.org\",\"@graph\":[{\"@type\":\"WebPage\",\"@id\":\"https:\\\/\\\/promis.ro\\\/product\\\/tagless-media-hoodie\\\/\",\"url\":\"https:\\\/\\\/promis.ro\\\/product\\\/tagless-media-hoodie\\\/\",\"name\":\"Tagless Media Hoodie - Promis.ro\",\"isPartOf\":{\"@id\":\"https:\\\/\\\/promis.ro\\\/#website\"},\"primaryImageOfPage\":{\"@id\":\"https:\\\/\\\/promis.ro\\\/product\\\/tagless-media-hoodie\\\/#primaryimage\"},\"image\":{\"@id\":\"https:\\\/\\\/promis.ro\\\/product\\\/tagless-media-hoodie\\\/#primaryimage\"},\"thumbnailUrl\":\"https:\\\/\\\/promis.ro\\\/wp-content\\\/uploads\\\/2025\\\/11\\\/200_55_113_f-2018_01.jpg\",\"datePublished\":\"2025-11-15T03:41:59+00:00\",\"dateModified\":\"2025-11-15T06:47:09+00:00\",\"description\":\"Greutate: 300 g\\\/m\u00b2 Compozi\u021bie: 60% bumbac, 40% poliester Tip: Unisex Vopsire: reactiv Interior: piept\u0103nat Glug\u0103: cu c\u0103ptu\u0219eal\u0103 Acces: de mp3 M\u00e2neci:\",\"breadcrumb\":{\"@id\":\"https:\\\/\\\/promis.ro\\\/product\\\/tagless-media-hoodie\\\/#breadcrumb\"},\"inLanguage\":\"ro-RO\",\"potentialAction\":[{\"@type\":\"ReadAction\",\"target\":[\"https:\\\/\\\/promis.ro\\\/product\\\/tagless-media-hoodie\\\/\"]}]},{\"@type\":\"ImageObject\",\"inLanguage\":\"ro-RO\",\"@id\":\"https:\\\/\\\/promis.ro\\\/product\\\/tagless-media-hoodie\\\/#primaryimage\",\"url\":\"https:\\\/\\\/promis.ro\\\/wp-content\\\/uploads\\\/2025\\\/11\\\/200_55_113_f-2018_01.jpg\",\"contentUrl\":\"https:\\\/\\\/promis.ro\\\/wp-content\\\/uploads\\\/2025\\\/11\\\/200_55_113_f-2018_01.jpg\",\"width\":995,\"height\":1500},{\"@type\":\"BreadcrumbList\",\"@id\":\"https:\\\/\\\/promis.ro\\\/product\\\/tagless-media-hoodie\\\/#breadcrumb\",\"itemListElement\":[{\"@type\":\"ListItem\",\"position\":1,\"name\":\"Home\",\"item\":\"https:\\\/\\\/promis.ro\\\/\"},{\"@type\":\"ListItem\",\"position\":2,\"name\":\"Magazin\",\"item\":\"https:\\\/\\\/promis.ro\\\/magazin\\\/\"},{\"@type\":\"ListItem\",\"position\":3,\"name\":\"Tagless Media Hoodie\"}]},{\"@type\":\"WebSite\",\"@id\":\"https:\\\/\\\/promis.ro\\\/#website\",\"url\":\"https:\\\/\\\/promis.ro\\\/\",\"name\":\"Promis.ro\",\"description\":\"\",\"potentialAction\":[{\"@type\":\"SearchAction\",\"target\":{\"@type\":\"EntryPoint\",\"urlTemplate\":\"https:\\\/\\\/promis.ro\\\/?s={search_term_string}\"},\"query-input\":{\"@type\":\"PropertyValueSpecification\",\"valueRequired\":true,\"valueName\":\"search_term_string\"}}],\"inLanguage\":\"ro-RO\"}]}<\/script>\n<!-- \/ Yoast SEO plugin. -->","yoast_head_json":{"title":"Tagless Media Hoodie - Promis.ro","description":"Greutate: 300 g\/m\u00b2 Compozi\u021bie: 60% bumbac, 40% poliester Tip: Unisex Vopsire: reactiv Interior: piept\u0103nat Glug\u0103: cu c\u0103ptu\u0219eal\u0103 Acces: de mp3 M\u00e2neci:","robots":{"index":"index","follow":"follow","max-snippet":"max-snippet:-1","max-image-preview":"max-image-preview:large","max-video-preview":"max-video-preview:-1"},"canonical":"https:\/\/promis.ro\/ro\/produs\/tagless-media-hoodie\/","og_locale":"ro_RO","og_type":"article","og_title":"Tagless Media Hoodie - Promis.ro","og_description":"Greutate: 300 g\/m\u00b2 Compozi\u021bie: 60% bumbac, 40% poliester Tip: Unisex Vopsire: reactiv Interior: piept\u0103nat Glug\u0103: cu c\u0103ptu\u0219eal\u0103 Acces: de mp3 M\u00e2neci:","og_url":"https:\/\/promis.ro\/ro\/produs\/tagless-media-hoodie\/","og_site_name":"Promis.ro","article_modified_time":"2025-11-15T06:47:09+00:00","og_image":[{"width":995,"height":1500,"url":"https:\/\/promis.ro\/wp-content\/uploads\/2025\/11\/200_55_113_f-2018_01.jpg","type":"image\/jpeg"}],"twitter_card":"summary_large_image","schema":{"@context":"https:\/\/schema.org","@graph":[{"@type":"WebPage","@id":"https:\/\/promis.ro\/product\/tagless-media-hoodie\/","url":"https:\/\/promis.ro\/product\/tagless-media-hoodie\/","name":"Tagless Media Hoodie - Promis.ro","isPartOf":{"@id":"https:\/\/promis.ro\/#website"},"primaryImageOfPage":{"@id":"https:\/\/promis.ro\/product\/tagless-media-hoodie\/#primaryimage"},"image":{"@id":"https:\/\/promis.ro\/product\/tagless-media-hoodie\/#primaryimage"},"thumbnailUrl":"https:\/\/promis.ro\/wp-content\/uploads\/2025\/11\/200_55_113_f-2018_01.jpg","datePublished":"2025-11-15T03:41:59+00:00","dateModified":"2025-11-15T06:47:09+00:00","description":"Greutate: 300 g\/m\u00b2 Compozi\u021bie: 60% bumbac, 40% poliester Tip: Unisex Vopsire: reactiv Interior: piept\u0103nat Glug\u0103: cu c\u0103ptu\u0219eal\u0103 Acces: de mp3 M\u00e2neci:","breadcrumb":{"@id":"https:\/\/promis.ro\/product\/tagless-media-hoodie\/#breadcrumb"},"inLanguage":"ro-RO","potentialAction":[{"@type":"ReadAction","target":["https:\/\/promis.ro\/product\/tagless-media-hoodie\/"]}]},{"@type":"ImageObject","inLanguage":"ro-RO","@id":"https:\/\/promis.ro\/product\/tagless-media-hoodie\/#primaryimage","url":"https:\/\/promis.ro\/wp-content\/uploads\/2025\/11\/200_55_113_f-2018_01.jpg","contentUrl":"https:\/\/promis.ro\/wp-content\/uploads\/2025\/11\/200_55_113_f-2018_01.jpg","width":995,"height":1500},{"@type":"BreadcrumbList","@id":"https:\/\/promis.ro\/product\/tagless-media-hoodie\/#breadcrumb","itemListElement":[{"@type":"ListItem","position":1,"name":"Home","item":"https:\/\/promis.ro\/"},{"@type":"ListItem","position":2,"name":"Magazin","item":"https:\/\/promis.ro\/magazin\/"},{"@type":"ListItem","position":3,"name":"Tagless Media Hoodie"}]},{"@type":"WebSite","@id":"https:\/\/promis.ro\/#website","url":"https:\/\/promis.ro\/","name":"Promis.ro","description":"","potentialAction":[{"@type":"SearchAction","target":{"@type":"EntryPoint","urlTemplate":"https:\/\/promis.ro\/?s={search_term_string}"},"query-input":{"@type":"PropertyValueSpecification","valueRequired":true,"valueName":"search_term_string"}}],"inLanguage":"ro-RO"}]}},"_links":{"self":[{"href":"https:\/\/promis.ro\/ro\/wp-json\/wp\/v2\/product\/238695","targetHints":{"allow":["GET"]}}],"collection":[{"href":"https:\/\/promis.ro\/ro\/wp-json\/wp\/v2\/product"}],"about":[{"href":"https:\/\/promis.ro\/ro\/wp-json\/wp\/v2\/types\/product"}],"replies":[{"embeddable":true,"href":"https:\/\/promis.ro\/ro\/wp-json\/wp\/v2\/comments?post=238695"}],"version-history":[{"count":1,"href":"https:\/\/promis.ro\/ro\/wp-json\/wp\/v2\/product\/238695\/revisions"}],"predecessor-version":[{"id":263852,"href":"https:\/\/promis.ro\/ro\/wp-json\/wp\/v2\/product\/238695\/revisions\/263852"}],"wp:featuredmedia":[{"embeddable":true,"href":"https:\/\/promis.ro\/ro\/wp-json\/wp\/v2\/media\/238694"}],"wp:attachment":[{"href":"https:\/\/promis.ro\/ro\/wp-json\/wp\/v2\/media?parent=238695"}],"wp:term":[{"taxonomy":"product_brand","embeddable":true,"href":"https:\/\/promis.ro\/ro\/wp-json\/wp\/v2\/product_brand?post=238695"},{"taxonomy":"product_cat","embeddable":true,"href":"https:\/\/promis.ro\/ro\/wp-json\/wp\/v2\/product_cat?post=238695"},{"taxonomy":"product_tag","embeddable":true,"href":"https:\/\/promis.ro\/ro\/wp-json\/wp\/v2\/product_tag?post=238695"}],"curies":[{"name":"wp","href":"https:\/\/api.w.org\/{rel}","templated":true}]}}