{"id":238749,"date":"2025-11-15T03:43:11","date_gmt":"2025-11-15T03:43:11","guid":{"rendered":"https:\/\/promis.ro\/product\/unisex-heather-cvc-short-sleeve-tee\/"},"modified":"2025-11-15T06:47:16","modified_gmt":"2025-11-15T06:47:16","slug":"unisex-heather-cvc-short-sleeve-tee","status":"publish","type":"product","link":"https:\/\/promis.ro\/ro\/produs\/unisex-heather-cvc-short-sleeve-tee\/","title":{"rendered":"Unisex Heather CVC Short Sleeve Tee"},"content":{"rendered":"<ul>\n<li>142 g\/m\u00b2<\/li>\n<li>52% bumbac, 48% poliester<\/li>\n<li>Black Heather, Athletic Heather: 90% bumbac, 10% poliester<\/li>\n<li>Heather Prism Colors: 99% bumbac, 1% poliester<\/li>\n<li>Heather Prism Blue: 90% bumbac, 10% poliester<\/li>\n<li>band\u0103 de str\u00e2ngere pe g\u00e2t<\/li>\n<li>band\u0103 de \u00eent\u0103rire pe spate<\/li>\n<li>cus\u0103tur\u0103 dubl\u0103 \u00een jurul g\u00e2tului, la m\u00e2neci \u015fi pe baza produsului<\/li>\n<li>f\u0103r\u0103 cus\u0103turi laterale<\/li>\n<\/ul>","protected":false},"excerpt":{"rendered":"<p>142 g\/m\u00b2 52% bumbac, 48% poliester Black Heather, Athletic Heather: 90% bumbac, 10% poliester Heather Prism Colors: 99% bumbac, 1%<\/p>","protected":false},"featured_media":238744,"comment_status":"open","ping_status":"closed","template":"","meta":[],"product_brand":[],"product_cat":[191],"product_tag":[],"class_list":{"0":"post-238749","1":"product","2":"type-product","3":"status-publish","4":"has-post-thumbnail","6":"product_cat-textile","8":"first","9":"instock","10":"shipping-taxable","11":"purchasable","12":"product-type-variable"},"yoast_head":"<!-- This site is optimized with the Yoast SEO plugin v27.4 - https:\/\/yoast.com\/product\/yoast-seo-wordpress\/ -->\n<title>Unisex Heather CVC Short Sleeve Tee - Promis.ro<\/title>\n<meta name=\"description\" content=\"142 g\/m\u00b2 52% bumbac, 48% poliester Black Heather, Athletic Heather: 90% bumbac, 10% poliester Heather Prism Colors: 99% bumbac, 1% poliester Heather Prism\" \/>\n<meta name=\"robots\" content=\"index, follow, max-snippet:-1, max-image-preview:large, max-video-preview:-1\" \/>\n<link rel=\"canonical\" href=\"https:\/\/promis.ro\/ro\/produs\/unisex-heather-cvc-short-sleeve-tee\/\" \/>\n<meta property=\"og:locale\" content=\"ro_RO\" \/>\n<meta property=\"og:type\" content=\"article\" \/>\n<meta property=\"og:title\" content=\"Unisex Heather CVC Short Sleeve Tee - Promis.ro\" \/>\n<meta property=\"og:description\" content=\"142 g\/m\u00b2 52% bumbac, 48% poliester Black Heather, Athletic Heather: 90% bumbac, 10% poliester Heather Prism Colors: 99% bumbac, 1% poliester Heather Prism\" \/>\n<meta property=\"og:url\" content=\"https:\/\/promis.ro\/ro\/produs\/unisex-heather-cvc-short-sleeve-tee\/\" \/>\n<meta property=\"og:site_name\" content=\"Promis.ro\" \/>\n<meta property=\"article:modified_time\" content=\"2025-11-15T06:47:16+00:00\" \/>\n<meta property=\"og:image\" content=\"https:\/\/promis.ro\/wp-content\/uploads\/2025\/11\/195_06_123_m-2025_02.jpg\" \/>\n\t<meta property=\"og:image:width\" content=\"1024\" \/>\n\t<meta property=\"og:image:height\" content=\"1304\" \/>\n\t<meta property=\"og:image:type\" content=\"image\/jpeg\" \/>\n<meta name=\"twitter:card\" content=\"summary_large_image\" \/>\n<script type=\"application\/ld+json\" class=\"yoast-schema-graph\">{\"@context\":\"https:\\\/\\\/schema.org\",\"@graph\":[{\"@type\":\"WebPage\",\"@id\":\"https:\\\/\\\/promis.ro\\\/product\\\/unisex-heather-cvc-short-sleeve-tee\\\/\",\"url\":\"https:\\\/\\\/promis.ro\\\/product\\\/unisex-heather-cvc-short-sleeve-tee\\\/\",\"name\":\"Unisex Heather CVC Short Sleeve Tee - Promis.ro\",\"isPartOf\":{\"@id\":\"https:\\\/\\\/promis.ro\\\/#website\"},\"primaryImageOfPage\":{\"@id\":\"https:\\\/\\\/promis.ro\\\/product\\\/unisex-heather-cvc-short-sleeve-tee\\\/#primaryimage\"},\"image\":{\"@id\":\"https:\\\/\\\/promis.ro\\\/product\\\/unisex-heather-cvc-short-sleeve-tee\\\/#primaryimage\"},\"thumbnailUrl\":\"https:\\\/\\\/promis.ro\\\/wp-content\\\/uploads\\\/2025\\\/11\\\/195_06_123_m-2025_02.jpg\",\"datePublished\":\"2025-11-15T03:43:11+00:00\",\"dateModified\":\"2025-11-15T06:47:16+00:00\",\"description\":\"142 g\\\/m\u00b2 52% bumbac, 48% poliester Black Heather, Athletic Heather: 90% bumbac, 10% poliester Heather Prism Colors: 99% bumbac, 1% poliester Heather Prism\",\"breadcrumb\":{\"@id\":\"https:\\\/\\\/promis.ro\\\/product\\\/unisex-heather-cvc-short-sleeve-tee\\\/#breadcrumb\"},\"inLanguage\":\"ro-RO\",\"potentialAction\":[{\"@type\":\"ReadAction\",\"target\":[\"https:\\\/\\\/promis.ro\\\/product\\\/unisex-heather-cvc-short-sleeve-tee\\\/\"]}]},{\"@type\":\"ImageObject\",\"inLanguage\":\"ro-RO\",\"@id\":\"https:\\\/\\\/promis.ro\\\/product\\\/unisex-heather-cvc-short-sleeve-tee\\\/#primaryimage\",\"url\":\"https:\\\/\\\/promis.ro\\\/wp-content\\\/uploads\\\/2025\\\/11\\\/195_06_123_m-2025_02.jpg\",\"contentUrl\":\"https:\\\/\\\/promis.ro\\\/wp-content\\\/uploads\\\/2025\\\/11\\\/195_06_123_m-2025_02.jpg\",\"width\":1024,\"height\":1304},{\"@type\":\"BreadcrumbList\",\"@id\":\"https:\\\/\\\/promis.ro\\\/product\\\/unisex-heather-cvc-short-sleeve-tee\\\/#breadcrumb\",\"itemListElement\":[{\"@type\":\"ListItem\",\"position\":1,\"name\":\"Home\",\"item\":\"https:\\\/\\\/promis.ro\\\/\"},{\"@type\":\"ListItem\",\"position\":2,\"name\":\"Magazin\",\"item\":\"https:\\\/\\\/promis.ro\\\/magazin\\\/\"},{\"@type\":\"ListItem\",\"position\":3,\"name\":\"Unisex Heather CVC Short Sleeve Tee\"}]},{\"@type\":\"WebSite\",\"@id\":\"https:\\\/\\\/promis.ro\\\/#website\",\"url\":\"https:\\\/\\\/promis.ro\\\/\",\"name\":\"Promis.ro\",\"description\":\"\",\"potentialAction\":[{\"@type\":\"SearchAction\",\"target\":{\"@type\":\"EntryPoint\",\"urlTemplate\":\"https:\\\/\\\/promis.ro\\\/?s={search_term_string}\"},\"query-input\":{\"@type\":\"PropertyValueSpecification\",\"valueRequired\":true,\"valueName\":\"search_term_string\"}}],\"inLanguage\":\"ro-RO\"}]}<\/script>\n<!-- \/ Yoast SEO plugin. -->","yoast_head_json":{"title":"Unisex Heather CVC Short Sleeve Tee - Promis.ro","description":"142 g\/m\u00b2 52% bumbac, 48% poliester Black Heather, Athletic Heather: 90% bumbac, 10% poliester Heather Prism Colors: 99% bumbac, 1% poliester Heather Prism","robots":{"index":"index","follow":"follow","max-snippet":"max-snippet:-1","max-image-preview":"max-image-preview:large","max-video-preview":"max-video-preview:-1"},"canonical":"https:\/\/promis.ro\/ro\/produs\/unisex-heather-cvc-short-sleeve-tee\/","og_locale":"ro_RO","og_type":"article","og_title":"Unisex Heather CVC Short Sleeve Tee - Promis.ro","og_description":"142 g\/m\u00b2 52% bumbac, 48% poliester Black Heather, Athletic Heather: 90% bumbac, 10% poliester Heather Prism Colors: 99% bumbac, 1% poliester Heather Prism","og_url":"https:\/\/promis.ro\/ro\/produs\/unisex-heather-cvc-short-sleeve-tee\/","og_site_name":"Promis.ro","article_modified_time":"2025-11-15T06:47:16+00:00","og_image":[{"width":1024,"height":1304,"url":"https:\/\/promis.ro\/wp-content\/uploads\/2025\/11\/195_06_123_m-2025_02.jpg","type":"image\/jpeg"}],"twitter_card":"summary_large_image","schema":{"@context":"https:\/\/schema.org","@graph":[{"@type":"WebPage","@id":"https:\/\/promis.ro\/product\/unisex-heather-cvc-short-sleeve-tee\/","url":"https:\/\/promis.ro\/product\/unisex-heather-cvc-short-sleeve-tee\/","name":"Unisex Heather CVC Short Sleeve Tee - Promis.ro","isPartOf":{"@id":"https:\/\/promis.ro\/#website"},"primaryImageOfPage":{"@id":"https:\/\/promis.ro\/product\/unisex-heather-cvc-short-sleeve-tee\/#primaryimage"},"image":{"@id":"https:\/\/promis.ro\/product\/unisex-heather-cvc-short-sleeve-tee\/#primaryimage"},"thumbnailUrl":"https:\/\/promis.ro\/wp-content\/uploads\/2025\/11\/195_06_123_m-2025_02.jpg","datePublished":"2025-11-15T03:43:11+00:00","dateModified":"2025-11-15T06:47:16+00:00","description":"142 g\/m\u00b2 52% bumbac, 48% poliester Black Heather, Athletic Heather: 90% bumbac, 10% poliester Heather Prism Colors: 99% bumbac, 1% poliester Heather Prism","breadcrumb":{"@id":"https:\/\/promis.ro\/product\/unisex-heather-cvc-short-sleeve-tee\/#breadcrumb"},"inLanguage":"ro-RO","potentialAction":[{"@type":"ReadAction","target":["https:\/\/promis.ro\/product\/unisex-heather-cvc-short-sleeve-tee\/"]}]},{"@type":"ImageObject","inLanguage":"ro-RO","@id":"https:\/\/promis.ro\/product\/unisex-heather-cvc-short-sleeve-tee\/#primaryimage","url":"https:\/\/promis.ro\/wp-content\/uploads\/2025\/11\/195_06_123_m-2025_02.jpg","contentUrl":"https:\/\/promis.ro\/wp-content\/uploads\/2025\/11\/195_06_123_m-2025_02.jpg","width":1024,"height":1304},{"@type":"BreadcrumbList","@id":"https:\/\/promis.ro\/product\/unisex-heather-cvc-short-sleeve-tee\/#breadcrumb","itemListElement":[{"@type":"ListItem","position":1,"name":"Home","item":"https:\/\/promis.ro\/"},{"@type":"ListItem","position":2,"name":"Magazin","item":"https:\/\/promis.ro\/magazin\/"},{"@type":"ListItem","position":3,"name":"Unisex Heather CVC Short Sleeve Tee"}]},{"@type":"WebSite","@id":"https:\/\/promis.ro\/#website","url":"https:\/\/promis.ro\/","name":"Promis.ro","description":"","potentialAction":[{"@type":"SearchAction","target":{"@type":"EntryPoint","urlTemplate":"https:\/\/promis.ro\/?s={search_term_string}"},"query-input":{"@type":"PropertyValueSpecification","valueRequired":true,"valueName":"search_term_string"}}],"inLanguage":"ro-RO"}]}},"_links":{"self":[{"href":"https:\/\/promis.ro\/ro\/wp-json\/wp\/v2\/product\/238749","targetHints":{"allow":["GET"]}}],"collection":[{"href":"https:\/\/promis.ro\/ro\/wp-json\/wp\/v2\/product"}],"about":[{"href":"https:\/\/promis.ro\/ro\/wp-json\/wp\/v2\/types\/product"}],"replies":[{"embeddable":true,"href":"https:\/\/promis.ro\/ro\/wp-json\/wp\/v2\/comments?post=238749"}],"version-history":[{"count":1,"href":"https:\/\/promis.ro\/ro\/wp-json\/wp\/v2\/product\/238749\/revisions"}],"predecessor-version":[{"id":263862,"href":"https:\/\/promis.ro\/ro\/wp-json\/wp\/v2\/product\/238749\/revisions\/263862"}],"wp:featuredmedia":[{"embeddable":true,"href":"https:\/\/promis.ro\/ro\/wp-json\/wp\/v2\/media\/238744"}],"wp:attachment":[{"href":"https:\/\/promis.ro\/ro\/wp-json\/wp\/v2\/media?parent=238749"}],"wp:term":[{"taxonomy":"product_brand","embeddable":true,"href":"https:\/\/promis.ro\/ro\/wp-json\/wp\/v2\/product_brand?post=238749"},{"taxonomy":"product_cat","embeddable":true,"href":"https:\/\/promis.ro\/ro\/wp-json\/wp\/v2\/product_cat?post=238749"},{"taxonomy":"product_tag","embeddable":true,"href":"https:\/\/promis.ro\/ro\/wp-json\/wp\/v2\/product_tag?post=238749"}],"curies":[{"name":"wp","href":"https:\/\/api.w.org\/{rel}","templated":true}]}}