{"id":238831,"date":"2025-11-15T03:44:56","date_gmt":"2025-11-15T03:44:56","guid":{"rendered":"https:\/\/promis.ro\/product\/inspire-v-t-women\/"},"modified":"2025-11-15T06:47:28","modified_gmt":"2025-11-15T06:47:28","slug":"inspire-v-t-women","status":"publish","type":"product","link":"https:\/\/promis.ro\/ro\/produs\/inspire-v-t-women\/","title":{"rendered":"Inspire V T \/women"},"content":{"rendered":"<p>\u00b7140 g\/m\u00b2<br \/>\u00b7100% bumbac (organic), ringspun periat<br \/>\u00b7Jerseu simplu<br \/>\u00b7Decolteu tip V cu \u00eent\u0103rire de nervuri, \u00eengust\u0103<br \/>\u00b7\u00cent\u0103rire de g\u00e2t<br \/>\u00b7Cusutur\u0103 dubl\u0103 la man\u015fete \u015fi tiv<br \/>\u00b7Cus\u0103turi laterale<br \/>\u00b7&#8221;B&amp;C NoLabel&#8221; sistem f\u0103r\u0103 etichet\u0103<br \/>\u00b7Suprafa\u021ba foarte neted\u0103 permite un rezultat de imprimari luminos \u0219i clar<br \/>\u00b7Testat \u0219i aprobat pentru toate tehnicile de imprimare standard aplicabile pe bumbac.<\/p>","protected":false},"excerpt":{"rendered":"<p>\u00b7140 g\/m\u00b2\u00b7100% bumbac (organic), ringspun periat\u00b7Jerseu simplu\u00b7Decolteu tip V cu \u00eent\u0103rire de nervuri, \u00eengust\u0103\u00b7\u00cent\u0103rire de g\u00e2t\u00b7Cusutur\u0103 dubl\u0103 la man\u015fete \u015fi<\/p>","protected":false},"featured_media":238830,"comment_status":"open","ping_status":"closed","template":"","meta":[],"product_brand":[],"product_cat":[191],"product_tag":[],"class_list":{"0":"post-238831","1":"product","2":"type-product","3":"status-publish","4":"has-post-thumbnail","6":"product_cat-textile","8":"first","9":"instock","10":"shipping-taxable","11":"purchasable","12":"product-type-variable"},"yoast_head":"<!-- This site is optimized with the Yoast SEO plugin v27.4 - https:\/\/yoast.com\/product\/yoast-seo-wordpress\/ -->\n<title>Inspire V T \/women - Promis.ro<\/title>\n<meta name=\"description\" content=\"\u00b7140 g\/m\u00b2\u00b7100% bumbac (organic), ringspun periat\u00b7Jerseu simplu\u00b7Decolteu tip V cu \u00eent\u0103rire de nervuri, \u00eengust\u0103\u00b7\u00cent\u0103rire de g\u00e2t\u00b7Cusutur\u0103 dubl\u0103 la man\u015fete \u015fi\" \/>\n<meta name=\"robots\" content=\"index, follow, max-snippet:-1, max-image-preview:large, max-video-preview:-1\" \/>\n<link rel=\"canonical\" href=\"https:\/\/promis.ro\/ro\/produs\/inspire-v-t-women\/\" \/>\n<meta property=\"og:locale\" content=\"ro_RO\" \/>\n<meta property=\"og:type\" content=\"article\" \/>\n<meta property=\"og:title\" content=\"Inspire V T \/women - Promis.ro\" \/>\n<meta property=\"og:description\" content=\"\u00b7140 g\/m\u00b2\u00b7100% bumbac (organic), ringspun periat\u00b7Jerseu simplu\u00b7Decolteu tip V cu \u00eent\u0103rire de nervuri, \u00eengust\u0103\u00b7\u00cent\u0103rire de g\u00e2t\u00b7Cusutur\u0103 dubl\u0103 la man\u015fete \u015fi\" \/>\n<meta property=\"og:url\" content=\"https:\/\/promis.ro\/ro\/produs\/inspire-v-t-women\/\" \/>\n<meta property=\"og:site_name\" content=\"Promis.ro\" \/>\n<meta property=\"article:modified_time\" content=\"2025-11-15T06:47:28+00:00\" \/>\n<meta property=\"og:image\" content=\"https:\/\/promis.ro\/wp-content\/uploads\/2025\/11\/182_42_526_m-2023_01.jpg\" \/>\n\t<meta property=\"og:image:width\" content=\"1024\" \/>\n\t<meta property=\"og:image:height\" content=\"1304\" \/>\n\t<meta property=\"og:image:type\" content=\"image\/jpeg\" \/>\n<meta name=\"twitter:card\" content=\"summary_large_image\" \/>\n<script type=\"application\/ld+json\" class=\"yoast-schema-graph\">{\"@context\":\"https:\\\/\\\/schema.org\",\"@graph\":[{\"@type\":\"WebPage\",\"@id\":\"https:\\\/\\\/promis.ro\\\/product\\\/inspire-v-t-women\\\/\",\"url\":\"https:\\\/\\\/promis.ro\\\/product\\\/inspire-v-t-women\\\/\",\"name\":\"Inspire V T \\\/women - Promis.ro\",\"isPartOf\":{\"@id\":\"https:\\\/\\\/promis.ro\\\/#website\"},\"primaryImageOfPage\":{\"@id\":\"https:\\\/\\\/promis.ro\\\/product\\\/inspire-v-t-women\\\/#primaryimage\"},\"image\":{\"@id\":\"https:\\\/\\\/promis.ro\\\/product\\\/inspire-v-t-women\\\/#primaryimage\"},\"thumbnailUrl\":\"https:\\\/\\\/promis.ro\\\/wp-content\\\/uploads\\\/2025\\\/11\\\/182_42_526_m-2023_01.jpg\",\"datePublished\":\"2025-11-15T03:44:56+00:00\",\"dateModified\":\"2025-11-15T06:47:28+00:00\",\"description\":\"\u00b7140 g\\\/m\u00b2\u00b7100% bumbac (organic), ringspun periat\u00b7Jerseu simplu\u00b7Decolteu tip V cu \u00eent\u0103rire de nervuri, \u00eengust\u0103\u00b7\u00cent\u0103rire de g\u00e2t\u00b7Cusutur\u0103 dubl\u0103 la man\u015fete \u015fi\",\"breadcrumb\":{\"@id\":\"https:\\\/\\\/promis.ro\\\/product\\\/inspire-v-t-women\\\/#breadcrumb\"},\"inLanguage\":\"ro-RO\",\"potentialAction\":[{\"@type\":\"ReadAction\",\"target\":[\"https:\\\/\\\/promis.ro\\\/product\\\/inspire-v-t-women\\\/\"]}]},{\"@type\":\"ImageObject\",\"inLanguage\":\"ro-RO\",\"@id\":\"https:\\\/\\\/promis.ro\\\/product\\\/inspire-v-t-women\\\/#primaryimage\",\"url\":\"https:\\\/\\\/promis.ro\\\/wp-content\\\/uploads\\\/2025\\\/11\\\/182_42_526_m-2023_01.jpg\",\"contentUrl\":\"https:\\\/\\\/promis.ro\\\/wp-content\\\/uploads\\\/2025\\\/11\\\/182_42_526_m-2023_01.jpg\",\"width\":1024,\"height\":1304},{\"@type\":\"BreadcrumbList\",\"@id\":\"https:\\\/\\\/promis.ro\\\/product\\\/inspire-v-t-women\\\/#breadcrumb\",\"itemListElement\":[{\"@type\":\"ListItem\",\"position\":1,\"name\":\"Home\",\"item\":\"https:\\\/\\\/promis.ro\\\/\"},{\"@type\":\"ListItem\",\"position\":2,\"name\":\"Magazin\",\"item\":\"https:\\\/\\\/promis.ro\\\/magazin\\\/\"},{\"@type\":\"ListItem\",\"position\":3,\"name\":\"Inspire V T \\\/women\"}]},{\"@type\":\"WebSite\",\"@id\":\"https:\\\/\\\/promis.ro\\\/#website\",\"url\":\"https:\\\/\\\/promis.ro\\\/\",\"name\":\"Promis.ro\",\"description\":\"\",\"potentialAction\":[{\"@type\":\"SearchAction\",\"target\":{\"@type\":\"EntryPoint\",\"urlTemplate\":\"https:\\\/\\\/promis.ro\\\/?s={search_term_string}\"},\"query-input\":{\"@type\":\"PropertyValueSpecification\",\"valueRequired\":true,\"valueName\":\"search_term_string\"}}],\"inLanguage\":\"ro-RO\"}]}<\/script>\n<!-- \/ Yoast SEO plugin. -->","yoast_head_json":{"title":"Inspire V T \/women - Promis.ro","description":"\u00b7140 g\/m\u00b2\u00b7100% bumbac (organic), ringspun periat\u00b7Jerseu simplu\u00b7Decolteu tip V cu \u00eent\u0103rire de nervuri, \u00eengust\u0103\u00b7\u00cent\u0103rire de g\u00e2t\u00b7Cusutur\u0103 dubl\u0103 la man\u015fete \u015fi","robots":{"index":"index","follow":"follow","max-snippet":"max-snippet:-1","max-image-preview":"max-image-preview:large","max-video-preview":"max-video-preview:-1"},"canonical":"https:\/\/promis.ro\/ro\/produs\/inspire-v-t-women\/","og_locale":"ro_RO","og_type":"article","og_title":"Inspire V T \/women - Promis.ro","og_description":"\u00b7140 g\/m\u00b2\u00b7100% bumbac (organic), ringspun periat\u00b7Jerseu simplu\u00b7Decolteu tip V cu \u00eent\u0103rire de nervuri, \u00eengust\u0103\u00b7\u00cent\u0103rire de g\u00e2t\u00b7Cusutur\u0103 dubl\u0103 la man\u015fete \u015fi","og_url":"https:\/\/promis.ro\/ro\/produs\/inspire-v-t-women\/","og_site_name":"Promis.ro","article_modified_time":"2025-11-15T06:47:28+00:00","og_image":[{"width":1024,"height":1304,"url":"https:\/\/promis.ro\/wp-content\/uploads\/2025\/11\/182_42_526_m-2023_01.jpg","type":"image\/jpeg"}],"twitter_card":"summary_large_image","schema":{"@context":"https:\/\/schema.org","@graph":[{"@type":"WebPage","@id":"https:\/\/promis.ro\/product\/inspire-v-t-women\/","url":"https:\/\/promis.ro\/product\/inspire-v-t-women\/","name":"Inspire V T \/women - Promis.ro","isPartOf":{"@id":"https:\/\/promis.ro\/#website"},"primaryImageOfPage":{"@id":"https:\/\/promis.ro\/product\/inspire-v-t-women\/#primaryimage"},"image":{"@id":"https:\/\/promis.ro\/product\/inspire-v-t-women\/#primaryimage"},"thumbnailUrl":"https:\/\/promis.ro\/wp-content\/uploads\/2025\/11\/182_42_526_m-2023_01.jpg","datePublished":"2025-11-15T03:44:56+00:00","dateModified":"2025-11-15T06:47:28+00:00","description":"\u00b7140 g\/m\u00b2\u00b7100% bumbac (organic), ringspun periat\u00b7Jerseu simplu\u00b7Decolteu tip V cu \u00eent\u0103rire de nervuri, \u00eengust\u0103\u00b7\u00cent\u0103rire de g\u00e2t\u00b7Cusutur\u0103 dubl\u0103 la man\u015fete \u015fi","breadcrumb":{"@id":"https:\/\/promis.ro\/product\/inspire-v-t-women\/#breadcrumb"},"inLanguage":"ro-RO","potentialAction":[{"@type":"ReadAction","target":["https:\/\/promis.ro\/product\/inspire-v-t-women\/"]}]},{"@type":"ImageObject","inLanguage":"ro-RO","@id":"https:\/\/promis.ro\/product\/inspire-v-t-women\/#primaryimage","url":"https:\/\/promis.ro\/wp-content\/uploads\/2025\/11\/182_42_526_m-2023_01.jpg","contentUrl":"https:\/\/promis.ro\/wp-content\/uploads\/2025\/11\/182_42_526_m-2023_01.jpg","width":1024,"height":1304},{"@type":"BreadcrumbList","@id":"https:\/\/promis.ro\/product\/inspire-v-t-women\/#breadcrumb","itemListElement":[{"@type":"ListItem","position":1,"name":"Home","item":"https:\/\/promis.ro\/"},{"@type":"ListItem","position":2,"name":"Magazin","item":"https:\/\/promis.ro\/magazin\/"},{"@type":"ListItem","position":3,"name":"Inspire V T \/women"}]},{"@type":"WebSite","@id":"https:\/\/promis.ro\/#website","url":"https:\/\/promis.ro\/","name":"Promis.ro","description":"","potentialAction":[{"@type":"SearchAction","target":{"@type":"EntryPoint","urlTemplate":"https:\/\/promis.ro\/?s={search_term_string}"},"query-input":{"@type":"PropertyValueSpecification","valueRequired":true,"valueName":"search_term_string"}}],"inLanguage":"ro-RO"}]}},"_links":{"self":[{"href":"https:\/\/promis.ro\/ro\/wp-json\/wp\/v2\/product\/238831","targetHints":{"allow":["GET"]}}],"collection":[{"href":"https:\/\/promis.ro\/ro\/wp-json\/wp\/v2\/product"}],"about":[{"href":"https:\/\/promis.ro\/ro\/wp-json\/wp\/v2\/types\/product"}],"replies":[{"embeddable":true,"href":"https:\/\/promis.ro\/ro\/wp-json\/wp\/v2\/comments?post=238831"}],"version-history":[{"count":1,"href":"https:\/\/promis.ro\/ro\/wp-json\/wp\/v2\/product\/238831\/revisions"}],"predecessor-version":[{"id":263878,"href":"https:\/\/promis.ro\/ro\/wp-json\/wp\/v2\/product\/238831\/revisions\/263878"}],"wp:featuredmedia":[{"embeddable":true,"href":"https:\/\/promis.ro\/ro\/wp-json\/wp\/v2\/media\/238830"}],"wp:attachment":[{"href":"https:\/\/promis.ro\/ro\/wp-json\/wp\/v2\/media?parent=238831"}],"wp:term":[{"taxonomy":"product_brand","embeddable":true,"href":"https:\/\/promis.ro\/ro\/wp-json\/wp\/v2\/product_brand?post=238831"},{"taxonomy":"product_cat","embeddable":true,"href":"https:\/\/promis.ro\/ro\/wp-json\/wp\/v2\/product_cat?post=238831"},{"taxonomy":"product_tag","embeddable":true,"href":"https:\/\/promis.ro\/ro\/wp-json\/wp\/v2\/product_tag?post=238831"}],"curies":[{"name":"wp","href":"https:\/\/api.w.org\/{rel}","templated":true}]}}