{"id":238862,"date":"2025-11-15T03:45:35","date_gmt":"2025-11-15T03:45:35","guid":{"rendered":"https:\/\/promis.ro\/product\/classic-t\/"},"modified":"2025-11-15T06:47:33","modified_gmt":"2025-11-15T06:47:33","slug":"classic-t","status":"publish","type":"product","link":"https:\/\/promis.ro\/ro\/produs\/classic-t\/","title":{"rendered":"Classic T"},"content":{"rendered":"<p><strong>Greutate:<\/strong> 180 g\/m\u00b2 (Alb: 175 g\/m\u00b2)<\/p>\n<ul>\n<li>100% bumbac, ring spun<\/li>\n<li>Light Oxford: 93% bumbac, 7% poliester<\/li>\n<li>Str\u00e2ngere \u00een jurul g\u00e2tului<\/li>\n<li>Band\u0103 de \u00eent\u0103rire de-a lungul g\u00e2tului<\/li>\n<li>Cus\u0103turi duble la m\u00e2neci \u015fi \u00een partea de jos a produsului<\/li>\n<li>\u021aes\u0103tur\u0103 tubular\u0103 (cu excep\u021bia Light Oxford)<\/li>\n<\/ul>","protected":false},"excerpt":{"rendered":"<p>Greutate: 180 g\/m\u00b2 (Alb: 175 g\/m\u00b2) 100% bumbac, ring spun Light Oxford: 93% bumbac, 7% poliester Str\u00e2ngere \u00een jurul g\u00e2tului<\/p>","protected":false},"featured_media":238857,"comment_status":"open","ping_status":"closed","template":"","meta":[],"product_brand":[],"product_cat":[195],"product_tag":[],"class_list":{"0":"post-238862","1":"product","2":"type-product","3":"status-publish","4":"has-post-thumbnail","6":"product_cat-editie-limitata","8":"first","9":"instock","10":"shipping-taxable","11":"purchasable","12":"product-type-variable"},"yoast_head":"<!-- This site is optimized with the Yoast SEO plugin v27.4 - https:\/\/yoast.com\/product\/yoast-seo-wordpress\/ -->\n<title>Classic T - Promis.ro<\/title>\n<meta name=\"description\" content=\"Greutate: 180 g\/m\u00b2 (Alb: 175 g\/m\u00b2) 100% bumbac, ring spun Light Oxford: 93% bumbac, 7% poliester Str\u00e2ngere \u00een jurul g\u00e2tului Band\u0103 de \u00eent\u0103rire de-a lungul\" \/>\n<meta name=\"robots\" content=\"index, follow, max-snippet:-1, max-image-preview:large, max-video-preview:-1\" \/>\n<link rel=\"canonical\" href=\"https:\/\/promis.ro\/ro\/produs\/classic-t\/\" \/>\n<meta property=\"og:locale\" content=\"ro_RO\" \/>\n<meta property=\"og:type\" content=\"article\" \/>\n<meta property=\"og:title\" content=\"Classic T - Promis.ro\" \/>\n<meta property=\"og:description\" content=\"Greutate: 180 g\/m\u00b2 (Alb: 175 g\/m\u00b2) 100% bumbac, ring spun Light Oxford: 93% bumbac, 7% poliester Str\u00e2ngere \u00een jurul g\u00e2tului Band\u0103 de \u00eent\u0103rire de-a lungul\" \/>\n<meta property=\"og:url\" content=\"https:\/\/promis.ro\/ro\/produs\/classic-t\/\" \/>\n<meta property=\"og:site_name\" content=\"Promis.ro\" \/>\n<meta property=\"article:modified_time\" content=\"2025-11-15T06:47:33+00:00\" \/>\n<meta property=\"og:image\" content=\"https:\/\/promis.ro\/wp-content\/uploads\/2025\/11\/180_00_306_m-2023_01.jpg\" \/>\n\t<meta property=\"og:image:width\" content=\"1024\" \/>\n\t<meta property=\"og:image:height\" content=\"1304\" \/>\n\t<meta property=\"og:image:type\" content=\"image\/jpeg\" \/>\n<meta name=\"twitter:card\" content=\"summary_large_image\" \/>\n<script type=\"application\/ld+json\" class=\"yoast-schema-graph\">{\"@context\":\"https:\\\/\\\/schema.org\",\"@graph\":[{\"@type\":\"WebPage\",\"@id\":\"https:\\\/\\\/promis.ro\\\/product\\\/classic-t\\\/\",\"url\":\"https:\\\/\\\/promis.ro\\\/product\\\/classic-t\\\/\",\"name\":\"Classic T - Promis.ro\",\"isPartOf\":{\"@id\":\"https:\\\/\\\/promis.ro\\\/#website\"},\"primaryImageOfPage\":{\"@id\":\"https:\\\/\\\/promis.ro\\\/product\\\/classic-t\\\/#primaryimage\"},\"image\":{\"@id\":\"https:\\\/\\\/promis.ro\\\/product\\\/classic-t\\\/#primaryimage\"},\"thumbnailUrl\":\"https:\\\/\\\/promis.ro\\\/wp-content\\\/uploads\\\/2025\\\/11\\\/180_00_306_m-2023_01.jpg\",\"datePublished\":\"2025-11-15T03:45:35+00:00\",\"dateModified\":\"2025-11-15T06:47:33+00:00\",\"description\":\"Greutate: 180 g\\\/m\u00b2 (Alb: 175 g\\\/m\u00b2) 100% bumbac, ring spun Light Oxford: 93% bumbac, 7% poliester Str\u00e2ngere \u00een jurul g\u00e2tului Band\u0103 de \u00eent\u0103rire de-a lungul\",\"breadcrumb\":{\"@id\":\"https:\\\/\\\/promis.ro\\\/product\\\/classic-t\\\/#breadcrumb\"},\"inLanguage\":\"ro-RO\",\"potentialAction\":[{\"@type\":\"ReadAction\",\"target\":[\"https:\\\/\\\/promis.ro\\\/product\\\/classic-t\\\/\"]}]},{\"@type\":\"ImageObject\",\"inLanguage\":\"ro-RO\",\"@id\":\"https:\\\/\\\/promis.ro\\\/product\\\/classic-t\\\/#primaryimage\",\"url\":\"https:\\\/\\\/promis.ro\\\/wp-content\\\/uploads\\\/2025\\\/11\\\/180_00_306_m-2023_01.jpg\",\"contentUrl\":\"https:\\\/\\\/promis.ro\\\/wp-content\\\/uploads\\\/2025\\\/11\\\/180_00_306_m-2023_01.jpg\",\"width\":1024,\"height\":1304},{\"@type\":\"BreadcrumbList\",\"@id\":\"https:\\\/\\\/promis.ro\\\/product\\\/classic-t\\\/#breadcrumb\",\"itemListElement\":[{\"@type\":\"ListItem\",\"position\":1,\"name\":\"Home\",\"item\":\"https:\\\/\\\/promis.ro\\\/\"},{\"@type\":\"ListItem\",\"position\":2,\"name\":\"Magazin\",\"item\":\"https:\\\/\\\/promis.ro\\\/magazin\\\/\"},{\"@type\":\"ListItem\",\"position\":3,\"name\":\"Classic T\"}]},{\"@type\":\"WebSite\",\"@id\":\"https:\\\/\\\/promis.ro\\\/#website\",\"url\":\"https:\\\/\\\/promis.ro\\\/\",\"name\":\"Promis.ro\",\"description\":\"\",\"potentialAction\":[{\"@type\":\"SearchAction\",\"target\":{\"@type\":\"EntryPoint\",\"urlTemplate\":\"https:\\\/\\\/promis.ro\\\/?s={search_term_string}\"},\"query-input\":{\"@type\":\"PropertyValueSpecification\",\"valueRequired\":true,\"valueName\":\"search_term_string\"}}],\"inLanguage\":\"ro-RO\"}]}<\/script>\n<!-- \/ Yoast SEO plugin. -->","yoast_head_json":{"title":"Classic T - Promis.ro","description":"Greutate: 180 g\/m\u00b2 (Alb: 175 g\/m\u00b2) 100% bumbac, ring spun Light Oxford: 93% bumbac, 7% poliester Str\u00e2ngere \u00een jurul g\u00e2tului Band\u0103 de \u00eent\u0103rire de-a lungul","robots":{"index":"index","follow":"follow","max-snippet":"max-snippet:-1","max-image-preview":"max-image-preview:large","max-video-preview":"max-video-preview:-1"},"canonical":"https:\/\/promis.ro\/ro\/produs\/classic-t\/","og_locale":"ro_RO","og_type":"article","og_title":"Classic T - Promis.ro","og_description":"Greutate: 180 g\/m\u00b2 (Alb: 175 g\/m\u00b2) 100% bumbac, ring spun Light Oxford: 93% bumbac, 7% poliester Str\u00e2ngere \u00een jurul g\u00e2tului Band\u0103 de \u00eent\u0103rire de-a lungul","og_url":"https:\/\/promis.ro\/ro\/produs\/classic-t\/","og_site_name":"Promis.ro","article_modified_time":"2025-11-15T06:47:33+00:00","og_image":[{"width":1024,"height":1304,"url":"https:\/\/promis.ro\/wp-content\/uploads\/2025\/11\/180_00_306_m-2023_01.jpg","type":"image\/jpeg"}],"twitter_card":"summary_large_image","schema":{"@context":"https:\/\/schema.org","@graph":[{"@type":"WebPage","@id":"https:\/\/promis.ro\/product\/classic-t\/","url":"https:\/\/promis.ro\/product\/classic-t\/","name":"Classic T - Promis.ro","isPartOf":{"@id":"https:\/\/promis.ro\/#website"},"primaryImageOfPage":{"@id":"https:\/\/promis.ro\/product\/classic-t\/#primaryimage"},"image":{"@id":"https:\/\/promis.ro\/product\/classic-t\/#primaryimage"},"thumbnailUrl":"https:\/\/promis.ro\/wp-content\/uploads\/2025\/11\/180_00_306_m-2023_01.jpg","datePublished":"2025-11-15T03:45:35+00:00","dateModified":"2025-11-15T06:47:33+00:00","description":"Greutate: 180 g\/m\u00b2 (Alb: 175 g\/m\u00b2) 100% bumbac, ring spun Light Oxford: 93% bumbac, 7% poliester Str\u00e2ngere \u00een jurul g\u00e2tului Band\u0103 de \u00eent\u0103rire de-a lungul","breadcrumb":{"@id":"https:\/\/promis.ro\/product\/classic-t\/#breadcrumb"},"inLanguage":"ro-RO","potentialAction":[{"@type":"ReadAction","target":["https:\/\/promis.ro\/product\/classic-t\/"]}]},{"@type":"ImageObject","inLanguage":"ro-RO","@id":"https:\/\/promis.ro\/product\/classic-t\/#primaryimage","url":"https:\/\/promis.ro\/wp-content\/uploads\/2025\/11\/180_00_306_m-2023_01.jpg","contentUrl":"https:\/\/promis.ro\/wp-content\/uploads\/2025\/11\/180_00_306_m-2023_01.jpg","width":1024,"height":1304},{"@type":"BreadcrumbList","@id":"https:\/\/promis.ro\/product\/classic-t\/#breadcrumb","itemListElement":[{"@type":"ListItem","position":1,"name":"Home","item":"https:\/\/promis.ro\/"},{"@type":"ListItem","position":2,"name":"Magazin","item":"https:\/\/promis.ro\/magazin\/"},{"@type":"ListItem","position":3,"name":"Classic T"}]},{"@type":"WebSite","@id":"https:\/\/promis.ro\/#website","url":"https:\/\/promis.ro\/","name":"Promis.ro","description":"","potentialAction":[{"@type":"SearchAction","target":{"@type":"EntryPoint","urlTemplate":"https:\/\/promis.ro\/?s={search_term_string}"},"query-input":{"@type":"PropertyValueSpecification","valueRequired":true,"valueName":"search_term_string"}}],"inLanguage":"ro-RO"}]}},"_links":{"self":[{"href":"https:\/\/promis.ro\/ro\/wp-json\/wp\/v2\/product\/238862","targetHints":{"allow":["GET"]}}],"collection":[{"href":"https:\/\/promis.ro\/ro\/wp-json\/wp\/v2\/product"}],"about":[{"href":"https:\/\/promis.ro\/ro\/wp-json\/wp\/v2\/types\/product"}],"replies":[{"embeddable":true,"href":"https:\/\/promis.ro\/ro\/wp-json\/wp\/v2\/comments?post=238862"}],"version-history":[{"count":1,"href":"https:\/\/promis.ro\/ro\/wp-json\/wp\/v2\/product\/238862\/revisions"}],"predecessor-version":[{"id":263886,"href":"https:\/\/promis.ro\/ro\/wp-json\/wp\/v2\/product\/238862\/revisions\/263886"}],"wp:featuredmedia":[{"embeddable":true,"href":"https:\/\/promis.ro\/ro\/wp-json\/wp\/v2\/media\/238857"}],"wp:attachment":[{"href":"https:\/\/promis.ro\/ro\/wp-json\/wp\/v2\/media?parent=238862"}],"wp:term":[{"taxonomy":"product_brand","embeddable":true,"href":"https:\/\/promis.ro\/ro\/wp-json\/wp\/v2\/product_brand?post=238862"},{"taxonomy":"product_cat","embeddable":true,"href":"https:\/\/promis.ro\/ro\/wp-json\/wp\/v2\/product_cat?post=238862"},{"taxonomy":"product_tag","embeddable":true,"href":"https:\/\/promis.ro\/ro\/wp-json\/wp\/v2\/product_tag?post=238862"}],"curies":[{"name":"wp","href":"https:\/\/api.w.org\/{rel}","templated":true}]}}