{"id":238871,"date":"2025-11-15T03:45:47","date_gmt":"2025-11-15T03:45:47","guid":{"rendered":"https:\/\/promis.ro\/product\/recycled-sports-t-race-men\/"},"modified":"2025-11-15T06:47:36","modified_gmt":"2025-11-15T06:47:36","slug":"recycled-sports-t-race-men","status":"publish","type":"product","link":"https:\/\/promis.ro\/ro\/produs\/recycled-sports-t-race-men\/","title":{"rendered":"Recycled Sports-T Race Men"},"content":{"rendered":"<p>\u00b7160 g\/mp<br \/>\u00b790% poliester (ACTIVE-DRY \u00b0, 50% reciclat), 10% elastan<br \/>\u00b7\u021aes\u0103tur\u0103 func\u021bional\u0103 ecologic\u0103<br \/>\u00b7Fabricat din sticle de plastic reciclate (4 pe tricou)<br \/>\u00b7Heathered look<br \/>\u00b7Guler auto-\u021bes\u0103tor<br \/>\u00b7Banda de g\u00e2t<br \/>\u00b7Cus\u0103turi decorative flatlock<br \/>\u00b7Panouri laterale de contrast \u0219i um\u0103r<br \/>\u00b7Etichet\u0103 deta\u0219abil\u0103 la cus\u0103tura lateral\u0103<br \/>\u00b7Body fit.<\/p>","protected":false},"excerpt":{"rendered":"<p>\u00b7160 g\/mp\u00b790% poliester (ACTIVE-DRY \u00b0, 50% reciclat), 10% elastan\u00b7\u021aes\u0103tur\u0103 func\u021bional\u0103 ecologic\u0103\u00b7Fabricat din sticle de plastic reciclate (4 pe tricou)\u00b7Heathered look\u00b7Guler<\/p>","protected":false},"featured_media":238870,"comment_status":"open","ping_status":"closed","template":"","meta":[],"product_brand":[],"product_cat":[191],"product_tag":[],"class_list":{"0":"post-238871","1":"product","2":"type-product","3":"status-publish","4":"has-post-thumbnail","6":"product_cat-textile","8":"first","9":"instock","10":"shipping-taxable","11":"purchasable","12":"product-type-simple"},"yoast_head":"<!-- This site is optimized with the Yoast SEO plugin v27.4 - https:\/\/yoast.com\/product\/yoast-seo-wordpress\/ -->\n<title>Recycled Sports-T Race Men - Promis.ro<\/title>\n<meta name=\"description\" content=\"\u00b7160 g\/mp\u00b790% poliester (ACTIVE-DRY \u00b0, 50% reciclat), 10% elastan\u00b7\u021aes\u0103tur\u0103 func\u021bional\u0103 ecologic\u0103\u00b7Fabricat din sticle de plastic reciclate (4 pe\" \/>\n<meta name=\"robots\" content=\"index, follow, max-snippet:-1, max-image-preview:large, max-video-preview:-1\" \/>\n<link rel=\"canonical\" href=\"https:\/\/promis.ro\/ro\/produs\/recycled-sports-t-race-men\/\" \/>\n<meta property=\"og:locale\" content=\"ro_RO\" \/>\n<meta property=\"og:type\" content=\"article\" \/>\n<meta property=\"og:title\" content=\"Recycled Sports-T Race Men - Promis.ro\" \/>\n<meta property=\"og:description\" content=\"\u00b7160 g\/mp\u00b790% poliester (ACTIVE-DRY \u00b0, 50% reciclat), 10% elastan\u00b7\u021aes\u0103tur\u0103 func\u021bional\u0103 ecologic\u0103\u00b7Fabricat din sticle de plastic reciclate (4 pe\" \/>\n<meta property=\"og:url\" content=\"https:\/\/promis.ro\/ro\/produs\/recycled-sports-t-race-men\/\" \/>\n<meta property=\"og:site_name\" content=\"Promis.ro\" \/>\n<meta property=\"article:modified_time\" content=\"2025-11-15T06:47:36+00:00\" \/>\n<meta property=\"og:image\" content=\"https:\/\/promis.ro\/wp-content\/uploads\/2025\/11\/178_05_123_f-2020_01.jpg\" \/>\n\t<meta property=\"og:image:width\" content=\"309\" \/>\n\t<meta property=\"og:image:height\" content=\"360\" \/>\n\t<meta property=\"og:image:type\" content=\"image\/jpeg\" \/>\n<meta name=\"twitter:card\" content=\"summary_large_image\" \/>\n<script type=\"application\/ld+json\" class=\"yoast-schema-graph\">{\"@context\":\"https:\\\/\\\/schema.org\",\"@graph\":[{\"@type\":\"WebPage\",\"@id\":\"https:\\\/\\\/promis.ro\\\/product\\\/recycled-sports-t-race-men\\\/\",\"url\":\"https:\\\/\\\/promis.ro\\\/product\\\/recycled-sports-t-race-men\\\/\",\"name\":\"Recycled Sports-T Race Men - Promis.ro\",\"isPartOf\":{\"@id\":\"https:\\\/\\\/promis.ro\\\/#website\"},\"primaryImageOfPage\":{\"@id\":\"https:\\\/\\\/promis.ro\\\/product\\\/recycled-sports-t-race-men\\\/#primaryimage\"},\"image\":{\"@id\":\"https:\\\/\\\/promis.ro\\\/product\\\/recycled-sports-t-race-men\\\/#primaryimage\"},\"thumbnailUrl\":\"https:\\\/\\\/promis.ro\\\/wp-content\\\/uploads\\\/2025\\\/11\\\/178_05_123_f-2020_01.jpg\",\"datePublished\":\"2025-11-15T03:45:47+00:00\",\"dateModified\":\"2025-11-15T06:47:36+00:00\",\"description\":\"\u00b7160 g\\\/mp\u00b790% poliester (ACTIVE-DRY \u00b0, 50% reciclat), 10% elastan\u00b7\u021aes\u0103tur\u0103 func\u021bional\u0103 ecologic\u0103\u00b7Fabricat din sticle de plastic reciclate (4 pe\",\"breadcrumb\":{\"@id\":\"https:\\\/\\\/promis.ro\\\/product\\\/recycled-sports-t-race-men\\\/#breadcrumb\"},\"inLanguage\":\"ro-RO\",\"potentialAction\":[{\"@type\":\"ReadAction\",\"target\":[\"https:\\\/\\\/promis.ro\\\/product\\\/recycled-sports-t-race-men\\\/\"]}]},{\"@type\":\"ImageObject\",\"inLanguage\":\"ro-RO\",\"@id\":\"https:\\\/\\\/promis.ro\\\/product\\\/recycled-sports-t-race-men\\\/#primaryimage\",\"url\":\"https:\\\/\\\/promis.ro\\\/wp-content\\\/uploads\\\/2025\\\/11\\\/178_05_123_f-2020_01.jpg\",\"contentUrl\":\"https:\\\/\\\/promis.ro\\\/wp-content\\\/uploads\\\/2025\\\/11\\\/178_05_123_f-2020_01.jpg\",\"width\":309,\"height\":360},{\"@type\":\"BreadcrumbList\",\"@id\":\"https:\\\/\\\/promis.ro\\\/product\\\/recycled-sports-t-race-men\\\/#breadcrumb\",\"itemListElement\":[{\"@type\":\"ListItem\",\"position\":1,\"name\":\"Home\",\"item\":\"https:\\\/\\\/promis.ro\\\/\"},{\"@type\":\"ListItem\",\"position\":2,\"name\":\"Magazin\",\"item\":\"https:\\\/\\\/promis.ro\\\/magazin\\\/\"},{\"@type\":\"ListItem\",\"position\":3,\"name\":\"Recycled Sports-T Race Men\"}]},{\"@type\":\"WebSite\",\"@id\":\"https:\\\/\\\/promis.ro\\\/#website\",\"url\":\"https:\\\/\\\/promis.ro\\\/\",\"name\":\"Promis.ro\",\"description\":\"\",\"potentialAction\":[{\"@type\":\"SearchAction\",\"target\":{\"@type\":\"EntryPoint\",\"urlTemplate\":\"https:\\\/\\\/promis.ro\\\/?s={search_term_string}\"},\"query-input\":{\"@type\":\"PropertyValueSpecification\",\"valueRequired\":true,\"valueName\":\"search_term_string\"}}],\"inLanguage\":\"ro-RO\"}]}<\/script>\n<!-- \/ Yoast SEO plugin. -->","yoast_head_json":{"title":"Recycled Sports-T Race Men - Promis.ro","description":"\u00b7160 g\/mp\u00b790% poliester (ACTIVE-DRY \u00b0, 50% reciclat), 10% elastan\u00b7\u021aes\u0103tur\u0103 func\u021bional\u0103 ecologic\u0103\u00b7Fabricat din sticle de plastic reciclate (4 pe","robots":{"index":"index","follow":"follow","max-snippet":"max-snippet:-1","max-image-preview":"max-image-preview:large","max-video-preview":"max-video-preview:-1"},"canonical":"https:\/\/promis.ro\/ro\/produs\/recycled-sports-t-race-men\/","og_locale":"ro_RO","og_type":"article","og_title":"Recycled Sports-T Race Men - Promis.ro","og_description":"\u00b7160 g\/mp\u00b790% poliester (ACTIVE-DRY \u00b0, 50% reciclat), 10% elastan\u00b7\u021aes\u0103tur\u0103 func\u021bional\u0103 ecologic\u0103\u00b7Fabricat din sticle de plastic reciclate (4 pe","og_url":"https:\/\/promis.ro\/ro\/produs\/recycled-sports-t-race-men\/","og_site_name":"Promis.ro","article_modified_time":"2025-11-15T06:47:36+00:00","og_image":[{"width":309,"height":360,"url":"https:\/\/promis.ro\/wp-content\/uploads\/2025\/11\/178_05_123_f-2020_01.jpg","type":"image\/jpeg"}],"twitter_card":"summary_large_image","schema":{"@context":"https:\/\/schema.org","@graph":[{"@type":"WebPage","@id":"https:\/\/promis.ro\/product\/recycled-sports-t-race-men\/","url":"https:\/\/promis.ro\/product\/recycled-sports-t-race-men\/","name":"Recycled Sports-T Race Men - Promis.ro","isPartOf":{"@id":"https:\/\/promis.ro\/#website"},"primaryImageOfPage":{"@id":"https:\/\/promis.ro\/product\/recycled-sports-t-race-men\/#primaryimage"},"image":{"@id":"https:\/\/promis.ro\/product\/recycled-sports-t-race-men\/#primaryimage"},"thumbnailUrl":"https:\/\/promis.ro\/wp-content\/uploads\/2025\/11\/178_05_123_f-2020_01.jpg","datePublished":"2025-11-15T03:45:47+00:00","dateModified":"2025-11-15T06:47:36+00:00","description":"\u00b7160 g\/mp\u00b790% poliester (ACTIVE-DRY \u00b0, 50% reciclat), 10% elastan\u00b7\u021aes\u0103tur\u0103 func\u021bional\u0103 ecologic\u0103\u00b7Fabricat din sticle de plastic reciclate (4 pe","breadcrumb":{"@id":"https:\/\/promis.ro\/product\/recycled-sports-t-race-men\/#breadcrumb"},"inLanguage":"ro-RO","potentialAction":[{"@type":"ReadAction","target":["https:\/\/promis.ro\/product\/recycled-sports-t-race-men\/"]}]},{"@type":"ImageObject","inLanguage":"ro-RO","@id":"https:\/\/promis.ro\/product\/recycled-sports-t-race-men\/#primaryimage","url":"https:\/\/promis.ro\/wp-content\/uploads\/2025\/11\/178_05_123_f-2020_01.jpg","contentUrl":"https:\/\/promis.ro\/wp-content\/uploads\/2025\/11\/178_05_123_f-2020_01.jpg","width":309,"height":360},{"@type":"BreadcrumbList","@id":"https:\/\/promis.ro\/product\/recycled-sports-t-race-men\/#breadcrumb","itemListElement":[{"@type":"ListItem","position":1,"name":"Home","item":"https:\/\/promis.ro\/"},{"@type":"ListItem","position":2,"name":"Magazin","item":"https:\/\/promis.ro\/magazin\/"},{"@type":"ListItem","position":3,"name":"Recycled Sports-T Race Men"}]},{"@type":"WebSite","@id":"https:\/\/promis.ro\/#website","url":"https:\/\/promis.ro\/","name":"Promis.ro","description":"","potentialAction":[{"@type":"SearchAction","target":{"@type":"EntryPoint","urlTemplate":"https:\/\/promis.ro\/?s={search_term_string}"},"query-input":{"@type":"PropertyValueSpecification","valueRequired":true,"valueName":"search_term_string"}}],"inLanguage":"ro-RO"}]}},"_links":{"self":[{"href":"https:\/\/promis.ro\/ro\/wp-json\/wp\/v2\/product\/238871","targetHints":{"allow":["GET"]}}],"collection":[{"href":"https:\/\/promis.ro\/ro\/wp-json\/wp\/v2\/product"}],"about":[{"href":"https:\/\/promis.ro\/ro\/wp-json\/wp\/v2\/types\/product"}],"replies":[{"embeddable":true,"href":"https:\/\/promis.ro\/ro\/wp-json\/wp\/v2\/comments?post=238871"}],"version-history":[{"count":1,"href":"https:\/\/promis.ro\/ro\/wp-json\/wp\/v2\/product\/238871\/revisions"}],"predecessor-version":[{"id":263891,"href":"https:\/\/promis.ro\/ro\/wp-json\/wp\/v2\/product\/238871\/revisions\/263891"}],"wp:featuredmedia":[{"embeddable":true,"href":"https:\/\/promis.ro\/ro\/wp-json\/wp\/v2\/media\/238870"}],"wp:attachment":[{"href":"https:\/\/promis.ro\/ro\/wp-json\/wp\/v2\/media?parent=238871"}],"wp:term":[{"taxonomy":"product_brand","embeddable":true,"href":"https:\/\/promis.ro\/ro\/wp-json\/wp\/v2\/product_brand?post=238871"},{"taxonomy":"product_cat","embeddable":true,"href":"https:\/\/promis.ro\/ro\/wp-json\/wp\/v2\/product_cat?post=238871"},{"taxonomy":"product_tag","embeddable":true,"href":"https:\/\/promis.ro\/ro\/wp-json\/wp\/v2\/product_tag?post=238871"}],"curies":[{"name":"wp","href":"https:\/\/api.w.org\/{rel}","templated":true}]}}