{"id":238889,"date":"2025-11-15T03:46:07","date_gmt":"2025-11-15T03:46:07","guid":{"rendered":"https:\/\/promis.ro\/product\/softstyle-adult-tank\/"},"modified":"2025-11-15T06:47:39","modified_gmt":"2025-11-15T06:47:39","slug":"softstyle-adult-tank","status":"publish","type":"product","link":"https:\/\/promis.ro\/ro\/produs\/softstyle-adult-tank\/","title":{"rendered":"Softstyle Adult Tank"},"content":{"rendered":"<ul>\n<li>153 g\/m\u00b2 (Alb: 144 g\/m\u00b2)<\/li>\n<li>100% bumbac jersey, nu se str\u00e2nge<\/li>\n<li>gri sport 90% bumbac, 10% poliester<\/li>\n<li><strong>Softstyle<\/strong> dispune de tesatura de \u00eenalt\u0103 densitate cusatura, care ofer\u0103 o suprafa\u021b\u0103 de imprimare neted\u0103, ideal pentru DTG<\/li>\n<li>umeri late<\/li>\n<li>tricot la arme \u015fi la g\u00e2t<\/li>\n<li>Tiv cu cusatura dubla<\/li>\n<li>\u021aes\u0103tur\u0103 tubular\u0103<\/li>\n<li>Rupe\u021bi eticheta.<\/li>\n<li>Semi-fitted.<\/li>\n<\/ul>","protected":false},"excerpt":{"rendered":"<p>153 g\/m\u00b2 (Alb: 144 g\/m\u00b2) 100% bumbac jersey, nu se str\u00e2nge gri sport 90% bumbac, 10% poliester Softstyle dispune de<\/p>","protected":false},"featured_media":238886,"comment_status":"open","ping_status":"closed","template":"","meta":[],"product_brand":[],"product_cat":[191],"product_tag":[],"class_list":{"0":"post-238889","1":"product","2":"type-product","3":"status-publish","4":"has-post-thumbnail","6":"product_cat-textile","8":"first","9":"instock","10":"shipping-taxable","11":"purchasable","12":"product-type-variable"},"yoast_head":"<!-- This site is optimized with the Yoast SEO plugin v27.4 - https:\/\/yoast.com\/product\/yoast-seo-wordpress\/ -->\n<title>Softstyle Adult Tank - Promis.ro<\/title>\n<meta name=\"description\" content=\"153 g\/m\u00b2 (Alb: 144 g\/m\u00b2) 100% bumbac jersey, nu se str\u00e2nge gri sport 90% bumbac, 10% poliester Softstyle dispune de tesatura de \u00eenalt\u0103 densitate cusatura,\" \/>\n<meta name=\"robots\" content=\"index, follow, max-snippet:-1, max-image-preview:large, max-video-preview:-1\" \/>\n<link rel=\"canonical\" href=\"https:\/\/promis.ro\/ro\/produs\/softstyle-adult-tank\/\" \/>\n<meta property=\"og:locale\" content=\"ro_RO\" \/>\n<meta property=\"og:type\" content=\"article\" \/>\n<meta property=\"og:title\" content=\"Softstyle Adult Tank - Promis.ro\" \/>\n<meta property=\"og:description\" content=\"153 g\/m\u00b2 (Alb: 144 g\/m\u00b2) 100% bumbac jersey, nu se str\u00e2nge gri sport 90% bumbac, 10% poliester Softstyle dispune de tesatura de \u00eenalt\u0103 densitate cusatura,\" \/>\n<meta property=\"og:url\" content=\"https:\/\/promis.ro\/ro\/produs\/softstyle-adult-tank\/\" \/>\n<meta property=\"og:site_name\" content=\"Promis.ro\" \/>\n<meta property=\"article:modified_time\" content=\"2025-11-15T06:47:39+00:00\" \/>\n<meta property=\"og:image\" content=\"https:\/\/promis.ro\/wp-content\/uploads\/2025\/11\/175_09_130_m-2023_01.jpg\" \/>\n\t<meta property=\"og:image:width\" content=\"1024\" \/>\n\t<meta property=\"og:image:height\" content=\"1304\" \/>\n\t<meta property=\"og:image:type\" content=\"image\/jpeg\" \/>\n<meta name=\"twitter:card\" content=\"summary_large_image\" \/>\n<script type=\"application\/ld+json\" class=\"yoast-schema-graph\">{\"@context\":\"https:\\\/\\\/schema.org\",\"@graph\":[{\"@type\":\"WebPage\",\"@id\":\"https:\\\/\\\/promis.ro\\\/product\\\/softstyle-adult-tank\\\/\",\"url\":\"https:\\\/\\\/promis.ro\\\/product\\\/softstyle-adult-tank\\\/\",\"name\":\"Softstyle Adult Tank - Promis.ro\",\"isPartOf\":{\"@id\":\"https:\\\/\\\/promis.ro\\\/#website\"},\"primaryImageOfPage\":{\"@id\":\"https:\\\/\\\/promis.ro\\\/product\\\/softstyle-adult-tank\\\/#primaryimage\"},\"image\":{\"@id\":\"https:\\\/\\\/promis.ro\\\/product\\\/softstyle-adult-tank\\\/#primaryimage\"},\"thumbnailUrl\":\"https:\\\/\\\/promis.ro\\\/wp-content\\\/uploads\\\/2025\\\/11\\\/175_09_130_m-2023_01.jpg\",\"datePublished\":\"2025-11-15T03:46:07+00:00\",\"dateModified\":\"2025-11-15T06:47:39+00:00\",\"description\":\"153 g\\\/m\u00b2 (Alb: 144 g\\\/m\u00b2) 100% bumbac jersey, nu se str\u00e2nge gri sport 90% bumbac, 10% poliester Softstyle dispune de tesatura de \u00eenalt\u0103 densitate cusatura,\",\"breadcrumb\":{\"@id\":\"https:\\\/\\\/promis.ro\\\/product\\\/softstyle-adult-tank\\\/#breadcrumb\"},\"inLanguage\":\"ro-RO\",\"potentialAction\":[{\"@type\":\"ReadAction\",\"target\":[\"https:\\\/\\\/promis.ro\\\/product\\\/softstyle-adult-tank\\\/\"]}]},{\"@type\":\"ImageObject\",\"inLanguage\":\"ro-RO\",\"@id\":\"https:\\\/\\\/promis.ro\\\/product\\\/softstyle-adult-tank\\\/#primaryimage\",\"url\":\"https:\\\/\\\/promis.ro\\\/wp-content\\\/uploads\\\/2025\\\/11\\\/175_09_130_m-2023_01.jpg\",\"contentUrl\":\"https:\\\/\\\/promis.ro\\\/wp-content\\\/uploads\\\/2025\\\/11\\\/175_09_130_m-2023_01.jpg\",\"width\":1024,\"height\":1304},{\"@type\":\"BreadcrumbList\",\"@id\":\"https:\\\/\\\/promis.ro\\\/product\\\/softstyle-adult-tank\\\/#breadcrumb\",\"itemListElement\":[{\"@type\":\"ListItem\",\"position\":1,\"name\":\"Home\",\"item\":\"https:\\\/\\\/promis.ro\\\/\"},{\"@type\":\"ListItem\",\"position\":2,\"name\":\"Magazin\",\"item\":\"https:\\\/\\\/promis.ro\\\/magazin\\\/\"},{\"@type\":\"ListItem\",\"position\":3,\"name\":\"Softstyle Adult Tank\"}]},{\"@type\":\"WebSite\",\"@id\":\"https:\\\/\\\/promis.ro\\\/#website\",\"url\":\"https:\\\/\\\/promis.ro\\\/\",\"name\":\"Promis.ro\",\"description\":\"\",\"potentialAction\":[{\"@type\":\"SearchAction\",\"target\":{\"@type\":\"EntryPoint\",\"urlTemplate\":\"https:\\\/\\\/promis.ro\\\/?s={search_term_string}\"},\"query-input\":{\"@type\":\"PropertyValueSpecification\",\"valueRequired\":true,\"valueName\":\"search_term_string\"}}],\"inLanguage\":\"ro-RO\"}]}<\/script>\n<!-- \/ Yoast SEO plugin. -->","yoast_head_json":{"title":"Softstyle Adult Tank - Promis.ro","description":"153 g\/m\u00b2 (Alb: 144 g\/m\u00b2) 100% bumbac jersey, nu se str\u00e2nge gri sport 90% bumbac, 10% poliester Softstyle dispune de tesatura de \u00eenalt\u0103 densitate cusatura,","robots":{"index":"index","follow":"follow","max-snippet":"max-snippet:-1","max-image-preview":"max-image-preview:large","max-video-preview":"max-video-preview:-1"},"canonical":"https:\/\/promis.ro\/ro\/produs\/softstyle-adult-tank\/","og_locale":"ro_RO","og_type":"article","og_title":"Softstyle Adult Tank - Promis.ro","og_description":"153 g\/m\u00b2 (Alb: 144 g\/m\u00b2) 100% bumbac jersey, nu se str\u00e2nge gri sport 90% bumbac, 10% poliester Softstyle dispune de tesatura de \u00eenalt\u0103 densitate cusatura,","og_url":"https:\/\/promis.ro\/ro\/produs\/softstyle-adult-tank\/","og_site_name":"Promis.ro","article_modified_time":"2025-11-15T06:47:39+00:00","og_image":[{"width":1024,"height":1304,"url":"https:\/\/promis.ro\/wp-content\/uploads\/2025\/11\/175_09_130_m-2023_01.jpg","type":"image\/jpeg"}],"twitter_card":"summary_large_image","schema":{"@context":"https:\/\/schema.org","@graph":[{"@type":"WebPage","@id":"https:\/\/promis.ro\/product\/softstyle-adult-tank\/","url":"https:\/\/promis.ro\/product\/softstyle-adult-tank\/","name":"Softstyle Adult Tank - Promis.ro","isPartOf":{"@id":"https:\/\/promis.ro\/#website"},"primaryImageOfPage":{"@id":"https:\/\/promis.ro\/product\/softstyle-adult-tank\/#primaryimage"},"image":{"@id":"https:\/\/promis.ro\/product\/softstyle-adult-tank\/#primaryimage"},"thumbnailUrl":"https:\/\/promis.ro\/wp-content\/uploads\/2025\/11\/175_09_130_m-2023_01.jpg","datePublished":"2025-11-15T03:46:07+00:00","dateModified":"2025-11-15T06:47:39+00:00","description":"153 g\/m\u00b2 (Alb: 144 g\/m\u00b2) 100% bumbac jersey, nu se str\u00e2nge gri sport 90% bumbac, 10% poliester Softstyle dispune de tesatura de \u00eenalt\u0103 densitate cusatura,","breadcrumb":{"@id":"https:\/\/promis.ro\/product\/softstyle-adult-tank\/#breadcrumb"},"inLanguage":"ro-RO","potentialAction":[{"@type":"ReadAction","target":["https:\/\/promis.ro\/product\/softstyle-adult-tank\/"]}]},{"@type":"ImageObject","inLanguage":"ro-RO","@id":"https:\/\/promis.ro\/product\/softstyle-adult-tank\/#primaryimage","url":"https:\/\/promis.ro\/wp-content\/uploads\/2025\/11\/175_09_130_m-2023_01.jpg","contentUrl":"https:\/\/promis.ro\/wp-content\/uploads\/2025\/11\/175_09_130_m-2023_01.jpg","width":1024,"height":1304},{"@type":"BreadcrumbList","@id":"https:\/\/promis.ro\/product\/softstyle-adult-tank\/#breadcrumb","itemListElement":[{"@type":"ListItem","position":1,"name":"Home","item":"https:\/\/promis.ro\/"},{"@type":"ListItem","position":2,"name":"Magazin","item":"https:\/\/promis.ro\/magazin\/"},{"@type":"ListItem","position":3,"name":"Softstyle Adult Tank"}]},{"@type":"WebSite","@id":"https:\/\/promis.ro\/#website","url":"https:\/\/promis.ro\/","name":"Promis.ro","description":"","potentialAction":[{"@type":"SearchAction","target":{"@type":"EntryPoint","urlTemplate":"https:\/\/promis.ro\/?s={search_term_string}"},"query-input":{"@type":"PropertyValueSpecification","valueRequired":true,"valueName":"search_term_string"}}],"inLanguage":"ro-RO"}]}},"_links":{"self":[{"href":"https:\/\/promis.ro\/ro\/wp-json\/wp\/v2\/product\/238889","targetHints":{"allow":["GET"]}}],"collection":[{"href":"https:\/\/promis.ro\/ro\/wp-json\/wp\/v2\/product"}],"about":[{"href":"https:\/\/promis.ro\/ro\/wp-json\/wp\/v2\/types\/product"}],"replies":[{"embeddable":true,"href":"https:\/\/promis.ro\/ro\/wp-json\/wp\/v2\/comments?post=238889"}],"version-history":[{"count":1,"href":"https:\/\/promis.ro\/ro\/wp-json\/wp\/v2\/product\/238889\/revisions"}],"predecessor-version":[{"id":263897,"href":"https:\/\/promis.ro\/ro\/wp-json\/wp\/v2\/product\/238889\/revisions\/263897"}],"wp:featuredmedia":[{"embeddable":true,"href":"https:\/\/promis.ro\/ro\/wp-json\/wp\/v2\/media\/238886"}],"wp:attachment":[{"href":"https:\/\/promis.ro\/ro\/wp-json\/wp\/v2\/media?parent=238889"}],"wp:term":[{"taxonomy":"product_brand","embeddable":true,"href":"https:\/\/promis.ro\/ro\/wp-json\/wp\/v2\/product_brand?post=238889"},{"taxonomy":"product_cat","embeddable":true,"href":"https:\/\/promis.ro\/ro\/wp-json\/wp\/v2\/product_cat?post=238889"},{"taxonomy":"product_tag","embeddable":true,"href":"https:\/\/promis.ro\/ro\/wp-json\/wp\/v2\/product_tag?post=238889"}],"curies":[{"name":"wp","href":"https:\/\/api.w.org\/{rel}","templated":true}]}}