{"id":238895,"date":"2025-11-15T03:46:15","date_gmt":"2025-11-15T03:46:15","guid":{"rendered":"https:\/\/promis.ro\/product\/unisex-jersey-tank\/"},"modified":"2025-11-15T06:47:44","modified_gmt":"2025-11-15T06:47:44","slug":"unisex-jersey-tank","status":"publish","type":"product","link":"https:\/\/promis.ro\/ro\/produs\/unisex-jersey-tank\/","title":{"rendered":"Unisex Jersey Tank"},"content":{"rendered":"<p><strong>Specifica\u021bii:<\/strong><\/p>\n<ul>\n<li>142 g\/m\u00b2<\/li>\n<li>100% bumbac piept\u0103nat ring-spun<\/li>\n<li>Neon \u0219i Heather: 122 g\/m\u00b2, 52% bumbac, 48% poliester<\/li>\n<li>Tirblend: 128 g\/m\u00b2, 50% poliester, 25% bumbac, 25% v\u00e2scoz\u0103<\/li>\n<li>Athletic Heather: 90% poliester, 10% bumbac<\/li>\n<\/ul>\n<p>Tricou cu decolteu rotund<\/p>\n<ul>\n<li>Band\u0103 de str\u00e2ngere la finisarea g\u0103urilor de m\u00e2neci \u015fi la decolteu<\/li>\n<li>Cus\u0103turi laterale<\/li>\n<li>Cus\u0103turi duble la baza produsului<\/li>\n<\/ul>","protected":false},"excerpt":{"rendered":"<p>Specifica\u021bii: 142 g\/m\u00b2 100% bumbac piept\u0103nat ring-spun Neon \u0219i Heather: 122 g\/m\u00b2, 52% bumbac, 48% poliester Tirblend: 128 g\/m\u00b2, 50%<\/p>","protected":false},"featured_media":238890,"comment_status":"open","ping_status":"closed","template":"","meta":[],"product_brand":[],"product_cat":[191],"product_tag":[],"class_list":{"0":"post-238895","1":"product","2":"type-product","3":"status-publish","4":"has-post-thumbnail","6":"product_cat-textile","8":"first","9":"instock","10":"shipping-taxable","11":"purchasable","12":"product-type-variable"},"yoast_head":"<!-- This site is optimized with the Yoast SEO plugin v27.4 - https:\/\/yoast.com\/product\/yoast-seo-wordpress\/ -->\n<title>Unisex Jersey Tank - Promis.ro<\/title>\n<meta name=\"description\" content=\"Specifica\u021bii: 142 g\/m\u00b2 100% bumbac piept\u0103nat ring-spun Neon \u0219i Heather: 122 g\/m\u00b2, 52% bumbac, 48% poliester Tirblend: 128 g\/m\u00b2, 50% poliester, 25% bumbac,\" \/>\n<meta name=\"robots\" content=\"index, follow, max-snippet:-1, max-image-preview:large, max-video-preview:-1\" \/>\n<link rel=\"canonical\" href=\"https:\/\/promis.ro\/ro\/produs\/unisex-jersey-tank\/\" \/>\n<meta property=\"og:locale\" content=\"ro_RO\" \/>\n<meta property=\"og:type\" content=\"article\" \/>\n<meta property=\"og:title\" content=\"Unisex Jersey Tank - Promis.ro\" \/>\n<meta property=\"og:description\" content=\"Specifica\u021bii: 142 g\/m\u00b2 100% bumbac piept\u0103nat ring-spun Neon \u0219i Heather: 122 g\/m\u00b2, 52% bumbac, 48% poliester Tirblend: 128 g\/m\u00b2, 50% poliester, 25% bumbac,\" \/>\n<meta property=\"og:url\" content=\"https:\/\/promis.ro\/ro\/produs\/unisex-jersey-tank\/\" \/>\n<meta property=\"og:site_name\" content=\"Promis.ro\" \/>\n<meta property=\"article:modified_time\" content=\"2025-11-15T06:47:44+00:00\" \/>\n<meta property=\"og:image\" content=\"https:\/\/promis.ro\/wp-content\/uploads\/2025\/11\/175_06_000_m-2025_01.jpg\" \/>\n\t<meta property=\"og:image:width\" content=\"1024\" \/>\n\t<meta property=\"og:image:height\" content=\"1304\" \/>\n\t<meta property=\"og:image:type\" content=\"image\/jpeg\" \/>\n<meta name=\"twitter:card\" content=\"summary_large_image\" \/>\n<script type=\"application\/ld+json\" class=\"yoast-schema-graph\">{\"@context\":\"https:\\\/\\\/schema.org\",\"@graph\":[{\"@type\":\"WebPage\",\"@id\":\"https:\\\/\\\/promis.ro\\\/product\\\/unisex-jersey-tank\\\/\",\"url\":\"https:\\\/\\\/promis.ro\\\/product\\\/unisex-jersey-tank\\\/\",\"name\":\"Unisex Jersey Tank - Promis.ro\",\"isPartOf\":{\"@id\":\"https:\\\/\\\/promis.ro\\\/#website\"},\"primaryImageOfPage\":{\"@id\":\"https:\\\/\\\/promis.ro\\\/product\\\/unisex-jersey-tank\\\/#primaryimage\"},\"image\":{\"@id\":\"https:\\\/\\\/promis.ro\\\/product\\\/unisex-jersey-tank\\\/#primaryimage\"},\"thumbnailUrl\":\"https:\\\/\\\/promis.ro\\\/wp-content\\\/uploads\\\/2025\\\/11\\\/175_06_000_m-2025_01.jpg\",\"datePublished\":\"2025-11-15T03:46:15+00:00\",\"dateModified\":\"2025-11-15T06:47:44+00:00\",\"description\":\"Specifica\u021bii: 142 g\\\/m\u00b2 100% bumbac piept\u0103nat ring-spun Neon \u0219i Heather: 122 g\\\/m\u00b2, 52% bumbac, 48% poliester Tirblend: 128 g\\\/m\u00b2, 50% poliester, 25% bumbac,\",\"breadcrumb\":{\"@id\":\"https:\\\/\\\/promis.ro\\\/product\\\/unisex-jersey-tank\\\/#breadcrumb\"},\"inLanguage\":\"ro-RO\",\"potentialAction\":[{\"@type\":\"ReadAction\",\"target\":[\"https:\\\/\\\/promis.ro\\\/product\\\/unisex-jersey-tank\\\/\"]}]},{\"@type\":\"ImageObject\",\"inLanguage\":\"ro-RO\",\"@id\":\"https:\\\/\\\/promis.ro\\\/product\\\/unisex-jersey-tank\\\/#primaryimage\",\"url\":\"https:\\\/\\\/promis.ro\\\/wp-content\\\/uploads\\\/2025\\\/11\\\/175_06_000_m-2025_01.jpg\",\"contentUrl\":\"https:\\\/\\\/promis.ro\\\/wp-content\\\/uploads\\\/2025\\\/11\\\/175_06_000_m-2025_01.jpg\",\"width\":1024,\"height\":1304},{\"@type\":\"BreadcrumbList\",\"@id\":\"https:\\\/\\\/promis.ro\\\/product\\\/unisex-jersey-tank\\\/#breadcrumb\",\"itemListElement\":[{\"@type\":\"ListItem\",\"position\":1,\"name\":\"Home\",\"item\":\"https:\\\/\\\/promis.ro\\\/\"},{\"@type\":\"ListItem\",\"position\":2,\"name\":\"Magazin\",\"item\":\"https:\\\/\\\/promis.ro\\\/magazin\\\/\"},{\"@type\":\"ListItem\",\"position\":3,\"name\":\"Unisex Jersey Tank\"}]},{\"@type\":\"WebSite\",\"@id\":\"https:\\\/\\\/promis.ro\\\/#website\",\"url\":\"https:\\\/\\\/promis.ro\\\/\",\"name\":\"Promis.ro\",\"description\":\"\",\"potentialAction\":[{\"@type\":\"SearchAction\",\"target\":{\"@type\":\"EntryPoint\",\"urlTemplate\":\"https:\\\/\\\/promis.ro\\\/?s={search_term_string}\"},\"query-input\":{\"@type\":\"PropertyValueSpecification\",\"valueRequired\":true,\"valueName\":\"search_term_string\"}}],\"inLanguage\":\"ro-RO\"}]}<\/script>\n<!-- \/ Yoast SEO plugin. -->","yoast_head_json":{"title":"Unisex Jersey Tank - Promis.ro","description":"Specifica\u021bii: 142 g\/m\u00b2 100% bumbac piept\u0103nat ring-spun Neon \u0219i Heather: 122 g\/m\u00b2, 52% bumbac, 48% poliester Tirblend: 128 g\/m\u00b2, 50% poliester, 25% bumbac,","robots":{"index":"index","follow":"follow","max-snippet":"max-snippet:-1","max-image-preview":"max-image-preview:large","max-video-preview":"max-video-preview:-1"},"canonical":"https:\/\/promis.ro\/ro\/produs\/unisex-jersey-tank\/","og_locale":"ro_RO","og_type":"article","og_title":"Unisex Jersey Tank - Promis.ro","og_description":"Specifica\u021bii: 142 g\/m\u00b2 100% bumbac piept\u0103nat ring-spun Neon \u0219i Heather: 122 g\/m\u00b2, 52% bumbac, 48% poliester Tirblend: 128 g\/m\u00b2, 50% poliester, 25% bumbac,","og_url":"https:\/\/promis.ro\/ro\/produs\/unisex-jersey-tank\/","og_site_name":"Promis.ro","article_modified_time":"2025-11-15T06:47:44+00:00","og_image":[{"width":1024,"height":1304,"url":"https:\/\/promis.ro\/wp-content\/uploads\/2025\/11\/175_06_000_m-2025_01.jpg","type":"image\/jpeg"}],"twitter_card":"summary_large_image","schema":{"@context":"https:\/\/schema.org","@graph":[{"@type":"WebPage","@id":"https:\/\/promis.ro\/product\/unisex-jersey-tank\/","url":"https:\/\/promis.ro\/product\/unisex-jersey-tank\/","name":"Unisex Jersey Tank - Promis.ro","isPartOf":{"@id":"https:\/\/promis.ro\/#website"},"primaryImageOfPage":{"@id":"https:\/\/promis.ro\/product\/unisex-jersey-tank\/#primaryimage"},"image":{"@id":"https:\/\/promis.ro\/product\/unisex-jersey-tank\/#primaryimage"},"thumbnailUrl":"https:\/\/promis.ro\/wp-content\/uploads\/2025\/11\/175_06_000_m-2025_01.jpg","datePublished":"2025-11-15T03:46:15+00:00","dateModified":"2025-11-15T06:47:44+00:00","description":"Specifica\u021bii: 142 g\/m\u00b2 100% bumbac piept\u0103nat ring-spun Neon \u0219i Heather: 122 g\/m\u00b2, 52% bumbac, 48% poliester Tirblend: 128 g\/m\u00b2, 50% poliester, 25% bumbac,","breadcrumb":{"@id":"https:\/\/promis.ro\/product\/unisex-jersey-tank\/#breadcrumb"},"inLanguage":"ro-RO","potentialAction":[{"@type":"ReadAction","target":["https:\/\/promis.ro\/product\/unisex-jersey-tank\/"]}]},{"@type":"ImageObject","inLanguage":"ro-RO","@id":"https:\/\/promis.ro\/product\/unisex-jersey-tank\/#primaryimage","url":"https:\/\/promis.ro\/wp-content\/uploads\/2025\/11\/175_06_000_m-2025_01.jpg","contentUrl":"https:\/\/promis.ro\/wp-content\/uploads\/2025\/11\/175_06_000_m-2025_01.jpg","width":1024,"height":1304},{"@type":"BreadcrumbList","@id":"https:\/\/promis.ro\/product\/unisex-jersey-tank\/#breadcrumb","itemListElement":[{"@type":"ListItem","position":1,"name":"Home","item":"https:\/\/promis.ro\/"},{"@type":"ListItem","position":2,"name":"Magazin","item":"https:\/\/promis.ro\/magazin\/"},{"@type":"ListItem","position":3,"name":"Unisex Jersey Tank"}]},{"@type":"WebSite","@id":"https:\/\/promis.ro\/#website","url":"https:\/\/promis.ro\/","name":"Promis.ro","description":"","potentialAction":[{"@type":"SearchAction","target":{"@type":"EntryPoint","urlTemplate":"https:\/\/promis.ro\/?s={search_term_string}"},"query-input":{"@type":"PropertyValueSpecification","valueRequired":true,"valueName":"search_term_string"}}],"inLanguage":"ro-RO"}]}},"_links":{"self":[{"href":"https:\/\/promis.ro\/ro\/wp-json\/wp\/v2\/product\/238895","targetHints":{"allow":["GET"]}}],"collection":[{"href":"https:\/\/promis.ro\/ro\/wp-json\/wp\/v2\/product"}],"about":[{"href":"https:\/\/promis.ro\/ro\/wp-json\/wp\/v2\/types\/product"}],"replies":[{"embeddable":true,"href":"https:\/\/promis.ro\/ro\/wp-json\/wp\/v2\/comments?post=238895"}],"version-history":[{"count":1,"href":"https:\/\/promis.ro\/ro\/wp-json\/wp\/v2\/product\/238895\/revisions"}],"predecessor-version":[{"id":263907,"href":"https:\/\/promis.ro\/ro\/wp-json\/wp\/v2\/product\/238895\/revisions\/263907"}],"wp:featuredmedia":[{"embeddable":true,"href":"https:\/\/promis.ro\/ro\/wp-json\/wp\/v2\/media\/238890"}],"wp:attachment":[{"href":"https:\/\/promis.ro\/ro\/wp-json\/wp\/v2\/media?parent=238895"}],"wp:term":[{"taxonomy":"product_brand","embeddable":true,"href":"https:\/\/promis.ro\/ro\/wp-json\/wp\/v2\/product_brand?post=238895"},{"taxonomy":"product_cat","embeddable":true,"href":"https:\/\/promis.ro\/ro\/wp-json\/wp\/v2\/product_cat?post=238895"},{"taxonomy":"product_tag","embeddable":true,"href":"https:\/\/promis.ro\/ro\/wp-json\/wp\/v2\/product_tag?post=238895"}],"curies":[{"name":"wp","href":"https:\/\/api.w.org\/{rel}","templated":true}]}}