{"id":238952,"date":"2025-11-15T03:47:32","date_gmt":"2025-11-15T03:47:32","guid":{"rendered":"https:\/\/promis.ro\/product\/signature-tagless-tee-men\/"},"modified":"2025-11-15T06:47:45","modified_gmt":"2025-11-15T06:47:45","slug":"signature-tagless-tee-men","status":"publish","type":"product","link":"https:\/\/promis.ro\/ro\/produs\/signature-tagless-tee-men\/","title":{"rendered":"Signature Tagless Tee Men"},"content":{"rendered":"<p>\u00b7160 g\/m\u00b2<br \/>\u00b7100% bumbac, ring spun (jersey simplu)<br \/>\u00b7Ash: 99% bumbac, ring spun, 1% vascoz\u0103; Light Oxford: 93% bumbac, ring spun, 7% vascoz\u0103<br \/>\u00b7Guler cu rib elastic 1&#215;1<br \/>\u00b7Ash Grey band\u0103 la g\u00e2t contrastant (cu excep\u021bia culorii White, la acesta este Light Oxford)<br \/>\u00b7F\u0103r\u0103 etichet\u0103<br \/>\u00b7Man\u0219ete \u0219i tiv cu cus\u0103turi duble<br \/>\u00b7Cus\u0103turi laterale<br \/>\u00b7Modern Fit<br \/>\u00b7Potrivit pentru imprimare digital\u0103<br \/>\u00b7Toate tehnicile de imprimare pot fi aplicate pe produs<\/p>","protected":false},"excerpt":{"rendered":"<p>\u00b7160 g\/m\u00b2\u00b7100% bumbac, ring spun (jersey simplu)\u00b7Ash: 99% bumbac, ring spun, 1% vascoz\u0103; Light Oxford: 93% bumbac, ring spun, 7%<\/p>","protected":false},"featured_media":238947,"comment_status":"open","ping_status":"closed","template":"","meta":[],"product_brand":[],"product_cat":[191],"product_tag":[],"class_list":{"0":"post-238952","1":"product","2":"type-product","3":"status-publish","4":"has-post-thumbnail","6":"product_cat-textile","8":"first","9":"instock","10":"shipping-taxable","11":"purchasable","12":"product-type-variable"},"yoast_head":"<!-- This site is optimized with the Yoast SEO plugin v27.4 - https:\/\/yoast.com\/product\/yoast-seo-wordpress\/ -->\n<title>Signature Tagless Tee Men - Promis.ro<\/title>\n<meta name=\"description\" content=\"\u00b7160 g\/m\u00b2\u00b7100% bumbac, ring spun (jersey simplu)\u00b7Ash: 99% bumbac, ring spun, 1% vascoz\u0103; Light Oxford: 93% bumbac, ring spun, 7% vascoz\u0103\u00b7Guler cu rib\" \/>\n<meta name=\"robots\" content=\"index, follow, max-snippet:-1, max-image-preview:large, max-video-preview:-1\" \/>\n<link rel=\"canonical\" href=\"https:\/\/promis.ro\/ro\/produs\/signature-tagless-tee-men\/\" \/>\n<meta property=\"og:locale\" content=\"ro_RO\" \/>\n<meta property=\"og:type\" content=\"article\" \/>\n<meta property=\"og:title\" content=\"Signature Tagless Tee Men - Promis.ro\" \/>\n<meta property=\"og:description\" content=\"\u00b7160 g\/m\u00b2\u00b7100% bumbac, ring spun (jersey simplu)\u00b7Ash: 99% bumbac, ring spun, 1% vascoz\u0103; Light Oxford: 93% bumbac, ring spun, 7% vascoz\u0103\u00b7Guler cu rib\" \/>\n<meta property=\"og:url\" content=\"https:\/\/promis.ro\/ro\/produs\/signature-tagless-tee-men\/\" \/>\n<meta property=\"og:site_name\" content=\"Promis.ro\" \/>\n<meta property=\"article:modified_time\" content=\"2025-11-15T06:47:45+00:00\" \/>\n<meta property=\"og:image\" content=\"https:\/\/promis.ro\/wp-content\/uploads\/2025\/11\/170_52_406_m-2023_01.jpg\" \/>\n\t<meta property=\"og:image:width\" content=\"1024\" \/>\n\t<meta property=\"og:image:height\" content=\"1304\" \/>\n\t<meta property=\"og:image:type\" content=\"image\/jpeg\" \/>\n<meta name=\"twitter:card\" content=\"summary_large_image\" \/>\n<script type=\"application\/ld+json\" class=\"yoast-schema-graph\">{\"@context\":\"https:\\\/\\\/schema.org\",\"@graph\":[{\"@type\":\"WebPage\",\"@id\":\"https:\\\/\\\/promis.ro\\\/product\\\/signature-tagless-tee-men\\\/\",\"url\":\"https:\\\/\\\/promis.ro\\\/product\\\/signature-tagless-tee-men\\\/\",\"name\":\"Signature Tagless Tee Men - Promis.ro\",\"isPartOf\":{\"@id\":\"https:\\\/\\\/promis.ro\\\/#website\"},\"primaryImageOfPage\":{\"@id\":\"https:\\\/\\\/promis.ro\\\/product\\\/signature-tagless-tee-men\\\/#primaryimage\"},\"image\":{\"@id\":\"https:\\\/\\\/promis.ro\\\/product\\\/signature-tagless-tee-men\\\/#primaryimage\"},\"thumbnailUrl\":\"https:\\\/\\\/promis.ro\\\/wp-content\\\/uploads\\\/2025\\\/11\\\/170_52_406_m-2023_01.jpg\",\"datePublished\":\"2025-11-15T03:47:32+00:00\",\"dateModified\":\"2025-11-15T06:47:45+00:00\",\"description\":\"\u00b7160 g\\\/m\u00b2\u00b7100% bumbac, ring spun (jersey simplu)\u00b7Ash: 99% bumbac, ring spun, 1% vascoz\u0103; Light Oxford: 93% bumbac, ring spun, 7% vascoz\u0103\u00b7Guler cu rib\",\"breadcrumb\":{\"@id\":\"https:\\\/\\\/promis.ro\\\/product\\\/signature-tagless-tee-men\\\/#breadcrumb\"},\"inLanguage\":\"ro-RO\",\"potentialAction\":[{\"@type\":\"ReadAction\",\"target\":[\"https:\\\/\\\/promis.ro\\\/product\\\/signature-tagless-tee-men\\\/\"]}]},{\"@type\":\"ImageObject\",\"inLanguage\":\"ro-RO\",\"@id\":\"https:\\\/\\\/promis.ro\\\/product\\\/signature-tagless-tee-men\\\/#primaryimage\",\"url\":\"https:\\\/\\\/promis.ro\\\/wp-content\\\/uploads\\\/2025\\\/11\\\/170_52_406_m-2023_01.jpg\",\"contentUrl\":\"https:\\\/\\\/promis.ro\\\/wp-content\\\/uploads\\\/2025\\\/11\\\/170_52_406_m-2023_01.jpg\",\"width\":1024,\"height\":1304},{\"@type\":\"BreadcrumbList\",\"@id\":\"https:\\\/\\\/promis.ro\\\/product\\\/signature-tagless-tee-men\\\/#breadcrumb\",\"itemListElement\":[{\"@type\":\"ListItem\",\"position\":1,\"name\":\"Home\",\"item\":\"https:\\\/\\\/promis.ro\\\/\"},{\"@type\":\"ListItem\",\"position\":2,\"name\":\"Magazin\",\"item\":\"https:\\\/\\\/promis.ro\\\/magazin\\\/\"},{\"@type\":\"ListItem\",\"position\":3,\"name\":\"Signature Tagless Tee Men\"}]},{\"@type\":\"WebSite\",\"@id\":\"https:\\\/\\\/promis.ro\\\/#website\",\"url\":\"https:\\\/\\\/promis.ro\\\/\",\"name\":\"Promis.ro\",\"description\":\"\",\"potentialAction\":[{\"@type\":\"SearchAction\",\"target\":{\"@type\":\"EntryPoint\",\"urlTemplate\":\"https:\\\/\\\/promis.ro\\\/?s={search_term_string}\"},\"query-input\":{\"@type\":\"PropertyValueSpecification\",\"valueRequired\":true,\"valueName\":\"search_term_string\"}}],\"inLanguage\":\"ro-RO\"}]}<\/script>\n<!-- \/ Yoast SEO plugin. -->","yoast_head_json":{"title":"Signature Tagless Tee Men - Promis.ro","description":"\u00b7160 g\/m\u00b2\u00b7100% bumbac, ring spun (jersey simplu)\u00b7Ash: 99% bumbac, ring spun, 1% vascoz\u0103; Light Oxford: 93% bumbac, ring spun, 7% vascoz\u0103\u00b7Guler cu rib","robots":{"index":"index","follow":"follow","max-snippet":"max-snippet:-1","max-image-preview":"max-image-preview:large","max-video-preview":"max-video-preview:-1"},"canonical":"https:\/\/promis.ro\/ro\/produs\/signature-tagless-tee-men\/","og_locale":"ro_RO","og_type":"article","og_title":"Signature Tagless Tee Men - Promis.ro","og_description":"\u00b7160 g\/m\u00b2\u00b7100% bumbac, ring spun (jersey simplu)\u00b7Ash: 99% bumbac, ring spun, 1% vascoz\u0103; Light Oxford: 93% bumbac, ring spun, 7% vascoz\u0103\u00b7Guler cu rib","og_url":"https:\/\/promis.ro\/ro\/produs\/signature-tagless-tee-men\/","og_site_name":"Promis.ro","article_modified_time":"2025-11-15T06:47:45+00:00","og_image":[{"width":1024,"height":1304,"url":"https:\/\/promis.ro\/wp-content\/uploads\/2025\/11\/170_52_406_m-2023_01.jpg","type":"image\/jpeg"}],"twitter_card":"summary_large_image","schema":{"@context":"https:\/\/schema.org","@graph":[{"@type":"WebPage","@id":"https:\/\/promis.ro\/product\/signature-tagless-tee-men\/","url":"https:\/\/promis.ro\/product\/signature-tagless-tee-men\/","name":"Signature Tagless Tee Men - Promis.ro","isPartOf":{"@id":"https:\/\/promis.ro\/#website"},"primaryImageOfPage":{"@id":"https:\/\/promis.ro\/product\/signature-tagless-tee-men\/#primaryimage"},"image":{"@id":"https:\/\/promis.ro\/product\/signature-tagless-tee-men\/#primaryimage"},"thumbnailUrl":"https:\/\/promis.ro\/wp-content\/uploads\/2025\/11\/170_52_406_m-2023_01.jpg","datePublished":"2025-11-15T03:47:32+00:00","dateModified":"2025-11-15T06:47:45+00:00","description":"\u00b7160 g\/m\u00b2\u00b7100% bumbac, ring spun (jersey simplu)\u00b7Ash: 99% bumbac, ring spun, 1% vascoz\u0103; Light Oxford: 93% bumbac, ring spun, 7% vascoz\u0103\u00b7Guler cu rib","breadcrumb":{"@id":"https:\/\/promis.ro\/product\/signature-tagless-tee-men\/#breadcrumb"},"inLanguage":"ro-RO","potentialAction":[{"@type":"ReadAction","target":["https:\/\/promis.ro\/product\/signature-tagless-tee-men\/"]}]},{"@type":"ImageObject","inLanguage":"ro-RO","@id":"https:\/\/promis.ro\/product\/signature-tagless-tee-men\/#primaryimage","url":"https:\/\/promis.ro\/wp-content\/uploads\/2025\/11\/170_52_406_m-2023_01.jpg","contentUrl":"https:\/\/promis.ro\/wp-content\/uploads\/2025\/11\/170_52_406_m-2023_01.jpg","width":1024,"height":1304},{"@type":"BreadcrumbList","@id":"https:\/\/promis.ro\/product\/signature-tagless-tee-men\/#breadcrumb","itemListElement":[{"@type":"ListItem","position":1,"name":"Home","item":"https:\/\/promis.ro\/"},{"@type":"ListItem","position":2,"name":"Magazin","item":"https:\/\/promis.ro\/magazin\/"},{"@type":"ListItem","position":3,"name":"Signature Tagless Tee Men"}]},{"@type":"WebSite","@id":"https:\/\/promis.ro\/#website","url":"https:\/\/promis.ro\/","name":"Promis.ro","description":"","potentialAction":[{"@type":"SearchAction","target":{"@type":"EntryPoint","urlTemplate":"https:\/\/promis.ro\/?s={search_term_string}"},"query-input":{"@type":"PropertyValueSpecification","valueRequired":true,"valueName":"search_term_string"}}],"inLanguage":"ro-RO"}]}},"_links":{"self":[{"href":"https:\/\/promis.ro\/ro\/wp-json\/wp\/v2\/product\/238952","targetHints":{"allow":["GET"]}}],"collection":[{"href":"https:\/\/promis.ro\/ro\/wp-json\/wp\/v2\/product"}],"about":[{"href":"https:\/\/promis.ro\/ro\/wp-json\/wp\/v2\/types\/product"}],"replies":[{"embeddable":true,"href":"https:\/\/promis.ro\/ro\/wp-json\/wp\/v2\/comments?post=238952"}],"version-history":[{"count":1,"href":"https:\/\/promis.ro\/ro\/wp-json\/wp\/v2\/product\/238952\/revisions"}],"predecessor-version":[{"id":263908,"href":"https:\/\/promis.ro\/ro\/wp-json\/wp\/v2\/product\/238952\/revisions\/263908"}],"wp:featuredmedia":[{"embeddable":true,"href":"https:\/\/promis.ro\/ro\/wp-json\/wp\/v2\/media\/238947"}],"wp:attachment":[{"href":"https:\/\/promis.ro\/ro\/wp-json\/wp\/v2\/media?parent=238952"}],"wp:term":[{"taxonomy":"product_brand","embeddable":true,"href":"https:\/\/promis.ro\/ro\/wp-json\/wp\/v2\/product_brand?post=238952"},{"taxonomy":"product_cat","embeddable":true,"href":"https:\/\/promis.ro\/ro\/wp-json\/wp\/v2\/product_cat?post=238952"},{"taxonomy":"product_tag","embeddable":true,"href":"https:\/\/promis.ro\/ro\/wp-json\/wp\/v2\/product_tag?post=238952"}],"curies":[{"name":"wp","href":"https:\/\/api.w.org\/{rel}","templated":true}]}}