{"id":243154,"date":"2025-11-15T04:05:18","date_gmt":"2025-11-15T04:05:18","guid":{"rendered":"https:\/\/promis.ro\/product\/ladies-sofspun-t\/"},"modified":"2025-11-15T06:47:56","modified_gmt":"2025-11-15T06:47:56","slug":"ladies-sofspun-t","status":"publish","type":"product","link":"https:\/\/promis.ro\/ro\/produs\/ladies-sofspun-t\/","title":{"rendered":"Ladies Sofspun\u00ae T"},"content":{"rendered":"<p>\u00b7165 g\/m\u00b2 (alb: 160 g\/m\u00b2)<br \/>\u00b7100% bumbac, jersey simplu (Heather Grey: 97% bumbac, 3% poliester)<br \/>\u00b7Produc\u0163ie inovativ\u0103 Sofspun\u00ae, material super moale<br \/>\u00b7Decolteu rotund cu o band\u0103 de str\u00e2ngere din bumbac\/Lycra\u00ae \u015fi cus\u0103tur\u0103 simpl\u0103<br \/>\u00b7Band\u0103 de \u00eent\u0103rire de la um\u0103r la um\u0103r<br \/>\u00b7M\u00e2neci cusute drept<br \/>\u00b7Cus\u0103turi laterale pentru croial\u0103 feminin\u0103.<\/p>","protected":false},"excerpt":{"rendered":"<p>\u00b7165 g\/m\u00b2 (alb: 160 g\/m\u00b2)\u00b7100% bumbac, jersey simplu (Heather Grey: 97% bumbac, 3% poliester)\u00b7Produc\u0163ie inovativ\u0103 Sofspun\u00ae, material super moale\u00b7Decolteu rotund<\/p>","protected":false},"featured_media":243153,"comment_status":"open","ping_status":"closed","template":"","meta":[],"product_brand":[],"product_cat":[191],"product_tag":[],"class_list":{"0":"post-243154","1":"product","2":"type-product","3":"status-publish","4":"has-post-thumbnail","6":"product_cat-textile","8":"first","9":"instock","10":"shipping-taxable","11":"purchasable","12":"product-type-variable"},"yoast_head":"<!-- This site is optimized with the Yoast SEO plugin v27.4 - https:\/\/yoast.com\/product\/yoast-seo-wordpress\/ -->\n<title>Ladies Sofspun\u00ae T - Promis.ro<\/title>\n<meta name=\"description\" content=\"\u00b7165 g\/m\u00b2 (alb: 160 g\/m\u00b2)\u00b7100% bumbac, jersey simplu (Heather Grey: 97% bumbac, 3% poliester)\u00b7Produc\u0163ie inovativ\u0103 Sofspun\u00ae, material super moale\u00b7Decolteu\" \/>\n<meta name=\"robots\" content=\"index, follow, max-snippet:-1, max-image-preview:large, max-video-preview:-1\" \/>\n<link rel=\"canonical\" href=\"https:\/\/promis.ro\/ro\/produs\/ladies-sofspun-t\/\" \/>\n<meta property=\"og:locale\" content=\"ro_RO\" \/>\n<meta property=\"og:type\" content=\"article\" \/>\n<meta property=\"og:title\" content=\"Ladies Sofspun\u00ae T - Promis.ro\" \/>\n<meta property=\"og:description\" content=\"\u00b7165 g\/m\u00b2 (alb: 160 g\/m\u00b2)\u00b7100% bumbac, jersey simplu (Heather Grey: 97% bumbac, 3% poliester)\u00b7Produc\u0163ie inovativ\u0103 Sofspun\u00ae, material super moale\u00b7Decolteu\" \/>\n<meta property=\"og:url\" content=\"https:\/\/promis.ro\/ro\/produs\/ladies-sofspun-t\/\" \/>\n<meta property=\"og:site_name\" content=\"Promis.ro\" \/>\n<meta property=\"article:modified_time\" content=\"2025-11-15T06:47:56+00:00\" \/>\n<meta property=\"og:image\" content=\"https:\/\/promis.ro\/wp-content\/uploads\/2025\/11\/162_01_518_f-2018_01.jpg\" \/>\n\t<meta property=\"og:image:width\" content=\"1024\" \/>\n\t<meta property=\"og:image:height\" content=\"1357\" \/>\n\t<meta property=\"og:image:type\" content=\"image\/jpeg\" \/>\n<meta name=\"twitter:card\" content=\"summary_large_image\" \/>\n<script type=\"application\/ld+json\" class=\"yoast-schema-graph\">{\"@context\":\"https:\\\/\\\/schema.org\",\"@graph\":[{\"@type\":\"WebPage\",\"@id\":\"https:\\\/\\\/promis.ro\\\/product\\\/ladies-sofspun-t\\\/\",\"url\":\"https:\\\/\\\/promis.ro\\\/product\\\/ladies-sofspun-t\\\/\",\"name\":\"Ladies Sofspun\u00ae T - Promis.ro\",\"isPartOf\":{\"@id\":\"https:\\\/\\\/promis.ro\\\/#website\"},\"primaryImageOfPage\":{\"@id\":\"https:\\\/\\\/promis.ro\\\/product\\\/ladies-sofspun-t\\\/#primaryimage\"},\"image\":{\"@id\":\"https:\\\/\\\/promis.ro\\\/product\\\/ladies-sofspun-t\\\/#primaryimage\"},\"thumbnailUrl\":\"https:\\\/\\\/promis.ro\\\/wp-content\\\/uploads\\\/2025\\\/11\\\/162_01_518_f-2018_01.jpg\",\"datePublished\":\"2025-11-15T04:05:18+00:00\",\"dateModified\":\"2025-11-15T06:47:56+00:00\",\"description\":\"\u00b7165 g\\\/m\u00b2 (alb: 160 g\\\/m\u00b2)\u00b7100% bumbac, jersey simplu (Heather Grey: 97% bumbac, 3% poliester)\u00b7Produc\u0163ie inovativ\u0103 Sofspun\u00ae, material super moale\u00b7Decolteu\",\"breadcrumb\":{\"@id\":\"https:\\\/\\\/promis.ro\\\/product\\\/ladies-sofspun-t\\\/#breadcrumb\"},\"inLanguage\":\"ro-RO\",\"potentialAction\":[{\"@type\":\"ReadAction\",\"target\":[\"https:\\\/\\\/promis.ro\\\/product\\\/ladies-sofspun-t\\\/\"]}]},{\"@type\":\"ImageObject\",\"inLanguage\":\"ro-RO\",\"@id\":\"https:\\\/\\\/promis.ro\\\/product\\\/ladies-sofspun-t\\\/#primaryimage\",\"url\":\"https:\\\/\\\/promis.ro\\\/wp-content\\\/uploads\\\/2025\\\/11\\\/162_01_518_f-2018_01.jpg\",\"contentUrl\":\"https:\\\/\\\/promis.ro\\\/wp-content\\\/uploads\\\/2025\\\/11\\\/162_01_518_f-2018_01.jpg\",\"width\":1024,\"height\":1357},{\"@type\":\"BreadcrumbList\",\"@id\":\"https:\\\/\\\/promis.ro\\\/product\\\/ladies-sofspun-t\\\/#breadcrumb\",\"itemListElement\":[{\"@type\":\"ListItem\",\"position\":1,\"name\":\"Home\",\"item\":\"https:\\\/\\\/promis.ro\\\/\"},{\"@type\":\"ListItem\",\"position\":2,\"name\":\"Magazin\",\"item\":\"https:\\\/\\\/promis.ro\\\/magazin\\\/\"},{\"@type\":\"ListItem\",\"position\":3,\"name\":\"Ladies Sofspun\u00ae T\"}]},{\"@type\":\"WebSite\",\"@id\":\"https:\\\/\\\/promis.ro\\\/#website\",\"url\":\"https:\\\/\\\/promis.ro\\\/\",\"name\":\"Promis.ro\",\"description\":\"\",\"potentialAction\":[{\"@type\":\"SearchAction\",\"target\":{\"@type\":\"EntryPoint\",\"urlTemplate\":\"https:\\\/\\\/promis.ro\\\/?s={search_term_string}\"},\"query-input\":{\"@type\":\"PropertyValueSpecification\",\"valueRequired\":true,\"valueName\":\"search_term_string\"}}],\"inLanguage\":\"ro-RO\"}]}<\/script>\n<!-- \/ Yoast SEO plugin. -->","yoast_head_json":{"title":"Ladies Sofspun\u00ae T - Promis.ro","description":"\u00b7165 g\/m\u00b2 (alb: 160 g\/m\u00b2)\u00b7100% bumbac, jersey simplu (Heather Grey: 97% bumbac, 3% poliester)\u00b7Produc\u0163ie inovativ\u0103 Sofspun\u00ae, material super moale\u00b7Decolteu","robots":{"index":"index","follow":"follow","max-snippet":"max-snippet:-1","max-image-preview":"max-image-preview:large","max-video-preview":"max-video-preview:-1"},"canonical":"https:\/\/promis.ro\/ro\/produs\/ladies-sofspun-t\/","og_locale":"ro_RO","og_type":"article","og_title":"Ladies Sofspun\u00ae T - Promis.ro","og_description":"\u00b7165 g\/m\u00b2 (alb: 160 g\/m\u00b2)\u00b7100% bumbac, jersey simplu (Heather Grey: 97% bumbac, 3% poliester)\u00b7Produc\u0163ie inovativ\u0103 Sofspun\u00ae, material super moale\u00b7Decolteu","og_url":"https:\/\/promis.ro\/ro\/produs\/ladies-sofspun-t\/","og_site_name":"Promis.ro","article_modified_time":"2025-11-15T06:47:56+00:00","og_image":[{"width":1024,"height":1357,"url":"https:\/\/promis.ro\/wp-content\/uploads\/2025\/11\/162_01_518_f-2018_01.jpg","type":"image\/jpeg"}],"twitter_card":"summary_large_image","schema":{"@context":"https:\/\/schema.org","@graph":[{"@type":"WebPage","@id":"https:\/\/promis.ro\/product\/ladies-sofspun-t\/","url":"https:\/\/promis.ro\/product\/ladies-sofspun-t\/","name":"Ladies Sofspun\u00ae T - Promis.ro","isPartOf":{"@id":"https:\/\/promis.ro\/#website"},"primaryImageOfPage":{"@id":"https:\/\/promis.ro\/product\/ladies-sofspun-t\/#primaryimage"},"image":{"@id":"https:\/\/promis.ro\/product\/ladies-sofspun-t\/#primaryimage"},"thumbnailUrl":"https:\/\/promis.ro\/wp-content\/uploads\/2025\/11\/162_01_518_f-2018_01.jpg","datePublished":"2025-11-15T04:05:18+00:00","dateModified":"2025-11-15T06:47:56+00:00","description":"\u00b7165 g\/m\u00b2 (alb: 160 g\/m\u00b2)\u00b7100% bumbac, jersey simplu (Heather Grey: 97% bumbac, 3% poliester)\u00b7Produc\u0163ie inovativ\u0103 Sofspun\u00ae, material super moale\u00b7Decolteu","breadcrumb":{"@id":"https:\/\/promis.ro\/product\/ladies-sofspun-t\/#breadcrumb"},"inLanguage":"ro-RO","potentialAction":[{"@type":"ReadAction","target":["https:\/\/promis.ro\/product\/ladies-sofspun-t\/"]}]},{"@type":"ImageObject","inLanguage":"ro-RO","@id":"https:\/\/promis.ro\/product\/ladies-sofspun-t\/#primaryimage","url":"https:\/\/promis.ro\/wp-content\/uploads\/2025\/11\/162_01_518_f-2018_01.jpg","contentUrl":"https:\/\/promis.ro\/wp-content\/uploads\/2025\/11\/162_01_518_f-2018_01.jpg","width":1024,"height":1357},{"@type":"BreadcrumbList","@id":"https:\/\/promis.ro\/product\/ladies-sofspun-t\/#breadcrumb","itemListElement":[{"@type":"ListItem","position":1,"name":"Home","item":"https:\/\/promis.ro\/"},{"@type":"ListItem","position":2,"name":"Magazin","item":"https:\/\/promis.ro\/magazin\/"},{"@type":"ListItem","position":3,"name":"Ladies Sofspun\u00ae T"}]},{"@type":"WebSite","@id":"https:\/\/promis.ro\/#website","url":"https:\/\/promis.ro\/","name":"Promis.ro","description":"","potentialAction":[{"@type":"SearchAction","target":{"@type":"EntryPoint","urlTemplate":"https:\/\/promis.ro\/?s={search_term_string}"},"query-input":{"@type":"PropertyValueSpecification","valueRequired":true,"valueName":"search_term_string"}}],"inLanguage":"ro-RO"}]}},"_links":{"self":[{"href":"https:\/\/promis.ro\/ro\/wp-json\/wp\/v2\/product\/243154","targetHints":{"allow":["GET"]}}],"collection":[{"href":"https:\/\/promis.ro\/ro\/wp-json\/wp\/v2\/product"}],"about":[{"href":"https:\/\/promis.ro\/ro\/wp-json\/wp\/v2\/types\/product"}],"replies":[{"embeddable":true,"href":"https:\/\/promis.ro\/ro\/wp-json\/wp\/v2\/comments?post=243154"}],"version-history":[{"count":1,"href":"https:\/\/promis.ro\/ro\/wp-json\/wp\/v2\/product\/243154\/revisions"}],"predecessor-version":[{"id":263924,"href":"https:\/\/promis.ro\/ro\/wp-json\/wp\/v2\/product\/243154\/revisions\/263924"}],"wp:featuredmedia":[{"embeddable":true,"href":"https:\/\/promis.ro\/ro\/wp-json\/wp\/v2\/media\/243153"}],"wp:attachment":[{"href":"https:\/\/promis.ro\/ro\/wp-json\/wp\/v2\/media?parent=243154"}],"wp:term":[{"taxonomy":"product_brand","embeddable":true,"href":"https:\/\/promis.ro\/ro\/wp-json\/wp\/v2\/product_brand?post=243154"},{"taxonomy":"product_cat","embeddable":true,"href":"https:\/\/promis.ro\/ro\/wp-json\/wp\/v2\/product_cat?post=243154"},{"taxonomy":"product_tag","embeddable":true,"href":"https:\/\/promis.ro\/ro\/wp-json\/wp\/v2\/product_tag?post=243154"}],"curies":[{"name":"wp","href":"https:\/\/api.w.org\/{rel}","templated":true}]}}