{"id":247005,"date":"2025-11-15T04:30:53","date_gmt":"2025-11-15T04:30:53","guid":{"rendered":"https:\/\/promis.ro\/product\/ladies-sof-tee\/"},"modified":"2025-11-15T06:49:28","modified_gmt":"2025-11-15T06:49:28","slug":"ladies-sof-tee","status":"publish","type":"product","link":"https:\/\/promis.ro\/ro\/produs\/ladies-sof-tee\/","title":{"rendered":"Ladies Sof Tee"},"content":{"rendered":"<p><strong>185 g\/m\u00b2<\/strong><\/p>\n<ul>\n<li>100% bumbac ringspun piept\u0103nat<\/li>\n<li>Cu fibre lungi de bumbac<\/li>\n<li>Bumbac contractat dublu<\/li>\n<li>Band\u0103 de \u00eent\u0103rire de la um\u0103r la um\u0103r<\/li>\n<li>Band\u0103 dubl\u0103 de st\u00e2ngere pe linie de g\u00e2t din lycra<\/li>\n<li>Ideal pentru personalizare.<\/li>\n<\/ul>","protected":false},"excerpt":{"rendered":"<p>185 g\/m\u00b2 100% bumbac ringspun piept\u0103nat Cu fibre lungi de bumbac Bumbac contractat dublu Band\u0103 de \u00eent\u0103rire de la um\u0103r<\/p>","protected":false},"featured_media":247000,"comment_status":"open","ping_status":"closed","template":"","meta":[],"product_brand":[],"product_cat":[191],"product_tag":[],"class_list":{"0":"post-247005","1":"product","2":"type-product","3":"status-publish","4":"has-post-thumbnail","6":"product_cat-textile","8":"first","9":"instock","10":"shipping-taxable","11":"purchasable","12":"product-type-variable"},"yoast_head":"<!-- This site is optimized with the Yoast SEO plugin v27.4 - https:\/\/yoast.com\/product\/yoast-seo-wordpress\/ -->\n<title>Ladies Sof Tee - Promis.ro<\/title>\n<meta name=\"description\" content=\"185 g\/m\u00b2 100% bumbac ringspun piept\u0103nat Cu fibre lungi de bumbac Bumbac contractat dublu Band\u0103 de \u00eent\u0103rire de la um\u0103r la um\u0103r Band\u0103 dubl\u0103 de st\u00e2ngere pe\" \/>\n<meta name=\"robots\" content=\"index, follow, max-snippet:-1, max-image-preview:large, max-video-preview:-1\" \/>\n<link rel=\"canonical\" href=\"https:\/\/promis.ro\/ro\/produs\/ladies-sof-tee\/\" \/>\n<meta property=\"og:locale\" content=\"ro_RO\" \/>\n<meta property=\"og:type\" content=\"article\" \/>\n<meta property=\"og:title\" content=\"Ladies Sof Tee - Promis.ro\" \/>\n<meta property=\"og:description\" content=\"185 g\/m\u00b2 100% bumbac ringspun piept\u0103nat Cu fibre lungi de bumbac Bumbac contractat dublu Band\u0103 de \u00eent\u0103rire de la um\u0103r la um\u0103r Band\u0103 dubl\u0103 de st\u00e2ngere pe\" \/>\n<meta property=\"og:url\" content=\"https:\/\/promis.ro\/ro\/produs\/ladies-sof-tee\/\" \/>\n<meta property=\"og:site_name\" content=\"Promis.ro\" \/>\n<meta property=\"article:modified_time\" content=\"2025-11-15T06:49:28+00:00\" \/>\n<meta property=\"og:image\" content=\"https:\/\/promis.ro\/wp-content\/uploads\/2025\/11\/119_54_000_m-2025_01.jpg\" \/>\n\t<meta property=\"og:image:width\" content=\"1024\" \/>\n\t<meta property=\"og:image:height\" content=\"1304\" \/>\n\t<meta property=\"og:image:type\" content=\"image\/jpeg\" \/>\n<meta name=\"twitter:card\" content=\"summary_large_image\" \/>\n<script type=\"application\/ld+json\" class=\"yoast-schema-graph\">{\"@context\":\"https:\\\/\\\/schema.org\",\"@graph\":[{\"@type\":\"WebPage\",\"@id\":\"https:\\\/\\\/promis.ro\\\/product\\\/ladies-sof-tee\\\/\",\"url\":\"https:\\\/\\\/promis.ro\\\/product\\\/ladies-sof-tee\\\/\",\"name\":\"Ladies Sof Tee - Promis.ro\",\"isPartOf\":{\"@id\":\"https:\\\/\\\/promis.ro\\\/#website\"},\"primaryImageOfPage\":{\"@id\":\"https:\\\/\\\/promis.ro\\\/product\\\/ladies-sof-tee\\\/#primaryimage\"},\"image\":{\"@id\":\"https:\\\/\\\/promis.ro\\\/product\\\/ladies-sof-tee\\\/#primaryimage\"},\"thumbnailUrl\":\"https:\\\/\\\/promis.ro\\\/wp-content\\\/uploads\\\/2025\\\/11\\\/119_54_000_m-2025_01.jpg\",\"datePublished\":\"2025-11-15T04:30:53+00:00\",\"dateModified\":\"2025-11-15T06:49:28+00:00\",\"description\":\"185 g\\\/m\u00b2 100% bumbac ringspun piept\u0103nat Cu fibre lungi de bumbac Bumbac contractat dublu Band\u0103 de \u00eent\u0103rire de la um\u0103r la um\u0103r Band\u0103 dubl\u0103 de st\u00e2ngere pe\",\"breadcrumb\":{\"@id\":\"https:\\\/\\\/promis.ro\\\/product\\\/ladies-sof-tee\\\/#breadcrumb\"},\"inLanguage\":\"ro-RO\",\"potentialAction\":[{\"@type\":\"ReadAction\",\"target\":[\"https:\\\/\\\/promis.ro\\\/product\\\/ladies-sof-tee\\\/\"]}]},{\"@type\":\"ImageObject\",\"inLanguage\":\"ro-RO\",\"@id\":\"https:\\\/\\\/promis.ro\\\/product\\\/ladies-sof-tee\\\/#primaryimage\",\"url\":\"https:\\\/\\\/promis.ro\\\/wp-content\\\/uploads\\\/2025\\\/11\\\/119_54_000_m-2025_01.jpg\",\"contentUrl\":\"https:\\\/\\\/promis.ro\\\/wp-content\\\/uploads\\\/2025\\\/11\\\/119_54_000_m-2025_01.jpg\",\"width\":1024,\"height\":1304},{\"@type\":\"BreadcrumbList\",\"@id\":\"https:\\\/\\\/promis.ro\\\/product\\\/ladies-sof-tee\\\/#breadcrumb\",\"itemListElement\":[{\"@type\":\"ListItem\",\"position\":1,\"name\":\"Home\",\"item\":\"https:\\\/\\\/promis.ro\\\/\"},{\"@type\":\"ListItem\",\"position\":2,\"name\":\"Magazin\",\"item\":\"https:\\\/\\\/promis.ro\\\/magazin\\\/\"},{\"@type\":\"ListItem\",\"position\":3,\"name\":\"Ladies Sof Tee\"}]},{\"@type\":\"WebSite\",\"@id\":\"https:\\\/\\\/promis.ro\\\/#website\",\"url\":\"https:\\\/\\\/promis.ro\\\/\",\"name\":\"Promis.ro\",\"description\":\"\",\"potentialAction\":[{\"@type\":\"SearchAction\",\"target\":{\"@type\":\"EntryPoint\",\"urlTemplate\":\"https:\\\/\\\/promis.ro\\\/?s={search_term_string}\"},\"query-input\":{\"@type\":\"PropertyValueSpecification\",\"valueRequired\":true,\"valueName\":\"search_term_string\"}}],\"inLanguage\":\"ro-RO\"}]}<\/script>\n<!-- \/ Yoast SEO plugin. -->","yoast_head_json":{"title":"Ladies Sof Tee - Promis.ro","description":"185 g\/m\u00b2 100% bumbac ringspun piept\u0103nat Cu fibre lungi de bumbac Bumbac contractat dublu Band\u0103 de \u00eent\u0103rire de la um\u0103r la um\u0103r Band\u0103 dubl\u0103 de st\u00e2ngere pe","robots":{"index":"index","follow":"follow","max-snippet":"max-snippet:-1","max-image-preview":"max-image-preview:large","max-video-preview":"max-video-preview:-1"},"canonical":"https:\/\/promis.ro\/ro\/produs\/ladies-sof-tee\/","og_locale":"ro_RO","og_type":"article","og_title":"Ladies Sof Tee - Promis.ro","og_description":"185 g\/m\u00b2 100% bumbac ringspun piept\u0103nat Cu fibre lungi de bumbac Bumbac contractat dublu Band\u0103 de \u00eent\u0103rire de la um\u0103r la um\u0103r Band\u0103 dubl\u0103 de st\u00e2ngere pe","og_url":"https:\/\/promis.ro\/ro\/produs\/ladies-sof-tee\/","og_site_name":"Promis.ro","article_modified_time":"2025-11-15T06:49:28+00:00","og_image":[{"width":1024,"height":1304,"url":"https:\/\/promis.ro\/wp-content\/uploads\/2025\/11\/119_54_000_m-2025_01.jpg","type":"image\/jpeg"}],"twitter_card":"summary_large_image","schema":{"@context":"https:\/\/schema.org","@graph":[{"@type":"WebPage","@id":"https:\/\/promis.ro\/product\/ladies-sof-tee\/","url":"https:\/\/promis.ro\/product\/ladies-sof-tee\/","name":"Ladies Sof Tee - Promis.ro","isPartOf":{"@id":"https:\/\/promis.ro\/#website"},"primaryImageOfPage":{"@id":"https:\/\/promis.ro\/product\/ladies-sof-tee\/#primaryimage"},"image":{"@id":"https:\/\/promis.ro\/product\/ladies-sof-tee\/#primaryimage"},"thumbnailUrl":"https:\/\/promis.ro\/wp-content\/uploads\/2025\/11\/119_54_000_m-2025_01.jpg","datePublished":"2025-11-15T04:30:53+00:00","dateModified":"2025-11-15T06:49:28+00:00","description":"185 g\/m\u00b2 100% bumbac ringspun piept\u0103nat Cu fibre lungi de bumbac Bumbac contractat dublu Band\u0103 de \u00eent\u0103rire de la um\u0103r la um\u0103r Band\u0103 dubl\u0103 de st\u00e2ngere pe","breadcrumb":{"@id":"https:\/\/promis.ro\/product\/ladies-sof-tee\/#breadcrumb"},"inLanguage":"ro-RO","potentialAction":[{"@type":"ReadAction","target":["https:\/\/promis.ro\/product\/ladies-sof-tee\/"]}]},{"@type":"ImageObject","inLanguage":"ro-RO","@id":"https:\/\/promis.ro\/product\/ladies-sof-tee\/#primaryimage","url":"https:\/\/promis.ro\/wp-content\/uploads\/2025\/11\/119_54_000_m-2025_01.jpg","contentUrl":"https:\/\/promis.ro\/wp-content\/uploads\/2025\/11\/119_54_000_m-2025_01.jpg","width":1024,"height":1304},{"@type":"BreadcrumbList","@id":"https:\/\/promis.ro\/product\/ladies-sof-tee\/#breadcrumb","itemListElement":[{"@type":"ListItem","position":1,"name":"Home","item":"https:\/\/promis.ro\/"},{"@type":"ListItem","position":2,"name":"Magazin","item":"https:\/\/promis.ro\/magazin\/"},{"@type":"ListItem","position":3,"name":"Ladies Sof Tee"}]},{"@type":"WebSite","@id":"https:\/\/promis.ro\/#website","url":"https:\/\/promis.ro\/","name":"Promis.ro","description":"","potentialAction":[{"@type":"SearchAction","target":{"@type":"EntryPoint","urlTemplate":"https:\/\/promis.ro\/?s={search_term_string}"},"query-input":{"@type":"PropertyValueSpecification","valueRequired":true,"valueName":"search_term_string"}}],"inLanguage":"ro-RO"}]}},"_links":{"self":[{"href":"https:\/\/promis.ro\/ro\/wp-json\/wp\/v2\/product\/247005","targetHints":{"allow":["GET"]}}],"collection":[{"href":"https:\/\/promis.ro\/ro\/wp-json\/wp\/v2\/product"}],"about":[{"href":"https:\/\/promis.ro\/ro\/wp-json\/wp\/v2\/types\/product"}],"replies":[{"embeddable":true,"href":"https:\/\/promis.ro\/ro\/wp-json\/wp\/v2\/comments?post=247005"}],"version-history":[{"count":1,"href":"https:\/\/promis.ro\/ro\/wp-json\/wp\/v2\/product\/247005\/revisions"}],"predecessor-version":[{"id":264040,"href":"https:\/\/promis.ro\/ro\/wp-json\/wp\/v2\/product\/247005\/revisions\/264040"}],"wp:featuredmedia":[{"embeddable":true,"href":"https:\/\/promis.ro\/ro\/wp-json\/wp\/v2\/media\/247000"}],"wp:attachment":[{"href":"https:\/\/promis.ro\/ro\/wp-json\/wp\/v2\/media?parent=247005"}],"wp:term":[{"taxonomy":"product_brand","embeddable":true,"href":"https:\/\/promis.ro\/ro\/wp-json\/wp\/v2\/product_brand?post=247005"},{"taxonomy":"product_cat","embeddable":true,"href":"https:\/\/promis.ro\/ro\/wp-json\/wp\/v2\/product_cat?post=247005"},{"taxonomy":"product_tag","embeddable":true,"href":"https:\/\/promis.ro\/ro\/wp-json\/wp\/v2\/product_tag?post=247005"}],"curies":[{"name":"wp","href":"https:\/\/api.w.org\/{rel}","templated":true}]}}