{"id":247027,"date":"2025-11-15T04:31:22","date_gmt":"2025-11-15T04:31:22","guid":{"rendered":"https:\/\/promis.ro\/product\/base-ball-kids-t-shirt\/"},"modified":"2025-11-15T06:49:31","modified_gmt":"2025-11-15T06:49:31","slug":"base-ball-kids-t-shirt","status":"publish","type":"product","link":"https:\/\/promis.ro\/ro\/produs\/base-ball-kids-t-shirt\/","title":{"rendered":"Base-Ball\/kids T-Shirt"},"content":{"rendered":"<p><strong>185 g\/m\u00b2<\/strong><\/p>\n<ul>\n<li><strong>100% bumbac ringspun piept\u0103nat<\/strong><\/li>\n<li>nu se str\u00e2nge<\/li>\n<li>finisarea raglan la m\u00e2neci \u015fi str\u00e2ngerea \u00een jurul g\u00e2tului \u00een culoare contrastant\u0103<\/li>\n<li>cus\u0103turi laterale<\/li>\n<li>cus\u0103turi duble pe m\u00e2neci raglan, pe man\u015fete \u015fi la talie.<\/li>\n<\/ul>","protected":false},"excerpt":{"rendered":"<p>185 g\/m\u00b2 100% bumbac ringspun piept\u0103nat nu se str\u00e2nge finisarea raglan la m\u00e2neci \u015fi str\u00e2ngerea \u00een jurul g\u00e2tului \u00een culoare<\/p>","protected":false},"featured_media":247026,"comment_status":"open","ping_status":"closed","template":"","meta":[],"product_brand":[],"product_cat":[191],"product_tag":[],"class_list":{"0":"post-247027","1":"product","2":"type-product","3":"status-publish","4":"has-post-thumbnail","6":"product_cat-textile","8":"first","9":"instock","10":"shipping-taxable","11":"purchasable","12":"product-type-variable"},"yoast_head":"<!-- This site is optimized with the Yoast SEO plugin v27.4 - https:\/\/yoast.com\/product\/yoast-seo-wordpress\/ -->\n<title>Base-Ball\/kids T-Shirt - Promis.ro<\/title>\n<meta name=\"description\" content=\"185 g\/m\u00b2 100% bumbac ringspun piept\u0103nat nu se str\u00e2nge finisarea raglan la m\u00e2neci \u015fi str\u00e2ngerea \u00een jurul g\u00e2tului \u00een culoare contrastant\u0103 cus\u0103turi laterale\" \/>\n<meta name=\"robots\" content=\"index, follow, max-snippet:-1, max-image-preview:large, max-video-preview:-1\" \/>\n<link rel=\"canonical\" href=\"https:\/\/promis.ro\/ro\/produs\/base-ball-kids-t-shirt\/\" \/>\n<meta property=\"og:locale\" content=\"ro_RO\" \/>\n<meta property=\"og:type\" content=\"article\" \/>\n<meta property=\"og:title\" content=\"Base-Ball\/kids T-Shirt - Promis.ro\" \/>\n<meta property=\"og:description\" content=\"185 g\/m\u00b2 100% bumbac ringspun piept\u0103nat nu se str\u00e2nge finisarea raglan la m\u00e2neci \u015fi str\u00e2ngerea \u00een jurul g\u00e2tului \u00een culoare contrastant\u0103 cus\u0103turi laterale\" \/>\n<meta property=\"og:url\" content=\"https:\/\/promis.ro\/ro\/produs\/base-ball-kids-t-shirt\/\" \/>\n<meta property=\"og:site_name\" content=\"Promis.ro\" \/>\n<meta property=\"article:modified_time\" content=\"2025-11-15T06:49:31+00:00\" \/>\n<meta property=\"og:image\" content=\"https:\/\/promis.ro\/wp-content\/uploads\/2025\/11\/118_42_052_m-2023_01.jpg\" \/>\n\t<meta property=\"og:image:width\" content=\"1024\" \/>\n\t<meta property=\"og:image:height\" content=\"1304\" \/>\n\t<meta property=\"og:image:type\" content=\"image\/jpeg\" \/>\n<meta name=\"twitter:card\" content=\"summary_large_image\" \/>\n<script type=\"application\/ld+json\" class=\"yoast-schema-graph\">{\"@context\":\"https:\\\/\\\/schema.org\",\"@graph\":[{\"@type\":\"WebPage\",\"@id\":\"https:\\\/\\\/promis.ro\\\/product\\\/base-ball-kids-t-shirt\\\/\",\"url\":\"https:\\\/\\\/promis.ro\\\/product\\\/base-ball-kids-t-shirt\\\/\",\"name\":\"Base-Ball\\\/kids T-Shirt - Promis.ro\",\"isPartOf\":{\"@id\":\"https:\\\/\\\/promis.ro\\\/#website\"},\"primaryImageOfPage\":{\"@id\":\"https:\\\/\\\/promis.ro\\\/product\\\/base-ball-kids-t-shirt\\\/#primaryimage\"},\"image\":{\"@id\":\"https:\\\/\\\/promis.ro\\\/product\\\/base-ball-kids-t-shirt\\\/#primaryimage\"},\"thumbnailUrl\":\"https:\\\/\\\/promis.ro\\\/wp-content\\\/uploads\\\/2025\\\/11\\\/118_42_052_m-2023_01.jpg\",\"datePublished\":\"2025-11-15T04:31:22+00:00\",\"dateModified\":\"2025-11-15T06:49:31+00:00\",\"description\":\"185 g\\\/m\u00b2 100% bumbac ringspun piept\u0103nat nu se str\u00e2nge finisarea raglan la m\u00e2neci \u015fi str\u00e2ngerea \u00een jurul g\u00e2tului \u00een culoare contrastant\u0103 cus\u0103turi laterale\",\"breadcrumb\":{\"@id\":\"https:\\\/\\\/promis.ro\\\/product\\\/base-ball-kids-t-shirt\\\/#breadcrumb\"},\"inLanguage\":\"ro-RO\",\"potentialAction\":[{\"@type\":\"ReadAction\",\"target\":[\"https:\\\/\\\/promis.ro\\\/product\\\/base-ball-kids-t-shirt\\\/\"]}]},{\"@type\":\"ImageObject\",\"inLanguage\":\"ro-RO\",\"@id\":\"https:\\\/\\\/promis.ro\\\/product\\\/base-ball-kids-t-shirt\\\/#primaryimage\",\"url\":\"https:\\\/\\\/promis.ro\\\/wp-content\\\/uploads\\\/2025\\\/11\\\/118_42_052_m-2023_01.jpg\",\"contentUrl\":\"https:\\\/\\\/promis.ro\\\/wp-content\\\/uploads\\\/2025\\\/11\\\/118_42_052_m-2023_01.jpg\",\"width\":1024,\"height\":1304},{\"@type\":\"BreadcrumbList\",\"@id\":\"https:\\\/\\\/promis.ro\\\/product\\\/base-ball-kids-t-shirt\\\/#breadcrumb\",\"itemListElement\":[{\"@type\":\"ListItem\",\"position\":1,\"name\":\"Home\",\"item\":\"https:\\\/\\\/promis.ro\\\/\"},{\"@type\":\"ListItem\",\"position\":2,\"name\":\"Magazin\",\"item\":\"https:\\\/\\\/promis.ro\\\/magazin\\\/\"},{\"@type\":\"ListItem\",\"position\":3,\"name\":\"Base-Ball\\\/kids T-Shirt\"}]},{\"@type\":\"WebSite\",\"@id\":\"https:\\\/\\\/promis.ro\\\/#website\",\"url\":\"https:\\\/\\\/promis.ro\\\/\",\"name\":\"Promis.ro\",\"description\":\"\",\"potentialAction\":[{\"@type\":\"SearchAction\",\"target\":{\"@type\":\"EntryPoint\",\"urlTemplate\":\"https:\\\/\\\/promis.ro\\\/?s={search_term_string}\"},\"query-input\":{\"@type\":\"PropertyValueSpecification\",\"valueRequired\":true,\"valueName\":\"search_term_string\"}}],\"inLanguage\":\"ro-RO\"}]}<\/script>\n<!-- \/ Yoast SEO plugin. -->","yoast_head_json":{"title":"Base-Ball\/kids T-Shirt - Promis.ro","description":"185 g\/m\u00b2 100% bumbac ringspun piept\u0103nat nu se str\u00e2nge finisarea raglan la m\u00e2neci \u015fi str\u00e2ngerea \u00een jurul g\u00e2tului \u00een culoare contrastant\u0103 cus\u0103turi laterale","robots":{"index":"index","follow":"follow","max-snippet":"max-snippet:-1","max-image-preview":"max-image-preview:large","max-video-preview":"max-video-preview:-1"},"canonical":"https:\/\/promis.ro\/ro\/produs\/base-ball-kids-t-shirt\/","og_locale":"ro_RO","og_type":"article","og_title":"Base-Ball\/kids T-Shirt - Promis.ro","og_description":"185 g\/m\u00b2 100% bumbac ringspun piept\u0103nat nu se str\u00e2nge finisarea raglan la m\u00e2neci \u015fi str\u00e2ngerea \u00een jurul g\u00e2tului \u00een culoare contrastant\u0103 cus\u0103turi laterale","og_url":"https:\/\/promis.ro\/ro\/produs\/base-ball-kids-t-shirt\/","og_site_name":"Promis.ro","article_modified_time":"2025-11-15T06:49:31+00:00","og_image":[{"width":1024,"height":1304,"url":"https:\/\/promis.ro\/wp-content\/uploads\/2025\/11\/118_42_052_m-2023_01.jpg","type":"image\/jpeg"}],"twitter_card":"summary_large_image","schema":{"@context":"https:\/\/schema.org","@graph":[{"@type":"WebPage","@id":"https:\/\/promis.ro\/product\/base-ball-kids-t-shirt\/","url":"https:\/\/promis.ro\/product\/base-ball-kids-t-shirt\/","name":"Base-Ball\/kids T-Shirt - Promis.ro","isPartOf":{"@id":"https:\/\/promis.ro\/#website"},"primaryImageOfPage":{"@id":"https:\/\/promis.ro\/product\/base-ball-kids-t-shirt\/#primaryimage"},"image":{"@id":"https:\/\/promis.ro\/product\/base-ball-kids-t-shirt\/#primaryimage"},"thumbnailUrl":"https:\/\/promis.ro\/wp-content\/uploads\/2025\/11\/118_42_052_m-2023_01.jpg","datePublished":"2025-11-15T04:31:22+00:00","dateModified":"2025-11-15T06:49:31+00:00","description":"185 g\/m\u00b2 100% bumbac ringspun piept\u0103nat nu se str\u00e2nge finisarea raglan la m\u00e2neci \u015fi str\u00e2ngerea \u00een jurul g\u00e2tului \u00een culoare contrastant\u0103 cus\u0103turi laterale","breadcrumb":{"@id":"https:\/\/promis.ro\/product\/base-ball-kids-t-shirt\/#breadcrumb"},"inLanguage":"ro-RO","potentialAction":[{"@type":"ReadAction","target":["https:\/\/promis.ro\/product\/base-ball-kids-t-shirt\/"]}]},{"@type":"ImageObject","inLanguage":"ro-RO","@id":"https:\/\/promis.ro\/product\/base-ball-kids-t-shirt\/#primaryimage","url":"https:\/\/promis.ro\/wp-content\/uploads\/2025\/11\/118_42_052_m-2023_01.jpg","contentUrl":"https:\/\/promis.ro\/wp-content\/uploads\/2025\/11\/118_42_052_m-2023_01.jpg","width":1024,"height":1304},{"@type":"BreadcrumbList","@id":"https:\/\/promis.ro\/product\/base-ball-kids-t-shirt\/#breadcrumb","itemListElement":[{"@type":"ListItem","position":1,"name":"Home","item":"https:\/\/promis.ro\/"},{"@type":"ListItem","position":2,"name":"Magazin","item":"https:\/\/promis.ro\/magazin\/"},{"@type":"ListItem","position":3,"name":"Base-Ball\/kids T-Shirt"}]},{"@type":"WebSite","@id":"https:\/\/promis.ro\/#website","url":"https:\/\/promis.ro\/","name":"Promis.ro","description":"","potentialAction":[{"@type":"SearchAction","target":{"@type":"EntryPoint","urlTemplate":"https:\/\/promis.ro\/?s={search_term_string}"},"query-input":{"@type":"PropertyValueSpecification","valueRequired":true,"valueName":"search_term_string"}}],"inLanguage":"ro-RO"}]}},"_links":{"self":[{"href":"https:\/\/promis.ro\/ro\/wp-json\/wp\/v2\/product\/247027","targetHints":{"allow":["GET"]}}],"collection":[{"href":"https:\/\/promis.ro\/ro\/wp-json\/wp\/v2\/product"}],"about":[{"href":"https:\/\/promis.ro\/ro\/wp-json\/wp\/v2\/types\/product"}],"replies":[{"embeddable":true,"href":"https:\/\/promis.ro\/ro\/wp-json\/wp\/v2\/comments?post=247027"}],"version-history":[{"count":1,"href":"https:\/\/promis.ro\/ro\/wp-json\/wp\/v2\/product\/247027\/revisions"}],"predecessor-version":[{"id":264047,"href":"https:\/\/promis.ro\/ro\/wp-json\/wp\/v2\/product\/247027\/revisions\/264047"}],"wp:featuredmedia":[{"embeddable":true,"href":"https:\/\/promis.ro\/ro\/wp-json\/wp\/v2\/media\/247026"}],"wp:attachment":[{"href":"https:\/\/promis.ro\/ro\/wp-json\/wp\/v2\/media?parent=247027"}],"wp:term":[{"taxonomy":"product_brand","embeddable":true,"href":"https:\/\/promis.ro\/ro\/wp-json\/wp\/v2\/product_brand?post=247027"},{"taxonomy":"product_cat","embeddable":true,"href":"https:\/\/promis.ro\/ro\/wp-json\/wp\/v2\/product_cat?post=247027"},{"taxonomy":"product_tag","embeddable":true,"href":"https:\/\/promis.ro\/ro\/wp-json\/wp\/v2\/product_tag?post=247027"}],"curies":[{"name":"wp","href":"https:\/\/api.w.org\/{rel}","templated":true}]}}