{"id":247106,"date":"2025-11-15T04:33:12","date_gmt":"2025-11-15T04:33:12","guid":{"rendered":"https:\/\/promis.ro\/product\/valueweight-long-sleeve-baseball-t\/"},"modified":"2025-11-15T06:49:37","modified_gmt":"2025-11-15T06:49:37","slug":"valueweight-long-sleeve-baseball-t","status":"publish","type":"product","link":"https:\/\/promis.ro\/ro\/produs\/valueweight-long-sleeve-baseball-t\/","title":{"rendered":"Valueweight Long Sleeve Baseball T"},"content":{"rendered":"<p>\u00b7160 g\/m\u00b2<br \/>\u00b7100% bumbac<br \/>\u00b7decolteu cu str\u00e2ngere 1&#215;1 \u00een culoarea contrastant\u0103 cu Lycra<br \/>\u00b7m\u00e2neci lungi raglan<br \/>\u00b7cus\u0103turi duble la g\u00e2t, la m\u00e2neci \u015fi la baza produsului<br \/>\u00b7f\u0103r\u0103 cus\u0103turi laterale<\/p>","protected":false},"excerpt":{"rendered":"<p>\u00b7160 g\/m\u00b2\u00b7100% bumbac\u00b7decolteu cu str\u00e2ngere 1&#215;1 \u00een culoarea contrastant\u0103 cu Lycra\u00b7m\u00e2neci lungi raglan\u00b7cus\u0103turi duble la g\u00e2t, la m\u00e2neci \u015fi la<\/p>","protected":false},"featured_media":247101,"comment_status":"open","ping_status":"closed","template":"","meta":[],"product_brand":[],"product_cat":[191],"product_tag":[],"class_list":{"0":"post-247106","1":"product","2":"type-product","3":"status-publish","4":"has-post-thumbnail","6":"product_cat-textile","8":"first","9":"instock","10":"shipping-taxable","11":"purchasable","12":"product-type-variable"},"yoast_head":"<!-- This site is optimized with the Yoast SEO plugin v27.4 - https:\/\/yoast.com\/product\/yoast-seo-wordpress\/ -->\n<title>Valueweight Long Sleeve Baseball T - Promis.ro<\/title>\n<meta name=\"description\" content=\"\u00b7160 g\/m\u00b2\u00b7100% bumbac\u00b7decolteu cu str\u00e2ngere 1x1 \u00een culoarea contrastant\u0103 cu Lycra\u00b7m\u00e2neci lungi raglan\u00b7cus\u0103turi duble la g\u00e2t, la m\u00e2neci \u015fi la baza\" \/>\n<meta name=\"robots\" content=\"index, follow, max-snippet:-1, max-image-preview:large, max-video-preview:-1\" \/>\n<link rel=\"canonical\" href=\"https:\/\/promis.ro\/ro\/produs\/valueweight-long-sleeve-baseball-t\/\" \/>\n<meta property=\"og:locale\" content=\"ro_RO\" \/>\n<meta property=\"og:type\" content=\"article\" \/>\n<meta property=\"og:title\" content=\"Valueweight Long Sleeve Baseball T - Promis.ro\" \/>\n<meta property=\"og:description\" content=\"\u00b7160 g\/m\u00b2\u00b7100% bumbac\u00b7decolteu cu str\u00e2ngere 1x1 \u00een culoarea contrastant\u0103 cu Lycra\u00b7m\u00e2neci lungi raglan\u00b7cus\u0103turi duble la g\u00e2t, la m\u00e2neci \u015fi la baza\" \/>\n<meta property=\"og:url\" content=\"https:\/\/promis.ro\/ro\/produs\/valueweight-long-sleeve-baseball-t\/\" \/>\n<meta property=\"og:site_name\" content=\"Promis.ro\" \/>\n<meta property=\"article:modified_time\" content=\"2025-11-15T06:49:37+00:00\" \/>\n<meta property=\"og:image\" content=\"https:\/\/promis.ro\/wp-content\/uploads\/2025\/11\/116_01_053_m-2024_01.jpg\" \/>\n\t<meta property=\"og:image:width\" content=\"1024\" \/>\n\t<meta property=\"og:image:height\" content=\"1304\" \/>\n\t<meta property=\"og:image:type\" content=\"image\/jpeg\" \/>\n<meta name=\"twitter:card\" content=\"summary_large_image\" \/>\n<script type=\"application\/ld+json\" class=\"yoast-schema-graph\">{\"@context\":\"https:\\\/\\\/schema.org\",\"@graph\":[{\"@type\":\"WebPage\",\"@id\":\"https:\\\/\\\/promis.ro\\\/product\\\/valueweight-long-sleeve-baseball-t\\\/\",\"url\":\"https:\\\/\\\/promis.ro\\\/product\\\/valueweight-long-sleeve-baseball-t\\\/\",\"name\":\"Valueweight Long Sleeve Baseball T - Promis.ro\",\"isPartOf\":{\"@id\":\"https:\\\/\\\/promis.ro\\\/#website\"},\"primaryImageOfPage\":{\"@id\":\"https:\\\/\\\/promis.ro\\\/product\\\/valueweight-long-sleeve-baseball-t\\\/#primaryimage\"},\"image\":{\"@id\":\"https:\\\/\\\/promis.ro\\\/product\\\/valueweight-long-sleeve-baseball-t\\\/#primaryimage\"},\"thumbnailUrl\":\"https:\\\/\\\/promis.ro\\\/wp-content\\\/uploads\\\/2025\\\/11\\\/116_01_053_m-2024_01.jpg\",\"datePublished\":\"2025-11-15T04:33:12+00:00\",\"dateModified\":\"2025-11-15T06:49:37+00:00\",\"description\":\"\u00b7160 g\\\/m\u00b2\u00b7100% bumbac\u00b7decolteu cu str\u00e2ngere 1x1 \u00een culoarea contrastant\u0103 cu Lycra\u00b7m\u00e2neci lungi raglan\u00b7cus\u0103turi duble la g\u00e2t, la m\u00e2neci \u015fi la baza\",\"breadcrumb\":{\"@id\":\"https:\\\/\\\/promis.ro\\\/product\\\/valueweight-long-sleeve-baseball-t\\\/#breadcrumb\"},\"inLanguage\":\"ro-RO\",\"potentialAction\":[{\"@type\":\"ReadAction\",\"target\":[\"https:\\\/\\\/promis.ro\\\/product\\\/valueweight-long-sleeve-baseball-t\\\/\"]}]},{\"@type\":\"ImageObject\",\"inLanguage\":\"ro-RO\",\"@id\":\"https:\\\/\\\/promis.ro\\\/product\\\/valueweight-long-sleeve-baseball-t\\\/#primaryimage\",\"url\":\"https:\\\/\\\/promis.ro\\\/wp-content\\\/uploads\\\/2025\\\/11\\\/116_01_053_m-2024_01.jpg\",\"contentUrl\":\"https:\\\/\\\/promis.ro\\\/wp-content\\\/uploads\\\/2025\\\/11\\\/116_01_053_m-2024_01.jpg\",\"width\":1024,\"height\":1304},{\"@type\":\"BreadcrumbList\",\"@id\":\"https:\\\/\\\/promis.ro\\\/product\\\/valueweight-long-sleeve-baseball-t\\\/#breadcrumb\",\"itemListElement\":[{\"@type\":\"ListItem\",\"position\":1,\"name\":\"Home\",\"item\":\"https:\\\/\\\/promis.ro\\\/\"},{\"@type\":\"ListItem\",\"position\":2,\"name\":\"Magazin\",\"item\":\"https:\\\/\\\/promis.ro\\\/magazin\\\/\"},{\"@type\":\"ListItem\",\"position\":3,\"name\":\"Valueweight Long Sleeve Baseball T\"}]},{\"@type\":\"WebSite\",\"@id\":\"https:\\\/\\\/promis.ro\\\/#website\",\"url\":\"https:\\\/\\\/promis.ro\\\/\",\"name\":\"Promis.ro\",\"description\":\"\",\"potentialAction\":[{\"@type\":\"SearchAction\",\"target\":{\"@type\":\"EntryPoint\",\"urlTemplate\":\"https:\\\/\\\/promis.ro\\\/?s={search_term_string}\"},\"query-input\":{\"@type\":\"PropertyValueSpecification\",\"valueRequired\":true,\"valueName\":\"search_term_string\"}}],\"inLanguage\":\"ro-RO\"}]}<\/script>\n<!-- \/ Yoast SEO plugin. -->","yoast_head_json":{"title":"Valueweight Long Sleeve Baseball T - Promis.ro","description":"\u00b7160 g\/m\u00b2\u00b7100% bumbac\u00b7decolteu cu str\u00e2ngere 1x1 \u00een culoarea contrastant\u0103 cu Lycra\u00b7m\u00e2neci lungi raglan\u00b7cus\u0103turi duble la g\u00e2t, la m\u00e2neci \u015fi la baza","robots":{"index":"index","follow":"follow","max-snippet":"max-snippet:-1","max-image-preview":"max-image-preview:large","max-video-preview":"max-video-preview:-1"},"canonical":"https:\/\/promis.ro\/ro\/produs\/valueweight-long-sleeve-baseball-t\/","og_locale":"ro_RO","og_type":"article","og_title":"Valueweight Long Sleeve Baseball T - Promis.ro","og_description":"\u00b7160 g\/m\u00b2\u00b7100% bumbac\u00b7decolteu cu str\u00e2ngere 1x1 \u00een culoarea contrastant\u0103 cu Lycra\u00b7m\u00e2neci lungi raglan\u00b7cus\u0103turi duble la g\u00e2t, la m\u00e2neci \u015fi la baza","og_url":"https:\/\/promis.ro\/ro\/produs\/valueweight-long-sleeve-baseball-t\/","og_site_name":"Promis.ro","article_modified_time":"2025-11-15T06:49:37+00:00","og_image":[{"width":1024,"height":1304,"url":"https:\/\/promis.ro\/wp-content\/uploads\/2025\/11\/116_01_053_m-2024_01.jpg","type":"image\/jpeg"}],"twitter_card":"summary_large_image","schema":{"@context":"https:\/\/schema.org","@graph":[{"@type":"WebPage","@id":"https:\/\/promis.ro\/product\/valueweight-long-sleeve-baseball-t\/","url":"https:\/\/promis.ro\/product\/valueweight-long-sleeve-baseball-t\/","name":"Valueweight Long Sleeve Baseball T - Promis.ro","isPartOf":{"@id":"https:\/\/promis.ro\/#website"},"primaryImageOfPage":{"@id":"https:\/\/promis.ro\/product\/valueweight-long-sleeve-baseball-t\/#primaryimage"},"image":{"@id":"https:\/\/promis.ro\/product\/valueweight-long-sleeve-baseball-t\/#primaryimage"},"thumbnailUrl":"https:\/\/promis.ro\/wp-content\/uploads\/2025\/11\/116_01_053_m-2024_01.jpg","datePublished":"2025-11-15T04:33:12+00:00","dateModified":"2025-11-15T06:49:37+00:00","description":"\u00b7160 g\/m\u00b2\u00b7100% bumbac\u00b7decolteu cu str\u00e2ngere 1x1 \u00een culoarea contrastant\u0103 cu Lycra\u00b7m\u00e2neci lungi raglan\u00b7cus\u0103turi duble la g\u00e2t, la m\u00e2neci \u015fi la baza","breadcrumb":{"@id":"https:\/\/promis.ro\/product\/valueweight-long-sleeve-baseball-t\/#breadcrumb"},"inLanguage":"ro-RO","potentialAction":[{"@type":"ReadAction","target":["https:\/\/promis.ro\/product\/valueweight-long-sleeve-baseball-t\/"]}]},{"@type":"ImageObject","inLanguage":"ro-RO","@id":"https:\/\/promis.ro\/product\/valueweight-long-sleeve-baseball-t\/#primaryimage","url":"https:\/\/promis.ro\/wp-content\/uploads\/2025\/11\/116_01_053_m-2024_01.jpg","contentUrl":"https:\/\/promis.ro\/wp-content\/uploads\/2025\/11\/116_01_053_m-2024_01.jpg","width":1024,"height":1304},{"@type":"BreadcrumbList","@id":"https:\/\/promis.ro\/product\/valueweight-long-sleeve-baseball-t\/#breadcrumb","itemListElement":[{"@type":"ListItem","position":1,"name":"Home","item":"https:\/\/promis.ro\/"},{"@type":"ListItem","position":2,"name":"Magazin","item":"https:\/\/promis.ro\/magazin\/"},{"@type":"ListItem","position":3,"name":"Valueweight Long Sleeve Baseball T"}]},{"@type":"WebSite","@id":"https:\/\/promis.ro\/#website","url":"https:\/\/promis.ro\/","name":"Promis.ro","description":"","potentialAction":[{"@type":"SearchAction","target":{"@type":"EntryPoint","urlTemplate":"https:\/\/promis.ro\/?s={search_term_string}"},"query-input":{"@type":"PropertyValueSpecification","valueRequired":true,"valueName":"search_term_string"}}],"inLanguage":"ro-RO"}]}},"_links":{"self":[{"href":"https:\/\/promis.ro\/ro\/wp-json\/wp\/v2\/product\/247106","targetHints":{"allow":["GET"]}}],"collection":[{"href":"https:\/\/promis.ro\/ro\/wp-json\/wp\/v2\/product"}],"about":[{"href":"https:\/\/promis.ro\/ro\/wp-json\/wp\/v2\/types\/product"}],"replies":[{"embeddable":true,"href":"https:\/\/promis.ro\/ro\/wp-json\/wp\/v2\/comments?post=247106"}],"version-history":[{"count":1,"href":"https:\/\/promis.ro\/ro\/wp-json\/wp\/v2\/product\/247106\/revisions"}],"predecessor-version":[{"id":264054,"href":"https:\/\/promis.ro\/ro\/wp-json\/wp\/v2\/product\/247106\/revisions\/264054"}],"wp:featuredmedia":[{"embeddable":true,"href":"https:\/\/promis.ro\/ro\/wp-json\/wp\/v2\/media\/247101"}],"wp:attachment":[{"href":"https:\/\/promis.ro\/ro\/wp-json\/wp\/v2\/media?parent=247106"}],"wp:term":[{"taxonomy":"product_brand","embeddable":true,"href":"https:\/\/promis.ro\/ro\/wp-json\/wp\/v2\/product_brand?post=247106"},{"taxonomy":"product_cat","embeddable":true,"href":"https:\/\/promis.ro\/ro\/wp-json\/wp\/v2\/product_cat?post=247106"},{"taxonomy":"product_tag","embeddable":true,"href":"https:\/\/promis.ro\/ro\/wp-json\/wp\/v2\/product_tag?post=247106"}],"curies":[{"name":"wp","href":"https:\/\/api.w.org\/{rel}","templated":true}]}}