{"id":247166,"date":"2025-11-15T04:34:34","date_gmt":"2025-11-15T04:34:34","guid":{"rendered":"https:\/\/promis.ro\/product\/authentic-classic-long-sleeve-t\/"},"modified":"2025-11-15T06:49:57","modified_gmt":"2025-11-15T06:49:57","slug":"authentic-classic-long-sleeve-t","status":"publish","type":"product","link":"https:\/\/promis.ro\/ro\/produs\/authentic-classic-long-sleeve-t\/","title":{"rendered":"Authentic Classic Long Sleeve T"},"content":{"rendered":"<p><strong>Greutate:<\/strong> 180 g\/m\u00b2 (Alb: 175 g\/m\u00b2)<\/p>\n<ul>\n<li><strong>Material:<\/strong> 100% bumbac, filat \u00een inel (Single Jersey)<\/li>\n<li><strong>\u021aes\u0103tur\u0103:<\/strong> tricotat\u0103 superioar\u0103 de calibru fin pentru rezultate excelente de decorare care dureaz\u0103<\/li>\n<li><strong>Guler:<\/strong> 1&#215;1 tricot \u00een coast\u0103, cu cus\u0103tur\u0103 superioar\u0103<\/li>\n<li><strong>Detalii:<\/strong> Band\u0103 pentru g\u00e2t um\u0103r la um\u0103r<\/li>\n<li><strong>Construc\u021bie:<\/strong> tubular\u0103<\/li>\n<li><strong>Fit:<\/strong> clasic<\/li>\n<\/ul>","protected":false},"excerpt":{"rendered":"<p>Greutate: 180 g\/m\u00b2 (Alb: 175 g\/m\u00b2) Material: 100% bumbac, filat \u00een inel (Single Jersey) \u021aes\u0103tur\u0103: tricotat\u0103 superioar\u0103 de calibru fin<\/p>","protected":false},"featured_media":247161,"comment_status":"open","ping_status":"closed","template":"","meta":[],"product_brand":[],"product_cat":[191],"product_tag":[],"class_list":{"0":"post-247166","1":"product","2":"type-product","3":"status-publish","4":"has-post-thumbnail","6":"product_cat-textile","8":"first","9":"instock","10":"shipping-taxable","11":"purchasable","12":"product-type-variable"},"yoast_head":"<!-- This site is optimized with the Yoast SEO plugin v27.4 - https:\/\/yoast.com\/product\/yoast-seo-wordpress\/ -->\n<title>Authentic Classic Long Sleeve T - Promis.ro<\/title>\n<meta name=\"description\" content=\"Greutate: 180 g\/m\u00b2 (Alb: 175 g\/m\u00b2) Material: 100% bumbac, filat \u00een inel (Single Jersey) \u021aes\u0103tur\u0103: tricotat\u0103 superioar\u0103 de calibru fin pentru rezultate\" \/>\n<meta name=\"robots\" content=\"index, follow, max-snippet:-1, max-image-preview:large, max-video-preview:-1\" \/>\n<link rel=\"canonical\" href=\"https:\/\/promis.ro\/ro\/produs\/authentic-classic-long-sleeve-t\/\" \/>\n<meta property=\"og:locale\" content=\"ro_RO\" \/>\n<meta property=\"og:type\" content=\"article\" \/>\n<meta property=\"og:title\" content=\"Authentic Classic Long Sleeve T - Promis.ro\" \/>\n<meta property=\"og:description\" content=\"Greutate: 180 g\/m\u00b2 (Alb: 175 g\/m\u00b2) Material: 100% bumbac, filat \u00een inel (Single Jersey) \u021aes\u0103tur\u0103: tricotat\u0103 superioar\u0103 de calibru fin pentru rezultate\" \/>\n<meta property=\"og:url\" content=\"https:\/\/promis.ro\/ro\/produs\/authentic-classic-long-sleeve-t\/\" \/>\n<meta property=\"og:site_name\" content=\"Promis.ro\" \/>\n<meta property=\"article:modified_time\" content=\"2025-11-15T06:49:57+00:00\" \/>\n<meta property=\"og:image\" content=\"https:\/\/promis.ro\/wp-content\/uploads\/2025\/11\/113_00_127_m-2023_02.jpg\" \/>\n\t<meta property=\"og:image:width\" content=\"1024\" \/>\n\t<meta property=\"og:image:height\" content=\"1304\" \/>\n\t<meta property=\"og:image:type\" content=\"image\/jpeg\" \/>\n<meta name=\"twitter:card\" content=\"summary_large_image\" \/>\n<script type=\"application\/ld+json\" class=\"yoast-schema-graph\">{\"@context\":\"https:\\\/\\\/schema.org\",\"@graph\":[{\"@type\":\"WebPage\",\"@id\":\"https:\\\/\\\/promis.ro\\\/product\\\/authentic-classic-long-sleeve-t\\\/\",\"url\":\"https:\\\/\\\/promis.ro\\\/product\\\/authentic-classic-long-sleeve-t\\\/\",\"name\":\"Authentic Classic Long Sleeve T - Promis.ro\",\"isPartOf\":{\"@id\":\"https:\\\/\\\/promis.ro\\\/#website\"},\"primaryImageOfPage\":{\"@id\":\"https:\\\/\\\/promis.ro\\\/product\\\/authentic-classic-long-sleeve-t\\\/#primaryimage\"},\"image\":{\"@id\":\"https:\\\/\\\/promis.ro\\\/product\\\/authentic-classic-long-sleeve-t\\\/#primaryimage\"},\"thumbnailUrl\":\"https:\\\/\\\/promis.ro\\\/wp-content\\\/uploads\\\/2025\\\/11\\\/113_00_127_m-2023_02.jpg\",\"datePublished\":\"2025-11-15T04:34:34+00:00\",\"dateModified\":\"2025-11-15T06:49:57+00:00\",\"description\":\"Greutate: 180 g\\\/m\u00b2 (Alb: 175 g\\\/m\u00b2) Material: 100% bumbac, filat \u00een inel (Single Jersey) \u021aes\u0103tur\u0103: tricotat\u0103 superioar\u0103 de calibru fin pentru rezultate\",\"breadcrumb\":{\"@id\":\"https:\\\/\\\/promis.ro\\\/product\\\/authentic-classic-long-sleeve-t\\\/#breadcrumb\"},\"inLanguage\":\"ro-RO\",\"potentialAction\":[{\"@type\":\"ReadAction\",\"target\":[\"https:\\\/\\\/promis.ro\\\/product\\\/authentic-classic-long-sleeve-t\\\/\"]}]},{\"@type\":\"ImageObject\",\"inLanguage\":\"ro-RO\",\"@id\":\"https:\\\/\\\/promis.ro\\\/product\\\/authentic-classic-long-sleeve-t\\\/#primaryimage\",\"url\":\"https:\\\/\\\/promis.ro\\\/wp-content\\\/uploads\\\/2025\\\/11\\\/113_00_127_m-2023_02.jpg\",\"contentUrl\":\"https:\\\/\\\/promis.ro\\\/wp-content\\\/uploads\\\/2025\\\/11\\\/113_00_127_m-2023_02.jpg\",\"width\":1024,\"height\":1304},{\"@type\":\"BreadcrumbList\",\"@id\":\"https:\\\/\\\/promis.ro\\\/product\\\/authentic-classic-long-sleeve-t\\\/#breadcrumb\",\"itemListElement\":[{\"@type\":\"ListItem\",\"position\":1,\"name\":\"Home\",\"item\":\"https:\\\/\\\/promis.ro\\\/\"},{\"@type\":\"ListItem\",\"position\":2,\"name\":\"Magazin\",\"item\":\"https:\\\/\\\/promis.ro\\\/magazin\\\/\"},{\"@type\":\"ListItem\",\"position\":3,\"name\":\"Authentic Classic Long Sleeve T\"}]},{\"@type\":\"WebSite\",\"@id\":\"https:\\\/\\\/promis.ro\\\/#website\",\"url\":\"https:\\\/\\\/promis.ro\\\/\",\"name\":\"Promis.ro\",\"description\":\"\",\"potentialAction\":[{\"@type\":\"SearchAction\",\"target\":{\"@type\":\"EntryPoint\",\"urlTemplate\":\"https:\\\/\\\/promis.ro\\\/?s={search_term_string}\"},\"query-input\":{\"@type\":\"PropertyValueSpecification\",\"valueRequired\":true,\"valueName\":\"search_term_string\"}}],\"inLanguage\":\"ro-RO\"}]}<\/script>\n<!-- \/ Yoast SEO plugin. -->","yoast_head_json":{"title":"Authentic Classic Long Sleeve T - Promis.ro","description":"Greutate: 180 g\/m\u00b2 (Alb: 175 g\/m\u00b2) Material: 100% bumbac, filat \u00een inel (Single Jersey) \u021aes\u0103tur\u0103: tricotat\u0103 superioar\u0103 de calibru fin pentru rezultate","robots":{"index":"index","follow":"follow","max-snippet":"max-snippet:-1","max-image-preview":"max-image-preview:large","max-video-preview":"max-video-preview:-1"},"canonical":"https:\/\/promis.ro\/ro\/produs\/authentic-classic-long-sleeve-t\/","og_locale":"ro_RO","og_type":"article","og_title":"Authentic Classic Long Sleeve T - Promis.ro","og_description":"Greutate: 180 g\/m\u00b2 (Alb: 175 g\/m\u00b2) Material: 100% bumbac, filat \u00een inel (Single Jersey) \u021aes\u0103tur\u0103: tricotat\u0103 superioar\u0103 de calibru fin pentru rezultate","og_url":"https:\/\/promis.ro\/ro\/produs\/authentic-classic-long-sleeve-t\/","og_site_name":"Promis.ro","article_modified_time":"2025-11-15T06:49:57+00:00","og_image":[{"width":1024,"height":1304,"url":"https:\/\/promis.ro\/wp-content\/uploads\/2025\/11\/113_00_127_m-2023_02.jpg","type":"image\/jpeg"}],"twitter_card":"summary_large_image","schema":{"@context":"https:\/\/schema.org","@graph":[{"@type":"WebPage","@id":"https:\/\/promis.ro\/product\/authentic-classic-long-sleeve-t\/","url":"https:\/\/promis.ro\/product\/authentic-classic-long-sleeve-t\/","name":"Authentic Classic Long Sleeve T - Promis.ro","isPartOf":{"@id":"https:\/\/promis.ro\/#website"},"primaryImageOfPage":{"@id":"https:\/\/promis.ro\/product\/authentic-classic-long-sleeve-t\/#primaryimage"},"image":{"@id":"https:\/\/promis.ro\/product\/authentic-classic-long-sleeve-t\/#primaryimage"},"thumbnailUrl":"https:\/\/promis.ro\/wp-content\/uploads\/2025\/11\/113_00_127_m-2023_02.jpg","datePublished":"2025-11-15T04:34:34+00:00","dateModified":"2025-11-15T06:49:57+00:00","description":"Greutate: 180 g\/m\u00b2 (Alb: 175 g\/m\u00b2) Material: 100% bumbac, filat \u00een inel (Single Jersey) \u021aes\u0103tur\u0103: tricotat\u0103 superioar\u0103 de calibru fin pentru rezultate","breadcrumb":{"@id":"https:\/\/promis.ro\/product\/authentic-classic-long-sleeve-t\/#breadcrumb"},"inLanguage":"ro-RO","potentialAction":[{"@type":"ReadAction","target":["https:\/\/promis.ro\/product\/authentic-classic-long-sleeve-t\/"]}]},{"@type":"ImageObject","inLanguage":"ro-RO","@id":"https:\/\/promis.ro\/product\/authentic-classic-long-sleeve-t\/#primaryimage","url":"https:\/\/promis.ro\/wp-content\/uploads\/2025\/11\/113_00_127_m-2023_02.jpg","contentUrl":"https:\/\/promis.ro\/wp-content\/uploads\/2025\/11\/113_00_127_m-2023_02.jpg","width":1024,"height":1304},{"@type":"BreadcrumbList","@id":"https:\/\/promis.ro\/product\/authentic-classic-long-sleeve-t\/#breadcrumb","itemListElement":[{"@type":"ListItem","position":1,"name":"Home","item":"https:\/\/promis.ro\/"},{"@type":"ListItem","position":2,"name":"Magazin","item":"https:\/\/promis.ro\/magazin\/"},{"@type":"ListItem","position":3,"name":"Authentic Classic Long Sleeve T"}]},{"@type":"WebSite","@id":"https:\/\/promis.ro\/#website","url":"https:\/\/promis.ro\/","name":"Promis.ro","description":"","potentialAction":[{"@type":"SearchAction","target":{"@type":"EntryPoint","urlTemplate":"https:\/\/promis.ro\/?s={search_term_string}"},"query-input":{"@type":"PropertyValueSpecification","valueRequired":true,"valueName":"search_term_string"}}],"inLanguage":"ro-RO"}]}},"_links":{"self":[{"href":"https:\/\/promis.ro\/ro\/wp-json\/wp\/v2\/product\/247166","targetHints":{"allow":["GET"]}}],"collection":[{"href":"https:\/\/promis.ro\/ro\/wp-json\/wp\/v2\/product"}],"about":[{"href":"https:\/\/promis.ro\/ro\/wp-json\/wp\/v2\/types\/product"}],"replies":[{"embeddable":true,"href":"https:\/\/promis.ro\/ro\/wp-json\/wp\/v2\/comments?post=247166"}],"version-history":[{"count":1,"href":"https:\/\/promis.ro\/ro\/wp-json\/wp\/v2\/product\/247166\/revisions"}],"predecessor-version":[{"id":264081,"href":"https:\/\/promis.ro\/ro\/wp-json\/wp\/v2\/product\/247166\/revisions\/264081"}],"wp:featuredmedia":[{"embeddable":true,"href":"https:\/\/promis.ro\/ro\/wp-json\/wp\/v2\/media\/247161"}],"wp:attachment":[{"href":"https:\/\/promis.ro\/ro\/wp-json\/wp\/v2\/media?parent=247166"}],"wp:term":[{"taxonomy":"product_brand","embeddable":true,"href":"https:\/\/promis.ro\/ro\/wp-json\/wp\/v2\/product_brand?post=247166"},{"taxonomy":"product_cat","embeddable":true,"href":"https:\/\/promis.ro\/ro\/wp-json\/wp\/v2\/product_cat?post=247166"},{"taxonomy":"product_tag","embeddable":true,"href":"https:\/\/promis.ro\/ro\/wp-json\/wp\/v2\/product_tag?post=247166"}],"curies":[{"name":"wp","href":"https:\/\/api.w.org\/{rel}","templated":true}]}}