{"id":251167,"date":"2025-11-15T05:01:45","date_gmt":"2025-11-15T05:01:45","guid":{"rendered":"https:\/\/promis.ro\/product\/project-charge-security-backpack\/"},"modified":"2025-11-15T06:51:36","modified_gmt":"2025-11-15T06:51:36","slug":"project-charge-security-backpack","status":"publish","type":"product","link":"https:\/\/promis.ro\/ro\/produs\/project-charge-security-backpack\/","title":{"rendered":"Project Charge Security Backpack"},"content":{"rendered":"<p><strong>Exterior:<\/strong> 100% nylon, <strong>Accente:<\/strong> 100% poliester<\/p>\n<p><strong>Construc\u021bie u\u0219oar\u0103 \u0219i durabil\u0103, rezistent\u0103 la lovituri<\/strong><\/p>\n<ul>\n<li>Curele reglabile pentru umeri<\/li>\n<li>Panoul din spate cu c\u0103ptu\u0219eal\u0103 ergonomic\u0103, cu curea pentru geant\u0103 \u0219i buzunar cu fermoar<\/li>\n<li>Suport pentru laptop, compatibil p\u00e2n\u0103 la 15.6 &#8220;<\/li>\n<li>Suport interior iPad\u00ae \/ compartiment pentru tablete<\/li>\n<li>Buzunare interioare multiple, c\u00e2rlig pentru cheie, organizator de cablu elastic<\/li>\n<li>Port de \u00eenc\u0103rcare USB integrat, buzunar pentru power bank<\/li>\n<li>Eticheta TearAway pentru u\u0219urin\u021ba rebrand\u0103rii<\/li>\n<\/ul>\n<p><strong>Capacitate:<\/strong> 15 litri<\/p>\n<p><strong>Dimensiuni:<\/strong> 30,5 x 46 x 17 cm<\/p>\n<p><strong>Max. zona de printare:<\/strong> 12 x 25 cm<\/p>","protected":false},"excerpt":{"rendered":"<p>Exterior: 100% nylon, Accente: 100% poliester Construc\u021bie u\u0219oar\u0103 \u0219i durabil\u0103, rezistent\u0103 la lovituri Curele reglabile pentru umeri Panoul din spate<\/p>","protected":false},"featured_media":251162,"comment_status":"open","ping_status":"closed","template":"","meta":[],"product_brand":[],"product_cat":[169],"product_tag":[],"class_list":{"0":"post-251167","1":"product","2":"type-product","3":"status-publish","4":"has-post-thumbnail","6":"product_cat-ghiozdane","8":"first","9":"instock","10":"shipping-taxable","11":"purchasable","12":"product-type-simple"},"yoast_head":"<!-- This site is optimized with the Yoast SEO plugin v27.4 - https:\/\/yoast.com\/product\/yoast-seo-wordpress\/ -->\n<title>Project Charge Security Backpack - Promis.ro<\/title>\n<meta name=\"description\" content=\"Exterior: 100% nylon, Accente: 100% poliester Construc\u021bie u\u0219oar\u0103 \u0219i durabil\u0103, rezistent\u0103 la lovituri Curele reglabile pentru umeri Panoul din spate cu\" \/>\n<meta name=\"robots\" content=\"index, follow, max-snippet:-1, max-image-preview:large, max-video-preview:-1\" \/>\n<link rel=\"canonical\" href=\"https:\/\/promis.ro\/ro\/produs\/project-charge-security-backpack\/\" \/>\n<meta property=\"og:locale\" content=\"ro_RO\" \/>\n<meta property=\"og:type\" content=\"article\" \/>\n<meta property=\"og:title\" content=\"Project Charge Security Backpack - Promis.ro\" \/>\n<meta property=\"og:description\" content=\"Exterior: 100% nylon, Accente: 100% poliester Construc\u021bie u\u0219oar\u0103 \u0219i durabil\u0103, rezistent\u0103 la lovituri Curele reglabile pentru umeri Panoul din spate cu\" \/>\n<meta property=\"og:url\" content=\"https:\/\/promis.ro\/ro\/produs\/project-charge-security-backpack\/\" \/>\n<meta property=\"og:site_name\" content=\"Promis.ro\" \/>\n<meta property=\"article:modified_time\" content=\"2025-11-15T06:51:36+00:00\" \/>\n<meta property=\"og:image\" content=\"https:\/\/promis.ro\/wp-content\/uploads\/2025\/11\/087_30_101_m-2025_01.jpg\" \/>\n\t<meta property=\"og:image:width\" content=\"1024\" \/>\n\t<meta property=\"og:image:height\" content=\"1304\" \/>\n\t<meta property=\"og:image:type\" content=\"image\/jpeg\" \/>\n<meta name=\"twitter:card\" content=\"summary_large_image\" \/>\n<script type=\"application\/ld+json\" class=\"yoast-schema-graph\">{\"@context\":\"https:\\\/\\\/schema.org\",\"@graph\":[{\"@type\":\"WebPage\",\"@id\":\"https:\\\/\\\/promis.ro\\\/product\\\/project-charge-security-backpack\\\/\",\"url\":\"https:\\\/\\\/promis.ro\\\/product\\\/project-charge-security-backpack\\\/\",\"name\":\"Project Charge Security Backpack - Promis.ro\",\"isPartOf\":{\"@id\":\"https:\\\/\\\/promis.ro\\\/#website\"},\"primaryImageOfPage\":{\"@id\":\"https:\\\/\\\/promis.ro\\\/product\\\/project-charge-security-backpack\\\/#primaryimage\"},\"image\":{\"@id\":\"https:\\\/\\\/promis.ro\\\/product\\\/project-charge-security-backpack\\\/#primaryimage\"},\"thumbnailUrl\":\"https:\\\/\\\/promis.ro\\\/wp-content\\\/uploads\\\/2025\\\/11\\\/087_30_101_m-2025_01.jpg\",\"datePublished\":\"2025-11-15T05:01:45+00:00\",\"dateModified\":\"2025-11-15T06:51:36+00:00\",\"description\":\"Exterior: 100% nylon, Accente: 100% poliester Construc\u021bie u\u0219oar\u0103 \u0219i durabil\u0103, rezistent\u0103 la lovituri Curele reglabile pentru umeri Panoul din spate cu\",\"breadcrumb\":{\"@id\":\"https:\\\/\\\/promis.ro\\\/product\\\/project-charge-security-backpack\\\/#breadcrumb\"},\"inLanguage\":\"ro-RO\",\"potentialAction\":[{\"@type\":\"ReadAction\",\"target\":[\"https:\\\/\\\/promis.ro\\\/product\\\/project-charge-security-backpack\\\/\"]}]},{\"@type\":\"ImageObject\",\"inLanguage\":\"ro-RO\",\"@id\":\"https:\\\/\\\/promis.ro\\\/product\\\/project-charge-security-backpack\\\/#primaryimage\",\"url\":\"https:\\\/\\\/promis.ro\\\/wp-content\\\/uploads\\\/2025\\\/11\\\/087_30_101_m-2025_01.jpg\",\"contentUrl\":\"https:\\\/\\\/promis.ro\\\/wp-content\\\/uploads\\\/2025\\\/11\\\/087_30_101_m-2025_01.jpg\",\"width\":1024,\"height\":1304},{\"@type\":\"BreadcrumbList\",\"@id\":\"https:\\\/\\\/promis.ro\\\/product\\\/project-charge-security-backpack\\\/#breadcrumb\",\"itemListElement\":[{\"@type\":\"ListItem\",\"position\":1,\"name\":\"Home\",\"item\":\"https:\\\/\\\/promis.ro\\\/\"},{\"@type\":\"ListItem\",\"position\":2,\"name\":\"Magazin\",\"item\":\"https:\\\/\\\/promis.ro\\\/magazin\\\/\"},{\"@type\":\"ListItem\",\"position\":3,\"name\":\"Project Charge Security Backpack\"}]},{\"@type\":\"WebSite\",\"@id\":\"https:\\\/\\\/promis.ro\\\/#website\",\"url\":\"https:\\\/\\\/promis.ro\\\/\",\"name\":\"Promis.ro\",\"description\":\"\",\"potentialAction\":[{\"@type\":\"SearchAction\",\"target\":{\"@type\":\"EntryPoint\",\"urlTemplate\":\"https:\\\/\\\/promis.ro\\\/?s={search_term_string}\"},\"query-input\":{\"@type\":\"PropertyValueSpecification\",\"valueRequired\":true,\"valueName\":\"search_term_string\"}}],\"inLanguage\":\"ro-RO\"}]}<\/script>\n<!-- \/ Yoast SEO plugin. -->","yoast_head_json":{"title":"Project Charge Security Backpack - Promis.ro","description":"Exterior: 100% nylon, Accente: 100% poliester Construc\u021bie u\u0219oar\u0103 \u0219i durabil\u0103, rezistent\u0103 la lovituri Curele reglabile pentru umeri Panoul din spate cu","robots":{"index":"index","follow":"follow","max-snippet":"max-snippet:-1","max-image-preview":"max-image-preview:large","max-video-preview":"max-video-preview:-1"},"canonical":"https:\/\/promis.ro\/ro\/produs\/project-charge-security-backpack\/","og_locale":"ro_RO","og_type":"article","og_title":"Project Charge Security Backpack - Promis.ro","og_description":"Exterior: 100% nylon, Accente: 100% poliester Construc\u021bie u\u0219oar\u0103 \u0219i durabil\u0103, rezistent\u0103 la lovituri Curele reglabile pentru umeri Panoul din spate cu","og_url":"https:\/\/promis.ro\/ro\/produs\/project-charge-security-backpack\/","og_site_name":"Promis.ro","article_modified_time":"2025-11-15T06:51:36+00:00","og_image":[{"width":1024,"height":1304,"url":"https:\/\/promis.ro\/wp-content\/uploads\/2025\/11\/087_30_101_m-2025_01.jpg","type":"image\/jpeg"}],"twitter_card":"summary_large_image","schema":{"@context":"https:\/\/schema.org","@graph":[{"@type":"WebPage","@id":"https:\/\/promis.ro\/product\/project-charge-security-backpack\/","url":"https:\/\/promis.ro\/product\/project-charge-security-backpack\/","name":"Project Charge Security Backpack - Promis.ro","isPartOf":{"@id":"https:\/\/promis.ro\/#website"},"primaryImageOfPage":{"@id":"https:\/\/promis.ro\/product\/project-charge-security-backpack\/#primaryimage"},"image":{"@id":"https:\/\/promis.ro\/product\/project-charge-security-backpack\/#primaryimage"},"thumbnailUrl":"https:\/\/promis.ro\/wp-content\/uploads\/2025\/11\/087_30_101_m-2025_01.jpg","datePublished":"2025-11-15T05:01:45+00:00","dateModified":"2025-11-15T06:51:36+00:00","description":"Exterior: 100% nylon, Accente: 100% poliester Construc\u021bie u\u0219oar\u0103 \u0219i durabil\u0103, rezistent\u0103 la lovituri Curele reglabile pentru umeri Panoul din spate cu","breadcrumb":{"@id":"https:\/\/promis.ro\/product\/project-charge-security-backpack\/#breadcrumb"},"inLanguage":"ro-RO","potentialAction":[{"@type":"ReadAction","target":["https:\/\/promis.ro\/product\/project-charge-security-backpack\/"]}]},{"@type":"ImageObject","inLanguage":"ro-RO","@id":"https:\/\/promis.ro\/product\/project-charge-security-backpack\/#primaryimage","url":"https:\/\/promis.ro\/wp-content\/uploads\/2025\/11\/087_30_101_m-2025_01.jpg","contentUrl":"https:\/\/promis.ro\/wp-content\/uploads\/2025\/11\/087_30_101_m-2025_01.jpg","width":1024,"height":1304},{"@type":"BreadcrumbList","@id":"https:\/\/promis.ro\/product\/project-charge-security-backpack\/#breadcrumb","itemListElement":[{"@type":"ListItem","position":1,"name":"Home","item":"https:\/\/promis.ro\/"},{"@type":"ListItem","position":2,"name":"Magazin","item":"https:\/\/promis.ro\/magazin\/"},{"@type":"ListItem","position":3,"name":"Project Charge Security Backpack"}]},{"@type":"WebSite","@id":"https:\/\/promis.ro\/#website","url":"https:\/\/promis.ro\/","name":"Promis.ro","description":"","potentialAction":[{"@type":"SearchAction","target":{"@type":"EntryPoint","urlTemplate":"https:\/\/promis.ro\/?s={search_term_string}"},"query-input":{"@type":"PropertyValueSpecification","valueRequired":true,"valueName":"search_term_string"}}],"inLanguage":"ro-RO"}]}},"_links":{"self":[{"href":"https:\/\/promis.ro\/ro\/wp-json\/wp\/v2\/product\/251167","targetHints":{"allow":["GET"]}}],"collection":[{"href":"https:\/\/promis.ro\/ro\/wp-json\/wp\/v2\/product"}],"about":[{"href":"https:\/\/promis.ro\/ro\/wp-json\/wp\/v2\/types\/product"}],"replies":[{"embeddable":true,"href":"https:\/\/promis.ro\/ro\/wp-json\/wp\/v2\/comments?post=251167"}],"version-history":[{"count":1,"href":"https:\/\/promis.ro\/ro\/wp-json\/wp\/v2\/product\/251167\/revisions"}],"predecessor-version":[{"id":264200,"href":"https:\/\/promis.ro\/ro\/wp-json\/wp\/v2\/product\/251167\/revisions\/264200"}],"wp:featuredmedia":[{"embeddable":true,"href":"https:\/\/promis.ro\/ro\/wp-json\/wp\/v2\/media\/251162"}],"wp:attachment":[{"href":"https:\/\/promis.ro\/ro\/wp-json\/wp\/v2\/media?parent=251167"}],"wp:term":[{"taxonomy":"product_brand","embeddable":true,"href":"https:\/\/promis.ro\/ro\/wp-json\/wp\/v2\/product_brand?post=251167"},{"taxonomy":"product_cat","embeddable":true,"href":"https:\/\/promis.ro\/ro\/wp-json\/wp\/v2\/product_cat?post=251167"},{"taxonomy":"product_tag","embeddable":true,"href":"https:\/\/promis.ro\/ro\/wp-json\/wp\/v2\/product_tag?post=251167"}],"curies":[{"name":"wp","href":"https:\/\/api.w.org\/{rel}","templated":true}]}}