{"id":256328,"date":"2025-11-15T05:42:42","date_gmt":"2025-11-15T05:42:42","guid":{"rendered":"https:\/\/promis.ro\/product\/unisex-micro-lite-running-shorts\/"},"modified":"2025-11-15T06:53:53","modified_gmt":"2025-11-15T06:53:53","slug":"unisex-micro-lite-running-shorts","status":"publish","type":"product","link":"https:\/\/promis.ro\/ro\/produs\/unisex-micro-lite-running-shorts\/","title":{"rendered":"Unisex Micro Lite Running Shorts"},"content":{"rendered":"<p>\u00b7100% poliester<br \/>\u00b750D Micro Fibre \u2013 Micro Lite<br \/>\u00b7extrem de u\u015for<br \/>\u00b7talie reglabil\u0103 cu ajutorul unui \u015fnur, centura elastic\u0103 pentru mai mult confort<br \/>\u00b7logo-ul ultra reflectorizant SPIRO imprimat<br \/>\u00b7men\u0163ine pielea se simte rece \u015fi confortabil datorit\u0103 panourilor de ventilare, respirabile<br \/>\u00b7produs confortabil pentru sportul activ pentru performan\u0163a mai bun\u0103<br \/>\u00b7material rezistent la contactul cu apa<\/p>\n<p><strong>CLOSE-OUT COLOURS:<\/strong> 4 colours are being withdrawn from the Falk&amp;Ross collection (they are still listed by the brand).<\/p>","protected":false},"excerpt":{"rendered":"<p>\u00b7100% poliester\u00b750D Micro Fibre \u2013 Micro Lite\u00b7extrem de u\u015for\u00b7talie reglabil\u0103 cu ajutorul unui \u015fnur, centura elastic\u0103 pentru mai mult confort\u00b7logo-ul<\/p>","protected":false},"featured_media":256324,"comment_status":"open","ping_status":"closed","template":"","meta":[],"product_brand":[],"product_cat":[176],"product_tag":[],"class_list":{"0":"post-256328","1":"product","2":"type-product","3":"status-publish","4":"has-post-thumbnail","6":"product_cat-sport-si-aventura","8":"first","9":"instock","10":"shipping-taxable","11":"purchasable","12":"product-type-variable"},"yoast_head":"<!-- This site is optimized with the Yoast SEO plugin v27.4 - https:\/\/yoast.com\/product\/yoast-seo-wordpress\/ -->\n<title>Unisex Micro Lite Running Shorts - Promis.ro<\/title>\n<meta name=\"description\" content=\"\u00b7100% poliester\u00b750D Micro Fibre \u2013 Micro Lite\u00b7extrem de u\u015for\u00b7talie reglabil\u0103 cu ajutorul unui \u015fnur, centura elastic\u0103 pentru mai mult confort\u00b7logo-ul ultra\" \/>\n<meta name=\"robots\" content=\"index, follow, max-snippet:-1, max-image-preview:large, max-video-preview:-1\" \/>\n<link rel=\"canonical\" href=\"https:\/\/promis.ro\/ro\/produs\/unisex-micro-lite-running-shorts\/\" \/>\n<meta property=\"og:locale\" content=\"ro_RO\" \/>\n<meta property=\"og:type\" content=\"article\" \/>\n<meta property=\"og:title\" content=\"Unisex Micro Lite Running Shorts - Promis.ro\" \/>\n<meta property=\"og:description\" content=\"\u00b7100% poliester\u00b750D Micro Fibre \u2013 Micro Lite\u00b7extrem de u\u015for\u00b7talie reglabil\u0103 cu ajutorul unui \u015fnur, centura elastic\u0103 pentru mai mult confort\u00b7logo-ul ultra\" \/>\n<meta property=\"og:url\" content=\"https:\/\/promis.ro\/ro\/produs\/unisex-micro-lite-running-shorts\/\" \/>\n<meta property=\"og:site_name\" content=\"Promis.ro\" \/>\n<meta property=\"article:modified_time\" content=\"2025-11-15T06:53:53+00:00\" \/>\n<meta property=\"og:image\" content=\"https:\/\/promis.ro\/wp-content\/uploads\/2025\/11\/029_33_144_m-2016_02.jpg\" \/>\n\t<meta property=\"og:image:width\" content=\"1024\" \/>\n\t<meta property=\"og:image:height\" content=\"1304\" \/>\n\t<meta property=\"og:image:type\" content=\"image\/jpeg\" \/>\n<meta name=\"twitter:card\" content=\"summary_large_image\" \/>\n<script type=\"application\/ld+json\" class=\"yoast-schema-graph\">{\"@context\":\"https:\\\/\\\/schema.org\",\"@graph\":[{\"@type\":\"WebPage\",\"@id\":\"https:\\\/\\\/promis.ro\\\/product\\\/unisex-micro-lite-running-shorts\\\/\",\"url\":\"https:\\\/\\\/promis.ro\\\/product\\\/unisex-micro-lite-running-shorts\\\/\",\"name\":\"Unisex Micro Lite Running Shorts - Promis.ro\",\"isPartOf\":{\"@id\":\"https:\\\/\\\/promis.ro\\\/#website\"},\"primaryImageOfPage\":{\"@id\":\"https:\\\/\\\/promis.ro\\\/product\\\/unisex-micro-lite-running-shorts\\\/#primaryimage\"},\"image\":{\"@id\":\"https:\\\/\\\/promis.ro\\\/product\\\/unisex-micro-lite-running-shorts\\\/#primaryimage\"},\"thumbnailUrl\":\"https:\\\/\\\/promis.ro\\\/wp-content\\\/uploads\\\/2025\\\/11\\\/029_33_144_m-2016_02.jpg\",\"datePublished\":\"2025-11-15T05:42:42+00:00\",\"dateModified\":\"2025-11-15T06:53:53+00:00\",\"description\":\"\u00b7100% poliester\u00b750D Micro Fibre \u2013 Micro Lite\u00b7extrem de u\u015for\u00b7talie reglabil\u0103 cu ajutorul unui \u015fnur, centura elastic\u0103 pentru mai mult confort\u00b7logo-ul ultra\",\"breadcrumb\":{\"@id\":\"https:\\\/\\\/promis.ro\\\/product\\\/unisex-micro-lite-running-shorts\\\/#breadcrumb\"},\"inLanguage\":\"ro-RO\",\"potentialAction\":[{\"@type\":\"ReadAction\",\"target\":[\"https:\\\/\\\/promis.ro\\\/product\\\/unisex-micro-lite-running-shorts\\\/\"]}]},{\"@type\":\"ImageObject\",\"inLanguage\":\"ro-RO\",\"@id\":\"https:\\\/\\\/promis.ro\\\/product\\\/unisex-micro-lite-running-shorts\\\/#primaryimage\",\"url\":\"https:\\\/\\\/promis.ro\\\/wp-content\\\/uploads\\\/2025\\\/11\\\/029_33_144_m-2016_02.jpg\",\"contentUrl\":\"https:\\\/\\\/promis.ro\\\/wp-content\\\/uploads\\\/2025\\\/11\\\/029_33_144_m-2016_02.jpg\",\"width\":1024,\"height\":1304},{\"@type\":\"BreadcrumbList\",\"@id\":\"https:\\\/\\\/promis.ro\\\/product\\\/unisex-micro-lite-running-shorts\\\/#breadcrumb\",\"itemListElement\":[{\"@type\":\"ListItem\",\"position\":1,\"name\":\"Home\",\"item\":\"https:\\\/\\\/promis.ro\\\/\"},{\"@type\":\"ListItem\",\"position\":2,\"name\":\"Magazin\",\"item\":\"https:\\\/\\\/promis.ro\\\/magazin\\\/\"},{\"@type\":\"ListItem\",\"position\":3,\"name\":\"Unisex Micro Lite Running Shorts\"}]},{\"@type\":\"WebSite\",\"@id\":\"https:\\\/\\\/promis.ro\\\/#website\",\"url\":\"https:\\\/\\\/promis.ro\\\/\",\"name\":\"Promis.ro\",\"description\":\"\",\"potentialAction\":[{\"@type\":\"SearchAction\",\"target\":{\"@type\":\"EntryPoint\",\"urlTemplate\":\"https:\\\/\\\/promis.ro\\\/?s={search_term_string}\"},\"query-input\":{\"@type\":\"PropertyValueSpecification\",\"valueRequired\":true,\"valueName\":\"search_term_string\"}}],\"inLanguage\":\"ro-RO\"}]}<\/script>\n<!-- \/ Yoast SEO plugin. -->","yoast_head_json":{"title":"Unisex Micro Lite Running Shorts - Promis.ro","description":"\u00b7100% poliester\u00b750D Micro Fibre \u2013 Micro Lite\u00b7extrem de u\u015for\u00b7talie reglabil\u0103 cu ajutorul unui \u015fnur, centura elastic\u0103 pentru mai mult confort\u00b7logo-ul ultra","robots":{"index":"index","follow":"follow","max-snippet":"max-snippet:-1","max-image-preview":"max-image-preview:large","max-video-preview":"max-video-preview:-1"},"canonical":"https:\/\/promis.ro\/ro\/produs\/unisex-micro-lite-running-shorts\/","og_locale":"ro_RO","og_type":"article","og_title":"Unisex Micro Lite Running Shorts - Promis.ro","og_description":"\u00b7100% poliester\u00b750D Micro Fibre \u2013 Micro Lite\u00b7extrem de u\u015for\u00b7talie reglabil\u0103 cu ajutorul unui \u015fnur, centura elastic\u0103 pentru mai mult confort\u00b7logo-ul ultra","og_url":"https:\/\/promis.ro\/ro\/produs\/unisex-micro-lite-running-shorts\/","og_site_name":"Promis.ro","article_modified_time":"2025-11-15T06:53:53+00:00","og_image":[{"width":1024,"height":1304,"url":"https:\/\/promis.ro\/wp-content\/uploads\/2025\/11\/029_33_144_m-2016_02.jpg","type":"image\/jpeg"}],"twitter_card":"summary_large_image","schema":{"@context":"https:\/\/schema.org","@graph":[{"@type":"WebPage","@id":"https:\/\/promis.ro\/product\/unisex-micro-lite-running-shorts\/","url":"https:\/\/promis.ro\/product\/unisex-micro-lite-running-shorts\/","name":"Unisex Micro Lite Running Shorts - Promis.ro","isPartOf":{"@id":"https:\/\/promis.ro\/#website"},"primaryImageOfPage":{"@id":"https:\/\/promis.ro\/product\/unisex-micro-lite-running-shorts\/#primaryimage"},"image":{"@id":"https:\/\/promis.ro\/product\/unisex-micro-lite-running-shorts\/#primaryimage"},"thumbnailUrl":"https:\/\/promis.ro\/wp-content\/uploads\/2025\/11\/029_33_144_m-2016_02.jpg","datePublished":"2025-11-15T05:42:42+00:00","dateModified":"2025-11-15T06:53:53+00:00","description":"\u00b7100% poliester\u00b750D Micro Fibre \u2013 Micro Lite\u00b7extrem de u\u015for\u00b7talie reglabil\u0103 cu ajutorul unui \u015fnur, centura elastic\u0103 pentru mai mult confort\u00b7logo-ul ultra","breadcrumb":{"@id":"https:\/\/promis.ro\/product\/unisex-micro-lite-running-shorts\/#breadcrumb"},"inLanguage":"ro-RO","potentialAction":[{"@type":"ReadAction","target":["https:\/\/promis.ro\/product\/unisex-micro-lite-running-shorts\/"]}]},{"@type":"ImageObject","inLanguage":"ro-RO","@id":"https:\/\/promis.ro\/product\/unisex-micro-lite-running-shorts\/#primaryimage","url":"https:\/\/promis.ro\/wp-content\/uploads\/2025\/11\/029_33_144_m-2016_02.jpg","contentUrl":"https:\/\/promis.ro\/wp-content\/uploads\/2025\/11\/029_33_144_m-2016_02.jpg","width":1024,"height":1304},{"@type":"BreadcrumbList","@id":"https:\/\/promis.ro\/product\/unisex-micro-lite-running-shorts\/#breadcrumb","itemListElement":[{"@type":"ListItem","position":1,"name":"Home","item":"https:\/\/promis.ro\/"},{"@type":"ListItem","position":2,"name":"Magazin","item":"https:\/\/promis.ro\/magazin\/"},{"@type":"ListItem","position":3,"name":"Unisex Micro Lite Running Shorts"}]},{"@type":"WebSite","@id":"https:\/\/promis.ro\/#website","url":"https:\/\/promis.ro\/","name":"Promis.ro","description":"","potentialAction":[{"@type":"SearchAction","target":{"@type":"EntryPoint","urlTemplate":"https:\/\/promis.ro\/?s={search_term_string}"},"query-input":{"@type":"PropertyValueSpecification","valueRequired":true,"valueName":"search_term_string"}}],"inLanguage":"ro-RO"}]}},"_links":{"self":[{"href":"https:\/\/promis.ro\/ro\/wp-json\/wp\/v2\/product\/256328","targetHints":{"allow":["GET"]}}],"collection":[{"href":"https:\/\/promis.ro\/ro\/wp-json\/wp\/v2\/product"}],"about":[{"href":"https:\/\/promis.ro\/ro\/wp-json\/wp\/v2\/types\/product"}],"replies":[{"embeddable":true,"href":"https:\/\/promis.ro\/ro\/wp-json\/wp\/v2\/comments?post=256328"}],"version-history":[{"count":1,"href":"https:\/\/promis.ro\/ro\/wp-json\/wp\/v2\/product\/256328\/revisions"}],"predecessor-version":[{"id":264383,"href":"https:\/\/promis.ro\/ro\/wp-json\/wp\/v2\/product\/256328\/revisions\/264383"}],"wp:featuredmedia":[{"embeddable":true,"href":"https:\/\/promis.ro\/ro\/wp-json\/wp\/v2\/media\/256324"}],"wp:attachment":[{"href":"https:\/\/promis.ro\/ro\/wp-json\/wp\/v2\/media?parent=256328"}],"wp:term":[{"taxonomy":"product_brand","embeddable":true,"href":"https:\/\/promis.ro\/ro\/wp-json\/wp\/v2\/product_brand?post=256328"},{"taxonomy":"product_cat","embeddable":true,"href":"https:\/\/promis.ro\/ro\/wp-json\/wp\/v2\/product_cat?post=256328"},{"taxonomy":"product_tag","embeddable":true,"href":"https:\/\/promis.ro\/ro\/wp-json\/wp\/v2\/product_tag?post=256328"}],"curies":[{"name":"wp","href":"https:\/\/api.w.org\/{rel}","templated":true}]}}