{"id":259270,"date":"2025-11-15T06:03:00","date_gmt":"2025-11-15T06:03:00","guid":{"rendered":"https:\/\/promis.ro\/product\/tiber-beach-towel-100x180-cm\/"},"modified":"2025-11-15T06:54:58","modified_gmt":"2025-11-15T06:54:58","slug":"tiber-beach-towel-100x180-cm","status":"publish","type":"product","link":"https:\/\/promis.ro\/ro\/produs\/tiber-beach-towel-100x180-cm\/","title":{"rendered":"Tiber Beach Towel 100&#215;180 cm"},"content":{"rendered":"<ul>\n<li>500 g\/m\u00b2<\/li>\n<li>100% bumbac (piept\u0103nat)<\/li>\n<li>fire r\u0103sucite<\/li>\n<li>calitate de hotel<\/li>\n<li>clorare rapid\u0103<\/li>\n<li>se poate ag\u0103\u021ba<\/li>\n<li>decorativ (6,5 cm)<\/li>\n<li>Se poate sp\u0103la p\u00e2n\u0103 la 95\u00b0C.<\/li>\n<\/ul>","protected":false},"excerpt":{"rendered":"<p>500 g\/m\u00b2 100% bumbac (piept\u0103nat) fire r\u0103sucite calitate de hotel clorare rapid\u0103 se poate ag\u0103\u021ba decorativ (6,5 cm) Se poate<\/p>","protected":false},"featured_media":259266,"comment_status":"open","ping_status":"closed","template":"","meta":[],"product_brand":[],"product_cat":[181],"product_tag":[],"class_list":{"0":"post-259270","1":"product","2":"type-product","3":"status-publish","4":"has-post-thumbnail","6":"product_cat-ingrijire-personala-si-farmaceutica","8":"first","9":"instock","10":"shipping-taxable","11":"purchasable","12":"product-type-variable"},"yoast_head":"<!-- This site is optimized with the Yoast SEO plugin v27.4 - https:\/\/yoast.com\/product\/yoast-seo-wordpress\/ -->\n<title>Tiber Beach Towel 100x180 cm - Promis.ro<\/title>\n<meta name=\"description\" content=\"500 g\/m\u00b2 100% bumbac (piept\u0103nat) fire r\u0103sucite calitate de hotel clorare rapid\u0103 se poate ag\u0103\u021ba decorativ (6,5 cm) Se poate sp\u0103la p\u00e2n\u0103 la 95\u00b0C.\" \/>\n<meta name=\"robots\" content=\"index, follow, max-snippet:-1, max-image-preview:large, max-video-preview:-1\" \/>\n<link rel=\"canonical\" href=\"https:\/\/promis.ro\/ro\/produs\/tiber-beach-towel-100x180-cm\/\" \/>\n<meta property=\"og:locale\" content=\"ro_RO\" \/>\n<meta property=\"og:type\" content=\"article\" \/>\n<meta property=\"og:title\" content=\"Tiber Beach Towel 100x180 cm - Promis.ro\" \/>\n<meta property=\"og:description\" content=\"500 g\/m\u00b2 100% bumbac (piept\u0103nat) fire r\u0103sucite calitate de hotel clorare rapid\u0103 se poate ag\u0103\u021ba decorativ (6,5 cm) Se poate sp\u0103la p\u00e2n\u0103 la 95\u00b0C.\" \/>\n<meta property=\"og:url\" content=\"https:\/\/promis.ro\/ro\/produs\/tiber-beach-towel-100x180-cm\/\" \/>\n<meta property=\"og:site_name\" content=\"Promis.ro\" \/>\n<meta property=\"article:modified_time\" content=\"2025-11-15T06:54:58+00:00\" \/>\n<meta property=\"og:image\" content=\"https:\/\/promis.ro\/wp-content\/uploads\/2025\/11\/013_64_m-2023_01.jpg\" \/>\n\t<meta property=\"og:image:width\" content=\"1024\" \/>\n\t<meta property=\"og:image:height\" content=\"1304\" \/>\n\t<meta property=\"og:image:type\" content=\"image\/jpeg\" \/>\n<meta name=\"twitter:card\" content=\"summary_large_image\" \/>\n<script type=\"application\/ld+json\" class=\"yoast-schema-graph\">{\"@context\":\"https:\\\/\\\/schema.org\",\"@graph\":[{\"@type\":\"WebPage\",\"@id\":\"https:\\\/\\\/promis.ro\\\/product\\\/tiber-beach-towel-100x180-cm\\\/\",\"url\":\"https:\\\/\\\/promis.ro\\\/product\\\/tiber-beach-towel-100x180-cm\\\/\",\"name\":\"Tiber Beach Towel 100x180 cm - Promis.ro\",\"isPartOf\":{\"@id\":\"https:\\\/\\\/promis.ro\\\/#website\"},\"primaryImageOfPage\":{\"@id\":\"https:\\\/\\\/promis.ro\\\/product\\\/tiber-beach-towel-100x180-cm\\\/#primaryimage\"},\"image\":{\"@id\":\"https:\\\/\\\/promis.ro\\\/product\\\/tiber-beach-towel-100x180-cm\\\/#primaryimage\"},\"thumbnailUrl\":\"https:\\\/\\\/promis.ro\\\/wp-content\\\/uploads\\\/2025\\\/11\\\/013_64_m-2023_01.jpg\",\"datePublished\":\"2025-11-15T06:03:00+00:00\",\"dateModified\":\"2025-11-15T06:54:58+00:00\",\"description\":\"500 g\\\/m\u00b2 100% bumbac (piept\u0103nat) fire r\u0103sucite calitate de hotel clorare rapid\u0103 se poate ag\u0103\u021ba decorativ (6,5 cm) Se poate sp\u0103la p\u00e2n\u0103 la 95\u00b0C.\",\"breadcrumb\":{\"@id\":\"https:\\\/\\\/promis.ro\\\/product\\\/tiber-beach-towel-100x180-cm\\\/#breadcrumb\"},\"inLanguage\":\"ro-RO\",\"potentialAction\":[{\"@type\":\"ReadAction\",\"target\":[\"https:\\\/\\\/promis.ro\\\/product\\\/tiber-beach-towel-100x180-cm\\\/\"]}]},{\"@type\":\"ImageObject\",\"inLanguage\":\"ro-RO\",\"@id\":\"https:\\\/\\\/promis.ro\\\/product\\\/tiber-beach-towel-100x180-cm\\\/#primaryimage\",\"url\":\"https:\\\/\\\/promis.ro\\\/wp-content\\\/uploads\\\/2025\\\/11\\\/013_64_m-2023_01.jpg\",\"contentUrl\":\"https:\\\/\\\/promis.ro\\\/wp-content\\\/uploads\\\/2025\\\/11\\\/013_64_m-2023_01.jpg\",\"width\":1024,\"height\":1304},{\"@type\":\"BreadcrumbList\",\"@id\":\"https:\\\/\\\/promis.ro\\\/product\\\/tiber-beach-towel-100x180-cm\\\/#breadcrumb\",\"itemListElement\":[{\"@type\":\"ListItem\",\"position\":1,\"name\":\"Home\",\"item\":\"https:\\\/\\\/promis.ro\\\/\"},{\"@type\":\"ListItem\",\"position\":2,\"name\":\"Magazin\",\"item\":\"https:\\\/\\\/promis.ro\\\/magazin\\\/\"},{\"@type\":\"ListItem\",\"position\":3,\"name\":\"Tiber Beach Towel 100&#215;180 cm\"}]},{\"@type\":\"WebSite\",\"@id\":\"https:\\\/\\\/promis.ro\\\/#website\",\"url\":\"https:\\\/\\\/promis.ro\\\/\",\"name\":\"Promis.ro\",\"description\":\"\",\"potentialAction\":[{\"@type\":\"SearchAction\",\"target\":{\"@type\":\"EntryPoint\",\"urlTemplate\":\"https:\\\/\\\/promis.ro\\\/?s={search_term_string}\"},\"query-input\":{\"@type\":\"PropertyValueSpecification\",\"valueRequired\":true,\"valueName\":\"search_term_string\"}}],\"inLanguage\":\"ro-RO\"}]}<\/script>\n<!-- \/ Yoast SEO plugin. -->","yoast_head_json":{"title":"Tiber Beach Towel 100x180 cm - Promis.ro","description":"500 g\/m\u00b2 100% bumbac (piept\u0103nat) fire r\u0103sucite calitate de hotel clorare rapid\u0103 se poate ag\u0103\u021ba decorativ (6,5 cm) Se poate sp\u0103la p\u00e2n\u0103 la 95\u00b0C.","robots":{"index":"index","follow":"follow","max-snippet":"max-snippet:-1","max-image-preview":"max-image-preview:large","max-video-preview":"max-video-preview:-1"},"canonical":"https:\/\/promis.ro\/ro\/produs\/tiber-beach-towel-100x180-cm\/","og_locale":"ro_RO","og_type":"article","og_title":"Tiber Beach Towel 100x180 cm - Promis.ro","og_description":"500 g\/m\u00b2 100% bumbac (piept\u0103nat) fire r\u0103sucite calitate de hotel clorare rapid\u0103 se poate ag\u0103\u021ba decorativ (6,5 cm) Se poate sp\u0103la p\u00e2n\u0103 la 95\u00b0C.","og_url":"https:\/\/promis.ro\/ro\/produs\/tiber-beach-towel-100x180-cm\/","og_site_name":"Promis.ro","article_modified_time":"2025-11-15T06:54:58+00:00","og_image":[{"width":1024,"height":1304,"url":"https:\/\/promis.ro\/wp-content\/uploads\/2025\/11\/013_64_m-2023_01.jpg","type":"image\/jpeg"}],"twitter_card":"summary_large_image","schema":{"@context":"https:\/\/schema.org","@graph":[{"@type":"WebPage","@id":"https:\/\/promis.ro\/product\/tiber-beach-towel-100x180-cm\/","url":"https:\/\/promis.ro\/product\/tiber-beach-towel-100x180-cm\/","name":"Tiber Beach Towel 100x180 cm - Promis.ro","isPartOf":{"@id":"https:\/\/promis.ro\/#website"},"primaryImageOfPage":{"@id":"https:\/\/promis.ro\/product\/tiber-beach-towel-100x180-cm\/#primaryimage"},"image":{"@id":"https:\/\/promis.ro\/product\/tiber-beach-towel-100x180-cm\/#primaryimage"},"thumbnailUrl":"https:\/\/promis.ro\/wp-content\/uploads\/2025\/11\/013_64_m-2023_01.jpg","datePublished":"2025-11-15T06:03:00+00:00","dateModified":"2025-11-15T06:54:58+00:00","description":"500 g\/m\u00b2 100% bumbac (piept\u0103nat) fire r\u0103sucite calitate de hotel clorare rapid\u0103 se poate ag\u0103\u021ba decorativ (6,5 cm) Se poate sp\u0103la p\u00e2n\u0103 la 95\u00b0C.","breadcrumb":{"@id":"https:\/\/promis.ro\/product\/tiber-beach-towel-100x180-cm\/#breadcrumb"},"inLanguage":"ro-RO","potentialAction":[{"@type":"ReadAction","target":["https:\/\/promis.ro\/product\/tiber-beach-towel-100x180-cm\/"]}]},{"@type":"ImageObject","inLanguage":"ro-RO","@id":"https:\/\/promis.ro\/product\/tiber-beach-towel-100x180-cm\/#primaryimage","url":"https:\/\/promis.ro\/wp-content\/uploads\/2025\/11\/013_64_m-2023_01.jpg","contentUrl":"https:\/\/promis.ro\/wp-content\/uploads\/2025\/11\/013_64_m-2023_01.jpg","width":1024,"height":1304},{"@type":"BreadcrumbList","@id":"https:\/\/promis.ro\/product\/tiber-beach-towel-100x180-cm\/#breadcrumb","itemListElement":[{"@type":"ListItem","position":1,"name":"Home","item":"https:\/\/promis.ro\/"},{"@type":"ListItem","position":2,"name":"Magazin","item":"https:\/\/promis.ro\/magazin\/"},{"@type":"ListItem","position":3,"name":"Tiber Beach Towel 100&#215;180 cm"}]},{"@type":"WebSite","@id":"https:\/\/promis.ro\/#website","url":"https:\/\/promis.ro\/","name":"Promis.ro","description":"","potentialAction":[{"@type":"SearchAction","target":{"@type":"EntryPoint","urlTemplate":"https:\/\/promis.ro\/?s={search_term_string}"},"query-input":{"@type":"PropertyValueSpecification","valueRequired":true,"valueName":"search_term_string"}}],"inLanguage":"ro-RO"}]}},"_links":{"self":[{"href":"https:\/\/promis.ro\/ro\/wp-json\/wp\/v2\/product\/259270","targetHints":{"allow":["GET"]}}],"collection":[{"href":"https:\/\/promis.ro\/ro\/wp-json\/wp\/v2\/product"}],"about":[{"href":"https:\/\/promis.ro\/ro\/wp-json\/wp\/v2\/types\/product"}],"replies":[{"embeddable":true,"href":"https:\/\/promis.ro\/ro\/wp-json\/wp\/v2\/comments?post=259270"}],"version-history":[{"count":1,"href":"https:\/\/promis.ro\/ro\/wp-json\/wp\/v2\/product\/259270\/revisions"}],"predecessor-version":[{"id":264473,"href":"https:\/\/promis.ro\/ro\/wp-json\/wp\/v2\/product\/259270\/revisions\/264473"}],"wp:featuredmedia":[{"embeddable":true,"href":"https:\/\/promis.ro\/ro\/wp-json\/wp\/v2\/media\/259266"}],"wp:attachment":[{"href":"https:\/\/promis.ro\/ro\/wp-json\/wp\/v2\/media?parent=259270"}],"wp:term":[{"taxonomy":"product_brand","embeddable":true,"href":"https:\/\/promis.ro\/ro\/wp-json\/wp\/v2\/product_brand?post=259270"},{"taxonomy":"product_cat","embeddable":true,"href":"https:\/\/promis.ro\/ro\/wp-json\/wp\/v2\/product_cat?post=259270"},{"taxonomy":"product_tag","embeddable":true,"href":"https:\/\/promis.ro\/ro\/wp-json\/wp\/v2\/product_tag?post=259270"}],"curies":[{"name":"wp","href":"https:\/\/api.w.org\/{rel}","templated":true}]}}