{"id":259292,"date":"2025-11-15T06:03:33","date_gmt":"2025-11-15T06:03:33","guid":{"rendered":"https:\/\/promis.ro\/product\/v-triblend-women-t-shirt\/"},"modified":"2025-11-15T06:55:11","modified_gmt":"2025-11-15T06:55:11","slug":"v-triblend-women-t-shirt","status":"publish","type":"product","link":"https:\/\/promis.ro\/ro\/produs\/v-triblend-women-t-shirt\/","title":{"rendered":"V Triblend\/women T-Shirt"},"content":{"rendered":"<p><strong>Specifica\u021bii:<\/strong><\/p>\n<ul>\n<li>130 g\/m\u00b2<\/li>\n<li>50% poliester, 25% bumbac, 25% v\u00e2scoz\u0103<\/li>\n<li>Jerseu simplu m\u0103t\u0103sos \u015fi moale<\/li>\n<li>\u00cent\u0103rire de g\u00e2t<\/li>\n<li>Decolteu tip V \u00eent\u0103rit din auto\u0163es\u0103tur\u0103<\/li>\n<li>Man\u015fete \u015fi tiv cu cusutur\u0103 dubl\u0103<\/li>\n<li>Cus\u0103turi laterale<\/li>\n<li>&#8220;B&amp;C NoLabel&#8221; sistem f\u0103r\u0103 etichet\u0103<\/li>\n<li>Suprafa\u021ba foarte neted\u0103 permite un rezultat de imprimari luminos \u0219i clar<\/li>\n<li>Testat \u0219i aprobat pentru toate tehnicile de imprimare standard aplicabile pe bumbac &#8211; perfect pentru sublimare.<\/li>\n<\/ul>","protected":false},"excerpt":{"rendered":"<p>Specifica\u021bii: 130 g\/m\u00b2 50% poliester, 25% bumbac, 25% v\u00e2scoz\u0103 Jerseu simplu m\u0103t\u0103sos \u015fi moale \u00cent\u0103rire de g\u00e2t Decolteu tip V<\/p>","protected":false},"featured_media":259290,"comment_status":"open","ping_status":"closed","template":"","meta":[],"product_brand":[],"product_cat":[191],"product_tag":[],"class_list":{"0":"post-259292","1":"product","2":"type-product","3":"status-publish","4":"has-post-thumbnail","6":"product_cat-textile","8":"first","9":"instock","10":"shipping-taxable","11":"purchasable","12":"product-type-variable"},"yoast_head":"<!-- This site is optimized with the Yoast SEO plugin v27.4 - https:\/\/yoast.com\/product\/yoast-seo-wordpress\/ -->\n<title>V Triblend\/women T-Shirt - Promis.ro<\/title>\n<meta name=\"description\" content=\"Specifica\u021bii: 130 g\/m\u00b2 50% poliester, 25% bumbac, 25% v\u00e2scoz\u0103 Jerseu simplu m\u0103t\u0103sos \u015fi moale \u00cent\u0103rire de g\u00e2t Decolteu tip V \u00eent\u0103rit din auto\u0163es\u0103tur\u0103\" \/>\n<meta name=\"robots\" content=\"index, follow, max-snippet:-1, max-image-preview:large, max-video-preview:-1\" \/>\n<link rel=\"canonical\" href=\"https:\/\/promis.ro\/ro\/produs\/v-triblend-women-t-shirt\/\" \/>\n<meta property=\"og:locale\" content=\"ro_RO\" \/>\n<meta property=\"og:type\" content=\"article\" \/>\n<meta property=\"og:title\" content=\"V Triblend\/women T-Shirt - Promis.ro\" \/>\n<meta property=\"og:description\" content=\"Specifica\u021bii: 130 g\/m\u00b2 50% poliester, 25% bumbac, 25% v\u00e2scoz\u0103 Jerseu simplu m\u0103t\u0103sos \u015fi moale \u00cent\u0103rire de g\u00e2t Decolteu tip V \u00eent\u0103rit din auto\u0163es\u0103tur\u0103\" \/>\n<meta property=\"og:url\" content=\"https:\/\/promis.ro\/ro\/produs\/v-triblend-women-t-shirt\/\" \/>\n<meta property=\"og:site_name\" content=\"Promis.ro\" \/>\n<meta property=\"article:modified_time\" content=\"2025-11-15T06:55:11+00:00\" \/>\n<meta property=\"og:image\" content=\"https:\/\/promis.ro\/wp-content\/uploads\/2025\/11\/012_42_204_m-2023_02.jpg\" \/>\n\t<meta property=\"og:image:width\" content=\"1024\" \/>\n\t<meta property=\"og:image:height\" content=\"1304\" \/>\n\t<meta property=\"og:image:type\" content=\"image\/jpeg\" \/>\n<meta name=\"twitter:card\" content=\"summary_large_image\" \/>\n<script type=\"application\/ld+json\" class=\"yoast-schema-graph\">{\"@context\":\"https:\\\/\\\/schema.org\",\"@graph\":[{\"@type\":\"WebPage\",\"@id\":\"https:\\\/\\\/promis.ro\\\/product\\\/v-triblend-women-t-shirt\\\/\",\"url\":\"https:\\\/\\\/promis.ro\\\/product\\\/v-triblend-women-t-shirt\\\/\",\"name\":\"V Triblend\\\/women T-Shirt - Promis.ro\",\"isPartOf\":{\"@id\":\"https:\\\/\\\/promis.ro\\\/#website\"},\"primaryImageOfPage\":{\"@id\":\"https:\\\/\\\/promis.ro\\\/product\\\/v-triblend-women-t-shirt\\\/#primaryimage\"},\"image\":{\"@id\":\"https:\\\/\\\/promis.ro\\\/product\\\/v-triblend-women-t-shirt\\\/#primaryimage\"},\"thumbnailUrl\":\"https:\\\/\\\/promis.ro\\\/wp-content\\\/uploads\\\/2025\\\/11\\\/012_42_204_m-2023_02.jpg\",\"datePublished\":\"2025-11-15T06:03:33+00:00\",\"dateModified\":\"2025-11-15T06:55:11+00:00\",\"description\":\"Specifica\u021bii: 130 g\\\/m\u00b2 50% poliester, 25% bumbac, 25% v\u00e2scoz\u0103 Jerseu simplu m\u0103t\u0103sos \u015fi moale \u00cent\u0103rire de g\u00e2t Decolteu tip V \u00eent\u0103rit din auto\u0163es\u0103tur\u0103\",\"breadcrumb\":{\"@id\":\"https:\\\/\\\/promis.ro\\\/product\\\/v-triblend-women-t-shirt\\\/#breadcrumb\"},\"inLanguage\":\"ro-RO\",\"potentialAction\":[{\"@type\":\"ReadAction\",\"target\":[\"https:\\\/\\\/promis.ro\\\/product\\\/v-triblend-women-t-shirt\\\/\"]}]},{\"@type\":\"ImageObject\",\"inLanguage\":\"ro-RO\",\"@id\":\"https:\\\/\\\/promis.ro\\\/product\\\/v-triblend-women-t-shirt\\\/#primaryimage\",\"url\":\"https:\\\/\\\/promis.ro\\\/wp-content\\\/uploads\\\/2025\\\/11\\\/012_42_204_m-2023_02.jpg\",\"contentUrl\":\"https:\\\/\\\/promis.ro\\\/wp-content\\\/uploads\\\/2025\\\/11\\\/012_42_204_m-2023_02.jpg\",\"width\":1024,\"height\":1304},{\"@type\":\"BreadcrumbList\",\"@id\":\"https:\\\/\\\/promis.ro\\\/product\\\/v-triblend-women-t-shirt\\\/#breadcrumb\",\"itemListElement\":[{\"@type\":\"ListItem\",\"position\":1,\"name\":\"Home\",\"item\":\"https:\\\/\\\/promis.ro\\\/\"},{\"@type\":\"ListItem\",\"position\":2,\"name\":\"Magazin\",\"item\":\"https:\\\/\\\/promis.ro\\\/magazin\\\/\"},{\"@type\":\"ListItem\",\"position\":3,\"name\":\"V Triblend\\\/women T-Shirt\"}]},{\"@type\":\"WebSite\",\"@id\":\"https:\\\/\\\/promis.ro\\\/#website\",\"url\":\"https:\\\/\\\/promis.ro\\\/\",\"name\":\"Promis.ro\",\"description\":\"\",\"potentialAction\":[{\"@type\":\"SearchAction\",\"target\":{\"@type\":\"EntryPoint\",\"urlTemplate\":\"https:\\\/\\\/promis.ro\\\/?s={search_term_string}\"},\"query-input\":{\"@type\":\"PropertyValueSpecification\",\"valueRequired\":true,\"valueName\":\"search_term_string\"}}],\"inLanguage\":\"ro-RO\"}]}<\/script>\n<!-- \/ Yoast SEO plugin. -->","yoast_head_json":{"title":"V Triblend\/women T-Shirt - Promis.ro","description":"Specifica\u021bii: 130 g\/m\u00b2 50% poliester, 25% bumbac, 25% v\u00e2scoz\u0103 Jerseu simplu m\u0103t\u0103sos \u015fi moale \u00cent\u0103rire de g\u00e2t Decolteu tip V \u00eent\u0103rit din auto\u0163es\u0103tur\u0103","robots":{"index":"index","follow":"follow","max-snippet":"max-snippet:-1","max-image-preview":"max-image-preview:large","max-video-preview":"max-video-preview:-1"},"canonical":"https:\/\/promis.ro\/ro\/produs\/v-triblend-women-t-shirt\/","og_locale":"ro_RO","og_type":"article","og_title":"V Triblend\/women T-Shirt - Promis.ro","og_description":"Specifica\u021bii: 130 g\/m\u00b2 50% poliester, 25% bumbac, 25% v\u00e2scoz\u0103 Jerseu simplu m\u0103t\u0103sos \u015fi moale \u00cent\u0103rire de g\u00e2t Decolteu tip V \u00eent\u0103rit din auto\u0163es\u0103tur\u0103","og_url":"https:\/\/promis.ro\/ro\/produs\/v-triblend-women-t-shirt\/","og_site_name":"Promis.ro","article_modified_time":"2025-11-15T06:55:11+00:00","og_image":[{"width":1024,"height":1304,"url":"https:\/\/promis.ro\/wp-content\/uploads\/2025\/11\/012_42_204_m-2023_02.jpg","type":"image\/jpeg"}],"twitter_card":"summary_large_image","schema":{"@context":"https:\/\/schema.org","@graph":[{"@type":"WebPage","@id":"https:\/\/promis.ro\/product\/v-triblend-women-t-shirt\/","url":"https:\/\/promis.ro\/product\/v-triblend-women-t-shirt\/","name":"V Triblend\/women T-Shirt - Promis.ro","isPartOf":{"@id":"https:\/\/promis.ro\/#website"},"primaryImageOfPage":{"@id":"https:\/\/promis.ro\/product\/v-triblend-women-t-shirt\/#primaryimage"},"image":{"@id":"https:\/\/promis.ro\/product\/v-triblend-women-t-shirt\/#primaryimage"},"thumbnailUrl":"https:\/\/promis.ro\/wp-content\/uploads\/2025\/11\/012_42_204_m-2023_02.jpg","datePublished":"2025-11-15T06:03:33+00:00","dateModified":"2025-11-15T06:55:11+00:00","description":"Specifica\u021bii: 130 g\/m\u00b2 50% poliester, 25% bumbac, 25% v\u00e2scoz\u0103 Jerseu simplu m\u0103t\u0103sos \u015fi moale \u00cent\u0103rire de g\u00e2t Decolteu tip V \u00eent\u0103rit din auto\u0163es\u0103tur\u0103","breadcrumb":{"@id":"https:\/\/promis.ro\/product\/v-triblend-women-t-shirt\/#breadcrumb"},"inLanguage":"ro-RO","potentialAction":[{"@type":"ReadAction","target":["https:\/\/promis.ro\/product\/v-triblend-women-t-shirt\/"]}]},{"@type":"ImageObject","inLanguage":"ro-RO","@id":"https:\/\/promis.ro\/product\/v-triblend-women-t-shirt\/#primaryimage","url":"https:\/\/promis.ro\/wp-content\/uploads\/2025\/11\/012_42_204_m-2023_02.jpg","contentUrl":"https:\/\/promis.ro\/wp-content\/uploads\/2025\/11\/012_42_204_m-2023_02.jpg","width":1024,"height":1304},{"@type":"BreadcrumbList","@id":"https:\/\/promis.ro\/product\/v-triblend-women-t-shirt\/#breadcrumb","itemListElement":[{"@type":"ListItem","position":1,"name":"Home","item":"https:\/\/promis.ro\/"},{"@type":"ListItem","position":2,"name":"Magazin","item":"https:\/\/promis.ro\/magazin\/"},{"@type":"ListItem","position":3,"name":"V Triblend\/women T-Shirt"}]},{"@type":"WebSite","@id":"https:\/\/promis.ro\/#website","url":"https:\/\/promis.ro\/","name":"Promis.ro","description":"","potentialAction":[{"@type":"SearchAction","target":{"@type":"EntryPoint","urlTemplate":"https:\/\/promis.ro\/?s={search_term_string}"},"query-input":{"@type":"PropertyValueSpecification","valueRequired":true,"valueName":"search_term_string"}}],"inLanguage":"ro-RO"}]}},"_links":{"self":[{"href":"https:\/\/promis.ro\/ro\/wp-json\/wp\/v2\/product\/259292","targetHints":{"allow":["GET"]}}],"collection":[{"href":"https:\/\/promis.ro\/ro\/wp-json\/wp\/v2\/product"}],"about":[{"href":"https:\/\/promis.ro\/ro\/wp-json\/wp\/v2\/types\/product"}],"replies":[{"embeddable":true,"href":"https:\/\/promis.ro\/ro\/wp-json\/wp\/v2\/comments?post=259292"}],"version-history":[{"count":1,"href":"https:\/\/promis.ro\/ro\/wp-json\/wp\/v2\/product\/259292\/revisions"}],"predecessor-version":[{"id":264490,"href":"https:\/\/promis.ro\/ro\/wp-json\/wp\/v2\/product\/259292\/revisions\/264490"}],"wp:featuredmedia":[{"embeddable":true,"href":"https:\/\/promis.ro\/ro\/wp-json\/wp\/v2\/media\/259290"}],"wp:attachment":[{"href":"https:\/\/promis.ro\/ro\/wp-json\/wp\/v2\/media?parent=259292"}],"wp:term":[{"taxonomy":"product_brand","embeddable":true,"href":"https:\/\/promis.ro\/ro\/wp-json\/wp\/v2\/product_brand?post=259292"},{"taxonomy":"product_cat","embeddable":true,"href":"https:\/\/promis.ro\/ro\/wp-json\/wp\/v2\/product_cat?post=259292"},{"taxonomy":"product_tag","embeddable":true,"href":"https:\/\/promis.ro\/ro\/wp-json\/wp\/v2\/product_tag?post=259292"}],"curies":[{"name":"wp","href":"https:\/\/api.w.org\/{rel}","templated":true}]}}